{"id":11857,"date":"2020-07-14T10:40:07","date_gmt":"2020-07-14T08:40:07","guid":{"rendered":"https:\/\/visitcalvia.org\/?page_id=11857"},"modified":"2025-07-04T12:54:07","modified_gmt":"2025-07-04T10:54:07","slug":"punta-marroig-platja-de-gossos","status":"publish","type":"page","link":"https:\/\/visitcalvia.org\/ca\/punta-marroig-platja-de-gossos\/","title":{"rendered":"Punta Marroig"},"content":{"rendered":"<div class=\"wpb-content-wrapper\"><p>[vc_row content_placement=&#8221;middle&#8221; content_text_aligment=&#8221;center&#8221; css=&#8221;.vc_custom_1594717091761{padding-top: 81px !important;background-image: url(<a href=\"https:\/\/visitcalvia.org\/wp-content\/uploads\/2020\/07\/puntamarroigweb.jpg?id=11891\">https:\/\/visitcalvia.org\/wp-content\/uploads\/2020\/07\/puntamarroigweb.jpg?id=11891<\/a>) !important;background-position: center !important;background-repeat: no-repeat !important;background-size: cover !important;}&#8221; simple_background_color=&#8221;#ffffff&#8221;][vc_column]<div class=\"qodef-elements-holder   qodef-one-column  qodef-responsive-mode-768 \" ><div class=\"qodef-eh-item     \"  data-item-class=\"qodef-eh-custom-6640\" data-1024-1280=\"0 21%\" data-768-1024=\"0 12%\" data-680-768=\"0 0\" data-680=\"0 0\">\n\t<div class=\"qodef-eh-item-inner\">\n\t\t<div class=\"qodef-eh-item-content qodef-eh-custom-6640\" style=\"padding: 0 25%\">\n\t\t\t[vc_empty_space height=&#8221;200px&#8221;]\t\t<\/div>\n\t<\/div>\n\t<\/div><\/div>[\/vc_column][\/vc_row][vc_row full_width=&#8221;stretch_row&#8221; css=&#8221;.vc_custom_1738054147413{background-color: #9bc535 !important;}&#8221;][vc_column][vc_row_inner row_content_width=&#8221;grid&#8221;][vc_column_inner width=&#8221;1\/2&#8243;]<div class=\"qodef-section-title-holder  qodef-st-standard qodef-st-title-left qodef-st-normal-space  \" style=\"text-align: right\">\n\t<div class=\"qodef-st-inner\">\n\t\t\t\t\t<h3 class=\"qodef-st-title\" style=\"color: #0a0a0a\">\n\t\t\t\t<span class=\"qodef-st-title-bold\">Fitxa<\/span> <span class=\"qodef-st-title-bold\">t\u00e8cnica<\/span> <span class=\"qodef-st-title-bold\">Platja<\/span> <span class=\"qodef-st-title-bold\">Punta<\/span><br \/> <span class=\"qodef-st-title-bold\">Marroig<\/span>\t\t\t<\/h3>\n\t\t\t\t\t<\/div>\n<\/div>[vc_empty_space height=&#8221;10px&#8221;][\/vc_column_inner][vc_column_inner width=&#8221;1\/2&#8243;][vc_empty_space height=&#8221;7px&#8221;]<a itemprop=\"url\" href=\"https:\/\/drive.google.com\/file\/d\/1uOVYAfsPnycUlBvcYBZ1zj3cRSLCnohj\/view?usp=sharing\" target=\"_blank\" style=\"text-transform: capitalize\" class=\"qodef-btn qodef-btn-small qodef-btn-solid qodef-btn-icon\"  >\n    <span class=\"qodef-btn-text\">M\u00e9s informaci\u00f3<\/span>\n    <i class=\"qodef-icon-font-awesome fa fa-chevron-right \" ><\/i><\/a>[vc_empty_space height=&#8221;7px&#8221;][\/vc_column_inner][\/vc_row_inner][vc_empty_space height=&#8221;20px&#8221;][\/vc_column][\/vc_row][vc_row row_content_width=&#8221;grid&#8221; css=&#8221;.vc_custom_1587458275105{margin-top: 35px !important;padding-bottom: 30px !important;}&#8221;][vc_column]<div class=\"qodef-section-title-holder  qodef-st-standard qodef-st-title-left qodef-st-normal-space qodef-st-disable-title-break qodef-st-with-border\" style=\"text-align: left\">\n\t<div class=\"qodef-st-inner\">\n\t\t\t\t\t<h2 class=\"qodef-st-title\" >\n\t\t\t\tPlatja per gossos <span class=\"qodef-st-title-bold\">Punta<\/span><br \/> <span class=\"qodef-st-title-bold\">Marroig<\/span>\t\t\t<\/h2>\n\t\t\t\t\t<\/div>\n<\/div>[vc_column_text]<\/p>\n<div class=\"wpb_text_column wpb_content_element \">\n<div class=\"wpb_wrapper\">\n<p>Punta Marroig ( Platja amb gossos Mallorca ) \u00e9s una petita cala situada en <a href=\"https:\/\/visitcalvia.org\/ca\/palmanova\/\"><strong>Palmanova<\/strong><\/a> en la qual est\u00e0 perm\u00e8s accedir amb gossos.<\/p>\n<p>La cala se situa entre les platges de\u00a0<a href=\"https:\/\/visitcalvia.org\/ca\/platja-es-carregador\/\"><strong>Es\u00a0Carregador<\/strong>\u00a0<\/a>i de\u00a0<strong><a href=\"https:\/\/visitcalvia.org\/ca\/platja-palmanova\/\">Palmanova<\/a><\/strong>. Es tracta d&#8217;una zona molt c\u00e8ntrica del municipi en la qual a m\u00e9s de gaudir de platges, existeixen m\u00faltiples opcions de serveis associats.<\/p>\n<p>La cala de Punta Marroig \u00e9s, juntament amb la <a href=\"https:\/\/visitcalvia.org\/ca\/cala-des-gats-platja-de-gossos\/\"><strong>Cala des Gats , <\/strong><\/a>en <a href=\"https:\/\/visitcalvia.org\/ca\/costadelacalma\/\"><strong>Costa de la Calma<\/strong><\/a>, \u00e9s l\u2019opci\u00f3 que t\u2019ofereix el municipi de Calvi\u00e0 per a poder gaudir del bany amb la teva mascota (gos).<\/div>\n<\/div>\n<p>[\/vc_column_text][vc_column_text]<\/p>\n<div class=\"wpb_text_column wpb_content_element \">\n<div class=\"wpb_wrapper\">\n<p><strong>Normes d&#8217;\u00fas<\/strong><\/div>\n<\/div>\n<div class=\"wpb_text_column wpb_content_element \">\n<div class=\"wpb_wrapper\">\n<ol>\n<li>Propietaris responsables: els propietaris dels cans seran responsables del comportament del seus animals.<\/li>\n<li><span lang=\"es-ES\">Els cans podran circular lliurement sense corretja per la zona definida i delimitada en el<\/span><span lang=\"es-ES\">\u00a0<strong><a href=\"http:\/\/calvia.com\/servlet\/model.web.ShowDoc?KDOCUMENTACIO=49388&amp;TABLENAME=WEB.DOCUMENTACIO&amp;pageProcessKey=LOADINGDOCUMENT&amp;ts=1590488727579\">Decret de Batlia del 12 de juliol de 2016 (BOIB n\u00fam 91 de 19.07.16)<\/a><\/strong><\/span><span lang=\"es-ES\">. Els cans no podran traspassar aquests l\u00edmits, evitant en tot moment la circulaci\u00f3 d\u2019aquests a platges i zones de banys confrontat.<\/span><\/li>\n<li><span lang=\"es-ES\">Cans potencialment perillosos: els cans catalogats com a potencialment perillosos segons\u00a0<\/span><span lang=\"es-ES\">el Reial Decret 287\/2002 de 22 de mar\u00e7, no\u00a0<\/span><span lang=\"es-ES\">podran circular sense corretja, ni anar sense morri\u00f3 en cap cas.<\/span><\/li>\n<li>Queda prohibit l\u2019abandonament d\u2019excrements dins i fora de la zona habilitada. El propietari haur\u00e0 de recollir les deposicions i depositar-les en contenidors de residus s\u00f2lids urbans.<\/li>\n<li>El propietari ser\u00e0 responsable dels danys f\u00edsics i ps\u00edquics que puguin ocasionar els seus animals.<\/li>\n<li>Tots els cans hauran de disposar de microxip i les vacunacions i\/o tractaments obligatoris.<\/li>\n<li>S\u2019estableix un horari d\u2019\u00fas de 8 a 20h.<\/li>\n<li>L\u2019<a href=\"http:\/\/www.calvia.com\/\">Ajuntament de Calvi\u00e0<\/a>\u00a0vetlar\u00e0 el correcte \u00fas de l\u2019entorn i el compliment de les ordenances municipals.<\/li>\n<\/ol>\n<p>Platja amb gossos Mallorca<\/p><\/div>\n<\/div>\n<p>[\/vc_column_text][vc_empty_space height=&#8221;10px&#8221;][\/vc_column][\/vc_row][vc_row equal_height=&#8221;yes&#8221; content_placement=&#8221;middle&#8221;][vc_column width=&#8221;2\/3&#8243; offset=&#8221;vc_col-lg-5 vc_col-md-12&#8243; css=&#8221;.vc_custom_1585820997663{margin-top: 0px !important;margin-right: 0px !important;margin-bottom: 0px !important;margin-left: 0px !important;padding-top: 0px !important;padding-right: 0px !important;padding-bottom: 0px !important;padding-left: 0px !important;background-color: #fcfcfc !important;}&#8221;]<div class=\"qodef-elements-holder   qodef-one-column  qodef-responsive-mode-768 qodef-one-column-alignment-right\" ><div class=\"qodef-eh-item   qodef-horizontal-alignment-right  \"  data-item-class=\"qodef-eh-custom-2571\" data-1280-1600=\"0 12% 15px 31%\" data-1024-1280=\"0 12% 15px 24%\" data-768-1024=\"48px 25% 70px 35%\" data-680-768=\"48px 12% 70px 35%\" data-680=\"50px 8% 70px 10%\">\n\t<div class=\"qodef-eh-item-inner\">\n\t\t<div class=\"qodef-eh-item-content qodef-eh-custom-2571\" style=\"padding: 0 12% 20px 35%\">\n\t\t\t[vc_column_text]<\/p>\n<h2 style=\"text-align: right;\">Punta Marroig<\/h2>\n<p style=\"text-align: right; font-family: Montserrat; margin-top: -18px; margin-bottom: 16px;\"><span class=\"change-second-color\" style=\"color: #ff0030;\"><em>Descubre Playa de perros<\/em><\/span><\/p>\n<p>[\/vc_column_text]\t\t<\/div>\n\t<\/div>\n\t<\/div><\/div>[\/vc_column][vc_column width=&#8221;1\/3&#8243; offset=&#8221;vc_col-lg-7 vc_col-md-12&#8243; css=&#8221;.vc_custom_1504689016842{margin-top: 0px !important;margin-right: 0px !important;margin-bottom: 0px !important;margin-left: 0px !important;padding-top: 0px !important;padding-right: 0px !important;padding-bottom: 0px !important;padding-left: 0px !important;}&#8221;]<div class=\"qodef-single-image-holder   qodef-image-behavior-zoom\">\n    <div class=\"qodef-si-inner\" style=\"background-image: url(https:\/\/i0.wp.com\/visitcalvia.org\/wp-content\/uploads\/2020\/07\/mapa-punta-marroig-web.png?fit=1141%2C808&amp;ssl=1)\">\n                                    <img decoding=\"async\" width=\"1141\" height=\"808\" src=\"https:\/\/i0.wp.com\/visitcalvia.org\/wp-content\/uploads\/2020\/07\/mapa-punta-marroig-web.png?fit=1141%2C808&amp;ssl=1\" class=\"attachment-full size-full\" alt=\"\" srcset=\"https:\/\/i0.wp.com\/visitcalvia.org\/wp-content\/uploads\/2020\/07\/mapa-punta-marroig-web.png?w=1141&amp;ssl=1 1141w, https:\/\/i0.wp.com\/visitcalvia.org\/wp-content\/uploads\/2020\/07\/mapa-punta-marroig-web.png?resize=300%2C212&amp;ssl=1 300w, https:\/\/i0.wp.com\/visitcalvia.org\/wp-content\/uploads\/2020\/07\/mapa-punta-marroig-web.png?resize=1024%2C725&amp;ssl=1 1024w, https:\/\/i0.wp.com\/visitcalvia.org\/wp-content\/uploads\/2020\/07\/mapa-punta-marroig-web.png?resize=768%2C544&amp;ssl=1 768w, https:\/\/i0.wp.com\/visitcalvia.org\/wp-content\/uploads\/2020\/07\/mapa-punta-marroig-web.png?resize=150%2C106&amp;ssl=1 150w, https:\/\/i0.wp.com\/visitcalvia.org\/wp-content\/uploads\/2020\/07\/mapa-punta-marroig-web.png?resize=500%2C354&amp;ssl=1 500w\" sizes=\"(max-width: 1100px) 100vw, 1100px\" data-attachment-id=\"11881\" data-permalink=\"https:\/\/visitcalvia.org\/ca\/playa-de-perros-punta-marroig\/mapa-punta-marroig-web\/\" data-orig-file=\"https:\/\/i0.wp.com\/visitcalvia.org\/wp-content\/uploads\/2020\/07\/mapa-punta-marroig-web.png?fit=1141%2C808&amp;ssl=1\" data-orig-size=\"1141,808\" data-comments-opened=\"1\" data-image-meta=\"{&quot;aperture&quot;:&quot;0&quot;,&quot;credit&quot;:&quot;&quot;,&quot;camera&quot;:&quot;&quot;,&quot;caption&quot;:&quot;&quot;,&quot;created_timestamp&quot;:&quot;0&quot;,&quot;copyright&quot;:&quot;&quot;,&quot;focal_length&quot;:&quot;0&quot;,&quot;iso&quot;:&quot;0&quot;,&quot;shutter_speed&quot;:&quot;0&quot;,&quot;title&quot;:&quot;&quot;,&quot;orientation&quot;:&quot;0&quot;}\" data-image-title=\"mapa-punta marroig-web\" data-image-description=\"\" data-image-caption=\"\" data-large-file=\"https:\/\/i0.wp.com\/visitcalvia.org\/wp-content\/uploads\/2020\/07\/mapa-punta-marroig-web.png?fit=1024%2C725&amp;ssl=1\" \/>                        <\/div>\n<\/div>[\/vc_column][\/vc_row][vc_row css=&#8221;.vc_custom_1587388774987{padding-top: 20px !important;}&#8221;][vc_column][vc_gmaps link=&#8221;#E-8_JTNDaWZyYW1lJTIwc3JjJTNEJTIyaHR0cHMlM0ElMkYlMkZ3d3cuZ29vZ2xlLmNvbSUyRm1hcHMlMkZlbWJlZCUzRnBiJTNEJTIxMW0xOCUyMTFtMTIlMjExbTMlMjExZDMwNzcuNjgxNDk5MTE0NDg0JTIxMmQyLjUzNjg5MjY1MDcwNTU4MSUyMTNkMzkuNTIxNjc3NjE3NDA4MzElMjEybTMlMjExZjAlMjEyZjAlMjEzZjAlMjEzbTIlMjExaTEwMjQlMjEyaTc2OCUyMTRmMTMuMSUyMTNtMyUyMTFtMiUyMTFzMHgxMjk3ODk0YWIwNTkxM2ZmJTI1M0EweDk0N2FhMWZhNDNkNzg1OTclMjEyc1BsYXlhJTI1MjBDYW5pbmElMjUyMERlJTI1MjBQdW50YSUyNTIwTWFycm9pZyUyMTVlMCUyMTNtMiUyMTFzZXMlMjEyc2VzJTIxNHYxNTk0NzE2NTUyMDIwJTIxNW0yJTIxMXNlcyUyMTJzZXMlMjIlMjB3aWR0aCUzRCUyMjYwMCUyMiUyMGhlaWdodCUzRCUyMjQ1MCUyMiUyMGZyYW1lYm9yZGVyJTNEJTIyMCUyMiUyMHN0eWxlJTNEJTIyYm9yZGVyJTNBMCUzQiUyMiUyMGFsbG93ZnVsbHNjcmVlbiUzRCUyMiUyMiUyMGFyaWEtaGlkZGVuJTNEJTIyZmFsc2UlMjIlMjB0YWJpbmRleCUzRCUyMjAlMjIlM0UlM0MlMkZpZnJhbWUlM0U=&#8221;][\/vc_column][\/vc_row][vc_row row_content_width=&#8221;grid&#8221; css=&#8221;.vc_custom_1587127080469{padding-top: 40px !important;padding-bottom: 20px !important;}&#8221;][vc_column width=&#8221;2\/3&#8243;][vc_empty_space]<div class=\"qodef-section-title-holder  qodef-st-standard qodef-st-title-left qodef-st-normal-space  \" >\n\t<div class=\"qodef-st-inner\">\n\t\t\t\t\t<h2 class=\"qodef-st-title\" >\n\t\t\t\tPlayas de la zona\t\t\t<\/h2>\n\t\t\t\t\t\t\t<h5 class=\"qodef-st-text\" >\n\t\t\t\tSanta Pon\u00e7a - El Toro - Costa de la Calma\t\t\t<\/h5>\n\t\t\t<\/div>\n<\/div>[\/vc_column][vc_column width=&#8221;1\/3&#8243;][vc_empty_space]<div class=\"qodef-banner-holder  qodef-simple qodef-banner-info-default\">\n    <div class=\"qodef-banner-image\">\n        <img decoding=\"async\" width=\"600\" height=\"600\" src=\"https:\/\/i0.wp.com\/visitcalvia.org\/wp-content\/uploads\/2020\/07\/CALA-DES-GATS.jpg?fit=600%2C600&amp;ssl=1\" class=\"attachment-full size-full\" alt=\"Playa con perros Mallorca Cala des gats , dog beaches in mallorca\" srcset=\"https:\/\/i0.wp.com\/visitcalvia.org\/wp-content\/uploads\/2020\/07\/CALA-DES-GATS.jpg?w=600&amp;ssl=1 600w, https:\/\/i0.wp.com\/visitcalvia.org\/wp-content\/uploads\/2020\/07\/CALA-DES-GATS.jpg?resize=300%2C300&amp;ssl=1 300w, https:\/\/i0.wp.com\/visitcalvia.org\/wp-content\/uploads\/2020\/07\/CALA-DES-GATS.jpg?resize=150%2C150&amp;ssl=1 150w, https:\/\/i0.wp.com\/visitcalvia.org\/wp-content\/uploads\/2020\/07\/CALA-DES-GATS.jpg?resize=400%2C400&amp;ssl=1 400w, https:\/\/i0.wp.com\/visitcalvia.org\/wp-content\/uploads\/2020\/07\/CALA-DES-GATS.jpg?resize=200%2C200&amp;ssl=1 200w, https:\/\/i0.wp.com\/visitcalvia.org\/wp-content\/uploads\/2020\/07\/CALA-DES-GATS.jpg?resize=550%2C550&amp;ssl=1 550w, https:\/\/i0.wp.com\/visitcalvia.org\/wp-content\/uploads\/2020\/07\/CALA-DES-GATS.jpg?resize=50%2C50&amp;ssl=1 50w, https:\/\/i0.wp.com\/visitcalvia.org\/wp-content\/uploads\/2020\/07\/CALA-DES-GATS.jpg?resize=500%2C500&amp;ssl=1 500w\" sizes=\"(max-width: 600px) 100vw, 600px\" data-attachment-id=\"11851\" data-permalink=\"https:\/\/visitcalvia.org\/ca\/playas\/cala-des-gats\/\" data-orig-file=\"https:\/\/i0.wp.com\/visitcalvia.org\/wp-content\/uploads\/2020\/07\/CALA-DES-GATS.jpg?fit=600%2C600&amp;ssl=1\" data-orig-size=\"600,600\" data-comments-opened=\"1\" data-image-meta=\"{&quot;aperture&quot;:&quot;0&quot;,&quot;credit&quot;:&quot;&quot;,&quot;camera&quot;:&quot;&quot;,&quot;caption&quot;:&quot;&quot;,&quot;created_timestamp&quot;:&quot;0&quot;,&quot;copyright&quot;:&quot;&quot;,&quot;focal_length&quot;:&quot;0&quot;,&quot;iso&quot;:&quot;0&quot;,&quot;shutter_speed&quot;:&quot;0&quot;,&quot;title&quot;:&quot;&quot;,&quot;orientation&quot;:&quot;1&quot;}\" data-image-title=\"CALA DES GATS\" data-image-description=\"\" data-image-caption=\"\" data-large-file=\"https:\/\/i0.wp.com\/visitcalvia.org\/wp-content\/uploads\/2020\/07\/CALA-DES-GATS.jpg?fit=600%2C600&amp;ssl=1\" \/>    <\/div>\n    <div class=\"qodef-banner-text-holder\" >\n\t    <div class=\"qodef-banner-text-outer\">\n\t\t    <div class=\"qodef-banner-text-inner\">\n\t\t        \t\t        \t\t\t<\/div>\n\t\t<\/div>\n\t<\/div>\n\t        <a itemprop=\"url\" class=\"qodef-banner-link\" href=\"https:\/\/visitcalvia.org\/playa-de-perros-cala-des-gats\/\" target=\"_self\"><\/a>\n    <\/div>[\/vc_column][\/vc_row][vc_row][vc_column][vc_empty_space][vc_video link=&#8221;<a href=\"https:\/\/youtu.be\/UqE1etkov2w&#038;#8221\" rel=\"nofollow\">https:\/\/youtu.be\/UqE1etkov2w&#038;#8221<\/a>; align=&#8221;center&#8221;][\/vc_column][\/vc_row]<\/p>\n<\/div>","protected":false},"excerpt":{"rendered":"<p>[vc_row content_placement=&#8221;middle&#8221; content_text_aligment=&#8221;center&#8221; css=&#8221;.vc_custom_1594717091761{padding-top: 81px !important;background-image: url(<a href=\"https:\/\/visitcalvia.org\/wp-content\/uploads\/2020\/07\/puntamarroigweb.jpg?id=11891\">https:\/\/visitcalvia.org\/wp-content\/uploads\/2020\/07\/puntamarroigweb.jpg?id=11891<\/a>) !important;background-position: center !important;background-repeat: no-repeat !important;background-size: cover !important;}&#8221; simple_background_color=&#8221;#ffffff&#8221;][vc_column][\/vc_column][\/vc_row][vc_row full_width=&#8221;stretch_row&#8221; css=&#8221;.vc_custom_1738054147413{background-color: #9bc535 !important;}&#8221;][vc_column][vc_row_inner row_content_width=&#8221;grid&#8221;][vc_column_inner width=&#8221;1\/2&#8243;][vc_empty_space height=&#8221;10px&#8221;][\/vc_column_inner][vc_column_inner width=&#8221;1\/2&#8243;][vc_empty_space height=&#8221;7px&#8221;][vc_empty_space height=&#8221;7px&#8221;][\/vc_column_inner][\/vc_row_inner][vc_empty_space height=&#8221;20px&#8221;][\/vc_column][\/vc_row][vc_row row_content_width=&#8221;grid&#8221; css=&#8221;.vc_custom_1587458275105{margin-top: 35px !important;padding-bottom: 30px !important;}&#8221;][vc_column][vc_column_text] Punta Marroig ( Platja amb gossos Mallorca ) \u00e9s una petita cala situada en Palmanova en la qual est\u00e0 perm\u00e8s accedir amb [&hellip;]<\/p>\n","protected":false},"author":182516946,"featured_media":11892,"parent":0,"menu_order":0,"comment_status":"closed","ping_status":"closed","template":"full-width.php","meta":{"_coblocks_attr":"","_coblocks_dimensions":"","_coblocks_responsive_height":"","_coblocks_accordion_ie_support":"","_crdt_document":"","footnotes":""},"class_list":["post-11857","page","type-page","status-publish","has-post-thumbnail","hentry"],"yoast_head":"<!-- This site is optimized with the Yoast SEO plugin v27.5 - https:\/\/yoast.com\/product\/yoast-seo-wordpress\/ -->\n<title>Platja amb gossos Mallorca - Punta Marroig (Palmanova - Calvi\u00e0)<\/title>\n<meta name=\"description\" content=\"Platja amb gossos Mallorca - Punta Marroig a Palmanova (Calvi\u00e0) \u00e9s una cala a la qual est\u00e0 perm\u00e8s anar amb la teva mascota.\" \/>\n<meta name=\"robots\" content=\"index, follow, max-snippet:-1, max-image-preview:large, max-video-preview:-1\" \/>\n<link rel=\"canonical\" href=\"https:\/\/visitcalvia.org\/ca\/punta-marroig-platja-de-gossos\/\" \/>\n<meta property=\"og:locale\" content=\"ca_ES\" \/>\n<meta property=\"og:type\" content=\"article\" \/>\n<meta property=\"og:title\" content=\"Platja amb gossos Mallorca - Punta Marroig (Palmanova - Calvi\u00e0)\" \/>\n<meta property=\"og:description\" content=\"Platja amb gossos Mallorca - Punta Marroig a Palmanova (Calvi\u00e0) \u00e9s una cala a la qual est\u00e0 perm\u00e8s anar amb la teva mascota.\" \/>\n<meta property=\"og:url\" content=\"https:\/\/visitcalvia.org\/ca\/punta-marroig-platja-de-gossos\/\" \/>\n<meta property=\"og:site_name\" content=\"visitcalvia\" \/>\n<meta property=\"article:modified_time\" content=\"2025-07-04T10:54:07+00:00\" \/>\n<meta property=\"og:image\" content=\"https:\/\/visitcalvia.org\/wp-content\/uploads\/2020\/07\/puntamarroigweb.jpg\" \/>\n\t<meta property=\"og:image:width\" content=\"2048\" \/>\n\t<meta property=\"og:image:height\" content=\"1156\" \/>\n\t<meta property=\"og:image:type\" content=\"image\/jpeg\" \/>\n<meta name=\"twitter:card\" content=\"summary_large_image\" \/>\n<meta name=\"twitter:label1\" content=\"Temps estimat de lectura\" \/>\n\t<meta name=\"twitter:data1\" content=\"3 minuts\" \/>\n<script type=\"application\/ld+json\" class=\"yoast-schema-graph\">{\"@context\":\"https:\\\/\\\/schema.org\",\"@graph\":[{\"@type\":\"WebPage\",\"@id\":\"https:\\\/\\\/visitcalvia.org\\\/ca\\\/punta-marroig-platja-de-gossos\\\/\",\"url\":\"https:\\\/\\\/visitcalvia.org\\\/ca\\\/punta-marroig-platja-de-gossos\\\/\",\"name\":\"Platja amb gossos Mallorca - Punta Marroig (Palmanova - Calvi\u00e0)\",\"isPartOf\":{\"@id\":\"https:\\\/\\\/visitcalvia.org\\\/ca\\\/#website\"},\"primaryImageOfPage\":{\"@id\":\"https:\\\/\\\/visitcalvia.org\\\/ca\\\/punta-marroig-platja-de-gossos\\\/#primaryimage\"},\"image\":{\"@id\":\"https:\\\/\\\/visitcalvia.org\\\/ca\\\/punta-marroig-platja-de-gossos\\\/#primaryimage\"},\"thumbnailUrl\":\"https:\\\/\\\/i0.wp.com\\\/visitcalvia.org\\\/wp-content\\\/uploads\\\/2020\\\/07\\\/puntamarroigweb.jpg?fit=2048%2C1156&ssl=1\",\"datePublished\":\"2020-07-14T08:40:07+00:00\",\"dateModified\":\"2025-07-04T10:54:07+00:00\",\"description\":\"Platja amb gossos Mallorca - Punta Marroig a Palmanova (Calvi\u00e0) \u00e9s una cala a la qual est\u00e0 perm\u00e8s anar amb la teva mascota.\",\"breadcrumb\":{\"@id\":\"https:\\\/\\\/visitcalvia.org\\\/ca\\\/punta-marroig-platja-de-gossos\\\/#breadcrumb\"},\"inLanguage\":\"ca\",\"potentialAction\":[{\"@type\":\"ReadAction\",\"target\":[\"https:\\\/\\\/visitcalvia.org\\\/ca\\\/punta-marroig-platja-de-gossos\\\/\"]}]},{\"@type\":\"ImageObject\",\"inLanguage\":\"ca\",\"@id\":\"https:\\\/\\\/visitcalvia.org\\\/ca\\\/punta-marroig-platja-de-gossos\\\/#primaryimage\",\"url\":\"https:\\\/\\\/i0.wp.com\\\/visitcalvia.org\\\/wp-content\\\/uploads\\\/2020\\\/07\\\/puntamarroigweb.jpg?fit=2048%2C1156&ssl=1\",\"contentUrl\":\"https:\\\/\\\/i0.wp.com\\\/visitcalvia.org\\\/wp-content\\\/uploads\\\/2020\\\/07\\\/puntamarroigweb.jpg?fit=2048%2C1156&ssl=1\",\"width\":2048,\"height\":1156,\"caption\":\"puntamarroigweb\"},{\"@type\":\"BreadcrumbList\",\"@id\":\"https:\\\/\\\/visitcalvia.org\\\/ca\\\/punta-marroig-platja-de-gossos\\\/#breadcrumb\",\"itemListElement\":[{\"@type\":\"ListItem\",\"position\":1,\"name\":\"Portada\",\"item\":\"https:\\\/\\\/visitcalvia.org\\\/ca\\\/\"},{\"@type\":\"ListItem\",\"position\":2,\"name\":\"Punta Marroig\"}]},{\"@type\":\"WebSite\",\"@id\":\"https:\\\/\\\/visitcalvia.org\\\/ca\\\/#website\",\"url\":\"https:\\\/\\\/visitcalvia.org\\\/ca\\\/\",\"name\":\"visitcalvia\",\"description\":\"Vacaciones en Mallorca \u2013 Calvi\u00e0 m\u00faltiples destinos en uno s\u00f3lo lugar. Palmanova, Santa Pon\u00e7a, Magaluf, Peguera, Portals Nous, Costa d\u2019en Blanes, Cala Vinyes\",\"potentialAction\":[{\"@type\":\"SearchAction\",\"target\":{\"@type\":\"EntryPoint\",\"urlTemplate\":\"https:\\\/\\\/visitcalvia.org\\\/ca\\\/?s={search_term_string}\"},\"query-input\":{\"@type\":\"PropertyValueSpecification\",\"valueRequired\":true,\"valueName\":\"search_term_string\"}}],\"inLanguage\":\"ca\"}]}<\/script>\n<!-- \/ Yoast SEO plugin. -->","yoast_head_json":{"title":"Platja amb gossos Mallorca - Punta Marroig (Palmanova - Calvi\u00e0)","description":"Platja amb gossos Mallorca - Punta Marroig a Palmanova (Calvi\u00e0) \u00e9s una cala a la qual est\u00e0 perm\u00e8s anar amb la teva mascota.","robots":{"index":"index","follow":"follow","max-snippet":"max-snippet:-1","max-image-preview":"max-image-preview:large","max-video-preview":"max-video-preview:-1"},"canonical":"https:\/\/visitcalvia.org\/ca\/punta-marroig-platja-de-gossos\/","og_locale":"ca_ES","og_type":"article","og_title":"Platja amb gossos Mallorca - Punta Marroig (Palmanova - Calvi\u00e0)","og_description":"Platja amb gossos Mallorca - Punta Marroig a Palmanova (Calvi\u00e0) \u00e9s una cala a la qual est\u00e0 perm\u00e8s anar amb la teva mascota.","og_url":"https:\/\/visitcalvia.org\/ca\/punta-marroig-platja-de-gossos\/","og_site_name":"visitcalvia","article_modified_time":"2025-07-04T10:54:07+00:00","og_image":[{"width":2048,"height":1156,"url":"https:\/\/visitcalvia.org\/wp-content\/uploads\/2020\/07\/puntamarroigweb.jpg","type":"image\/jpeg"}],"twitter_card":"summary_large_image","twitter_misc":{"Temps estimat de lectura":"3 minuts"},"schema":{"@context":"https:\/\/schema.org","@graph":[{"@type":"WebPage","@id":"https:\/\/visitcalvia.org\/ca\/punta-marroig-platja-de-gossos\/","url":"https:\/\/visitcalvia.org\/ca\/punta-marroig-platja-de-gossos\/","name":"Platja amb gossos Mallorca - Punta Marroig (Palmanova - Calvi\u00e0)","isPartOf":{"@id":"https:\/\/visitcalvia.org\/ca\/#website"},"primaryImageOfPage":{"@id":"https:\/\/visitcalvia.org\/ca\/punta-marroig-platja-de-gossos\/#primaryimage"},"image":{"@id":"https:\/\/visitcalvia.org\/ca\/punta-marroig-platja-de-gossos\/#primaryimage"},"thumbnailUrl":"https:\/\/i0.wp.com\/visitcalvia.org\/wp-content\/uploads\/2020\/07\/puntamarroigweb.jpg?fit=2048%2C1156&ssl=1","datePublished":"2020-07-14T08:40:07+00:00","dateModified":"2025-07-04T10:54:07+00:00","description":"Platja amb gossos Mallorca - Punta Marroig a Palmanova (Calvi\u00e0) \u00e9s una cala a la qual est\u00e0 perm\u00e8s anar amb la teva mascota.","breadcrumb":{"@id":"https:\/\/visitcalvia.org\/ca\/punta-marroig-platja-de-gossos\/#breadcrumb"},"inLanguage":"ca","potentialAction":[{"@type":"ReadAction","target":["https:\/\/visitcalvia.org\/ca\/punta-marroig-platja-de-gossos\/"]}]},{"@type":"ImageObject","inLanguage":"ca","@id":"https:\/\/visitcalvia.org\/ca\/punta-marroig-platja-de-gossos\/#primaryimage","url":"https:\/\/i0.wp.com\/visitcalvia.org\/wp-content\/uploads\/2020\/07\/puntamarroigweb.jpg?fit=2048%2C1156&ssl=1","contentUrl":"https:\/\/i0.wp.com\/visitcalvia.org\/wp-content\/uploads\/2020\/07\/puntamarroigweb.jpg?fit=2048%2C1156&ssl=1","width":2048,"height":1156,"caption":"puntamarroigweb"},{"@type":"BreadcrumbList","@id":"https:\/\/visitcalvia.org\/ca\/punta-marroig-platja-de-gossos\/#breadcrumb","itemListElement":[{"@type":"ListItem","position":1,"name":"Portada","item":"https:\/\/visitcalvia.org\/ca\/"},{"@type":"ListItem","position":2,"name":"Punta Marroig"}]},{"@type":"WebSite","@id":"https:\/\/visitcalvia.org\/ca\/#website","url":"https:\/\/visitcalvia.org\/ca\/","name":"visitcalvia","description":"Vacaciones en Mallorca \u2013 Calvi\u00e0 m\u00faltiples destinos en uno s\u00f3lo lugar. Palmanova, Santa Pon\u00e7a, Magaluf, Peguera, Portals Nous, Costa d\u2019en Blanes, Cala Vinyes","potentialAction":[{"@type":"SearchAction","target":{"@type":"EntryPoint","urlTemplate":"https:\/\/visitcalvia.org\/ca\/?s={search_term_string}"},"query-input":{"@type":"PropertyValueSpecification","valueRequired":true,"valueName":"search_term_string"}}],"inLanguage":"ca"}]}},"jetpack_likes_enabled":false,"jetpack_sharing_enabled":false,"jetpack_shortlink":"https:\/\/wp.me\/PbP1bo-35f","amp_enabled":false,"_links":{"self":[{"href":"https:\/\/visitcalvia.org\/ca\/wp-json\/wp\/v2\/pages\/11857","targetHints":{"allow":["GET"]}}],"collection":[{"href":"https:\/\/visitcalvia.org\/ca\/wp-json\/wp\/v2\/pages"}],"about":[{"href":"https:\/\/visitcalvia.org\/ca\/wp-json\/wp\/v2\/types\/page"}],"author":[{"embeddable":true,"href":"https:\/\/visitcalvia.org\/ca\/wp-json\/wp\/v2\/users\/182516946"}],"replies":[{"embeddable":true,"href":"https:\/\/visitcalvia.org\/ca\/wp-json\/wp\/v2\/comments?post=11857"}],"version-history":[{"count":12,"href":"https:\/\/visitcalvia.org\/ca\/wp-json\/wp\/v2\/pages\/11857\/revisions"}],"predecessor-version":[{"id":29094,"href":"https:\/\/visitcalvia.org\/ca\/wp-json\/wp\/v2\/pages\/11857\/revisions\/29094"}],"wp:featuredmedia":[{"embeddable":true,"href":"https:\/\/visitcalvia.org\/ca\/wp-json\/wp\/v2\/media\/11892"}],"wp:attachment":[{"href":"https:\/\/visitcalvia.org\/ca\/wp-json\/wp\/v2\/media?parent=11857"}],"curies":[{"name":"wp","href":"https:\/\/api.w.org\/{rel}","templated":true}]}}