{"id":30911,"date":"2026-04-22T14:13:48","date_gmt":"2026-04-22T12:13:48","guid":{"rendered":"https:\/\/visitcalvia.org\/pr-ma-4-sa-font-de-sa-cometa\/"},"modified":"2026-04-23T10:19:06","modified_gmt":"2026-04-23T08:19:06","slug":"senderisme_calvia_sacometa","status":"publish","type":"page","link":"https:\/\/visitcalvia.org\/ca\/senderisme_calvia_sacometa\/","title":{"rendered":"PR-MA 4 Sa Font de Sa Cometa"},"content":{"rendered":"<div class=\"wpb-content-wrapper\"><p>[vc_row row_content_width=&#8221;grid&#8221;][vc_column]\n\t\t\t<!-- START PRMA 4 Sa Font de Sa Cometa REVOLUTION SLIDER 6.7.13 --><p class=\"rs-p-wp-fix\"><\/p>\n\t\t\t<rs-module-wrap id=\"rev_slider_25_1_wrapper\" data-source=\"gallery\" style=\"visibility:hidden;background:transparent;padding:0;margin:0px auto;margin-top:0;margin-bottom:0;\">\n\t\t\t\t<rs-module id=\"rev_slider_25_1\" style=\"\" data-version=\"6.7.13\">\n\t\t\t\t\t<rs-slides style=\"overflow: hidden; position: absolute;\">\n\t\t\t\t\t\t<rs-slide style=\"position: absolute;\" data-key=\"rs-90\" data-title=\"Slide\" data-thumb=\"\/\/visitcalvia.org\/wp-content\/uploads\/2026\/04\/pr-ma-4-sa-font-de-sa-cometa3-60x60.jpg\" data-anim=\"ms:700ms;\" data-in=\"o:0;e:power3.inOut;\" data-out=\"e:power3.out;\">\n\t\t\t\t\t\t\t<img data-recalc-dims=\"1\" decoding=\"async\" src=\"https:\/\/i0.wp.com\/visitcalvia.org\/wp-content\/plugins\/revslider\/sr6\/assets\/assets\/dummy.png?resize=1100%2C736\" alt=\"\" width=\"1100\" height=\"736\" class=\"rev-slidebg tp-rs-img rs-lazyload\" data-lazyload=\"\/\/visitcalvia.org\/wp-content\/uploads\/2026\/04\/pr-ma-4-sa-font-de-sa-cometa3.jpg\" data-parallax=\"off\" data-no-retina>\n<!--\n\t\t\t\t\t\t\t--><rs-layer\n\t\t\t\t\t\t\t\tid=\"slider-25-slide-90-layer-0\" \n\t\t\t\t\t\t\t\tdata-type=\"text\"\n\t\t\t\t\t\t\t\tdata-rsp_ch=\"on\"\n\t\t\t\t\t\t\t\tdata-xy=\"xo:112px,112px,112px,52px;yo:273px,273px,273px,190px;\"\n\t\t\t\t\t\t\t\tdata-text=\"w:normal;s:33,33,33,40;l:29,29,29,40;fw:700;\"\n\t\t\t\t\t\t\t\tdata-dim=\"w:390px,390px,390px,371px;h:auto,auto,auto,120px;\"\n\t\t\t\t\t\t\t\tdata-frame_999=\"o:0;st:w;\"\n\t\t\t\t\t\t\t\tstyle=\"z-index:11;background-color:rgba(12,12,12,0.47);font-family:'Montserrat';\"\n\t\t\t\t\t\t\t>PR-MA 4 Sa Font de Sa Cometa \n\t\t\t\t\t\t\t<\/rs-layer><!--\n-->\t\t\t\t\t<\/rs-slide>\n\t\t\t\t\t\t<rs-slide style=\"position: absolute;\" data-key=\"rs-92\" data-title=\"Slide\" data-thumb=\"\/\/visitcalvia.org\/wp-content\/uploads\/2026\/04\/pr-ma-4-sa-font-de-sa-cometa2-60x60.png\" data-anim=\"ms:700ms;\" data-in=\"o:0;e:power3.inOut;\" data-out=\"e:power3.out;\">\n\t\t\t\t\t\t\t<img data-recalc-dims=\"1\" decoding=\"async\" src=\"https:\/\/i0.wp.com\/visitcalvia.org\/wp-content\/plugins\/revslider\/sr6\/assets\/assets\/dummy.png?resize=1100%2C729\" alt=\"\" width=\"1100\" height=\"729\" class=\"rev-slidebg tp-rs-img rs-lazyload\" data-lazyload=\"\/\/visitcalvia.org\/wp-content\/uploads\/2026\/04\/pr-ma-4-sa-font-de-sa-cometa2.png\" data-parallax=\"off\" data-no-retina>\n<!--\n\t\t\t\t\t\t\t--><rs-layer\n\t\t\t\t\t\t\t\tid=\"slider-25-slide-92-layer-0\" \n\t\t\t\t\t\t\t\tdata-type=\"text\"\n\t\t\t\t\t\t\t\tdata-rsp_ch=\"on\"\n\t\t\t\t\t\t\t\tdata-xy=\"xo:98px,98px,98px,52px;yo:318px,318px,318px,190px;\"\n\t\t\t\t\t\t\t\tdata-text=\"w:normal;s:33,33,33,40;l:29,29,29,40;fw:700;\"\n\t\t\t\t\t\t\t\tdata-dim=\"w:556px,556px,556px,371px;h:auto,auto,auto,120px;\"\n\t\t\t\t\t\t\t\tdata-frame_999=\"o:0;st:w;\"\n\t\t\t\t\t\t\t\tstyle=\"z-index:11;background-color:rgba(12,12,12,0.47);font-family:'Montserrat';\"\n\t\t\t\t\t\t\t>PR-MA 4 Sa Font de Sa Cometa \n\t\t\t\t\t\t\t<\/rs-layer><!--\n-->\t\t\t\t\t<\/rs-slide>\n\t\t\t\t\t\t<rs-slide style=\"position: absolute;\" data-key=\"rs-91\" data-title=\"Slide\" data-thumb=\"\/\/visitcalvia.org\/wp-content\/uploads\/2026\/04\/pr-ma-4-sa-font-de-sa-cometa1-60x60.png\" data-anim=\"ms:700ms;\" data-in=\"o:0;e:power3.inOut;\" data-out=\"e:power3.out;\">\n\t\t\t\t\t\t\t<img data-recalc-dims=\"1\" decoding=\"async\" src=\"https:\/\/i0.wp.com\/visitcalvia.org\/wp-content\/plugins\/revslider\/sr6\/assets\/assets\/dummy.png?resize=1100%2C729\" alt=\"\" width=\"1100\" height=\"729\" class=\"rev-slidebg tp-rs-img rs-lazyload\" data-lazyload=\"\/\/visitcalvia.org\/wp-content\/uploads\/2026\/04\/pr-ma-4-sa-font-de-sa-cometa1.png\" data-parallax=\"off\" data-no-retina>\n<!--\n\t\t\t\t\t\t\t--><rs-layer\n\t\t\t\t\t\t\t\tid=\"slider-25-slide-91-layer-0\" \n\t\t\t\t\t\t\t\tdata-type=\"text\"\n\t\t\t\t\t\t\t\tdata-rsp_ch=\"on\"\n\t\t\t\t\t\t\t\tdata-xy=\"xo:98px,98px,98px,53px;yo:318px,318px,318px,196px;\"\n\t\t\t\t\t\t\t\tdata-text=\"w:normal;s:33,33,33,40;l:29,29,29,40;fw:700;\"\n\t\t\t\t\t\t\t\tdata-dim=\"w:393px,393px,393px,375px;h:auto,auto,auto,120px;\"\n\t\t\t\t\t\t\t\tdata-frame_999=\"o:0;st:w;\"\n\t\t\t\t\t\t\t\tstyle=\"z-index:11;background-color:rgba(12,12,12,0.47);font-family:'Montserrat';\"\n\t\t\t\t\t\t\t>PR-MA 4 Sa Font de Sa Cometa \n\t\t\t\t\t\t\t<\/rs-layer><!--\n-->\t\t\t\t\t<\/rs-slide>\n\t\t\t\t\t<\/rs-slides>\n\t\t\t\t<\/rs-module>\n\t\t\t\t<script>\n\t\t\t\t\tsetREVStartSize({c: 'rev_slider_25_1',rl:[1240,1240,1240,480],el:[600,600,600,520],gw:[1240,1240,1240,480],gh:[600,600,600,520],type:'standard',justify:'',layout:'fullwidth',mh:\"0\"});if (window.RS_MODULES!==undefined && window.RS_MODULES.modules!==undefined && window.RS_MODULES.modules[\"revslider251\"]!==undefined) {window.RS_MODULES.modules[\"revslider251\"].once = false;window.revapi25 = undefined;if (window.RS_MODULES.checkMinimal!==undefined) window.RS_MODULES.checkMinimal()}\n\t\t\t\t<\/script>\n\t\t\t<\/rs-module-wrap>\n\t\t\t<!-- END REVOLUTION SLIDER -->\n[\/vc_column][\/vc_row][vc_row full_width=&#8221;stretch_row&#8221; css=&#8221;.vc_custom_1775628750379{background-color: #E4E4E4 !important;}&#8221;][vc_column][vc_column_text css=&#8221;.vc_custom_1774950773705{margin-bottom: 14px !important;}&#8221;]<\/p>\n<h1 style=\"text-align: center;\"><span class=\"change-second-color\" style=\"color: #0562a4; font-family: Montserrat;\"><strong>EXPLORA<\/strong> CALVI\u00c0 A PEU<\/span><\/h1>\n<p>[\/vc_column_text][vc_empty_space height=&#8221;20px&#8221;][\/vc_column][\/vc_row][vc_row full_width=&#8221;stretch_row&#8221; css=&#8221;.vc_custom_1775628739721{background-color: #E4E4E4 !important;}&#8221;][vc_column][vc_row_inner][vc_column_inner width=&#8221;1\/3&#8243;][vc_single_image image=&#8221;30738&#8243; img_size=&#8221;80&#215;80&#8243; alignment=&#8221;center&#8221; css=&#8221;&#8221;][vc_column_text css=&#8221;.vc_custom_1775628714008{margin-bottom: 14px !important;}&#8221;]<\/p>\n<h3 style=\"text-align: center;\"><span style=\"color: #0562a4; font-family: Montserrat;\"><span style=\"font-weight: 400;\">Ruta d&#8217;inter\u00e8s<strong> hist\u00f2ric i art\u00edstic<\/strong><\/span><\/span><\/h3>\n<p>[\/vc_column_text][\/vc_column_inner][vc_column_inner width=&#8221;1\/3&#8243;][vc_single_image image=&#8221;30742&#8243; img_size=&#8221;80&#215;80&#8243; alignment=&#8221;center&#8221; css=&#8221;&#8221;][vc_column_text css=&#8221;.vc_custom_1775628702966{margin-bottom: 14px !important;}&#8221;]<\/p>\n<h3 style=\"text-align: center;\"><span style=\"color: #0562a4; font-family: Montserrat;\"><span style=\"font-weight: 400;\">Ruta accessible per <\/span><strong><span style=\"font-weight: 400;\"><strong> Ruta accessible per a fam\u00edlies amb infants de 3 a 6 anys<br \/>\n<\/strong><\/span><\/strong><\/span><\/h3>\n<p>[\/vc_column_text][\/vc_column_inner][vc_column_inner width=&#8221;1\/3&#8243;][vc_single_image image=&#8221;30746&#8243; img_size=&#8221;80&#215;80&#8243; alignment=&#8221;center&#8221; css=&#8221;&#8221;][vc_column_text css=&#8221;.vc_custom_1775643861157{margin-bottom: 14px !important;}&#8221;]<\/p>\n<h3 style=\"text-align: center;\"><span style=\"color: #0562a4; font-family: Montserrat;\"><span style=\"font-weight: 400;\">Ruta d\u2019alt <strong>valor natural<\/strong><\/span><\/span><\/h3>\n<p>[\/vc_column_text][\/vc_column_inner][\/vc_row_inner][vc_row_inner][vc_column_inner width=&#8221;1\/3&#8243;][vc_single_image image=&#8221;30755&#8243; img_size=&#8221;80&#215;80&#8243; alignment=&#8221;center&#8221; css=&#8221;&#8221;][vc_column_text css=&#8221;.vc_custom_1775643878933{margin-bottom: 14px !important;}&#8221;]<\/p>\n<h3 style=\"text-align: center;\"><span style=\"color: #0562a4; font-family: Montserrat;\"><span style=\"font-weight: 400;\">Dist\u00e0ncia <strong>3,40 km<br \/>\n<\/strong><br \/>\n<\/span><\/span><\/h3>\n<p>[\/vc_column_text][\/vc_column_inner][vc_column_inner width=&#8221;1\/3&#8243;][vc_single_image image=&#8221;30759&#8243; img_size=&#8221;80&#215;80&#8243; alignment=&#8221;center&#8221; css=&#8221;&#8221;][vc_column_text css=&#8221;.vc_custom_1775643892028{margin-bottom: 14px !important;}&#8221;]<\/p>\n<h3 style=\"text-align: center;\"><span style=\"color: #0562a4; font-family: Montserrat;\"><span style=\"font-weight: 400;\">Durada <strong>1:20 h<br \/>\n<\/strong><\/span><\/span><\/h3>\n<p>[\/vc_column_text][\/vc_column_inner][vc_column_inner width=&#8221;1\/3&#8243;][vc_single_image image=&#8221;30750&#8243; img_size=&#8221;80&#215;80&#8243; alignment=&#8221;center&#8221; css=&#8221;&#8221;][vc_column_text css=&#8221;.vc_custom_1775643904239{margin-bottom: 14px !important;}&#8221;]<\/p>\n<h3 style=\"text-align: center;\"><span style=\"color: #0562a4; font-family: Montserrat;\">Ruta <b>Circular<\/b><\/span><\/h3>\n<p>[\/vc_column_text][\/vc_column_inner][\/vc_row_inner][vc_empty_space height=&#8221;20px&#8221;][\/vc_column][\/vc_row][vc_row full_width=&#8221;stretch_row&#8221; css=&#8221;.vc_custom_1774950787382{background-color: #0562A4 !important;}&#8221;][vc_column][vc_column_text css=&#8221;.vc_custom_1775562056547{margin-bottom: 14px !important;}&#8221;]<\/p>\n<p>&nbsp;<\/p>\n<h2 style=\"text-align: center;\"><span class=\"change-second-color\" style=\"color: #ffffff; font-family: Montserrat;\">DESCOBREIX <strong>ELS PUNTS D&#8217;INTER\u00c8S<\/strong><\/span><\/h2>\n<p>[\/vc_column_text][vc_empty_space height=&#8221;20px&#8221;][\/vc_column][\/vc_row][vc_row full_width=&#8221;stretch_row_content&#8221;][vc_column][vc_column_text css=&#8221;&#8221;]<\/p>\n<p style=\"text-align: center;\"><iframe style=\"border: 0;\" tabindex=\"0\" src=\"https:\/\/www.google.com\/maps\/embed?pb=!1m18!1m12!1m3!1d3075.8265396129927!2d2.502984714533074!3d39.563518615010445!2m3!1f0!2f0!3f0!3m2!1i1024!2i768!4f13.1!3m3!1m2!1s0x12978932512b4115%3A0xac3898daa9e9c378!2sAjuntament%20de%20Calvi%C3%A0!5e0!3m2!1ses!2sus!4v1586948987762!5m2!1ses!2sus\" width=\"1800\" height=\"500\" frameborder=\"0\" allowfullscreen=\"allowfullscreen\" aria-hidden=\"false\"><span data-mce-type=\"bookmark\" style=\"display: inline-block; width: 0px; overflow: hidden; line-height: 0;\" class=\"mce_SELRES_start\"><\/span><\/iframe><\/p>\n<p>[\/vc_column_text][\/vc_column][\/vc_row][vc_row full_width=&#8221;stretch_row&#8221; css=&#8221;.vc_custom_1775562247022{background-position: center !important;background-repeat: no-repeat !important;background-size: cover !important;}&#8221;][vc_column][vc_empty_space height=&#8221;10px&#8221;][\/vc_column][\/vc_row][vc_row full_width=&#8221;stretch_row&#8221; css=&#8221;.vc_custom_1774951842589{background-color: #E4E4E4 !important;}&#8221;][vc_column][vc_row_inner][vc_column_inner width=&#8221;1\/3&#8243;][vc_column_text css=&#8221;.vc_custom_1775562325323{margin-bottom: 14px !important;}&#8221;]<\/p>\n<h2 style=\"text-align: right;\"><span style=\"color: #000000; font-family: Montserrat;\"><span style=\"font-weight: 400;\">DESCRIPCI\u00d3 <\/span><\/span><\/h2>\n<h2 style=\"text-align: right;\"><span style=\"color: #000000; font-family: Montserrat;\"><strong><span style=\"font-weight: 400;\"><strong>DE LA RUTA<br \/>\n<\/strong><\/span><\/strong><\/span><\/h2>\n<p>[\/vc_column_text][\/vc_column_inner][vc_column_inner width=&#8221;2\/3&#8243;][vc_column_text css=&#8221;&#8221;]Aquest itinerari circular, de f\u00e0cil recorregut i apte per a fam\u00edlies, es desenvolupa \u00edntegrament a la Finca P\u00fablica de Galatz\u00f3, a Es Capdell\u00e0, combinant paisatges, patrimoni hist\u00f2ric i etnogr\u00e0fic.<\/p>\n<p>La ruta comen\u00e7a a les cases de la possessi\u00f3 i travessa el Comellar de na Llaneres fins arribar a la font de Sa Cometa, un exemple destacat de l\u2019enginyeria hidr\u00e0ulica tradicional mallorquina, utilitzada des de l\u2019\u00e8poca isl\u00e0mica. L\u2019aigua era canalitzada a trav\u00e9s de q\u00e4nats i mines fins a les cases de la possessi\u00f3, on va ser utilitzada fins al segle XIX.<\/p>\n<p>Durant el passeig, d\u2019una mica m\u00e9s d\u2019una hora, es recorren marjades i camps de conreu, alzinars i pinedes, mentre es descobreixen elements etnogr\u00e0fics com forns de cal\u00e7, sitges de carb\u00f3 i fonts. A m\u00e9s, es pot observar la flora i fauna mediterr\u00e0nia t\u00edpica de la zona.<\/p>\n<p>L\u2019itinerari finalitza tornant pel Bosc de Sa Madona, completant un recorregut que combina natura, hist\u00f2ria i patrimoni cultural.[\/vc_column_text][\/vc_column_inner][\/vc_row_inner][vc_empty_space height=&#8221;20px&#8221;][vc_row_inner][vc_column_inner width=&#8221;1\/4&#8243;][vc_single_image image=&#8221;30809&#8243; img_size=&#8221;full&#8221; alignment=&#8221;center&#8221; onclick=&#8221;img_link_large&#8221; css=&#8221;&#8221;][\/vc_column_inner][vc_column_inner width=&#8221;1\/4&#8243;][vc_single_image image=&#8221;30805&#8243; img_size=&#8221;full&#8221; alignment=&#8221;center&#8221; onclick=&#8221;img_link_large&#8221; css=&#8221;&#8221;][\/vc_column_inner][vc_column_inner width=&#8221;1\/4&#8243;][vc_single_image image=&#8221;30801&#8243; img_size=&#8221;full&#8221; alignment=&#8221;center&#8221; onclick=&#8221;img_link_large&#8221; css=&#8221;&#8221;][\/vc_column_inner][vc_column_inner width=&#8221;1\/4&#8243;][vc_single_image image=&#8221;30700&#8243; img_size=&#8221;full&#8221; alignment=&#8221;center&#8221; onclick=&#8221;img_link_large&#8221; css=&#8221;&#8221;][\/vc_column_inner][\/vc_row_inner][vc_empty_space height=&#8221;20px&#8221;][\/vc_column][\/vc_row][vc_row full_width=&#8221;stretch_row&#8221;][vc_column][vc_empty_space height=&#8221;10px&#8221;][\/vc_column][\/vc_row][vc_row full_width=&#8221;stretch_row&#8221; css=&#8221;.vc_custom_1775562395308{background-color: #000000 !important;}&#8221;][vc_column][vc_column_text css=&#8221;.vc_custom_1776923924689{margin-bottom: 14px !important;}&#8221;]<\/p>\n<h2 style=\"text-align: center;\"><span class=\"change-second-color\" style=\"color: #ffffff; font-family: Montserrat;\">Tamb\u00e9 et <strong>pot interessar<\/strong><\/span><\/h2>\n<p>[\/vc_column_text][vc_empty_space height=&#8221;20px&#8221;][\/vc_column][\/vc_row][vc_row full_width=&#8221;stretch_row_content&#8221;][vc_column width=&#8221;1\/3&#8243;][vc_single_image image=&#8221;30469&#8243; img_size=&#8221;full&#8221; alignment=&#8221;center&#8221; css=&#8221;&#8221;][vc_btn title=&#8221;PR-MA 1 Peguera &#8211; Es Capdell\u00e0&#8221; shape=&#8221;square&#8221; color=&#8221;black&#8221; size=&#8221;lg&#8221; align=&#8221;center&#8221; i_icon_fontawesome=&#8221;fas fa-walking&#8221; css=&#8221;&#8221; button_block=&#8221;true&#8221; add_icon=&#8221;true&#8221; link=&#8221;url:https%3A%2F%2Fvisitcalvia.org%2Fca%2Fsenderisme_calvia_peguera_escapdella%2F&#8221;][\/vc_column][vc_column width=&#8221;1\/3&#8243;][vc_single_image image=&#8221;30473&#8243; img_size=&#8221;full&#8221; alignment=&#8221;center&#8221; css=&#8221;&#8221;][vc_btn title=&#8221;PR-MA 2: La Vall Verda&#8221; shape=&#8221;square&#8221; color=&#8221;black&#8221; size=&#8221;lg&#8221; align=&#8221;center&#8221; i_icon_fontawesome=&#8221;fas fa-walking&#8221; css=&#8221;&#8221; button_block=&#8221;true&#8221; add_icon=&#8221;true&#8221; link=&#8221;url:https%3A%2F%2Fvisitcalvia.org%2Fca%2Fsenderisme_calvia_lavallverda%2F&#8221;][\/vc_column][vc_column width=&#8221;1\/3&#8243;][vc_single_image image=&#8221;30477&#8243; img_size=&#8221;full&#8221; alignment=&#8221;center&#8221; css=&#8221;&#8221;][vc_btn title=&#8221;PR-MA 3: Sa Vinya&#8221; shape=&#8221;square&#8221; color=&#8221;black&#8221; size=&#8221;lg&#8221; align=&#8221;center&#8221; i_icon_fontawesome=&#8221;fas fa-walking&#8221; css=&#8221;&#8221; button_block=&#8221;true&#8221; add_icon=&#8221;true&#8221; link=&#8221;url:https%3A%2F%2Fvisitcalvia.org%2Fca%2Fsenderisme_calvia_savinya%2F&#8221;][\/vc_column][\/vc_row][vc_row full_width=&#8221;stretch_row&#8221; css=&#8221;.vc_custom_1774618055698{background-color: #FFFFFF !important;}&#8221;][vc_column][vc_empty_space height=&#8221;20px&#8221;][\/vc_column][\/vc_row]<\/p>\n<\/div>","protected":false},"excerpt":{"rendered":"<p>[vc_row row_content_width=&#8221;grid&#8221;][vc_column][\/vc_column][\/vc_row][vc_row full_width=&#8221;stretch_row&#8221; css=&#8221;.vc_custom_1775628750379{background-color: #E4E4E4 !important;}&#8221;][vc_column][vc_column_text css=&#8221;.vc_custom_1774950773705{margin-bottom: 14px !important;}&#8221;] EXPLORA CALVI\u00c0 A PEU [\/vc_column_text][vc_empty_space height=&#8221;20px&#8221;][\/vc_column][\/vc_row][vc_row full_width=&#8221;stretch_row&#8221; css=&#8221;.vc_custom_1775628739721{background-color: #E4E4E4 !important;}&#8221;][vc_column][vc_row_inner][vc_column_inner width=&#8221;1\/3&#8243;][vc_single_image image=&#8221;30738&#8243; img_size=&#8221;80&#215;80&#8243; alignment=&#8221;center&#8221; css=&#8221;&#8221;][vc_column_text css=&#8221;.vc_custom_1775628714008{margin-bottom: 14px !important;}&#8221;] Ruta d&#8217;inter\u00e8s hist\u00f2ric i art\u00edstic [\/vc_column_text][\/vc_column_inner][vc_column_inner width=&#8221;1\/3&#8243;][vc_single_image image=&#8221;30742&#8243; img_size=&#8221;80&#215;80&#8243; alignment=&#8221;center&#8221; css=&#8221;&#8221;][vc_column_text css=&#8221;.vc_custom_1775628702966{margin-bottom: 14px !important;}&#8221;] Ruta accessible per Ruta accessible per a fam\u00edlies amb infants de 3 a [&hellip;]<\/p>\n","protected":false},"author":182516987,"featured_media":0,"parent":0,"menu_order":0,"comment_status":"closed","ping_status":"closed","template":"","meta":{"_coblocks_attr":"","_coblocks_dimensions":"","_coblocks_responsive_height":"","_coblocks_accordion_ie_support":"","_crdt_document":"","footnotes":""},"class_list":["post-30911","page","type-page","status-publish","hentry"],"yoast_head":"<!-- This site is optimized with the Yoast SEO plugin v27.4 - https:\/\/yoast.com\/product\/yoast-seo-wordpress\/ -->\n<title>PR-MA 4 Sa Font de Sa Cometa - visitcalvia<\/title>\n<meta name=\"robots\" content=\"index, follow, max-snippet:-1, max-image-preview:large, max-video-preview:-1\" \/>\n<link rel=\"canonical\" href=\"https:\/\/visitcalvia.org\/ca\/senderisme_calvia_sacometa\/\" \/>\n<meta property=\"og:locale\" content=\"ca_ES\" \/>\n<meta property=\"og:type\" content=\"article\" \/>\n<meta property=\"og:title\" content=\"PR-MA 4 Sa Font de Sa Cometa - visitcalvia\" \/>\n<meta property=\"og:description\" content=\"[vc_row row_content_width=&#8221;grid&#8221;][vc_column][\/vc_column][\/vc_row][vc_row full_width=&#8221;stretch_row&#8221; css=&#8221;.vc_custom_1775628750379{background-color: #E4E4E4 !important;}&#8221;][vc_column][vc_column_text css=&#8221;.vc_custom_1774950773705{margin-bottom: 14px !important;}&#8221;] EXPLORA CALVI\u00c0 A PEU [\/vc_column_text][vc_empty_space height=&#8221;20px&#8221;][\/vc_column][\/vc_row][vc_row full_width=&#8221;stretch_row&#8221; css=&#8221;.vc_custom_1775628739721{background-color: #E4E4E4 !important;}&#8221;][vc_column][vc_row_inner][vc_column_inner width=&#8221;1\/3&#8243;][vc_single_image image=&#8221;30738&#8243; img_size=&#8221;80&#215;80&#8243; alignment=&#8221;center&#8221; css=&#8221;&#8221;][vc_column_text css=&#8221;.vc_custom_1775628714008{margin-bottom: 14px !important;}&#8221;] Ruta d&#8217;inter\u00e8s hist\u00f2ric i art\u00edstic [\/vc_column_text][\/vc_column_inner][vc_column_inner width=&#8221;1\/3&#8243;][vc_single_image image=&#8221;30742&#8243; img_size=&#8221;80&#215;80&#8243; alignment=&#8221;center&#8221; css=&#8221;&#8221;][vc_column_text css=&#8221;.vc_custom_1775628702966{margin-bottom: 14px !important;}&#8221;] Ruta accessible per Ruta accessible per a fam\u00edlies amb infants de 3 a [&hellip;]\" \/>\n<meta property=\"og:url\" content=\"https:\/\/visitcalvia.org\/ca\/senderisme_calvia_sacometa\/\" \/>\n<meta property=\"og:site_name\" content=\"visitcalvia\" \/>\n<meta property=\"article:modified_time\" content=\"2026-04-23T08:19:06+00:00\" \/>\n<meta name=\"twitter:card\" content=\"summary_large_image\" \/>\n<meta name=\"twitter:label1\" content=\"Temps estimat de lectura\" \/>\n\t<meta name=\"twitter:data1\" content=\"2 minuts\" \/>\n<script type=\"application\/ld+json\" class=\"yoast-schema-graph\">{\"@context\":\"https:\\\/\\\/schema.org\",\"@graph\":[{\"@type\":\"WebPage\",\"@id\":\"https:\\\/\\\/visitcalvia.org\\\/ca\\\/senderisme_calvia_sacometa\\\/\",\"url\":\"https:\\\/\\\/visitcalvia.org\\\/ca\\\/senderisme_calvia_sacometa\\\/\",\"name\":\"PR-MA 4 Sa Font de Sa Cometa - visitcalvia\",\"isPartOf\":{\"@id\":\"https:\\\/\\\/visitcalvia.org\\\/ca\\\/#website\"},\"datePublished\":\"2026-04-22T12:13:48+00:00\",\"dateModified\":\"2026-04-23T08:19:06+00:00\",\"breadcrumb\":{\"@id\":\"https:\\\/\\\/visitcalvia.org\\\/ca\\\/senderisme_calvia_sacometa\\\/#breadcrumb\"},\"inLanguage\":\"ca\",\"potentialAction\":[{\"@type\":\"ReadAction\",\"target\":[\"https:\\\/\\\/visitcalvia.org\\\/ca\\\/senderisme_calvia_sacometa\\\/\"]}]},{\"@type\":\"BreadcrumbList\",\"@id\":\"https:\\\/\\\/visitcalvia.org\\\/ca\\\/senderisme_calvia_sacometa\\\/#breadcrumb\",\"itemListElement\":[{\"@type\":\"ListItem\",\"position\":1,\"name\":\"Portada\",\"item\":\"https:\\\/\\\/visitcalvia.org\\\/ca\\\/\"},{\"@type\":\"ListItem\",\"position\":2,\"name\":\"PR-MA 4 Sa Font de Sa Cometa\"}]},{\"@type\":\"WebSite\",\"@id\":\"https:\\\/\\\/visitcalvia.org\\\/ca\\\/#website\",\"url\":\"https:\\\/\\\/visitcalvia.org\\\/ca\\\/\",\"name\":\"visitcalvia\",\"description\":\"Vacaciones en Mallorca \u2013 Calvi\u00e0 m\u00faltiples destinos en uno s\u00f3lo lugar. Palmanova, Santa Pon\u00e7a, Magaluf, Peguera, Portals Nous, Costa d\u2019en Blanes, Cala Vinyes\",\"potentialAction\":[{\"@type\":\"SearchAction\",\"target\":{\"@type\":\"EntryPoint\",\"urlTemplate\":\"https:\\\/\\\/visitcalvia.org\\\/ca\\\/?s={search_term_string}\"},\"query-input\":{\"@type\":\"PropertyValueSpecification\",\"valueRequired\":true,\"valueName\":\"search_term_string\"}}],\"inLanguage\":\"ca\"}]}<\/script>\n<!-- \/ Yoast SEO plugin. -->","yoast_head_json":{"title":"PR-MA 4 Sa Font de Sa Cometa - visitcalvia","robots":{"index":"index","follow":"follow","max-snippet":"max-snippet:-1","max-image-preview":"max-image-preview:large","max-video-preview":"max-video-preview:-1"},"canonical":"https:\/\/visitcalvia.org\/ca\/senderisme_calvia_sacometa\/","og_locale":"ca_ES","og_type":"article","og_title":"PR-MA 4 Sa Font de Sa Cometa - visitcalvia","og_description":"[vc_row row_content_width=&#8221;grid&#8221;][vc_column][\/vc_column][\/vc_row][vc_row full_width=&#8221;stretch_row&#8221; css=&#8221;.vc_custom_1775628750379{background-color: #E4E4E4 !important;}&#8221;][vc_column][vc_column_text css=&#8221;.vc_custom_1774950773705{margin-bottom: 14px !important;}&#8221;] EXPLORA CALVI\u00c0 A PEU [\/vc_column_text][vc_empty_space height=&#8221;20px&#8221;][\/vc_column][\/vc_row][vc_row full_width=&#8221;stretch_row&#8221; css=&#8221;.vc_custom_1775628739721{background-color: #E4E4E4 !important;}&#8221;][vc_column][vc_row_inner][vc_column_inner width=&#8221;1\/3&#8243;][vc_single_image image=&#8221;30738&#8243; img_size=&#8221;80&#215;80&#8243; alignment=&#8221;center&#8221; css=&#8221;&#8221;][vc_column_text css=&#8221;.vc_custom_1775628714008{margin-bottom: 14px !important;}&#8221;] Ruta d&#8217;inter\u00e8s hist\u00f2ric i art\u00edstic [\/vc_column_text][\/vc_column_inner][vc_column_inner width=&#8221;1\/3&#8243;][vc_single_image image=&#8221;30742&#8243; img_size=&#8221;80&#215;80&#8243; alignment=&#8221;center&#8221; css=&#8221;&#8221;][vc_column_text css=&#8221;.vc_custom_1775628702966{margin-bottom: 14px !important;}&#8221;] Ruta accessible per Ruta accessible per a fam\u00edlies amb infants de 3 a [&hellip;]","og_url":"https:\/\/visitcalvia.org\/ca\/senderisme_calvia_sacometa\/","og_site_name":"visitcalvia","article_modified_time":"2026-04-23T08:19:06+00:00","twitter_card":"summary_large_image","twitter_misc":{"Temps estimat de lectura":"2 minuts"},"schema":{"@context":"https:\/\/schema.org","@graph":[{"@type":"WebPage","@id":"https:\/\/visitcalvia.org\/ca\/senderisme_calvia_sacometa\/","url":"https:\/\/visitcalvia.org\/ca\/senderisme_calvia_sacometa\/","name":"PR-MA 4 Sa Font de Sa Cometa - visitcalvia","isPartOf":{"@id":"https:\/\/visitcalvia.org\/ca\/#website"},"datePublished":"2026-04-22T12:13:48+00:00","dateModified":"2026-04-23T08:19:06+00:00","breadcrumb":{"@id":"https:\/\/visitcalvia.org\/ca\/senderisme_calvia_sacometa\/#breadcrumb"},"inLanguage":"ca","potentialAction":[{"@type":"ReadAction","target":["https:\/\/visitcalvia.org\/ca\/senderisme_calvia_sacometa\/"]}]},{"@type":"BreadcrumbList","@id":"https:\/\/visitcalvia.org\/ca\/senderisme_calvia_sacometa\/#breadcrumb","itemListElement":[{"@type":"ListItem","position":1,"name":"Portada","item":"https:\/\/visitcalvia.org\/ca\/"},{"@type":"ListItem","position":2,"name":"PR-MA 4 Sa Font de Sa Cometa"}]},{"@type":"WebSite","@id":"https:\/\/visitcalvia.org\/ca\/#website","url":"https:\/\/visitcalvia.org\/ca\/","name":"visitcalvia","description":"Vacaciones en Mallorca \u2013 Calvi\u00e0 m\u00faltiples destinos en uno s\u00f3lo lugar. Palmanova, Santa Pon\u00e7a, Magaluf, Peguera, Portals Nous, Costa d\u2019en Blanes, Cala Vinyes","potentialAction":[{"@type":"SearchAction","target":{"@type":"EntryPoint","urlTemplate":"https:\/\/visitcalvia.org\/ca\/?s={search_term_string}"},"query-input":{"@type":"PropertyValueSpecification","valueRequired":true,"valueName":"search_term_string"}}],"inLanguage":"ca"}]}},"jetpack_likes_enabled":false,"jetpack_sharing_enabled":false,"jetpack_shortlink":"https:\/\/wp.me\/PbP1bo-82z","amp_enabled":true,"_links":{"self":[{"href":"https:\/\/visitcalvia.org\/ca\/wp-json\/wp\/v2\/pages\/30911","targetHints":{"allow":["GET"]}}],"collection":[{"href":"https:\/\/visitcalvia.org\/ca\/wp-json\/wp\/v2\/pages"}],"about":[{"href":"https:\/\/visitcalvia.org\/ca\/wp-json\/wp\/v2\/types\/page"}],"author":[{"embeddable":true,"href":"https:\/\/visitcalvia.org\/ca\/wp-json\/wp\/v2\/users\/182516987"}],"replies":[{"embeddable":true,"href":"https:\/\/visitcalvia.org\/ca\/wp-json\/wp\/v2\/comments?post=30911"}],"version-history":[{"count":7,"href":"https:\/\/visitcalvia.org\/ca\/wp-json\/wp\/v2\/pages\/30911\/revisions"}],"predecessor-version":[{"id":30937,"href":"https:\/\/visitcalvia.org\/ca\/wp-json\/wp\/v2\/pages\/30911\/revisions\/30937"}],"wp:attachment":[{"href":"https:\/\/visitcalvia.org\/ca\/wp-json\/wp\/v2\/media?parent=30911"}],"curies":[{"name":"wp","href":"https:\/\/api.w.org\/{rel}","templated":true}]}}