{"id":8315,"date":"2020-04-14T10:23:18","date_gmt":"2020-04-14T08:23:18","guid":{"rendered":"https:\/\/visitcalvia.org\/golf\/"},"modified":"2022-07-04T10:36:16","modified_gmt":"2022-07-04T08:36:16","slug":"golf","status":"publish","type":"page","link":"https:\/\/visitcalvia.org\/ca\/golf\/","title":{"rendered":"Golf"},"content":{"rendered":"<div class=\"wpb-content-wrapper\"><p>[vc_row css=&#8221;.vc_custom_1654768851044{background-image: url(<a href=\"https:\/\/visitcalvia.org\/wp-content\/uploads\/2020\/05\/golf-1.jpg?id=7738\">https:\/\/visitcalvia.org\/wp-content\/uploads\/2020\/05\/golf-1.jpg?id=7738<\/a>) !important;background-position: center !important;background-repeat: no-repeat !important;background-size: cover !important;}&#8221;][vc_column][vc_empty_space height=&#8221;255px&#8221;][\/vc_column][\/vc_row]<\/p>\n<p>[vc_row row_content_width=&#8221;grid&#8221; css=&#8221;.vc_custom_1585305077021{padding-top: 40px !important;padding-bottom: 40px !important;}&#8221;][vc_column]<div class=\"qodef-section-title-holder  qodef-st-standard qodef-st-title-left qodef-st-normal-space  qodef-st-with-border\" style=\"text-align: left\">\n\t<div class=\"qodef-st-inner\">\n\t\t\t\t\t<h2 class=\"qodef-st-title\" >\n\t\t\t\t<span class=\"qodef-st-title-bold\">Golf<\/span> en Calvi\u00e0\t\t\t<\/h2>\n\t\t\t\t\t<\/div>\n<\/div>[vc_column_text]Juga al golf a Mallorca, tria <a href=\"https:\/\/visitcalvia.org\/\">Calvi\u00e0.<\/a> 5 camps de golf, tots els serveis adaptats en un entorn espectacular de mar i muntanya a tan sols 15 minuts de Palma, i a 20 de l&#8217;aeroport.<\/p>\n<p><a href=\"https:\/\/visitcalvia.org\/bendinat\/\">Bendinat i<\/a>\u00a0<a href=\"https:\/\/visitcalvia.org\/santaponsa\/\">Santa Pon\u00e7a<\/a>, s\u00f3n les zones en les quals es troben els camps de golf de Calvi\u00e0. Aix\u00ed, Calvi\u00e0 compta en un radi de menys de 15 km que engloba a les zones tur\u00edstiques de <a href=\"https:\/\/visitcalvia.org\/ses-illetes\/\">Ses Illetes<\/a>, <a href=\"https:\/\/visitcalvia.org\/portalsnous\/\">Portals Nous,<\/a> <a href=\"https:\/\/visitcalvia.org\/palmanova\/\">Palmanova,<\/a> <a href=\"https:\/\/visitcalvia.org\/magaluf\/\">Magaluf,<\/a> <a href=\"https:\/\/visitcalvia.org\/eltoro\/\">El Toro<\/a> o <a href=\"https:\/\/visitcalvia.org\/peguera\/\">Peguera<\/a>, 5\u00a0 opcions diferenciades de per a jugar al golf a Mallorca.<\/p>\n<p>A m\u00e9s d&#8217;instal\u00b7lacions, Calvi\u00e0 compta amb les caracter\u00edstiques que han convertit a Mallorca en un parad\u00eds del golf. Clima suau amb m\u00e9s de 300 dies de sol a l&#8217;any i un cat\u00e0leg extens d&#8217;allotjaments, serveis i opcions de cultura i oci.<\/p>\n<p>Juga al golf a Mallorca, TRIA <a href=\"https:\/\/www.calvia.com\">CALVI\u00c0<\/a>!.[\/vc_column_text][\/vc_column][\/vc_row][vc_row row_content_width=&#8221;grid&#8221; css=&#8221;.vc_custom_1585305077021{padding-top: 40px !important;padding-bottom: 40px !important;}&#8221;][vc_column width=&#8221;1\/3&#8243;][vc_single_image image=&#8221;7693&#8243; img_size=&#8221;full&#8221; style=&#8221;vc_box_shadow&#8221; onclick=&#8221;custom_link&#8221; css_animation=&#8221;none&#8221; link=&#8221;<a href=\"http:\/\/www.realgolfbendinat.com\/&#8221;%5D%5Bvc_column_text%5D\" rel=\"nofollow\">http:\/\/www.realgolfbendinat.com\/&#8221;%5D%5Bvc_column_text%5D<\/a><\/p>\n<h4 style=\"text-align: center;\"><strong>REAL GOLF BENDINAT<\/strong><\/h4>\n<p><a href=\"http:\/\/www.realgolfbendinat.com\/\">Real Golf de Bendinat<\/a>, camp dissenyat per Martin Hawtree (1986) en una extensa vall arbrada, t\u00e9 un recorregut de 18 forats (Par 70) en el qual es gaudeix de la perfecta fusi\u00f3 entre bellesa i naturalesa, amb vista a la badia de Palma[\/vc_column_text][vc_empty_space height=&#8221;15px&#8221;]<a itemprop=\"url\" href=\"http:\/\/www.realgolfbendinat.com\/\" target=\"_blank\" style=\"color: #000000;border-color: #000000;text-transform: capitalize\" class=\"qodef-btn qodef-btn-medium qodef-btn-outline qodef-btn-custom-border-hover qodef-btn-custom-hover-color qodef-btn-icon\" data-hover-color=\"#000000\" data-hover-border-color=\"#000000\" >\n    <span class=\"qodef-btn-text\">M\u00e9s informaci\u00f3<\/span>\n    <i class=\"qodef-icon-font-awesome fa fa-chevron-right \" ><\/i><\/a>[\/vc_column][vc_column width=&#8221;1\/3&#8243;][vc_single_image image=&#8221;7710&#8243; img_size=&#8221;full&#8221; style=&#8221;vc_box_shadow&#8221; onclick=&#8221;custom_link&#8221; css_animation=&#8221;none&#8221; link=&#8221;<a href=\"https:\/\/www.t-golf.club\/es\/campo-de-golf&#8221;%5D%5Bvc_column_text%5D\" rel=\"nofollow\">https:\/\/www.t-golf.club\/es\/campo-de-golf&#8221;%5D%5Bvc_column_text%5D<\/a><\/p>\n<h4 style=\"text-align: center;\"><strong>GOLF &amp; COUNTRY CLUB<\/strong><\/h4>\n<p>Amb un fabul\u00f3s disseny de John Harris. Els seus grans greenes suposen un gran repte per al golfista de qualsevol nivell. Els 18 forats, &#8220;par 72&#8243;, mesuren 6.430 metres i discorren per bells pujols ondulats.[\/vc_column_text][vc_empty_space height=&#8221;15px&#8221;]<a itemprop=\"url\" href=\"https:\/\/www.t-golf.club\/es\/campo-de-golf\" target=\"_blank\" style=\"color: #000000;border-color: #000000;text-transform: capitalize\" class=\"qodef-btn qodef-btn-medium qodef-btn-outline qodef-btn-custom-border-hover qodef-btn-custom-hover-color qodef-btn-icon\" data-hover-color=\"#000000\" data-hover-border-color=\"#000000\" >\n    <span class=\"qodef-btn-text\">M\u00e9s informaci\u00f3<\/span>\n    <i class=\"qodef-icon-font-awesome fa fa-chevron-right \" ><\/i><\/a>[\/vc_column][vc_column width=&#8221;1\/3&#8243;][vc_single_image image=&#8221;7687&#8243; img_size=&#8221;full&#8221; style=&#8221;vc_box_shadow&#8221; onclick=&#8221;custom_link&#8221; css_animation=&#8221;none&#8221; link=&#8221;<a href=\"http:\/\/www.golf-santaponsa.com\/&#8221;%5D%5Bvc_column_text%5D\" rel=\"nofollow\">http:\/\/www.golf-santaponsa.com\/&#8221;%5D%5Bvc_column_text%5D<\/a><\/p>\n<h4 style=\"text-align: center;\"><strong>GOLF SANTA PON\u00c7A I<\/strong><\/h4>\n<p>Amb precioses vistes al Puig de Galatz\u00f3, \u00e9s un camp llarg de 6.543 metres que compta amb un recorregut de 18 forats (Par 72), sent el forat 10 (Par 5) un dels m\u00e9s llargs d&#8217;Europa amb 590 metres. Compta amb tots els serveis.[\/vc_column_text][vc_empty_space height=&#8221;15px&#8221;]<a itemprop=\"url\" href=\"http:\/\/www.golf-santaponsa.com\/es\/club\/\" target=\"_blank\" style=\"color: #000000;border-color: #000000;text-transform: capitalize\" class=\"qodef-btn qodef-btn-medium qodef-btn-outline qodef-btn-custom-border-hover qodef-btn-custom-hover-color qodef-btn-icon\" data-hover-color=\"#000000\" data-hover-border-color=\"#000000\" >\n    <span class=\"qodef-btn-text\">M\u00e9s informaci\u00f3<\/span>\n    <i class=\"qodef-icon-font-awesome fa fa-chevron-right \" ><\/i><\/a>[\/vc_column][\/vc_row][vc_row][vc_column][vc_empty_space height=&#8221;30px&#8221;][\/vc_column][\/vc_row][vc_row row_content_width=&#8221;grid&#8221; css=&#8221;.vc_custom_1585305077021{padding-top: 40px !important;padding-bottom: 40px !important;}&#8221;][vc_column width=&#8221;1\/3&#8243;][vc_single_image image=&#8221;7734&#8243; img_size=&#8221;full&#8221; style=&#8221;vc_box_shadow&#8221; onclick=&#8221;custom_link&#8221; css_animation=&#8221;none&#8221; link=&#8221;#&#8221;][vc_column_text]<\/p>\n<h4 style=\"text-align: center;\"><strong>GOLF SANTA PON\u00c7A II<\/strong><\/h4>\n<p>El Golf Santa Ponsa II t\u00e9 un recorregut de 6.053 metres, 18 forats (Par 72). Els forats estan situats dins d&#8217;una pineda o entre grans llacs. \u00c9s un camp d&#8217;\u00fas exclusiu per a accionistes.[\/vc_column_text][vc_empty_space height=&#8221;15px&#8221;]<a itemprop=\"url\" href=\"http:\/\/www.golf-santaponsa.com\/es\/tours\/golf-santa-ponsa-2\" target=\"_blank\" style=\"color: #000000;border-color: #000000;text-transform: capitalize\" class=\"qodef-btn qodef-btn-medium qodef-btn-outline qodef-btn-custom-border-hover qodef-btn-custom-hover-color qodef-btn-icon\" data-hover-color=\"#000000\" data-hover-border-color=\"#000000\" >\n    <span class=\"qodef-btn-text\">M\u00e9s informaci\u00f3<\/span>\n    <i class=\"qodef-icon-font-awesome fa fa-chevron-right \" ><\/i><\/a>[\/vc_column][vc_column width=&#8221;1\/3&#8243;][vc_single_image image=&#8221;7730&#8243; img_size=&#8221;full&#8221; style=&#8221;vc_box_shadow&#8221; onclick=&#8221;custom_link&#8221; css_animation=&#8221;none&#8221; link=&#8221;<a href=\"http:\/\/www.golf-santaponsa.com\/es\/courses\/golf-santa-ponsa-3#&#8221;%5D%5Bvc_column_text%5D\" rel=\"nofollow\">http:\/\/www.golf-santaponsa.com\/es\/courses\/golf-santa-ponsa-3#&#8221;%5D%5Bvc_column_text%5D<\/a><\/p>\n<h4><strong>GOLF SANTA PON\u00c7A III<\/strong><\/h4>\n<p>El camp de golf Santa Ponsa III t\u00e9 un recorregut de 1.599 metres, 9 forats (Par 30). Igual que el Golf Santa Ponsa II, \u00e9s un camp d&#8217;\u00fas exclusiu per a accionistes.[\/vc_column_text][vc_empty_space height=&#8221;15px&#8221;]<a itemprop=\"url\" href=\"http:\/\/www.golf-santaponsa.com\/es\/courses\/golf-santa-ponsa-3\" target=\"_blank\" style=\"color: #000000;border-color: #000000;text-transform: capitalize\" class=\"qodef-btn qodef-btn-medium qodef-btn-outline qodef-btn-custom-border-hover qodef-btn-custom-hover-color qodef-btn-icon\" data-hover-color=\"#000000\" data-hover-border-color=\"#000000\" >\n    <span class=\"qodef-btn-text\">M\u00e9s informaci\u00f3n<\/span>\n    <i class=\"qodef-icon-font-awesome fa fa-chevron-right \" ><\/i><\/a>[\/vc_column][\/vc_row][vc_row][vc_column][vc_empty_space height=&#8221;60px&#8221;][\/vc_column][\/vc_row]<\/p>\n<\/div>","protected":false},"excerpt":{"rendered":"<p>[vc_row css=&#8221;.vc_custom_1654768851044{background-image: url(<a href=\"https:\/\/visitcalvia.org\/wp-content\/uploads\/2020\/05\/golf-1.jpg?id=7738\">https:\/\/visitcalvia.org\/wp-content\/uploads\/2020\/05\/golf-1.jpg?id=7738<\/a>) !important;background-position: center !important;background-repeat: no-repeat !important;background-size: cover !important;}&#8221;][vc_column][vc_empty_space height=&#8221;255px&#8221;][\/vc_column][\/vc_row] [vc_row row_content_width=&#8221;grid&#8221; css=&#8221;.vc_custom_1585305077021{padding-top: 40px !important;padding-bottom: 40px !important;}&#8221;][vc_column][vc_column_text]Juga al golf a Mallorca, tria Calvi\u00e0. 5 camps de golf, tots els serveis adaptats en un entorn espectacular de mar i muntanya a tan sols 15 minuts de Palma, i a 20 de l&#8217;aeroport. Bendinat i\u00a0Santa [&hellip;]<\/p>\n","protected":false},"author":182516946,"featured_media":7726,"parent":0,"menu_order":0,"comment_status":"closed","ping_status":"closed","template":"full-width.php","meta":{"_coblocks_attr":"","_coblocks_dimensions":"","_coblocks_responsive_height":"","_coblocks_accordion_ie_support":"","_crdt_document":"","jetpack_post_was_ever_published":false,"footnotes":""},"class_list":["post-8315","page","type-page","status-publish","has-post-thumbnail","hentry"],"yoast_head":"<!-- This site is optimized with the Yoast SEO plugin v27.3 - https:\/\/yoast.com\/product\/yoast-seo-wordpress\/ -->\n<title>Juga a golf a Mallorca, tria Calvi\u00e0. 5 camps de golf, serveis, entorn<\/title>\n<meta name=\"description\" content=\"Juga al golf a Mallorca, tria Calvi\u00e0. 5 camps de golf, tots els serveis adaptats en un entorn espectacular de mar i muntanya pr\u00f2xim a Palma.\" \/>\n<meta name=\"robots\" content=\"index, follow, max-snippet:-1, max-image-preview:large, max-video-preview:-1\" \/>\n<link rel=\"canonical\" href=\"https:\/\/visitcalvia.org\/ca\/golf\/\" \/>\n<meta property=\"og:locale\" content=\"ca_ES\" \/>\n<meta property=\"og:type\" content=\"article\" \/>\n<meta property=\"og:title\" content=\"Juga a golf a Mallorca, tria Calvi\u00e0. 5 camps de golf, serveis, entorn\" \/>\n<meta property=\"og:description\" content=\"Juga al golf a Mallorca, tria Calvi\u00e0. 5 camps de golf, tots els serveis adaptats en un entorn espectacular de mar i muntanya pr\u00f2xim a Palma.\" \/>\n<meta property=\"og:url\" content=\"https:\/\/visitcalvia.org\/ca\/golf\/\" \/>\n<meta property=\"og:site_name\" content=\"visitcalvia\" \/>\n<meta property=\"article:modified_time\" content=\"2022-07-04T08:36:16+00:00\" \/>\n<meta property=\"og:image\" content=\"https:\/\/visitcalvia.org\/wp-content\/uploads\/2020\/05\/golf.jpg\" \/>\n\t<meta property=\"og:image:width\" content=\"1900\" \/>\n\t<meta property=\"og:image:height\" content=\"1067\" \/>\n\t<meta property=\"og:image:type\" content=\"image\/jpeg\" \/>\n<meta name=\"twitter:card\" content=\"summary_large_image\" \/>\n<meta name=\"twitter:label1\" content=\"Temps estimat de lectura\" \/>\n\t<meta name=\"twitter:data1\" content=\"3 minuts\" \/>\n<script type=\"application\/ld+json\" class=\"yoast-schema-graph\">{\"@context\":\"https:\\\/\\\/schema.org\",\"@graph\":[{\"@type\":\"WebPage\",\"@id\":\"https:\\\/\\\/visitcalvia.org\\\/ca\\\/golf\\\/\",\"url\":\"https:\\\/\\\/visitcalvia.org\\\/ca\\\/golf\\\/\",\"name\":\"Juga a golf a Mallorca, tria Calvi\u00e0. 5 camps de golf, serveis, entorn\",\"isPartOf\":{\"@id\":\"https:\\\/\\\/visitcalvia.org\\\/ca\\\/#website\"},\"primaryImageOfPage\":{\"@id\":\"https:\\\/\\\/visitcalvia.org\\\/ca\\\/golf\\\/#primaryimage\"},\"image\":{\"@id\":\"https:\\\/\\\/visitcalvia.org\\\/ca\\\/golf\\\/#primaryimage\"},\"thumbnailUrl\":\"https:\\\/\\\/i0.wp.com\\\/visitcalvia.org\\\/wp-content\\\/uploads\\\/2020\\\/05\\\/golf.jpg?fit=1900%2C1067&ssl=1\",\"datePublished\":\"2020-04-14T08:23:18+00:00\",\"dateModified\":\"2022-07-04T08:36:16+00:00\",\"description\":\"Juga al golf a Mallorca, tria Calvi\u00e0. 5 camps de golf, tots els serveis adaptats en un entorn espectacular de mar i muntanya pr\u00f2xim a Palma.\",\"breadcrumb\":{\"@id\":\"https:\\\/\\\/visitcalvia.org\\\/ca\\\/golf\\\/#breadcrumb\"},\"inLanguage\":\"ca\",\"potentialAction\":[{\"@type\":\"ReadAction\",\"target\":[\"https:\\\/\\\/visitcalvia.org\\\/ca\\\/golf\\\/\"]}]},{\"@type\":\"ImageObject\",\"inLanguage\":\"ca\",\"@id\":\"https:\\\/\\\/visitcalvia.org\\\/ca\\\/golf\\\/#primaryimage\",\"url\":\"https:\\\/\\\/i0.wp.com\\\/visitcalvia.org\\\/wp-content\\\/uploads\\\/2020\\\/05\\\/golf.jpg?fit=1900%2C1067&ssl=1\",\"contentUrl\":\"https:\\\/\\\/i0.wp.com\\\/visitcalvia.org\\\/wp-content\\\/uploads\\\/2020\\\/05\\\/golf.jpg?fit=1900%2C1067&ssl=1\",\"width\":1900,\"height\":1067,\"caption\":\"campos de golf en Calvi\u00e0\"},{\"@type\":\"BreadcrumbList\",\"@id\":\"https:\\\/\\\/visitcalvia.org\\\/ca\\\/golf\\\/#breadcrumb\",\"itemListElement\":[{\"@type\":\"ListItem\",\"position\":1,\"name\":\"Portada\",\"item\":\"https:\\\/\\\/visitcalvia.org\\\/ca\\\/\"},{\"@type\":\"ListItem\",\"position\":2,\"name\":\"Golf\"}]},{\"@type\":\"WebSite\",\"@id\":\"https:\\\/\\\/visitcalvia.org\\\/ca\\\/#website\",\"url\":\"https:\\\/\\\/visitcalvia.org\\\/ca\\\/\",\"name\":\"visitcalvia\",\"description\":\"Vacaciones en Mallorca \u2013 Calvi\u00e0 m\u00faltiples destinos en uno s\u00f3lo lugar. Palmanova, Santa Pon\u00e7a, Magaluf, Peguera, Portals Nous, Costa d\u2019en Blanes, Cala Vinyes\",\"potentialAction\":[{\"@type\":\"SearchAction\",\"target\":{\"@type\":\"EntryPoint\",\"urlTemplate\":\"https:\\\/\\\/visitcalvia.org\\\/ca\\\/?s={search_term_string}\"},\"query-input\":{\"@type\":\"PropertyValueSpecification\",\"valueRequired\":true,\"valueName\":\"search_term_string\"}}],\"inLanguage\":\"ca\"}]}<\/script>\n<!-- \/ Yoast SEO plugin. -->","yoast_head_json":{"title":"Juga a golf a Mallorca, tria Calvi\u00e0. 5 camps de golf, serveis, entorn","description":"Juga al golf a Mallorca, tria Calvi\u00e0. 5 camps de golf, tots els serveis adaptats en un entorn espectacular de mar i muntanya pr\u00f2xim a Palma.","robots":{"index":"index","follow":"follow","max-snippet":"max-snippet:-1","max-image-preview":"max-image-preview:large","max-video-preview":"max-video-preview:-1"},"canonical":"https:\/\/visitcalvia.org\/ca\/golf\/","og_locale":"ca_ES","og_type":"article","og_title":"Juga a golf a Mallorca, tria Calvi\u00e0. 5 camps de golf, serveis, entorn","og_description":"Juga al golf a Mallorca, tria Calvi\u00e0. 5 camps de golf, tots els serveis adaptats en un entorn espectacular de mar i muntanya pr\u00f2xim a Palma.","og_url":"https:\/\/visitcalvia.org\/ca\/golf\/","og_site_name":"visitcalvia","article_modified_time":"2022-07-04T08:36:16+00:00","og_image":[{"width":1900,"height":1067,"url":"https:\/\/visitcalvia.org\/wp-content\/uploads\/2020\/05\/golf.jpg","type":"image\/jpeg"}],"twitter_card":"summary_large_image","twitter_misc":{"Temps estimat de lectura":"3 minuts"},"schema":{"@context":"https:\/\/schema.org","@graph":[{"@type":"WebPage","@id":"https:\/\/visitcalvia.org\/ca\/golf\/","url":"https:\/\/visitcalvia.org\/ca\/golf\/","name":"Juga a golf a Mallorca, tria Calvi\u00e0. 5 camps de golf, serveis, entorn","isPartOf":{"@id":"https:\/\/visitcalvia.org\/ca\/#website"},"primaryImageOfPage":{"@id":"https:\/\/visitcalvia.org\/ca\/golf\/#primaryimage"},"image":{"@id":"https:\/\/visitcalvia.org\/ca\/golf\/#primaryimage"},"thumbnailUrl":"https:\/\/i0.wp.com\/visitcalvia.org\/wp-content\/uploads\/2020\/05\/golf.jpg?fit=1900%2C1067&ssl=1","datePublished":"2020-04-14T08:23:18+00:00","dateModified":"2022-07-04T08:36:16+00:00","description":"Juga al golf a Mallorca, tria Calvi\u00e0. 5 camps de golf, tots els serveis adaptats en un entorn espectacular de mar i muntanya pr\u00f2xim a Palma.","breadcrumb":{"@id":"https:\/\/visitcalvia.org\/ca\/golf\/#breadcrumb"},"inLanguage":"ca","potentialAction":[{"@type":"ReadAction","target":["https:\/\/visitcalvia.org\/ca\/golf\/"]}]},{"@type":"ImageObject","inLanguage":"ca","@id":"https:\/\/visitcalvia.org\/ca\/golf\/#primaryimage","url":"https:\/\/i0.wp.com\/visitcalvia.org\/wp-content\/uploads\/2020\/05\/golf.jpg?fit=1900%2C1067&ssl=1","contentUrl":"https:\/\/i0.wp.com\/visitcalvia.org\/wp-content\/uploads\/2020\/05\/golf.jpg?fit=1900%2C1067&ssl=1","width":1900,"height":1067,"caption":"campos de golf en Calvi\u00e0"},{"@type":"BreadcrumbList","@id":"https:\/\/visitcalvia.org\/ca\/golf\/#breadcrumb","itemListElement":[{"@type":"ListItem","position":1,"name":"Portada","item":"https:\/\/visitcalvia.org\/ca\/"},{"@type":"ListItem","position":2,"name":"Golf"}]},{"@type":"WebSite","@id":"https:\/\/visitcalvia.org\/ca\/#website","url":"https:\/\/visitcalvia.org\/ca\/","name":"visitcalvia","description":"Vacaciones en Mallorca \u2013 Calvi\u00e0 m\u00faltiples destinos en uno s\u00f3lo lugar. Palmanova, Santa Pon\u00e7a, Magaluf, Peguera, Portals Nous, Costa d\u2019en Blanes, Cala Vinyes","potentialAction":[{"@type":"SearchAction","target":{"@type":"EntryPoint","urlTemplate":"https:\/\/visitcalvia.org\/ca\/?s={search_term_string}"},"query-input":{"@type":"PropertyValueSpecification","valueRequired":true,"valueName":"search_term_string"}}],"inLanguage":"ca"}]}},"jetpack_likes_enabled":false,"jetpack_sharing_enabled":false,"jetpack_shortlink":"https:\/\/wp.me\/PbP1bo-2a7","amp_enabled":false,"_links":{"self":[{"href":"https:\/\/visitcalvia.org\/ca\/wp-json\/wp\/v2\/pages\/8315","targetHints":{"allow":["GET"]}}],"collection":[{"href":"https:\/\/visitcalvia.org\/ca\/wp-json\/wp\/v2\/pages"}],"about":[{"href":"https:\/\/visitcalvia.org\/ca\/wp-json\/wp\/v2\/types\/page"}],"author":[{"embeddable":true,"href":"https:\/\/visitcalvia.org\/ca\/wp-json\/wp\/v2\/users\/182516946"}],"replies":[{"embeddable":true,"href":"https:\/\/visitcalvia.org\/ca\/wp-json\/wp\/v2\/comments?post=8315"}],"version-history":[{"count":10,"href":"https:\/\/visitcalvia.org\/ca\/wp-json\/wp\/v2\/pages\/8315\/revisions"}],"predecessor-version":[{"id":19791,"href":"https:\/\/visitcalvia.org\/ca\/wp-json\/wp\/v2\/pages\/8315\/revisions\/19791"}],"wp:featuredmedia":[{"embeddable":true,"href":"https:\/\/visitcalvia.org\/ca\/wp-json\/wp\/v2\/media\/7726"}],"wp:attachment":[{"href":"https:\/\/visitcalvia.org\/ca\/wp-json\/wp\/v2\/media?parent=8315"}],"curies":[{"name":"wp","href":"https:\/\/api.w.org\/{rel}","templated":true}]}}