{"id":8417,"date":"2020-04-17T11:12:35","date_gmt":"2020-04-17T09:12:35","guid":{"rendered":"https:\/\/visitcalvia.org\/patrimonio\/"},"modified":"2025-01-24T10:00:38","modified_gmt":"2025-01-24T09:00:38","slug":"patrimoni","status":"publish","type":"page","link":"https:\/\/visitcalvia.org\/ca\/patrimoni\/","title":{"rendered":"Patrimoni"},"content":{"rendered":"<div class=\"wpb-content-wrapper\"><p>[vc_row css=&#8221;.vc_custom_1654769658556{background-image: url(<a href=\"https:\/\/visitcalvia.org\/wp-content\/uploads\/2020\/04\/patrimonio.jpg?id=4097\">https:\/\/visitcalvia.org\/wp-content\/uploads\/2020\/04\/patrimonio.jpg?id=4097<\/a>) !important;background-position: center !important;background-repeat: no-repeat !important;background-size: cover !important;}&#8221;][vc_column][vc_empty_space height=&#8221;255px&#8221;][\/vc_column][\/vc_row][vc_row row_content_width=&#8221;grid&#8221; css=&#8221;.vc_custom_1585726577981{padding-top: 20px !important;padding-bottom: 30px !important;}&#8221;][vc_column width=&#8221;1\/3&#8243;][vc_empty_space height=&#8221;35px&#8221;]<div class=\"qodef-section-title-holder  qodef-st-standard qodef-st-title-left qodef-st-normal-space qodef-st-disable-title-break qodef-st-with-border\" style=\"text-align: left\">\n\t<div class=\"qodef-st-inner\">\n\t\t\t\t\t<h2 class=\"qodef-st-title\" >\n\t\t\t\t<span class=\"qodef-st-title-bold\">Patrimoni<\/span> de Calvi\u00e0\t\t\t<\/h2>\n\t\t\t\t\t<\/div>\n<\/div>[\/vc_column][vc_column width=&#8221;2\/3&#8243;][vc_empty_space height=&#8221;35px&#8221;][vc_column_text]<\/p>\n<p style=\"font-weight: 400;\">El municipi de Calvi\u00e0 compta amb un ric patrimoni hist\u00f2ric i art\u00edstic, que \u00e9s el reflex material de la seva llarga i variada hist\u00f2ria, des dels inicis a l&#8217;Edat del Coure fins el fenomen de l&#8217;arribada del turisme d&#8217;aquests \u00faltims anys. Gr\u00e0cies al patrimoni hist\u00f2ric de Calvi\u00e0 coneixem com van viure els nostres avantpassats i les principals caracter\u00edstiques de la nostra <a href=\"https:\/\/visitcalvia.org\/ca\/historia-de-calvia\/\">hist\u00f2ria<\/a>.<\/p>\n<p>Quant al Patrimoni Cultural del terme, el conjunt de b\u00e9ns que l&#8217;integren s&#8217;estructura en tres grans grups: Patrimoni Arqueol\u00f2gic, Patrimoni Etnogr\u00e0fic i Patrimoni Arquitect\u00f2nic. En el seg\u00fcent enlla\u00e7 es podr\u00e0 accedir a la informaci\u00f3 hist\u00f2rica i la descripci\u00f3 dels elements que els integren (<a href=\"http:\/\/www.pluscalvia.com\/\">enlla\u00e7 a www.pluscalvia.com<\/a>).[\/vc_column_text][\/vc_column][\/vc_row][vc_row row_content_width=&#8221;grid&#8221; css=&#8221;.vc_custom_1585726577981{padding-top: 20px !important;padding-bottom: 30px !important;}&#8221;][vc_column width=&#8221;1\/3&#8243;][vc_single_image image=&#8221;9921&#8243; img_size=&#8221;full&#8221; alignment=&#8221;center&#8221; onclick=&#8221;custom_link&#8221; img_link_target=&#8221;_blank&#8221; link=&#8221;<a href=\"http:\/\/www.pluscalvia.com\/historic&#8221;%5D%5B\/vc_column%5D%5Bvc_column\" rel=\"nofollow\">http:\/\/www.pluscalvia.com\/historic&#8221;%5D%5B\/vc_column%5D%5Bvc_column<\/a> width=&#8221;1\/3&#8243;][vc_single_image image=&#8221;9935&#8243; img_size=&#8221;full&#8221; alignment=&#8221;center&#8221; onclick=&#8221;custom_link&#8221; img_link_target=&#8221;_blank&#8221; link=&#8221;<a href=\"http:\/\/www.pluscalvia.com\/botanic&#8221;%5D%5B\/vc_column%5D%5Bvc_column\" rel=\"nofollow\">http:\/\/www.pluscalvia.com\/botanic&#8221;%5D%5B\/vc_column%5D%5Bvc_column<\/a> width=&#8221;1\/3&#8243;][vc_single_image image=&#8221;12594&#8243; img_size=&#8221;full&#8221; alignment=&#8221;center&#8221; onclick=&#8221;custom_link&#8221; img_link_target=&#8221;_blank&#8221; link=&#8221;<a href=\"http:\/\/www.pluscalvia.com\/snorkeling&#8221;%5D%5B\/vc_column%5D%5B\/vc_row%5D%5Bvc_row%5D%5Bvc_column\" rel=\"nofollow\">http:\/\/www.pluscalvia.com\/snorkeling&#8221;%5D%5B\/vc_column%5D%5B\/vc_row%5D%5Bvc_row%5D%5Bvc_column<\/a> css=&#8221;.vc_custom_1585731740146{margin-left: 50px !important;}&#8221;][vc_empty_space height=&#8221;20px&#8221;][\/vc_column][\/vc_row][vc_row row_content_width=&#8221;grid&#8221; css=&#8221;.vc_custom_1585726577981{padding-top: 20px !important;padding-bottom: 30px !important;}&#8221;][vc_column width=&#8221;1\/3&#8243;][vc_single_image image=&#8221;9924&#8243; img_size=&#8221;full&#8221; alignment=&#8221;center&#8221; onclick=&#8221;custom_link&#8221; img_link_target=&#8221;_blank&#8221; link=&#8221;<a href=\"https:\/\/visitcalvia.org\/senderismo\/&#8221;%5D%5B\/vc_column%5D%5Bvc_column\">https:\/\/visitcalvia.org\/senderismo\/&#8221;%5D%5B\/vc_column%5D%5Bvc_column<\/a> width=&#8221;1\/3&#8243;][vc_single_image image=&#8221;12597&#8243; img_size=&#8221;full&#8221; alignment=&#8221;center&#8221; onclick=&#8221;custom_link&#8221; img_link_target=&#8221;_blank&#8221; link=&#8221;<a href=\"http:\/\/www.pluscalvia.com\/birding&#8221;%5D%5B\/vc_column%5D%5Bvc_column\" rel=\"nofollow\">http:\/\/www.pluscalvia.com\/birding&#8221;%5D%5B\/vc_column%5D%5Bvc_column<\/a> width=&#8221;1\/3&#8243;][vc_single_image image=&#8221;9927&#8243; img_size=&#8221;full&#8221; alignment=&#8221;center&#8221; onclick=&#8221;custom_link&#8221; img_link_target=&#8221;_blank&#8221; link=&#8221;<a href=\"http:\/\/www.pluscalvia.com\/betart&#8221;%5D%5B\/vc_column%5D%5B\/vc_row%5D%5Bvc_row%5D%5Bvc_column\" rel=\"nofollow\">http:\/\/www.pluscalvia.com\/betart&#8221;%5D%5B\/vc_column%5D%5B\/vc_row%5D%5Bvc_row%5D%5Bvc_column<\/a> width=&#8221;1\/4&#8243; css=&#8221;.vc_custom_1585731740146{margin-left: 50px !important;}&#8221;][vc_empty_space height=&#8221;20px&#8221;][vc_column_text css=&#8221;.vc_custom_1587114383691{padding-bottom: 20px !important;}&#8221;]<\/p>\n<h4>Calvi\u00e0<\/h4>\n<p>[\/vc_column_text]<div class=\"qodef-iwt clearfix  qodef-iwt-icon-left qodef-iwt-icon-medium\">\n\t<div class=\"qodef-iwt-icon\">\n\t\t\t\t\t<a itemprop=\"url\" href=\"tel:971139100\" target=\"_self\">\n\t\t\t\t\t\t\t\t\t    <span class=\"qodef-icon-shortcode qodef-normal   qodef-icon-medium\"  data-color=\"#9bc535\">\n                    <span aria-hidden=\"true\" class=\"qodef-icon-font-elegant icon_phone qodef-icon-element\" style=\"color: #9bc535;font-size:17px\" ><\/span>            <\/span>\n\t\t\t\t\t\t\t\t<\/a>\n\t\t\t<\/div>\n\t<div class=\"qodef-iwt-content\" >\n\t\t\t\t\t<h5 class=\"qodef-iwt-title\" style=\"color: #868585;margin-top: 6px\">\n\t\t\t\t\t\t\t\t\t<a itemprop=\"url\" href=\"tel:971139100\" target=\"_self\">\n\t\t\t\t\t\t\t\t<span class=\"qodef-iwt-title-text\">971 13 91 00<\/span>\n\t\t\t\t\t\t\t\t\t<\/a>\n\t\t\t\t\t\t\t<\/h5>\n\t\t\t\t\t<\/div>\n<\/div>[vc_empty_space height=&#8221;13px&#8221;]<div class=\"qodef-iwt clearfix  qodef-iwt-icon-left qodef-iwt-icon-medium\">\n\t<div class=\"qodef-iwt-icon\">\n\t\t\t\t\t<a itemprop=\"url\" href=\"mailto:calvia@calvia.com\" target=\"_self\">\n\t\t\t\t\t\t\t\t\t    <span class=\"qodef-icon-shortcode qodef-normal   qodef-icon-medium\"  data-color=\"#9bc535\">\n                    <span aria-hidden=\"true\" class=\"qodef-icon-font-elegant icon_comment qodef-icon-element\" style=\"color: #9bc535;font-size:17px\" ><\/span>            <\/span>\n\t\t\t\t\t\t\t\t<\/a>\n\t\t\t<\/div>\n\t<div class=\"qodef-iwt-content\" >\n\t\t\t\t\t<h5 class=\"qodef-iwt-title\" style=\"color: #868585;margin-top: 6px\">\n\t\t\t\t\t\t\t\t\t<a itemprop=\"url\" href=\"mailto:calvia@calvia.com\" target=\"_self\">\n\t\t\t\t\t\t\t\t<span class=\"qodef-iwt-title-text\">calvia@calvia.com<\/span>\n\t\t\t\t\t\t\t\t\t<\/a>\n\t\t\t\t\t\t\t<\/h5>\n\t\t\t\t\t<\/div>\n<\/div>[vc_empty_space height=&#8221;13px&#8221;]<div class=\"qodef-icon-list-holder \" >\n\t<div class=\"qodef-il-icon-holder\">\n\t\t<span aria-hidden=\"true\" class=\"qodef-icon-font-elegant icon_pin \" style=\"color: #9bc535;font-size: 17px\"><\/span>\t<\/div>\n\t<p class=\"qodef-il-text\" style=\"padding-left: 25px\">C\/ de Juli\u00e0 Bujosa Sans, batle, 1 - 07184 Calvi\u00e0 (Illes Balears)<\/p>\n<\/div>[vc_empty_space][\/vc_column][vc_column width=&#8221;3\/4&#8243;][vc_empty_space height=&#8221;20px&#8221;][vc_gmaps link=&#8221;#E-8_JTNDaWZyYW1lJTIwc3JjJTNEJTIyaHR0cHMlM0ElMkYlMkZ3d3cuZ29vZ2xlLmNvbSUyRm1hcHMlMkZlbWJlZCUzRnBiJTNEJTIxMW0xOCUyMTFtMTIlMjExbTMlMjExZDEyMzAzLjQ4MDQxMDExMzUzJTIxMmQyLjQ5NDc5OTQzNjYwMTI2MyUyMTNkMzkuNTYyNTM2NDIxNTc1MTYlMjEybTMlMjExZjAlMjEyZjAlMjEzZjAlMjEzbTIlMjExaTEwMjQlMjEyaTc2OCUyMTRmMTMuMSUyMTNtMyUyMTFtMiUyMTFzMHgxMjk3OGJiNDM1OTMzNmQxJTI1M0EweDFkNWY2OWJjM2MyYmRhY2UlMjEyczA3MTg0JTI1MjBDYWx2aSUyNUMzJTI1QTElMjUyQyUyNTIwSXNsYXMlMjUyMEJhbGVhcmVzJTIxNWUwJTIxM20yJTIxMXNlcyUyMTJzZXMlMjE0djE1ODcxMTI0OTM2NjclMjE1bTIlMjExc2VzJTIxMnNlcyUyMiUyMHdpZHRoJTNEJTIyNjAwJTIyJTIwaGVpZ2h0JTNEJTIyNDUwJTIyJTIwZnJhbWVib3JkZXIlM0QlMjIwJTIyJTIwc3R5bGUlM0QlMjJib3JkZXIlM0EwJTNCJTIyJTIwYWxsb3dmdWxsc2NyZWVuJTNEJTIyJTIyJTIwYXJpYS1oaWRkZW4lM0QlMjJmYWxzZSUyMiUyMHRhYmluZGV4JTNEJTIyMCUyMiUzRSUzQyUyRmlmcmFtZSUzRQ==&#8221;][\/vc_column][\/vc_row]<\/p>\n<\/div>","protected":false},"excerpt":{"rendered":"<p>[vc_row css=&#8221;.vc_custom_1654769658556{background-image: url(<a href=\"https:\/\/visitcalvia.org\/wp-content\/uploads\/2020\/04\/patrimonio.jpg?id=4097\">https:\/\/visitcalvia.org\/wp-content\/uploads\/2020\/04\/patrimonio.jpg?id=4097<\/a>) !important;background-position: center !important;background-repeat: no-repeat !important;background-size: cover !important;}&#8221;][vc_column][vc_empty_space height=&#8221;255px&#8221;][\/vc_column][\/vc_row][vc_row row_content_width=&#8221;grid&#8221; css=&#8221;.vc_custom_1585726577981{padding-top: 20px !important;padding-bottom: 30px !important;}&#8221;][vc_column width=&#8221;1\/3&#8243;][vc_empty_space height=&#8221;35px&#8221;][\/vc_column][vc_column width=&#8221;2\/3&#8243;][vc_empty_space height=&#8221;35px&#8221;][vc_column_text] El municipi de Calvi\u00e0 compta amb un ric patrimoni hist\u00f2ric i art\u00edstic, que \u00e9s el reflex material de la seva llarga i variada hist\u00f2ria, des dels inicis a l&#8217;Edat del Coure fins el [&hellip;]<\/p>\n","protected":false},"author":182516946,"featured_media":8418,"parent":0,"menu_order":0,"comment_status":"closed","ping_status":"closed","template":"full-width.php","meta":{"_coblocks_attr":"","_coblocks_dimensions":"","_coblocks_responsive_height":"","_coblocks_accordion_ie_support":"","_crdt_document":"","footnotes":""},"class_list":["post-8417","page","type-page","status-publish","has-post-thumbnail","hentry"],"yoast_head":"<!-- This site is optimized with the Yoast SEO plugin v27.5 - https:\/\/yoast.com\/product\/yoast-seo-wordpress\/ -->\n<title>El patrimoni hist\u00f2ric de Calvi\u00e0 es ric i variat fruit de la seva llarga hist\u00f2ria<\/title>\n<meta name=\"description\" content=\"El patrimoni hist\u00f2ric de Calvi\u00e0 es ric i variat fruit de la seva llarga hist\u00f2ria que comen\u00e7a a l&#039;Edat del Coure i arriba fins l&#039;arribada del turisme i l&#039;actualitat.\" \/>\n<meta name=\"robots\" content=\"index, follow, max-snippet:-1, max-image-preview:large, max-video-preview:-1\" \/>\n<link rel=\"canonical\" href=\"https:\/\/visitcalvia.org\/ca\/patrimoni\/\" \/>\n<meta property=\"og:locale\" content=\"ca_ES\" \/>\n<meta property=\"og:type\" content=\"article\" \/>\n<meta property=\"og:title\" content=\"El patrimoni hist\u00f2ric de Calvi\u00e0 es ric i variat fruit de la seva llarga hist\u00f2ria\" \/>\n<meta property=\"og:description\" content=\"El patrimoni hist\u00f2ric de Calvi\u00e0 es ric i variat fruit de la seva llarga hist\u00f2ria que comen\u00e7a a l&#039;Edat del Coure i arriba fins l&#039;arribada del turisme i l&#039;actualitat.\" \/>\n<meta property=\"og:url\" content=\"https:\/\/visitcalvia.org\/ca\/patrimoni\/\" \/>\n<meta property=\"og:site_name\" content=\"visitcalvia\" \/>\n<meta property=\"article:modified_time\" content=\"2025-01-24T09:00:38+00:00\" \/>\n<meta property=\"og:image\" content=\"https:\/\/visitcalvia.org\/wp-content\/uploads\/2020\/04\/patrimonio.jpg\" \/>\n\t<meta property=\"og:image:width\" content=\"1920\" \/>\n\t<meta property=\"og:image:height\" content=\"1100\" \/>\n\t<meta property=\"og:image:type\" content=\"image\/jpeg\" \/>\n<meta name=\"twitter:card\" content=\"summary_large_image\" \/>\n<meta name=\"twitter:label1\" content=\"Temps estimat de lectura\" \/>\n\t<meta name=\"twitter:data1\" content=\"3 minuts\" \/>\n<script type=\"application\/ld+json\" class=\"yoast-schema-graph\">{\"@context\":\"https:\\\/\\\/schema.org\",\"@graph\":[{\"@type\":\"WebPage\",\"@id\":\"https:\\\/\\\/visitcalvia.org\\\/ca\\\/patrimoni\\\/\",\"url\":\"https:\\\/\\\/visitcalvia.org\\\/ca\\\/patrimoni\\\/\",\"name\":\"El patrimoni hist\u00f2ric de Calvi\u00e0 es ric i variat fruit de la seva llarga hist\u00f2ria\",\"isPartOf\":{\"@id\":\"https:\\\/\\\/visitcalvia.org\\\/ca\\\/#website\"},\"primaryImageOfPage\":{\"@id\":\"https:\\\/\\\/visitcalvia.org\\\/ca\\\/patrimoni\\\/#primaryimage\"},\"image\":{\"@id\":\"https:\\\/\\\/visitcalvia.org\\\/ca\\\/patrimoni\\\/#primaryimage\"},\"thumbnailUrl\":\"https:\\\/\\\/i0.wp.com\\\/visitcalvia.org\\\/wp-content\\\/uploads\\\/2020\\\/04\\\/patrimonio.jpg?fit=1920%2C1100&ssl=1\",\"datePublished\":\"2020-04-17T09:12:35+00:00\",\"dateModified\":\"2025-01-24T09:00:38+00:00\",\"description\":\"El patrimoni hist\u00f2ric de Calvi\u00e0 es ric i variat fruit de la seva llarga hist\u00f2ria que comen\u00e7a a l'Edat del Coure i arriba fins l'arribada del turisme i l'actualitat.\",\"breadcrumb\":{\"@id\":\"https:\\\/\\\/visitcalvia.org\\\/ca\\\/patrimoni\\\/#breadcrumb\"},\"inLanguage\":\"ca\",\"potentialAction\":[{\"@type\":\"ReadAction\",\"target\":[\"https:\\\/\\\/visitcalvia.org\\\/ca\\\/patrimoni\\\/\"]}]},{\"@type\":\"ImageObject\",\"inLanguage\":\"ca\",\"@id\":\"https:\\\/\\\/visitcalvia.org\\\/ca\\\/patrimoni\\\/#primaryimage\",\"url\":\"https:\\\/\\\/i0.wp.com\\\/visitcalvia.org\\\/wp-content\\\/uploads\\\/2020\\\/04\\\/patrimonio.jpg?fit=1920%2C1100&ssl=1\",\"contentUrl\":\"https:\\\/\\\/i0.wp.com\\\/visitcalvia.org\\\/wp-content\\\/uploads\\\/2020\\\/04\\\/patrimonio.jpg?fit=1920%2C1100&ssl=1\",\"width\":1920,\"height\":1100,\"caption\":\"patrimonio hist\u00f3rico de Calvi\u00e0 en Mallorca\"},{\"@type\":\"BreadcrumbList\",\"@id\":\"https:\\\/\\\/visitcalvia.org\\\/ca\\\/patrimoni\\\/#breadcrumb\",\"itemListElement\":[{\"@type\":\"ListItem\",\"position\":1,\"name\":\"Portada\",\"item\":\"https:\\\/\\\/visitcalvia.org\\\/ca\\\/\"},{\"@type\":\"ListItem\",\"position\":2,\"name\":\"Patrimoni\"}]},{\"@type\":\"WebSite\",\"@id\":\"https:\\\/\\\/visitcalvia.org\\\/ca\\\/#website\",\"url\":\"https:\\\/\\\/visitcalvia.org\\\/ca\\\/\",\"name\":\"visitcalvia\",\"description\":\"Vacaciones en Mallorca \u2013 Calvi\u00e0 m\u00faltiples destinos en uno s\u00f3lo lugar. Palmanova, Santa Pon\u00e7a, Magaluf, Peguera, Portals Nous, Costa d\u2019en Blanes, Cala Vinyes\",\"potentialAction\":[{\"@type\":\"SearchAction\",\"target\":{\"@type\":\"EntryPoint\",\"urlTemplate\":\"https:\\\/\\\/visitcalvia.org\\\/ca\\\/?s={search_term_string}\"},\"query-input\":{\"@type\":\"PropertyValueSpecification\",\"valueRequired\":true,\"valueName\":\"search_term_string\"}}],\"inLanguage\":\"ca\"}]}<\/script>\n<!-- \/ Yoast SEO plugin. -->","yoast_head_json":{"title":"El patrimoni hist\u00f2ric de Calvi\u00e0 es ric i variat fruit de la seva llarga hist\u00f2ria","description":"El patrimoni hist\u00f2ric de Calvi\u00e0 es ric i variat fruit de la seva llarga hist\u00f2ria que comen\u00e7a a l'Edat del Coure i arriba fins l'arribada del turisme i l'actualitat.","robots":{"index":"index","follow":"follow","max-snippet":"max-snippet:-1","max-image-preview":"max-image-preview:large","max-video-preview":"max-video-preview:-1"},"canonical":"https:\/\/visitcalvia.org\/ca\/patrimoni\/","og_locale":"ca_ES","og_type":"article","og_title":"El patrimoni hist\u00f2ric de Calvi\u00e0 es ric i variat fruit de la seva llarga hist\u00f2ria","og_description":"El patrimoni hist\u00f2ric de Calvi\u00e0 es ric i variat fruit de la seva llarga hist\u00f2ria que comen\u00e7a a l'Edat del Coure i arriba fins l'arribada del turisme i l'actualitat.","og_url":"https:\/\/visitcalvia.org\/ca\/patrimoni\/","og_site_name":"visitcalvia","article_modified_time":"2025-01-24T09:00:38+00:00","og_image":[{"width":1920,"height":1100,"url":"https:\/\/visitcalvia.org\/wp-content\/uploads\/2020\/04\/patrimonio.jpg","type":"image\/jpeg"}],"twitter_card":"summary_large_image","twitter_misc":{"Temps estimat de lectura":"3 minuts"},"schema":{"@context":"https:\/\/schema.org","@graph":[{"@type":"WebPage","@id":"https:\/\/visitcalvia.org\/ca\/patrimoni\/","url":"https:\/\/visitcalvia.org\/ca\/patrimoni\/","name":"El patrimoni hist\u00f2ric de Calvi\u00e0 es ric i variat fruit de la seva llarga hist\u00f2ria","isPartOf":{"@id":"https:\/\/visitcalvia.org\/ca\/#website"},"primaryImageOfPage":{"@id":"https:\/\/visitcalvia.org\/ca\/patrimoni\/#primaryimage"},"image":{"@id":"https:\/\/visitcalvia.org\/ca\/patrimoni\/#primaryimage"},"thumbnailUrl":"https:\/\/i0.wp.com\/visitcalvia.org\/wp-content\/uploads\/2020\/04\/patrimonio.jpg?fit=1920%2C1100&ssl=1","datePublished":"2020-04-17T09:12:35+00:00","dateModified":"2025-01-24T09:00:38+00:00","description":"El patrimoni hist\u00f2ric de Calvi\u00e0 es ric i variat fruit de la seva llarga hist\u00f2ria que comen\u00e7a a l'Edat del Coure i arriba fins l'arribada del turisme i l'actualitat.","breadcrumb":{"@id":"https:\/\/visitcalvia.org\/ca\/patrimoni\/#breadcrumb"},"inLanguage":"ca","potentialAction":[{"@type":"ReadAction","target":["https:\/\/visitcalvia.org\/ca\/patrimoni\/"]}]},{"@type":"ImageObject","inLanguage":"ca","@id":"https:\/\/visitcalvia.org\/ca\/patrimoni\/#primaryimage","url":"https:\/\/i0.wp.com\/visitcalvia.org\/wp-content\/uploads\/2020\/04\/patrimonio.jpg?fit=1920%2C1100&ssl=1","contentUrl":"https:\/\/i0.wp.com\/visitcalvia.org\/wp-content\/uploads\/2020\/04\/patrimonio.jpg?fit=1920%2C1100&ssl=1","width":1920,"height":1100,"caption":"patrimonio hist\u00f3rico de Calvi\u00e0 en Mallorca"},{"@type":"BreadcrumbList","@id":"https:\/\/visitcalvia.org\/ca\/patrimoni\/#breadcrumb","itemListElement":[{"@type":"ListItem","position":1,"name":"Portada","item":"https:\/\/visitcalvia.org\/ca\/"},{"@type":"ListItem","position":2,"name":"Patrimoni"}]},{"@type":"WebSite","@id":"https:\/\/visitcalvia.org\/ca\/#website","url":"https:\/\/visitcalvia.org\/ca\/","name":"visitcalvia","description":"Vacaciones en Mallorca \u2013 Calvi\u00e0 m\u00faltiples destinos en uno s\u00f3lo lugar. Palmanova, Santa Pon\u00e7a, Magaluf, Peguera, Portals Nous, Costa d\u2019en Blanes, Cala Vinyes","potentialAction":[{"@type":"SearchAction","target":{"@type":"EntryPoint","urlTemplate":"https:\/\/visitcalvia.org\/ca\/?s={search_term_string}"},"query-input":{"@type":"PropertyValueSpecification","valueRequired":true,"valueName":"search_term_string"}}],"inLanguage":"ca"}]}},"jetpack_likes_enabled":false,"jetpack_sharing_enabled":false,"jetpack_shortlink":"https:\/\/wp.me\/PbP1bo-2bL","amp_enabled":false,"_links":{"self":[{"href":"https:\/\/visitcalvia.org\/ca\/wp-json\/wp\/v2\/pages\/8417","targetHints":{"allow":["GET"]}}],"collection":[{"href":"https:\/\/visitcalvia.org\/ca\/wp-json\/wp\/v2\/pages"}],"about":[{"href":"https:\/\/visitcalvia.org\/ca\/wp-json\/wp\/v2\/types\/page"}],"author":[{"embeddable":true,"href":"https:\/\/visitcalvia.org\/ca\/wp-json\/wp\/v2\/users\/182516946"}],"replies":[{"embeddable":true,"href":"https:\/\/visitcalvia.org\/ca\/wp-json\/wp\/v2\/comments?post=8417"}],"version-history":[{"count":12,"href":"https:\/\/visitcalvia.org\/ca\/wp-json\/wp\/v2\/pages\/8417\/revisions"}],"predecessor-version":[{"id":28062,"href":"https:\/\/visitcalvia.org\/ca\/wp-json\/wp\/v2\/pages\/8417\/revisions\/28062"}],"wp:featuredmedia":[{"embeddable":true,"href":"https:\/\/visitcalvia.org\/ca\/wp-json\/wp\/v2\/media\/8418"}],"wp:attachment":[{"href":"https:\/\/visitcalvia.org\/ca\/wp-json\/wp\/v2\/media?parent=8417"}],"curies":[{"name":"wp","href":"https:\/\/api.w.org\/{rel}","templated":true}]}}