{"id":8717,"date":"2020-04-20T09:02:18","date_gmt":"2020-04-20T07:02:18","guid":{"rendered":"https:\/\/visitcalvia.org\/agenda\/"},"modified":"2020-07-06T11:21:11","modified_gmt":"2020-07-06T09:21:11","slug":"agenda-esdeveniments","status":"publish","type":"page","link":"https:\/\/visitcalvia.org\/ca\/agenda-esdeveniments\/","title":{"rendered":"Agenda"},"content":{"rendered":"<div class=\"wpb-content-wrapper\"><p>[vc_row content_placement=&#8221;middle&#8221; row_content_width=&#8221;grid&#8221; content_text_aligment=&#8221;center&#8221; css=&#8221;.vc_custom_1587368564438{padding-top: 81px !important;}&#8221; simple_background_color=&#8221;#00947d&#8221;][vc_column]<div class=\"qodef-elements-holder   qodef-one-column  qodef-responsive-mode-768 \" ><div class=\"qodef-eh-item     \"  data-item-class=\"qodef-eh-custom-7827\" data-1024-1280=\"0 21%\" data-768-1024=\"0 12%\" data-680-768=\"0 0\" data-680=\"0 0\">\n\t<div class=\"qodef-eh-item-inner\">\n\t\t<div class=\"qodef-eh-item-content qodef-eh-custom-7827\" style=\"padding: 0 25%\">\n\t\t\t<div class=\"qodef-section-title-holder  qodef-st-standard qodef-st-title-left qodef-st-normal-space qodef-st-disable-title-break \" >\n\t<div class=\"qodef-st-inner\">\n\t\t\t\t\t<h2 class=\"qodef-st-title\" style=\"color: #ffffff\">\n\t\t\t\t<span class=\"qodef-st-title-bold\">Agenda<\/span> <span class=\"qodef-st-title-bold\">Calvi\u00e0<\/span> <span class=\"qodef-st-title-bold\">(actes<\/span><br \/> i esdeveniments)\t\t\t<\/h2>\n\t\t\t\t\t<\/div>\n<\/div>[vc_empty_space height=&#8221;76px&#8221;]\t\t<\/div>\n\t<\/div>\n\t<\/div><\/div>[\/vc_column][\/vc_row][vc_row row_content_width=&#8221;grid&#8221;][vc_column width=&#8221;3\/4&#8243;][vc_column_text]<\/p>\n<h4>Agenda d&#8217;actes i esdeveniments a Calvi\u00e0. Programaci\u00f3 variada i completa a totes les zones. Magaluf, Santa Pon\u00e7a, Peguera, Palmanova, Portals Nous, El Toro, Son Ferrer, Calvi\u00e0, Es Capdell\u00e0, Bendinat, Illetes&#8230;<\/h4>\n<p>[\/vc_column_text][vc_empty_space][vc_column_text]<div id=\"mec_skin_4229\" class=\"mec-wrap colorskin-custom  \">\r\n\r\n    <div id=\"mec_search_form_4229\" class=\"mec-search-form mec-totalcal-box\"><div class=\"mec-dropdown-wrap\" ><div class=\"mec-dropdown-search\"><i class=\"mec-sl-folder\"><\/i><select  name=' ' id='mec_sf_category_4229' class='postform'>\n\t<option value='' selected='selected'>Category<\/option>\n\t<option class=\"level-0\" value=\"843\">Aventura<\/option>\n\t<option class=\"level-0\" value=\"1044\">Bendinat<\/option>\n\t<option class=\"level-0\" value=\"1033\">Cala Fornells<\/option>\n\t<option class=\"level-0\" value=\"1034\">Calvi\u00e0<\/option>\n\t<option class=\"level-0\" value=\"1045\">Cas Catal\u00e0<\/option>\n\t<option class=\"level-0\" value=\"1519\">Ciclisme<\/option>\n\t<option class=\"level-0\" value=\"1046\">Costa d&#8217;en Blanes<\/option>\n\t<option class=\"level-0\" value=\"1042\">Costa de la Calma<\/option>\n\t<option class=\"level-0\" value=\"872\">Cultura<\/option>\n\t<option class=\"level-1\" value=\"1263\">&nbsp;&nbsp;&nbsp;Dansa<\/option>\n\t<option class=\"level-1\" value=\"875\">&nbsp;&nbsp;&nbsp;M\u00fasica<\/option>\n\t<option class=\"level-0\" value=\"1035\">El Toro<\/option>\n\t<option class=\"level-0\" value=\"844\">En familia<\/option>\n\t<option class=\"level-0\" value=\"1025\">En pareja<\/option>\n\t<option class=\"level-0\" value=\"1036\">Es Capdell\u00e0<\/option>\n\t<option class=\"level-0\" value=\"1012\">Esports<\/option>\n\t<option class=\"level-1\" value=\"1021\">&nbsp;&nbsp;&nbsp;Atletisme<\/option>\n\t<option class=\"level-1\" value=\"1022\">&nbsp;&nbsp;&nbsp;Futbol<\/option>\n\t<option class=\"level-1\" value=\"1061\">&nbsp;&nbsp;&nbsp;Mitjana marat\u00f3<\/option>\n\t<option class=\"level-1\" value=\"1023\">&nbsp;&nbsp;&nbsp;Tenis<\/option>\n\t<option class=\"level-1\" value=\"1064\">&nbsp;&nbsp;&nbsp;Trail<\/option>\n\t<option class=\"level-1\" value=\"1024\">&nbsp;&nbsp;&nbsp;Triatl\u00f3n<\/option>\n\t<option class=\"level-1\" value=\"1014\">&nbsp;&nbsp;&nbsp;Voley<\/option>\n\t<option class=\"level-1\" value=\"1058\">&nbsp;&nbsp;&nbsp;Yoga<\/option>\n\t<option class=\"level-0\" value=\"873\">Gastronom\u00eda<\/option>\n\t<option class=\"level-1\" value=\"1027\">&nbsp;&nbsp;&nbsp;Restauraci\u00f3<\/option>\n\t<option class=\"level-0\" value=\"874\">Joves i adults<\/option>\n\t<option class=\"level-0\" value=\"1026\">Magaluf<\/option>\n\t<option class=\"level-0\" value=\"845\">Nadal<\/option>\n\t<option class=\"level-0\" value=\"1063\">Naturalesa i fauna<\/option>\n\t<option class=\"level-0\" value=\"1056\">N\u00e1utica<\/option>\n\t<option class=\"level-0\" value=\"846\">Oci<\/option>\n\t<option class=\"level-1\" value=\"842\">&nbsp;&nbsp;&nbsp;Atraccions<\/option>\n\t<option class=\"level-1\" value=\"1008\">&nbsp;&nbsp;&nbsp;Mercats<\/option>\n\t<option class=\"level-1\" value=\"876\">&nbsp;&nbsp;&nbsp;Oci nocturn<\/option>\n\t<option class=\"level-1\" value=\"848\">&nbsp;&nbsp;&nbsp;Parc tem\u00e0tic<\/option>\n\t<option class=\"level-0\" value=\"1013\">Palmanova<\/option>\n\t<option class=\"level-0\" value=\"1037\">Peguera<\/option>\n\t<option class=\"level-0\" value=\"847\">Per a nens<\/option>\n\t<option class=\"level-0\" value=\"1047\">Portals Nous<\/option>\n\t<option class=\"level-0\" value=\"877\">Santa Pon\u00e7a<\/option>\n\t<option class=\"level-0\" value=\"1048\">Ses Illetes<\/option>\n\t<option class=\"level-0\" value=\"1049\">Son Caliu<\/option>\n\t<option class=\"level-0\" value=\"1028\">Son Ferrer<\/option>\n\t<option class=\"level-0\" value=\"849\">Urbanitzaci\u00f3 Galatz\u00f3<\/option>\n<\/select>\n<\/div><div class=\"mec-dropdown-search\"><i class=\"mec-sl-location-pin\"><\/i><select  name=' ' id='mec_sf_location_4229' class='postform'>\n\t<option value='' selected='selected'>Location<\/option>\n\t<option class=\"level-0\" value=\"1011\">C\/ Riu Sil<\/option>\n\t<option class=\"level-0\" value=\"1200\">C\/ Riu Sil<\/option>\n\t<option class=\"level-0\" value=\"1009\">C\/ Riu Sil, Santa Pon\u00e7a<\/option>\n\t<option class=\"level-0\" value=\"1018\">Calvi\u00e0<\/option>\n\t<option class=\"level-0\" value=\"1669\">Campo municipal de Magaluf, C\/Mi\u00f1o s\/n Magaluf, Calvi\u00e0, Mallorca, Illes Baleares, Espa\u00f1a (07182)<\/option>\n\t<option class=\"level-0\" value=\"1665\">Casal de Peguera<\/option>\n\t<option class=\"level-0\" value=\"1673\">Club N\u00e1utico Santa Ponsa<\/option>\n\t<option class=\"level-0\" value=\"1040\">Es Capdell\u00e0<\/option>\n\t<option class=\"level-0\" value=\"1029\">Magaluf<\/option>\n\t<option class=\"level-0\" value=\"1677\">Mallorca Country Club<\/option>\n\t<option class=\"level-0\" value=\"1059\">Palau d&#8217;Esports municipal d&#8217;esports de Calvi\u00e0 Melani Costa<\/option>\n\t<option class=\"level-0\" value=\"1030\">Palmanova<\/option>\n\t<option class=\"level-0\" value=\"1640\">Pavell\u00f3 Galatz\u00f3. Sta. Pon\u00e7a. Calvi\u00e0<\/option>\n\t<option class=\"level-0\" value=\"1041\">Peguera<\/option>\n\t<option class=\"level-0\" value=\"1062\">Pista de Atletismo<\/option>\n\t<option class=\"level-0\" value=\"1015\">Playa de Palmanova<\/option>\n\t<option class=\"level-0\" value=\"1708\">Playa Santa Pon\u00e7a<\/option>\n\t<option class=\"level-0\" value=\"1065\">Plaza de Sa Vinya, Es Capdell\u00e0<\/option>\n\t<option class=\"level-0\" value=\"1629\">Port Adriano<\/option>\n\t<option class=\"level-0\" value=\"1053\">Portals Nous<\/option>\n\t<option class=\"level-0\" value=\"1620\">Sant Elm<\/option>\n\t<option class=\"level-0\" value=\"878\">Santa Pon\u00e7a-ca<\/option>\n<\/select>\n<\/div><\/div><div class=\"mec-date-search\"><input type=\"hidden\" id=\"mec-filter-none\" value=\"Select\"><i class=\"mec-sl-calendar\"><\/i>\r\n                    <select id=\"mec_sf_month_4229\">\r\n                        <option value=\"\">Select Month<\/option><option value=\"01\">gener<\/option><option value=\"02\">febrer<\/option><option value=\"03\">mar\u00e7<\/option><option value=\"04\">abril<\/option><option value=\"05\">maig<\/option><option value=\"06\">juny<\/option><option value=\"07\">juliol<\/option><option value=\"08\">agost<\/option><option value=\"09\">setembre<\/option><option value=\"10\">octubre<\/option><option value=\"11\">novembre<\/option><option value=\"12\">desembre<\/option><\/select><select id=\"mec_sf_year_4229\"><option value=\"2026\" selected>2026<\/option><option value=\"2027\" >2027<\/option><option value=\"2028\" >2028<\/option><option value=\"2029\" >2029<\/option><option value=\"2030\" >2030<\/option><option value=\"2031\" >2031<\/option><option value=\"2032\" >2032<\/option><option value=\"2033\" >2033<\/option><option value=\"2034\" >2034<\/option><\/select><\/div><div class=\"mec-text-input-search\"><i class=\"mec-sl-magnifier\"><\/i>\r\n                    <input type=\"search\" value=\"\" id=\"mec_sf_s_4229\" placeholder=\"\" \/>\r\n                <\/div><\/div>\r\n    <div class=\"mec-tile\">\r\n        <div class=\"mec-calendar-topsec\">\r\n            <div class=\"mec-clear\">\r\n                                <div class=\"mec-skin-tile-month-navigator-container\">\r\n                    <div class=\"mec-month-navigator\" id=\"mec_month_navigator_4229_202604\"><div class=\"mec-calendar-header\"><h2>abril 2026<\/h2><\/div><div class=\"mec-next-month mec-load-month mec-next-month\" data-mec-year=\"2026\" data-mec-month=\"05\"><a href=\"#\" class=\"mec-load-month-link\">maig <i class=\"mec-sl-angle-right\"><\/i><\/a><\/div><\/div>\r\n                <\/div>\r\n                \r\n                <div class=\"mec-calendar-table\" id=\"mec_skin_events_4229\">\r\n                                            <div class=\"mec-month-container mec-month-container-selected\" id=\"mec_tile_month_4229_202604\" data-month-id=\"202604\"><div class=\"mec-wrap colorskin-custom\">\r\n    <div class=\"mec-event-tile-view\">\r\n            <\/div>\r\n    <\/div><\/div>\r\n                                    <\/div>\r\n\r\n                            <\/div>\r\n        <\/div>\r\n    <\/div>\r\n\r\n<\/div>[\/vc_column_text][vc_zigzag el_width=&#8221;80&#8243;][vc_column_text]<div class=\"mec-wrap mec-skin-carousel-container  \" id=\"mec_skin_4223\">\r\n        <div class=\"mec-skin-carousel-events-container\" id=\"mec_skin_events_4223\">\r\n        No event found!    <\/div>\r\n    <\/div>[\/vc_column_text][vc_empty_space height=&#8221;20px&#8221;][vc_column_text]<\/p>\n<h4>Agenda d&#8217;actes i esdeveniments d&#8217;inter\u00e8s tur\u00edstic a Calvi\u00e0. Pots trobar altres actes i esdeveniments del municipi de Calvi\u00e0 al web municipal <a href=\"https:\/\/www.calvia.com\">www.calvia.com<\/a><\/h4>\n<p>[\/vc_column_text][\/vc_column][vc_column width=&#8221;1\/4&#8243;][vc_empty_space]<a itemprop=\"url\" href=\"https:\/\/visitcalvia.org\/ca\/calviaenfamilia\/\" target=\"_self\" style=\"color: #000000;background-color: #9bc535;text-transform: capitalize\" class=\"qodef-btn qodef-btn-medium qodef-btn-solid change-background\"  >\n    <span class=\"qodef-btn-text\">Calvi\u00e0 en Fam\u00edlia<\/span>\n    <\/a>[vc_empty_space height=&#8221;10px&#8221;]<a itemprop=\"url\" href=\"https:\/\/visitcalvia.org\/ca\/calvia-amb-amics\" target=\"_self\" style=\"color: #000000;background-color: #9bc535;text-transform: capitalize\" class=\"qodef-btn qodef-btn-medium qodef-btn-solid change-background\"  >\n    <span class=\"qodef-btn-text\">Calvi\u00e0 amb amics<\/span>\n    <\/a>[vc_empty_space height=&#8221;10px&#8221;]<a itemprop=\"url\" href=\"https:\/\/visitcalvia.org\/ca\/calvia-en-parella\/\" target=\"_self\" style=\"color: #000000;background-color: #9bc535;text-transform: capitalize\" class=\"qodef-btn qodef-btn-medium qodef-btn-solid change-background\"  >\n    <span class=\"qodef-btn-text\">Calvi\u00e0 en parella<\/span>\n    <\/a>[vc_empty_space height=&#8221;10px&#8221;][vc_widget_sidebar sidebar_id=&#8221;sidebar&#8221;][\/vc_column][\/vc_row]<\/p>\n<\/div>","protected":false},"excerpt":{"rendered":"<p>[vc_row content_placement=&#8221;middle&#8221; row_content_width=&#8221;grid&#8221; content_text_aligment=&#8221;center&#8221; css=&#8221;.vc_custom_1587368564438{padding-top: 81px !important;}&#8221; simple_background_color=&#8221;#00947d&#8221;][vc_column][\/vc_column][\/vc_row][vc_row row_content_width=&#8221;grid&#8221;][vc_column width=&#8221;3\/4&#8243;][vc_column_text] Agenda d&#8217;actes i esdeveniments a Calvi\u00e0. Programaci\u00f3 variada i completa a totes les zones. Magaluf, Santa Pon\u00e7a, Peguera, Palmanova, Portals Nous, El Toro, Son Ferrer, Calvi\u00e0, Es Capdell\u00e0, Bendinat, Illetes&#8230; [\/vc_column_text][vc_empty_space][vc_column_text][\/vc_column_text][vc_zigzag el_width=&#8221;80&#8243;][vc_column_text][\/vc_column_text][vc_empty_space height=&#8221;20px&#8221;][vc_column_text] Agenda d&#8217;actes i esdeveniments d&#8217;inter\u00e8s tur\u00edstic a Calvi\u00e0. Pots trobar altres [&hellip;]<\/p>\n","protected":false},"author":182516946,"featured_media":0,"parent":0,"menu_order":0,"comment_status":"closed","ping_status":"closed","template":"full-width.php","meta":{"_coblocks_attr":"","_coblocks_dimensions":"","_coblocks_responsive_height":"","_coblocks_accordion_ie_support":"","_crdt_document":"","footnotes":""},"class_list":["post-8717","page","type-page","status-publish","hentry"],"yoast_head":"<!-- This site is optimized with the Yoast SEO plugin v27.4 - https:\/\/yoast.com\/product\/yoast-seo-wordpress\/ -->\n<title>Agenda d&#039;actes i esdeveniments a Calvi\u00e0. Programaci\u00f3 variada i completa<\/title>\n<meta name=\"description\" content=\"Agenda d&#039;actes i esdeveniments a Calvi\u00e0. Programaci\u00f3 variada i completa a totes les zones. Magaluf, Santa Pon\u00e7a, Peguera, Palmanova, Portals Nous...\" \/>\n<meta name=\"robots\" content=\"index, follow, max-snippet:-1, max-image-preview:large, max-video-preview:-1\" \/>\n<link rel=\"canonical\" href=\"https:\/\/visitcalvia.org\/ca\/agenda-esdeveniments\/\" \/>\n<meta property=\"og:locale\" content=\"ca_ES\" \/>\n<meta property=\"og:type\" content=\"article\" \/>\n<meta property=\"og:title\" content=\"Agenda d&#039;actes i esdeveniments a Calvi\u00e0. Programaci\u00f3 variada i completa\" \/>\n<meta property=\"og:description\" content=\"Agenda d&#039;actes i esdeveniments a Calvi\u00e0. Programaci\u00f3 variada i completa a totes les zones. Magaluf, Santa Pon\u00e7a, Peguera, Palmanova, Portals Nous...\" \/>\n<meta property=\"og:url\" content=\"https:\/\/visitcalvia.org\/ca\/agenda-esdeveniments\/\" \/>\n<meta property=\"og:site_name\" content=\"visitcalvia\" \/>\n<meta property=\"article:modified_time\" content=\"2020-07-06T09:21:11+00:00\" \/>\n<meta name=\"twitter:card\" content=\"summary_large_image\" \/>\n<meta name=\"twitter:label1\" content=\"Temps estimat de lectura\" \/>\n\t<meta name=\"twitter:data1\" content=\"2 minuts\" \/>\n<script type=\"application\/ld+json\" class=\"yoast-schema-graph\">{\"@context\":\"https:\\\/\\\/schema.org\",\"@graph\":[{\"@type\":\"WebPage\",\"@id\":\"https:\\\/\\\/visitcalvia.org\\\/ca\\\/agenda-esdeveniments\\\/\",\"url\":\"https:\\\/\\\/visitcalvia.org\\\/ca\\\/agenda-esdeveniments\\\/\",\"name\":\"Agenda d'actes i esdeveniments a Calvi\u00e0. Programaci\u00f3 variada i completa\",\"isPartOf\":{\"@id\":\"https:\\\/\\\/visitcalvia.org\\\/ca\\\/#website\"},\"datePublished\":\"2020-04-20T07:02:18+00:00\",\"dateModified\":\"2020-07-06T09:21:11+00:00\",\"description\":\"Agenda d'actes i esdeveniments a Calvi\u00e0. Programaci\u00f3 variada i completa a totes les zones. Magaluf, Santa Pon\u00e7a, Peguera, Palmanova, Portals Nous...\",\"breadcrumb\":{\"@id\":\"https:\\\/\\\/visitcalvia.org\\\/ca\\\/agenda-esdeveniments\\\/#breadcrumb\"},\"inLanguage\":\"ca\",\"potentialAction\":[{\"@type\":\"ReadAction\",\"target\":[\"https:\\\/\\\/visitcalvia.org\\\/ca\\\/agenda-esdeveniments\\\/\"]}]},{\"@type\":\"BreadcrumbList\",\"@id\":\"https:\\\/\\\/visitcalvia.org\\\/ca\\\/agenda-esdeveniments\\\/#breadcrumb\",\"itemListElement\":[{\"@type\":\"ListItem\",\"position\":1,\"name\":\"Portada\",\"item\":\"https:\\\/\\\/visitcalvia.org\\\/ca\\\/\"},{\"@type\":\"ListItem\",\"position\":2,\"name\":\"Agenda\"}]},{\"@type\":\"WebSite\",\"@id\":\"https:\\\/\\\/visitcalvia.org\\\/ca\\\/#website\",\"url\":\"https:\\\/\\\/visitcalvia.org\\\/ca\\\/\",\"name\":\"visitcalvia\",\"description\":\"Vacaciones en Mallorca \u2013 Calvi\u00e0 m\u00faltiples destinos en uno s\u00f3lo lugar. Palmanova, Santa Pon\u00e7a, Magaluf, Peguera, Portals Nous, Costa d\u2019en Blanes, Cala Vinyes\",\"potentialAction\":[{\"@type\":\"SearchAction\",\"target\":{\"@type\":\"EntryPoint\",\"urlTemplate\":\"https:\\\/\\\/visitcalvia.org\\\/ca\\\/?s={search_term_string}\"},\"query-input\":{\"@type\":\"PropertyValueSpecification\",\"valueRequired\":true,\"valueName\":\"search_term_string\"}}],\"inLanguage\":\"ca\"}]}<\/script>\n<!-- \/ Yoast SEO plugin. -->","yoast_head_json":{"title":"Agenda d'actes i esdeveniments a Calvi\u00e0. Programaci\u00f3 variada i completa","description":"Agenda d'actes i esdeveniments a Calvi\u00e0. Programaci\u00f3 variada i completa a totes les zones. Magaluf, Santa Pon\u00e7a, Peguera, Palmanova, Portals Nous...","robots":{"index":"index","follow":"follow","max-snippet":"max-snippet:-1","max-image-preview":"max-image-preview:large","max-video-preview":"max-video-preview:-1"},"canonical":"https:\/\/visitcalvia.org\/ca\/agenda-esdeveniments\/","og_locale":"ca_ES","og_type":"article","og_title":"Agenda d'actes i esdeveniments a Calvi\u00e0. Programaci\u00f3 variada i completa","og_description":"Agenda d'actes i esdeveniments a Calvi\u00e0. Programaci\u00f3 variada i completa a totes les zones. Magaluf, Santa Pon\u00e7a, Peguera, Palmanova, Portals Nous...","og_url":"https:\/\/visitcalvia.org\/ca\/agenda-esdeveniments\/","og_site_name":"visitcalvia","article_modified_time":"2020-07-06T09:21:11+00:00","twitter_card":"summary_large_image","twitter_misc":{"Temps estimat de lectura":"2 minuts"},"schema":{"@context":"https:\/\/schema.org","@graph":[{"@type":"WebPage","@id":"https:\/\/visitcalvia.org\/ca\/agenda-esdeveniments\/","url":"https:\/\/visitcalvia.org\/ca\/agenda-esdeveniments\/","name":"Agenda d'actes i esdeveniments a Calvi\u00e0. Programaci\u00f3 variada i completa","isPartOf":{"@id":"https:\/\/visitcalvia.org\/ca\/#website"},"datePublished":"2020-04-20T07:02:18+00:00","dateModified":"2020-07-06T09:21:11+00:00","description":"Agenda d'actes i esdeveniments a Calvi\u00e0. Programaci\u00f3 variada i completa a totes les zones. Magaluf, Santa Pon\u00e7a, Peguera, Palmanova, Portals Nous...","breadcrumb":{"@id":"https:\/\/visitcalvia.org\/ca\/agenda-esdeveniments\/#breadcrumb"},"inLanguage":"ca","potentialAction":[{"@type":"ReadAction","target":["https:\/\/visitcalvia.org\/ca\/agenda-esdeveniments\/"]}]},{"@type":"BreadcrumbList","@id":"https:\/\/visitcalvia.org\/ca\/agenda-esdeveniments\/#breadcrumb","itemListElement":[{"@type":"ListItem","position":1,"name":"Portada","item":"https:\/\/visitcalvia.org\/ca\/"},{"@type":"ListItem","position":2,"name":"Agenda"}]},{"@type":"WebSite","@id":"https:\/\/visitcalvia.org\/ca\/#website","url":"https:\/\/visitcalvia.org\/ca\/","name":"visitcalvia","description":"Vacaciones en Mallorca \u2013 Calvi\u00e0 m\u00faltiples destinos en uno s\u00f3lo lugar. Palmanova, Santa Pon\u00e7a, Magaluf, Peguera, Portals Nous, Costa d\u2019en Blanes, Cala Vinyes","potentialAction":[{"@type":"SearchAction","target":{"@type":"EntryPoint","urlTemplate":"https:\/\/visitcalvia.org\/ca\/?s={search_term_string}"},"query-input":{"@type":"PropertyValueSpecification","valueRequired":true,"valueName":"search_term_string"}}],"inLanguage":"ca"}]}},"jetpack_likes_enabled":false,"jetpack_sharing_enabled":false,"jetpack_shortlink":"https:\/\/wp.me\/PbP1bo-2gB","amp_enabled":false,"_links":{"self":[{"href":"https:\/\/visitcalvia.org\/ca\/wp-json\/wp\/v2\/pages\/8717","targetHints":{"allow":["GET"]}}],"collection":[{"href":"https:\/\/visitcalvia.org\/ca\/wp-json\/wp\/v2\/pages"}],"about":[{"href":"https:\/\/visitcalvia.org\/ca\/wp-json\/wp\/v2\/types\/page"}],"author":[{"embeddable":true,"href":"https:\/\/visitcalvia.org\/ca\/wp-json\/wp\/v2\/users\/182516946"}],"replies":[{"embeddable":true,"href":"https:\/\/visitcalvia.org\/ca\/wp-json\/wp\/v2\/comments?post=8717"}],"version-history":[{"count":8,"href":"https:\/\/visitcalvia.org\/ca\/wp-json\/wp\/v2\/pages\/8717\/revisions"}],"predecessor-version":[{"id":11093,"href":"https:\/\/visitcalvia.org\/ca\/wp-json\/wp\/v2\/pages\/8717\/revisions\/11093"}],"wp:attachment":[{"href":"https:\/\/visitcalvia.org\/ca\/wp-json\/wp\/v2\/media?parent=8717"}],"curies":[{"name":"wp","href":"https:\/\/api.w.org\/{rel}","templated":true}]}}