{"id":13081,"date":"2020-04-20T09:02:18","date_gmt":"2020-04-20T07:02:18","guid":{"rendered":"https:\/\/visitcalvia.org\/agenda-eventos\/"},"modified":"2020-08-20T11:50:33","modified_gmt":"2020-08-20T09:50:33","slug":"veranstaltungskalender","status":"publish","type":"page","link":"https:\/\/visitcalvia.org\/de\/veranstaltungskalender\/","title":{"rendered":"VERANSTALTUNGSKALENDER"},"content":{"rendered":"<div class=\"wpb-content-wrapper\"><p>[vc_row content_placement=&#8220;middle&#8220; row_content_width=&#8220;grid&#8220; content_text_aligment=&#8220;center&#8220; css=&#8220;.vc_custom_1587368564438{padding-top: 81px !important;}&#8220; simple_background_color=&#8220;#00947d&#8220;][vc_column]<div class=\"qodef-elements-holder   qodef-one-column  qodef-responsive-mode-768 \" ><div class=\"qodef-eh-item     \"  data-item-class=\"qodef-eh-custom-1521\" data-1024-1280=\"0 21%\" data-768-1024=\"0 12%\" data-680-768=\"0 0\" data-680=\"0 0\">\n\t<div class=\"qodef-eh-item-inner\">\n\t\t<div class=\"qodef-eh-item-content qodef-eh-custom-1521\" style=\"padding: 0 25%\">\n\t\t\t<div class=\"qodef-section-title-holder  qodef-st-standard qodef-st-title-left qodef-st-normal-space qodef-st-disable-title-break \" >\n\t<div class=\"qodef-st-inner\">\n\t\t\t\t\t<h2 class=\"qodef-st-title\" style=\"color: #ffffff\">\n\t\t\t\t<span class=\"qodef-st-title-bold\">Veranstaltungskalender<\/span> <span class=\"qodef-st-title-bold\">Calvi\u00e0<\/span>\t\t\t<\/h2>\n\t\t\t\t\t\t\t<h2 class=\"qodef-st-text\" style=\"color: #ffffff\">\n\t\t\t\t(Veranstaltungen und Events)<br \/>\n\t\t\t<\/h2>\n\t\t\t<\/div>\n<\/div>[vc_empty_space height=&#8220;76px&#8220;]\t\t<\/div>\n\t<\/div>\n\t<\/div><\/div>[\/vc_column][\/vc_row][vc_row row_content_width=&#8220;grid&#8220;][vc_column width=&#8220;3\/4&#8243;][vc_column_text]<\/p>\n<h4><span style=\"font-weight: 400;\">Abwechslungsreiches und vollst\u00e4ndiges Programm mit Veranstaltungen und Events in Calvi\u00e0. Magaluf, Santa Pon\u00e7a, Peguera, Palmanova, Portals Nous, El Toro, Son Ferrer, Calvi\u00e0, Es Capdell\u00e0, Bendinat, Illetes\u2026<\/span><\/h4>\n<p>[\/vc_column_text][vc_empty_space][vc_column_text]<div id=\"mec_skin_4229\" class=\"mec-wrap colorskin-custom  \">\r\n\r\n    <div id=\"mec_search_form_4229\" class=\"mec-search-form mec-totalcal-box\"><div class=\"mec-dropdown-wrap\" ><div class=\"mec-dropdown-search\"><i class=\"mec-sl-folder\"><\/i><select  name=' ' id='mec_sf_category_4229' class='postform'>\n\t<option value='' selected='selected'>Kategorie<\/option>\n\t<option class=\"level-0\" value=\"863\">Abenteuer<\/option>\n\t<option class=\"level-0\" value=\"1408\">Bendinat<\/option>\n\t<option class=\"level-0\" value=\"1397\">Cala Fornells<\/option>\n\t<option class=\"level-0\" value=\"1398\">Calvi\u00e0<\/option>\n\t<option class=\"level-0\" value=\"1409\">Cas Catal\u00e0<\/option>\n\t<option class=\"level-0\" value=\"1410\">Costa d&#8217;en Blanes<\/option>\n\t<option class=\"level-0\" value=\"1406\">Costa de la Calma<\/option>\n\t<option class=\"level-0\" value=\"1399\">El Toro<\/option>\n\t<option class=\"level-0\" value=\"1400\">Es Capdell\u00e0<\/option>\n\t<option class=\"level-0\" value=\"864\">F\u00fcr Familien<\/option>\n\t<option class=\"level-0\" value=\"867\">F\u00fcr Kinder<\/option>\n\t<option class=\"level-0\" value=\"1374\">F\u00fcr zweit<\/option>\n\t<option class=\"level-0\" value=\"866\">Freizeit<\/option>\n\t<option class=\"level-1\" value=\"862\">&nbsp;&nbsp;&nbsp;Attraktionen<\/option>\n\t<option class=\"level-1\" value=\"1377\">&nbsp;&nbsp;&nbsp;M\u00e4rkte<\/option>\n\t<option class=\"level-1\" value=\"892\">&nbsp;&nbsp;&nbsp;Nachtleben<\/option>\n\t<option class=\"level-1\" value=\"868\">&nbsp;&nbsp;&nbsp;Themenpark<\/option>\n\t<option class=\"level-0\" value=\"869\">Galatz\u00f3 Urbanisierung<\/option>\n\t<option class=\"level-0\" value=\"889\">Gastronomie<\/option>\n\t<option class=\"level-1\" value=\"1393\">&nbsp;&nbsp;&nbsp;Restaurants<\/option>\n\t<option class=\"level-0\" value=\"890\">Jugendliche und Erwachsene<\/option>\n\t<option class=\"level-0\" value=\"888\">Kultur<\/option>\n\t<option class=\"level-1\" value=\"891\">&nbsp;&nbsp;&nbsp;Musik<\/option>\n\t<option class=\"level-0\" value=\"1386\">Magaluf<\/option>\n\t<option class=\"level-0\" value=\"1427\">Natur und Fauna<\/option>\n\t<option class=\"level-0\" value=\"1420\">Nautisch<\/option>\n\t<option class=\"level-0\" value=\"1380\">Palmanova<\/option>\n\t<option class=\"level-0\" value=\"1401\">Peguera<\/option>\n\t<option class=\"level-0\" value=\"1411\">Portals Nous<\/option>\n\t<option class=\"level-0\" value=\"893\">Santa Pon\u00e7a<\/option>\n\t<option class=\"level-0\" value=\"1412\">Ses Illetes<\/option>\n\t<option class=\"level-0\" value=\"1413\">Son Caliu<\/option>\n\t<option class=\"level-0\" value=\"1394\">Son Ferrer<\/option>\n\t<option class=\"level-0\" value=\"1369\">Sports<\/option>\n\t<option class=\"level-1\" value=\"1370\">&nbsp;&nbsp;&nbsp;Fussball<\/option>\n\t<option class=\"level-1\" value=\"1390\">&nbsp;&nbsp;&nbsp;Leichtathletik<\/option>\n\t<option class=\"level-1\" value=\"1425\">&nbsp;&nbsp;&nbsp;Media marathon<\/option>\n\t<option class=\"level-1\" value=\"1387\">&nbsp;&nbsp;&nbsp;Rugby<\/option>\n\t<option class=\"level-1\" value=\"1428\">&nbsp;&nbsp;&nbsp;Trail<\/option>\n\t<option class=\"level-1\" value=\"1381\">&nbsp;&nbsp;&nbsp;Volleyball<\/option>\n\t<option class=\"level-0\" value=\"865\">Weihnachten<\/option>\n<\/select>\n<\/div><div class=\"mec-dropdown-search\"><i class=\"mec-sl-location-pin\"><\/i><select  name=' ' id='mec_sf_location_4229' class='postform'>\n\t<option value='' selected='selected'>Veranstaltungsort<\/option>\n\t<option class=\"level-0\" value=\"1371\">C\/ Riu Sil<\/option>\n\t<option class=\"level-0\" value=\"1373\">C\/ Riu Sil, Santa Pon\u00e7a<\/option>\n\t<option class=\"level-0\" value=\"1384\">Calvi\u00e0<\/option>\n\t<option class=\"level-0\" value=\"1404\">Es Capdell\u00e0<\/option>\n\t<option class=\"level-0\" value=\"1395\">Magaluf<\/option>\n\t<option class=\"level-0\" value=\"1426\">Pista de atletismo de Magaluf &#8211; Joan Munar Mart\u00ednez<\/option>\n\t<option class=\"level-0\" value=\"1388\">Playa de Magaluf<\/option>\n\t<option class=\"level-0\" value=\"1382\">Playa de Palmanova<\/option>\n\t<option class=\"level-0\" value=\"1437\">Plaza de Sa Vinya<\/option>\n\t<option class=\"level-0\" value=\"1686\">Port Adriano<\/option>\n\t<option class=\"level-0\" value=\"894\">Santa Pon\u00e7a<\/option>\n<\/select>\n<\/div><\/div><div class=\"mec-date-search\"><input type=\"hidden\" id=\"mec-filter-none\" value=\"W\u00e4hlen\"><i class=\"mec-sl-calendar\"><\/i>\r\n                    <select id=\"mec_sf_month_4229\">\r\n                        <option value=\"\">Select Month<\/option><option value=\"01\">Januar<\/option><option value=\"02\">Februar<\/option><option value=\"03\">M\u00e4rz<\/option><option value=\"04\">April<\/option><option value=\"05\">Mai<\/option><option value=\"06\">Juni<\/option><option value=\"07\">Juli<\/option><option value=\"08\">August<\/option><option value=\"09\">September<\/option><option value=\"10\">Oktober<\/option><option value=\"11\">November<\/option><option value=\"12\">Dezember<\/option><\/select><select id=\"mec_sf_year_4229\"><option value=\"2026\" selected>2026<\/option><option value=\"2027\" >2027<\/option><option value=\"2028\" >2028<\/option><option value=\"2029\" >2029<\/option><option value=\"2030\" >2030<\/option><option value=\"2031\" >2031<\/option><option value=\"2032\" >2032<\/option><option value=\"2033\" >2033<\/option><option value=\"2034\" >2034<\/option><\/select><\/div><div class=\"mec-text-input-search\"><i class=\"mec-sl-magnifier\"><\/i>\r\n                    <input type=\"search\" value=\"\" id=\"mec_sf_s_4229\" placeholder=\"\" \/>\r\n                <\/div><\/div>\r\n    <div class=\"mec-tile\">\r\n        <div class=\"mec-calendar-topsec\">\r\n            <div class=\"mec-clear\">\r\n                                <div class=\"mec-skin-tile-month-navigator-container\">\r\n                    <div class=\"mec-month-navigator\" id=\"mec_month_navigator_4229_202604\"><div class=\"mec-calendar-header\"><h2>April 2026<\/h2><\/div><div class=\"mec-next-month mec-load-month mec-next-month\" data-mec-year=\"2026\" data-mec-month=\"05\"><a href=\"#\" class=\"mec-load-month-link\">Mai <i class=\"mec-sl-angle-right\"><\/i><\/a><\/div><\/div>\r\n                <\/div>\r\n                \r\n                <div class=\"mec-calendar-table\" id=\"mec_skin_events_4229\">\r\n                                            <div class=\"mec-month-container mec-month-container-selected\" id=\"mec_tile_month_4229_202604\" data-month-id=\"202604\"><div class=\"mec-wrap colorskin-custom\">\r\n    <div class=\"mec-event-tile-view\">\r\n        <div class=\"row\"><div class=\"col-md-4 col-sm-4\">                    <article  data-href=\"https:\/\/visitcalvia.org\/de\/events\/half-marathon-magaluf-2023\/\" data-target=\"\" style=\"background:#fdd700 url('https:\/\/i0.wp.com\/visitcalvia.org\/wp-content\/uploads\/2020\/04\/Cartel-hmm-act-marzo-23-min-1.png?resize=300%2C400&#038;ssl=1')\" class=\"  mec-event-article mec-tile-item  mec-clear  \">\r\n                                                                        <div class=\"event-tile-view-head clearfix\">\r\n                                                            <div class=\"mec-event-month\"><span class=\"mec-start-date-label\">18 Apr.<\/span><\/div>\r\n                                                        <div class=\"mec-event-time\"><i class=\"mec-sl-clock\"><\/i>17:00<\/div>\r\n                        <\/div>\r\n                        <div class=\"mec-event-content\" data-target=\"\" data-event-id=\"13890\">\r\n                            <a href=\"https:\/\/visitcalvia.org\/de\/events\/half-marathon-magaluf-2023\/\" target=\"\" class=\"mec-tile-into-content-link\"><\/a>                            <div class=\"mec-tile-event-content\">\r\n                                <div class=\"mec-event-detail\">\r\n                                                                                                            <span class=\"mec-event-loc-place\"><i class=\"mec-sl-location-pin\"><\/i>Pista de atletismo de Magaluf - Joan Munar Mart\u00ednez<\/span>                                                                    <\/div>\r\n                                                                <h4 class=\"mec-event-title\"><a class=\"mec-color-hover\" data-event-id=\"13890\" href=\"https:\/\/visitcalvia.org\/de\/events\/half-marathon-magaluf-2023\/\" target=\"_self\" rel=\"noopener\">Half Marathon Magaluf 2023<\/a><\/h4>\r\n                                                            <\/div>\r\n                        <\/div>\r\n                    <\/article>\r\n                <\/div>                        <\/div>\r\n    <\/div><\/div><\/div>\r\n                                    <\/div>\r\n\r\n                            <\/div>\r\n        <\/div>\r\n    <\/div>\r\n\r\n<\/div>[\/vc_column_text][vc_zigzag el_width=&#8220;80&#8243;][vc_column_text]<div class=\"mec-wrap mec-skin-carousel-container  \" id=\"mec_skin_4223\">\r\n        <div class=\"mec-skin-carousel-events-container\" id=\"mec_skin_events_4223\">\r\n        <div class=\"mec-wrap colorskin-custom\">\r\n    <div class=\"mec-event-carousel-type1\">\r\n                <div class='mec-owl-crousel-skin-type1 mec-owl-carousel mec-owl-theme'>\r\n                        <article class=\"mec-event-article  mec-clear \" itemscope>\r\n                                        <div class=\"event-carousel-type1-head clearfix\">\r\n                    <div class=\"mec-event-date mec-color\">\r\n                        <div class=\"mec-event-image\">\r\n                            <a data-event-id=\"13890\" href=\"https:\/\/visitcalvia.org\/de\/events\/half-marathon-magaluf-2023\/\" target=\"_self\" rel=\"noopener\"><img decoding=\"async\" width=\"474\" height=\"324\" src=\"https:\/\/i0.wp.com\/visitcalvia.org\/wp-content\/uploads\/2020\/04\/Cartel-hmm-act-marzo-23-min-1.png?resize=474%2C324&amp;ssl=1\" class=\"attachment-meccarouselthumb size-meccarouselthumb wp-post-image\" alt=\"Cartel HMM 2023\" data-mec-postid=\"13890\" data-attachment-id=\"22130\" data-permalink=\"https:\/\/visitcalvia.org\/de\/events\/half-marathon-magaluf-2023\/cartel-hmm-act-marzo-23-min-2-2\/\" data-orig-file=\"https:\/\/i0.wp.com\/visitcalvia.org\/wp-content\/uploads\/2020\/04\/Cartel-hmm-act-marzo-23-min-1.png?fit=1240%2C1754&amp;ssl=1\" data-orig-size=\"1240,1754\" data-comments-opened=\"1\" data-image-meta=\"{&quot;aperture&quot;:&quot;0&quot;,&quot;credit&quot;:&quot;&quot;,&quot;camera&quot;:&quot;&quot;,&quot;caption&quot;:&quot;&quot;,&quot;created_timestamp&quot;:&quot;0&quot;,&quot;copyright&quot;:&quot;&quot;,&quot;focal_length&quot;:&quot;0&quot;,&quot;iso&quot;:&quot;0&quot;,&quot;shutter_speed&quot;:&quot;0&quot;,&quot;title&quot;:&quot;&quot;,&quot;orientation&quot;:&quot;0&quot;}\" data-image-title=\"Cartel-hmm-act-marzo-23-min\" data-image-description=\"\" data-image-caption=\"\" data-large-file=\"https:\/\/i0.wp.com\/visitcalvia.org\/wp-content\/uploads\/2020\/04\/Cartel-hmm-act-marzo-23-min-1.png?fit=724%2C1024&amp;ssl=1\" \/><\/a>                                                    <\/div>\r\n                        <div class=\"mec-event-date-carousel\">\r\n                            <span class=\"mec-start-date-label\">18<\/span>                            <div class=\"mec-event-date-info\"><span class=\"mec-start-date-label\">April<\/span><\/div>\r\n                            <div class=\"mec-event-date-info-year\">2026<\/div>\r\n                        <\/div>\r\n                    <\/div>\r\n                <\/div>\r\n                <div class=\"mec-event-carousel-content\">\r\n                                        <h4 class=\"mec-event-carousel-title\"><a class=\"mec-color-hover\" data-event-id=\"13890\" href=\"https:\/\/visitcalvia.org\/de\/events\/half-marathon-magaluf-2023\/\" target=\"_self\" rel=\"noopener\">Half Marathon Magaluf 2023<\/a><\/h4>\r\n                                        <p class=\"mec-carousel-event-location\"><span>Pista de atletismo de Magaluf - Joan Munar Mart\u00ednez<\/span><br><\/p>\r\n                                                        <\/div>\r\n                            <\/article>\r\n                                <\/div>\r\n        \t<\/div>\r\n<\/div>    <\/div>\r\n    <\/div>[\/vc_column_text][vc_empty_space height=&#8220;20px&#8220;][vc_column_text]<\/p>\n<h4><span style=\"font-weight: 400;\">In diesem Veranstaltungskalender wurden nur Events aufgenommen, die als Veranstaltungen von touristischem Interesse in Calvi\u00e0 eingestuft sind. Weitere Veranstaltungen, die in der Gemeinde stattfinden, finden Sie auf der folgenden Website:<\/span> <a href=\"https:\/\/www.calvia.com\/\">www.calvia.com<\/a><\/h4>\n<p>[\/vc_column_text][\/vc_column][vc_column width=&#8220;1\/4&#8243;][vc_empty_space]<a itemprop=\"url\" href=\"https:\/\/visitcalvia.org\/calvia-en-familia\/\" target=\"_blank\" style=\"color: #000000;background-color: #9bc535;text-transform: capitalize\" class=\"qodef-btn qodef-btn-medium qodef-btn-solid change-background\"  >\n    <span class=\"qodef-btn-text\">Calvia en Familia<\/span>\n    <\/a>[vc_empty_space height=&#8220;10px&#8220;]<a itemprop=\"url\" href=\"https:\/\/visitcalvia.org\/calvia-con-amigos\/\" target=\"_blank\" style=\"color: #000000;background-color: #9bc535;text-transform: capitalize\" class=\"qodef-btn qodef-btn-medium qodef-btn-solid change-background\"  >\n    <span class=\"qodef-btn-text\">Calvia con amigos<\/span>\n    <\/a>[vc_empty_space height=&#8220;10px&#8220;]<a itemprop=\"url\" href=\"https:\/\/visitcalvia.org\/calvia-en-pareja\/\" target=\"_blank\" style=\"color: #000000;background-color: #9bc535;text-transform: capitalize\" class=\"qodef-btn qodef-btn-medium qodef-btn-solid change-background\"  >\n    <span class=\"qodef-btn-text\">Calvia en pareja<\/span>\n    <\/a>[vc_empty_space height=&#8220;10px&#8220;][vc_widget_sidebar sidebar_id=&#8220;sidebar&#8220;][\/vc_column][\/vc_row]<\/p>\n<\/div>","protected":false},"excerpt":{"rendered":"<p>[vc_row content_placement=&#8220;middle&#8220; row_content_width=&#8220;grid&#8220; content_text_aligment=&#8220;center&#8220; css=&#8220;.vc_custom_1587368564438{padding-top: 81px !important;}&#8220; simple_background_color=&#8220;#00947d&#8220;][vc_column][\/vc_column][\/vc_row][vc_row row_content_width=&#8220;grid&#8220;][vc_column width=&#8220;3\/4&#8243;][vc_column_text] Abwechslungsreiches und vollst\u00e4ndiges Programm mit Veranstaltungen und Events in Calvi\u00e0. Magaluf, Santa Pon\u00e7a, Peguera, Palmanova, Portals Nous, El Toro, Son Ferrer, Calvi\u00e0, Es Capdell\u00e0, Bendinat, Illetes\u2026 [\/vc_column_text][vc_empty_space][vc_column_text][\/vc_column_text][vc_zigzag el_width=&#8220;80&#8243;][vc_column_text][\/vc_column_text][vc_empty_space height=&#8220;20px&#8220;][vc_column_text] In diesem Veranstaltungskalender wurden nur Events aufgenommen, die als Veranstaltungen von touristischem Interesse in Calvi\u00e0 [&hellip;]<\/p>\n","protected":false},"author":182516946,"featured_media":0,"parent":0,"menu_order":0,"comment_status":"closed","ping_status":"closed","template":"full-width.php","meta":{"_coblocks_attr":"","_coblocks_dimensions":"","_coblocks_responsive_height":"","_coblocks_accordion_ie_support":"","_crdt_document":"","jetpack_post_was_ever_published":false,"footnotes":""},"class_list":["post-13081","page","type-page","status-publish","hentry"],"yoast_head":"<!-- This site is optimized with the Yoast SEO plugin v27.3 - https:\/\/yoast.com\/product\/yoast-seo-wordpress\/ -->\n<title>Agenda de actos y eventos en Calvi\u00e0. Programaci\u00f3n variada y completa<\/title>\n<meta name=\"description\" content=\"Agenda de actos y eventos en Calvi\u00e0. Programaci\u00f3n variada y completa en todas las zonas del municipio. Magaluf, Santa Pon\u00e7a, Peguera, Palmanova, Portals...\" \/>\n<meta name=\"robots\" content=\"index, follow, max-snippet:-1, max-image-preview:large, max-video-preview:-1\" \/>\n<link rel=\"canonical\" href=\"https:\/\/visitcalvia.org\/de\/veranstaltungskalender\/\" \/>\n<meta property=\"og:locale\" content=\"de_DE\" \/>\n<meta property=\"og:type\" content=\"article\" \/>\n<meta property=\"og:title\" content=\"Agenda de actos y eventos en Calvi\u00e0. Programaci\u00f3n variada y completa\" \/>\n<meta property=\"og:description\" content=\"Agenda de actos y eventos en Calvi\u00e0. Programaci\u00f3n variada y completa en todas las zonas del municipio. Magaluf, Santa Pon\u00e7a, Peguera, Palmanova, Portals...\" \/>\n<meta property=\"og:url\" content=\"https:\/\/visitcalvia.org\/de\/veranstaltungskalender\/\" \/>\n<meta property=\"og:site_name\" content=\"visitcalvia\" \/>\n<meta property=\"article:modified_time\" content=\"2020-08-20T09:50:33+00:00\" \/>\n<meta name=\"twitter:card\" content=\"summary_large_image\" \/>\n<meta name=\"twitter:label1\" content=\"Gesch\u00e4tzte Lesezeit\" \/>\n\t<meta name=\"twitter:data1\" content=\"2\u00a0Minuten\" \/>\n<script type=\"application\/ld+json\" class=\"yoast-schema-graph\">{\"@context\":\"https:\\\/\\\/schema.org\",\"@graph\":[{\"@type\":\"WebPage\",\"@id\":\"https:\\\/\\\/visitcalvia.org\\\/de\\\/veranstaltungskalender\\\/\",\"url\":\"https:\\\/\\\/visitcalvia.org\\\/de\\\/veranstaltungskalender\\\/\",\"name\":\"Agenda de actos y eventos en Calvi\u00e0. Programaci\u00f3n variada y completa\",\"isPartOf\":{\"@id\":\"https:\\\/\\\/visitcalvia.org\\\/de\\\/#website\"},\"datePublished\":\"2020-04-20T07:02:18+00:00\",\"dateModified\":\"2020-08-20T09:50:33+00:00\",\"description\":\"Agenda de actos y eventos en Calvi\u00e0. Programaci\u00f3n variada y completa en todas las zonas del municipio. Magaluf, Santa Pon\u00e7a, Peguera, Palmanova, Portals...\",\"breadcrumb\":{\"@id\":\"https:\\\/\\\/visitcalvia.org\\\/de\\\/veranstaltungskalender\\\/#breadcrumb\"},\"inLanguage\":\"de\",\"potentialAction\":[{\"@type\":\"ReadAction\",\"target\":[\"https:\\\/\\\/visitcalvia.org\\\/de\\\/veranstaltungskalender\\\/\"]}]},{\"@type\":\"BreadcrumbList\",\"@id\":\"https:\\\/\\\/visitcalvia.org\\\/de\\\/veranstaltungskalender\\\/#breadcrumb\",\"itemListElement\":[{\"@type\":\"ListItem\",\"position\":1,\"name\":\"Portada\",\"item\":\"https:\\\/\\\/visitcalvia.org\\\/de\\\/\"},{\"@type\":\"ListItem\",\"position\":2,\"name\":\"VERANSTALTUNGSKALENDER\"}]},{\"@type\":\"WebSite\",\"@id\":\"https:\\\/\\\/visitcalvia.org\\\/de\\\/#website\",\"url\":\"https:\\\/\\\/visitcalvia.org\\\/de\\\/\",\"name\":\"visitcalvia\",\"description\":\"Vacaciones en Mallorca \u2013 Calvi\u00e0 m\u00faltiples destinos en uno s\u00f3lo lugar. Palmanova, Santa Pon\u00e7a, Magaluf, Peguera, Portals Nous, Costa d\u2019en Blanes, Cala Vinyes\",\"potentialAction\":[{\"@type\":\"SearchAction\",\"target\":{\"@type\":\"EntryPoint\",\"urlTemplate\":\"https:\\\/\\\/visitcalvia.org\\\/de\\\/?s={search_term_string}\"},\"query-input\":{\"@type\":\"PropertyValueSpecification\",\"valueRequired\":true,\"valueName\":\"search_term_string\"}}],\"inLanguage\":\"de\"}]}<\/script>\n<!-- \/ Yoast SEO plugin. -->","yoast_head_json":{"title":"Agenda de actos y eventos en Calvi\u00e0. Programaci\u00f3n variada y completa","description":"Agenda de actos y eventos en Calvi\u00e0. Programaci\u00f3n variada y completa en todas las zonas del municipio. Magaluf, Santa Pon\u00e7a, Peguera, Palmanova, Portals...","robots":{"index":"index","follow":"follow","max-snippet":"max-snippet:-1","max-image-preview":"max-image-preview:large","max-video-preview":"max-video-preview:-1"},"canonical":"https:\/\/visitcalvia.org\/de\/veranstaltungskalender\/","og_locale":"de_DE","og_type":"article","og_title":"Agenda de actos y eventos en Calvi\u00e0. Programaci\u00f3n variada y completa","og_description":"Agenda de actos y eventos en Calvi\u00e0. Programaci\u00f3n variada y completa en todas las zonas del municipio. Magaluf, Santa Pon\u00e7a, Peguera, Palmanova, Portals...","og_url":"https:\/\/visitcalvia.org\/de\/veranstaltungskalender\/","og_site_name":"visitcalvia","article_modified_time":"2020-08-20T09:50:33+00:00","twitter_card":"summary_large_image","twitter_misc":{"Gesch\u00e4tzte Lesezeit":"2\u00a0Minuten"},"schema":{"@context":"https:\/\/schema.org","@graph":[{"@type":"WebPage","@id":"https:\/\/visitcalvia.org\/de\/veranstaltungskalender\/","url":"https:\/\/visitcalvia.org\/de\/veranstaltungskalender\/","name":"Agenda de actos y eventos en Calvi\u00e0. Programaci\u00f3n variada y completa","isPartOf":{"@id":"https:\/\/visitcalvia.org\/de\/#website"},"datePublished":"2020-04-20T07:02:18+00:00","dateModified":"2020-08-20T09:50:33+00:00","description":"Agenda de actos y eventos en Calvi\u00e0. Programaci\u00f3n variada y completa en todas las zonas del municipio. Magaluf, Santa Pon\u00e7a, Peguera, Palmanova, Portals...","breadcrumb":{"@id":"https:\/\/visitcalvia.org\/de\/veranstaltungskalender\/#breadcrumb"},"inLanguage":"de","potentialAction":[{"@type":"ReadAction","target":["https:\/\/visitcalvia.org\/de\/veranstaltungskalender\/"]}]},{"@type":"BreadcrumbList","@id":"https:\/\/visitcalvia.org\/de\/veranstaltungskalender\/#breadcrumb","itemListElement":[{"@type":"ListItem","position":1,"name":"Portada","item":"https:\/\/visitcalvia.org\/de\/"},{"@type":"ListItem","position":2,"name":"VERANSTALTUNGSKALENDER"}]},{"@type":"WebSite","@id":"https:\/\/visitcalvia.org\/de\/#website","url":"https:\/\/visitcalvia.org\/de\/","name":"visitcalvia","description":"Vacaciones en Mallorca \u2013 Calvi\u00e0 m\u00faltiples destinos en uno s\u00f3lo lugar. Palmanova, Santa Pon\u00e7a, Magaluf, Peguera, Portals Nous, Costa d\u2019en Blanes, Cala Vinyes","potentialAction":[{"@type":"SearchAction","target":{"@type":"EntryPoint","urlTemplate":"https:\/\/visitcalvia.org\/de\/?s={search_term_string}"},"query-input":{"@type":"PropertyValueSpecification","valueRequired":true,"valueName":"search_term_string"}}],"inLanguage":"de"}]}},"jetpack_likes_enabled":false,"jetpack_sharing_enabled":false,"jetpack_shortlink":"https:\/\/wp.me\/PbP1bo-3oZ","amp_enabled":false,"_links":{"self":[{"href":"https:\/\/visitcalvia.org\/de\/wp-json\/wp\/v2\/pages\/13081","targetHints":{"allow":["GET"]}}],"collection":[{"href":"https:\/\/visitcalvia.org\/de\/wp-json\/wp\/v2\/pages"}],"about":[{"href":"https:\/\/visitcalvia.org\/de\/wp-json\/wp\/v2\/types\/page"}],"author":[{"embeddable":true,"href":"https:\/\/visitcalvia.org\/de\/wp-json\/wp\/v2\/users\/182516946"}],"replies":[{"embeddable":true,"href":"https:\/\/visitcalvia.org\/de\/wp-json\/wp\/v2\/comments?post=13081"}],"version-history":[{"count":4,"href":"https:\/\/visitcalvia.org\/de\/wp-json\/wp\/v2\/pages\/13081\/revisions"}],"predecessor-version":[{"id":13399,"href":"https:\/\/visitcalvia.org\/de\/wp-json\/wp\/v2\/pages\/13081\/revisions\/13399"}],"wp:attachment":[{"href":"https:\/\/visitcalvia.org\/de\/wp-json\/wp\/v2\/media?parent=13081"}],"curies":[{"name":"wp","href":"https:\/\/api.w.org\/{rel}","templated":true}]}}