{"id":13181,"date":"2020-04-17T11:12:35","date_gmt":"2020-04-17T09:12:35","guid":{"rendered":"https:\/\/visitcalvia.org\/patrimonio\/"},"modified":"2025-01-24T10:03:36","modified_gmt":"2025-01-24T09:03:36","slug":"kulturerbe","status":"publish","type":"page","link":"https:\/\/visitcalvia.org\/de\/kulturerbe\/","title":{"rendered":"kulturerbe"},"content":{"rendered":"<div class=\"wpb-content-wrapper\"><p>[vc_row row_content_width=&#8220;grid&#8220; css=&#8220;.vc_custom_1585726577981{padding-top: 20px !important;padding-bottom: 30px !important;}&#8220;][vc_column width=&#8220;1\/3&#8243;][vc_empty_space height=&#8220;35px&#8220;]<div class=\"qodef-section-title-holder  qodef-st-standard qodef-st-title-left qodef-st-normal-space qodef-st-disable-title-break qodef-st-with-border\" style=\"text-align: left\">\n\t<div class=\"qodef-st-inner\">\n\t\t\t\t\t<h2 class=\"qodef-st-title\" >\n\t\t\t\t<span class=\"qodef-st-title-bold\">Das<\/span> Kulturerbe von Calvi\u00e0<br \/>\t\t\t<\/h2>\n\t\t\t\t\t<\/div>\n<\/div>[\/vc_column][vc_column width=&#8220;2\/3&#8243;][vc_empty_space height=&#8220;35px&#8220;][vc_column_text]<span style=\"font-weight: 400;\">Die Gemeinde Calvi\u00e0 verf\u00fcgt \u00fcber ein umfangreiches kunsthistorisches Erbe, das die materielle Spiegelung ihrer langen und vielf\u00e4ltigen Geschichte ist, von den Anf\u00e4ngen w\u00e4hrend der Kupferzeit bis zum Ph\u00e4nomen der Ankunft des Tourismus in den letzten Jahren. Dank des historischen Erbes von Calvi\u00e0 wissen wir, wie unsere Vorfahren gelebt haben und kennen die wichtigsten Merkmale unserer Geschichte.<\/span><\/p>\n<p><span style=\"font-weight: 400;\">Die Gesamtheit des kulturellen Erbes der Gemeinde hingegen unterteilt sich in drei gro\u00dfe Gruppen: Arch\u00e4ologisches Erbe, ethnographisches Erbe und architektonisches Erbe. \u00dcber den folgenden Link haben Sie Zugang zu historischen Daten und die Beschreibung der ma\u00dfgeblichen Elemente.<strong> <a href=\"http:\/\/www.pluscalvia.com\">www.pluscalvia.com<\/a><\/strong><\/span>[\/vc_column_text][\/vc_column][\/vc_row][vc_row row_content_width=&#8220;grid&#8220; css=&#8220;.vc_custom_1585726577981{padding-top: 20px !important;padding-bottom: 30px !important;}&#8220;][vc_column width=&#8220;1\/3&#8243;][vc_single_image image=&#8220;9923&#8243; img_size=&#8220;full&#8220; alignment=&#8220;center&#8220; onclick=&#8220;custom_link&#8220; img_link_target=&#8220;_blank&#8220; link=&#8220;<a href=\"http:\/\/www.pluscalvia.com\/historic&#8220;%5D%5B\/vc_column%5D%5Bvc_column\" rel=\"nofollow\">http:\/\/www.pluscalvia.com\/historic&#8220;%5D%5B\/vc_column%5D%5Bvc_column<\/a> width=&#8220;1\/3&#8243;][vc_single_image image=&#8220;9937&#8243; img_size=&#8220;full&#8220; alignment=&#8220;center&#8220; onclick=&#8220;custom_link&#8220; img_link_target=&#8220;_blank&#8220; link=&#8220;<a href=\"http:\/\/www.pluscalvia.com\/botanic&#8220;%5D%5B\/vc_column%5D%5Bvc_column\" rel=\"nofollow\">http:\/\/www.pluscalvia.com\/botanic&#8220;%5D%5B\/vc_column%5D%5Bvc_column<\/a> width=&#8220;1\/3&#8243;][vc_single_image image=&#8220;12596&#8243; img_size=&#8220;full&#8220; alignment=&#8220;center&#8220; onclick=&#8220;custom_link&#8220; img_link_target=&#8220;_blank&#8220; link=&#8220;<a href=\"http:\/\/www.pluscalvia.com\/snorkeling&#8220;%5D%5B\/vc_column%5D%5B\/vc_row%5D%5Bvc_row%5D%5Bvc_column\" rel=\"nofollow\">http:\/\/www.pluscalvia.com\/snorkeling&#8220;%5D%5B\/vc_column%5D%5B\/vc_row%5D%5Bvc_row%5D%5Bvc_column<\/a> css=&#8220;.vc_custom_1585731740146{margin-left: 50px !important;}&#8220;][vc_empty_space height=&#8220;20px&#8220;][\/vc_column][\/vc_row][vc_row row_content_width=&#8220;grid&#8220; css=&#8220;.vc_custom_1585726577981{padding-top: 20px !important;padding-bottom: 30px !important;}&#8220;][vc_column width=&#8220;1\/3&#8243;][vc_single_image image=&#8220;9926&#8243; img_size=&#8220;full&#8220; alignment=&#8220;center&#8220; onclick=&#8220;custom_link&#8220; img_link_target=&#8220;_blank&#8220; link=&#8220;<a href=\"https:\/\/visitcalvia.org\/senderismo\/&#8220;%5D%5B\/vc_column%5D%5Bvc_column\">https:\/\/visitcalvia.org\/senderismo\/&#8220;%5D%5B\/vc_column%5D%5Bvc_column<\/a> width=&#8220;1\/3&#8243;][vc_single_image image=&#8220;12599&#8243; img_size=&#8220;full&#8220; alignment=&#8220;center&#8220; onclick=&#8220;custom_link&#8220; img_link_target=&#8220;_blank&#8220; link=&#8220;<a href=\"http:\/\/www.pluscalvia.com\/birding&#8220;%5D%5B\/vc_column%5D%5Bvc_column\" rel=\"nofollow\">http:\/\/www.pluscalvia.com\/birding&#8220;%5D%5B\/vc_column%5D%5Bvc_column<\/a> width=&#8220;1\/3&#8243;][vc_single_image image=&#8220;9929&#8243; img_size=&#8220;full&#8220; alignment=&#8220;center&#8220; onclick=&#8220;custom_link&#8220; img_link_target=&#8220;_blank&#8220; link=&#8220;<a href=\"http:\/\/www.pluscalvia.com\/betart&#8220;%5D%5B\/vc_column%5D%5B\/vc_row%5D%5Bvc_row%5D%5Bvc_column\" rel=\"nofollow\">http:\/\/www.pluscalvia.com\/betart&#8220;%5D%5B\/vc_column%5D%5B\/vc_row%5D%5Bvc_row%5D%5Bvc_column<\/a> width=&#8220;1\/4&#8243;][vc_empty_space height=&#8220;35px&#8220;]<div class=\"qodef-section-title-holder  qodef-st-standard qodef-st-title-left qodef-st-normal-space  qodef-st-with-border\" style=\"text-align: left\">\n\t<div class=\"qodef-st-inner\">\n\t\t\t\t\t<h2 class=\"qodef-st-title\" >\n\t\t\t\t<span class=\"qodef-st-title-bold\">Parque<\/span> Arqueol\u00f3gico del Puig de sa Morisca\t\t\t<\/h2>\n\t\t\t\t\t<\/div>\n<\/div>[\/vc_column][vc_column width=&#8220;3\/4&#8243;][vc_column_text]<\/p>\n<h4><strong><a href=\"http:\/\/calvia.com\/responsive\/general.plt?KPAGINA=237&amp;KIDIOMA=2&amp;KNODE=86\" target=\"_blank\" rel=\"noopener noreferrer\">Parque arqueol\u00f3gico Puig de sa Morisca<\/a>\u00a0<\/strong><\/h4>\n<p>El Parque Arqueol\u00f3gico del Puig de sa Morisca (<a href=\"https:\/\/visitcalvia.org\/santaponsa\/\">Santa Pon\u00e7a<\/a>) es un proyecto que viene desarroll\u00e1ndose desde el Ayuntamiento de Calvi\u00e0 en colaboraci\u00f3n con la UIB desde 1997. Se trata de un espacio de m\u00e1s de 45 ha, que incluye una de las concentraciones m\u00e1s importantes de yacimientos arqueol\u00f3gicos de Mallorca, muchos de ellos de titularidad p\u00fablica. Asimismo, cuenta con\u00a0<strong><a href=\"http:\/\/calvia.com\/servlet\/model.web.ShowDoc?KDOCUMENTACIO=38249&amp;TABLENAME=WEB.DOCUMENTACIO&amp;pageProcessKey=LOADINGDOCUMENT&amp;ts=1523357341927\" target=\"_blank\" rel=\"noopener noreferrer\">instalaciones muse\u00edsticas y un rico patrimonio natural, etnogr\u00e1fico y paisaj\u00edstico<\/a>.<\/strong><\/p>\n<h4><strong>Descripci\u00f3n del yacimiento<\/strong><\/h4>\n<p>Se trata de un asentamiento con una configuraci\u00f3n bastante compleja que se refleja tanto en su evoluci\u00f3n crono-cultural como en su distribuci\u00f3n espacial.<br \/>\nA nivel cronol\u00f3gico se documenta una larga ocupaci\u00f3n. Desde el talay\u00f3tico inicial (a partir del siglo VI aC.) hasta la \u00e9poca almohade, abandon\u00e1ndose definitivamente en 1229 con la conquista de la isla por el Rei Jaume I.<br \/>\nA nivel espacial se documenta la presencia de diferentes \u00e1mbitos distribuidos por todo el Puig de Sa Morisca.\u00a0 Destaca especialmente su cima, en la vertiente este y norte y en el collado que se forma con la pe\u00f1a m\u00e1s baja que se localiza al lado del monte.<br \/>\nLos diferentes trabajos de prospecci\u00f3n han permitido documentar estructuras arquitect\u00f3nicas de caracter\u00edsticas muy diversas (talayotes, torres, habitaciones, restos de murallas, cuevas y abrigos, etc.) que se distribuyen en tres grandes \u00e1reas:<\/p>\n<ul>\n<li>\u00c1rea de la Acr\u00f3polis<\/li>\n<li>Abrigos rocosos localizados en la ladera oriental del Puig<\/li>\n<li>Elementos defensivos localizados en la ladera oriental del Puig<\/li>\n<li>Elementos defensivos y zona de h\u00e1bitat localizadas en el collado.<\/li>\n<li>Pe\u00f1a con accesos protegidos.<\/li>\n<\/ul>\n<p>M\u00e1s informaci\u00f3n sobre este parque, <a href=\"http:\/\/calvia.com\/responsive\/general.plt?KPAGINA=237&amp;KIDIOMA=2&amp;KNODE=86\"><strong>aqu\u00ed<\/strong><\/a>[\/vc_column_text][\/vc_column][\/vc_row][vc_row][vc_column width=&#8220;1\/4&#8243; css=&#8220;.vc_custom_1585731740146{margin-left: 50px !important;}&#8220;][vc_empty_space height=&#8220;20px&#8220;][vc_column_text css=&#8220;.vc_custom_1587114383691{padding-bottom: 20px !important;}&#8220;]<\/p>\n<h4>Calvi\u00e0<\/h4>\n<p>[\/vc_column_text]<div class=\"qodef-iwt clearfix  qodef-iwt-icon-left qodef-iwt-icon-medium\">\n\t<div class=\"qodef-iwt-icon\">\n\t\t\t\t\t<a itemprop=\"url\" href=\"tel:971139100\" target=\"_self\">\n\t\t\t\t\t\t\t\t\t    <span class=\"qodef-icon-shortcode qodef-normal   qodef-icon-medium\"  data-color=\"#9bc535\">\n                    <span aria-hidden=\"true\" class=\"qodef-icon-font-elegant icon_phone qodef-icon-element\" style=\"color: #9bc535;font-size:17px\" ><\/span>            <\/span>\n\t\t\t\t\t\t\t\t<\/a>\n\t\t\t<\/div>\n\t<div class=\"qodef-iwt-content\" >\n\t\t\t\t\t<h5 class=\"qodef-iwt-title\" style=\"color: #868585;margin-top: 6px\">\n\t\t\t\t\t\t\t\t\t<a itemprop=\"url\" href=\"tel:971139100\" target=\"_self\">\n\t\t\t\t\t\t\t\t<span class=\"qodef-iwt-title-text\">971 13 91 00<\/span>\n\t\t\t\t\t\t\t\t\t<\/a>\n\t\t\t\t\t\t\t<\/h5>\n\t\t\t\t\t<\/div>\n<\/div>[vc_empty_space height=&#8220;13px&#8220;]<div class=\"qodef-iwt clearfix  qodef-iwt-icon-left qodef-iwt-icon-medium\">\n\t<div class=\"qodef-iwt-icon\">\n\t\t\t\t\t<a itemprop=\"url\" href=\"mailto:calvia@calvia.com\" target=\"_self\">\n\t\t\t\t\t\t\t\t\t    <span class=\"qodef-icon-shortcode qodef-normal   qodef-icon-medium\"  data-color=\"#9bc535\">\n                    <span aria-hidden=\"true\" class=\"qodef-icon-font-elegant icon_comment qodef-icon-element\" style=\"color: #9bc535;font-size:17px\" ><\/span>            <\/span>\n\t\t\t\t\t\t\t\t<\/a>\n\t\t\t<\/div>\n\t<div class=\"qodef-iwt-content\" >\n\t\t\t\t\t<h5 class=\"qodef-iwt-title\" style=\"color: #868585;margin-top: 6px\">\n\t\t\t\t\t\t\t\t\t<a itemprop=\"url\" href=\"mailto:calvia@calvia.com\" target=\"_self\">\n\t\t\t\t\t\t\t\t<span class=\"qodef-iwt-title-text\">calvia@calvia.com<\/span>\n\t\t\t\t\t\t\t\t\t<\/a>\n\t\t\t\t\t\t\t<\/h5>\n\t\t\t\t\t<\/div>\n<\/div>[vc_empty_space height=&#8220;13px&#8220;]<div class=\"qodef-icon-list-holder \" >\n\t<div class=\"qodef-il-icon-holder\">\n\t\t<span aria-hidden=\"true\" class=\"qodef-icon-font-elegant icon_pin \" style=\"color: #9bc535;font-size: 17px\"><\/span>\t<\/div>\n\t<p class=\"qodef-il-text\" style=\"padding-left: 25px\">C\/ de Juli\u00e0 Bujosa Sans, batle, 1 - 07184 Calvi\u00e0 (Illes Balears)<\/p>\n<\/div>[vc_empty_space][\/vc_column][vc_column width=&#8220;3\/4&#8243;][vc_empty_space height=&#8220;20px&#8220;][vc_gmaps link=&#8220;#E-8_JTNDaWZyYW1lJTIwc3JjJTNEJTIyaHR0cHMlM0ElMkYlMkZ3d3cuZ29vZ2xlLmNvbSUyRm1hcHMlMkZlbWJlZCUzRnBiJTNEJTIxMW0xOCUyMTFtMTIlMjExbTMlMjExZDEyMzAzLjQ4MDQxMDExMzUzJTIxMmQyLjQ5NDc5OTQzNjYwMTI2MyUyMTNkMzkuNTYyNTM2NDIxNTc1MTYlMjEybTMlMjExZjAlMjEyZjAlMjEzZjAlMjEzbTIlMjExaTEwMjQlMjEyaTc2OCUyMTRmMTMuMSUyMTNtMyUyMTFtMiUyMTFzMHgxMjk3OGJiNDM1OTMzNmQxJTI1M0EweDFkNWY2OWJjM2MyYmRhY2UlMjEyczA3MTg0JTI1MjBDYWx2aSUyNUMzJTI1QTElMjUyQyUyNTIwSXNsYXMlMjUyMEJhbGVhcmVzJTIxNWUwJTIxM20yJTIxMXNlcyUyMTJzZXMlMjE0djE1ODcxMTI0OTM2NjclMjE1bTIlMjExc2VzJTIxMnNlcyUyMiUyMHdpZHRoJTNEJTIyNjAwJTIyJTIwaGVpZ2h0JTNEJTIyNDUwJTIyJTIwZnJhbWVib3JkZXIlM0QlMjIwJTIyJTIwc3R5bGUlM0QlMjJib3JkZXIlM0EwJTNCJTIyJTIwYWxsb3dmdWxsc2NyZWVuJTNEJTIyJTIyJTIwYXJpYS1oaWRkZW4lM0QlMjJmYWxzZSUyMiUyMHRhYmluZGV4JTNEJTIyMCUyMiUzRSUzQyUyRmlmcmFtZSUzRQ==&#8220;][\/vc_column][\/vc_row]<\/p>\n<\/div>","protected":false},"excerpt":{"rendered":"<p>[vc_row row_content_width=&#8220;grid&#8220; css=&#8220;.vc_custom_1585726577981{padding-top: 20px !important;padding-bottom: 30px !important;}&#8220;][vc_column width=&#8220;1\/3&#8243;][vc_empty_space height=&#8220;35px&#8220;][\/vc_column][vc_column width=&#8220;2\/3&#8243;][vc_empty_space height=&#8220;35px&#8220;][vc_column_text]Die Gemeinde Calvi\u00e0 verf\u00fcgt \u00fcber ein umfangreiches kunsthistorisches Erbe, das die materielle Spiegelung ihrer langen und vielf\u00e4ltigen Geschichte ist, von den Anf\u00e4ngen w\u00e4hrend der Kupferzeit bis zum Ph\u00e4nomen der Ankunft des Tourismus in den letzten Jahren. Dank des historischen Erbes von Calvi\u00e0 wissen wir, [&hellip;]<\/p>\n","protected":false},"author":182516946,"featured_media":9934,"parent":0,"menu_order":0,"comment_status":"closed","ping_status":"closed","template":"full-width.php","meta":{"_coblocks_attr":"","_coblocks_dimensions":"","_coblocks_responsive_height":"","_coblocks_accordion_ie_support":"","_crdt_document":"","jetpack_post_was_ever_published":false,"footnotes":""},"class_list":["post-13181","page","type-page","status-publish","has-post-thumbnail","hentry"],"yoast_head":"<!-- This site is optimized with the Yoast SEO plugin v27.3 - https:\/\/yoast.com\/product\/yoast-seo-wordpress\/ -->\n<title>El patrimonio hist\u00f3rico de Calvi\u00e0 es rico y variado fruto de su larga historia<\/title>\n<meta name=\"description\" content=\"El patrimonio hist\u00f3rico de Calvi\u00e0 es rico y variado fruto de su larga historia que abarca desde la Edad del Cobre, hasta la llegada del turismo y actualidad\" \/>\n<meta name=\"robots\" content=\"index, follow, max-snippet:-1, max-image-preview:large, max-video-preview:-1\" \/>\n<link rel=\"canonical\" href=\"https:\/\/visitcalvia.org\/de\/kulturerbe\/\" \/>\n<meta property=\"og:locale\" content=\"de_DE\" \/>\n<meta property=\"og:type\" content=\"article\" \/>\n<meta property=\"og:title\" content=\"El patrimonio hist\u00f3rico de Calvi\u00e0 es rico y variado fruto de su larga historia\" \/>\n<meta property=\"og:description\" content=\"El patrimonio hist\u00f3rico de Calvi\u00e0 es rico y variado fruto de su larga historia que abarca desde la Edad del Cobre, hasta la llegada del turismo y actualidad\" \/>\n<meta property=\"og:url\" content=\"https:\/\/visitcalvia.org\/de\/kulturerbe\/\" \/>\n<meta property=\"og:site_name\" content=\"visitcalvia\" \/>\n<meta property=\"article:modified_time\" content=\"2025-01-24T09:03:36+00:00\" \/>\n<meta property=\"og:image\" content=\"https:\/\/visitcalvia.org\/wp-content\/uploads\/2020\/04\/patrimonio.jpg\" \/>\n\t<meta property=\"og:image:width\" content=\"1920\" \/>\n\t<meta property=\"og:image:height\" content=\"1100\" \/>\n\t<meta property=\"og:image:type\" content=\"image\/jpeg\" \/>\n<meta name=\"twitter:card\" content=\"summary_large_image\" \/>\n<meta name=\"twitter:label1\" content=\"Gesch\u00e4tzte Lesezeit\" \/>\n\t<meta name=\"twitter:data1\" content=\"4\u00a0Minuten\" \/>\n<script type=\"application\/ld+json\" class=\"yoast-schema-graph\">{\"@context\":\"https:\\\/\\\/schema.org\",\"@graph\":[{\"@type\":\"WebPage\",\"@id\":\"https:\\\/\\\/visitcalvia.org\\\/de\\\/kulturerbe\\\/\",\"url\":\"https:\\\/\\\/visitcalvia.org\\\/de\\\/kulturerbe\\\/\",\"name\":\"El patrimonio hist\u00f3rico de Calvi\u00e0 es rico y variado fruto de su larga historia\",\"isPartOf\":{\"@id\":\"https:\\\/\\\/visitcalvia.org\\\/de\\\/#website\"},\"primaryImageOfPage\":{\"@id\":\"https:\\\/\\\/visitcalvia.org\\\/de\\\/kulturerbe\\\/#primaryimage\"},\"image\":{\"@id\":\"https:\\\/\\\/visitcalvia.org\\\/de\\\/kulturerbe\\\/#primaryimage\"},\"thumbnailUrl\":\"https:\\\/\\\/i0.wp.com\\\/visitcalvia.org\\\/wp-content\\\/uploads\\\/2020\\\/04\\\/patrimonio.jpg?fit=1920%2C1100&ssl=1\",\"datePublished\":\"2020-04-17T09:12:35+00:00\",\"dateModified\":\"2025-01-24T09:03:36+00:00\",\"description\":\"El patrimonio hist\u00f3rico de Calvi\u00e0 es rico y variado fruto de su larga historia que abarca desde la Edad del Cobre, hasta la llegada del turismo y actualidad\",\"breadcrumb\":{\"@id\":\"https:\\\/\\\/visitcalvia.org\\\/de\\\/kulturerbe\\\/#breadcrumb\"},\"inLanguage\":\"de\",\"potentialAction\":[{\"@type\":\"ReadAction\",\"target\":[\"https:\\\/\\\/visitcalvia.org\\\/de\\\/kulturerbe\\\/\"]}]},{\"@type\":\"ImageObject\",\"inLanguage\":\"de\",\"@id\":\"https:\\\/\\\/visitcalvia.org\\\/de\\\/kulturerbe\\\/#primaryimage\",\"url\":\"https:\\\/\\\/i0.wp.com\\\/visitcalvia.org\\\/wp-content\\\/uploads\\\/2020\\\/04\\\/patrimonio.jpg?fit=1920%2C1100&ssl=1\",\"contentUrl\":\"https:\\\/\\\/i0.wp.com\\\/visitcalvia.org\\\/wp-content\\\/uploads\\\/2020\\\/04\\\/patrimonio.jpg?fit=1920%2C1100&ssl=1\",\"width\":1920,\"height\":1100,\"caption\":\"patrimonio hist\u00f3rico de Calvi\u00e0 en Mallorca\"},{\"@type\":\"BreadcrumbList\",\"@id\":\"https:\\\/\\\/visitcalvia.org\\\/de\\\/kulturerbe\\\/#breadcrumb\",\"itemListElement\":[{\"@type\":\"ListItem\",\"position\":1,\"name\":\"Portada\",\"item\":\"https:\\\/\\\/visitcalvia.org\\\/de\\\/\"},{\"@type\":\"ListItem\",\"position\":2,\"name\":\"kulturerbe\"}]},{\"@type\":\"WebSite\",\"@id\":\"https:\\\/\\\/visitcalvia.org\\\/de\\\/#website\",\"url\":\"https:\\\/\\\/visitcalvia.org\\\/de\\\/\",\"name\":\"visitcalvia\",\"description\":\"Vacaciones en Mallorca \u2013 Calvi\u00e0 m\u00faltiples destinos en uno s\u00f3lo lugar. Palmanova, Santa Pon\u00e7a, Magaluf, Peguera, Portals Nous, Costa d\u2019en Blanes, Cala Vinyes\",\"potentialAction\":[{\"@type\":\"SearchAction\",\"target\":{\"@type\":\"EntryPoint\",\"urlTemplate\":\"https:\\\/\\\/visitcalvia.org\\\/de\\\/?s={search_term_string}\"},\"query-input\":{\"@type\":\"PropertyValueSpecification\",\"valueRequired\":true,\"valueName\":\"search_term_string\"}}],\"inLanguage\":\"de\"}]}<\/script>\n<!-- \/ Yoast SEO plugin. -->","yoast_head_json":{"title":"El patrimonio hist\u00f3rico de Calvi\u00e0 es rico y variado fruto de su larga historia","description":"El patrimonio hist\u00f3rico de Calvi\u00e0 es rico y variado fruto de su larga historia que abarca desde la Edad del Cobre, hasta la llegada del turismo y actualidad","robots":{"index":"index","follow":"follow","max-snippet":"max-snippet:-1","max-image-preview":"max-image-preview:large","max-video-preview":"max-video-preview:-1"},"canonical":"https:\/\/visitcalvia.org\/de\/kulturerbe\/","og_locale":"de_DE","og_type":"article","og_title":"El patrimonio hist\u00f3rico de Calvi\u00e0 es rico y variado fruto de su larga historia","og_description":"El patrimonio hist\u00f3rico de Calvi\u00e0 es rico y variado fruto de su larga historia que abarca desde la Edad del Cobre, hasta la llegada del turismo y actualidad","og_url":"https:\/\/visitcalvia.org\/de\/kulturerbe\/","og_site_name":"visitcalvia","article_modified_time":"2025-01-24T09:03:36+00:00","og_image":[{"width":1920,"height":1100,"url":"https:\/\/visitcalvia.org\/wp-content\/uploads\/2020\/04\/patrimonio.jpg","type":"image\/jpeg"}],"twitter_card":"summary_large_image","twitter_misc":{"Gesch\u00e4tzte Lesezeit":"4\u00a0Minuten"},"schema":{"@context":"https:\/\/schema.org","@graph":[{"@type":"WebPage","@id":"https:\/\/visitcalvia.org\/de\/kulturerbe\/","url":"https:\/\/visitcalvia.org\/de\/kulturerbe\/","name":"El patrimonio hist\u00f3rico de Calvi\u00e0 es rico y variado fruto de su larga historia","isPartOf":{"@id":"https:\/\/visitcalvia.org\/de\/#website"},"primaryImageOfPage":{"@id":"https:\/\/visitcalvia.org\/de\/kulturerbe\/#primaryimage"},"image":{"@id":"https:\/\/visitcalvia.org\/de\/kulturerbe\/#primaryimage"},"thumbnailUrl":"https:\/\/i0.wp.com\/visitcalvia.org\/wp-content\/uploads\/2020\/04\/patrimonio.jpg?fit=1920%2C1100&ssl=1","datePublished":"2020-04-17T09:12:35+00:00","dateModified":"2025-01-24T09:03:36+00:00","description":"El patrimonio hist\u00f3rico de Calvi\u00e0 es rico y variado fruto de su larga historia que abarca desde la Edad del Cobre, hasta la llegada del turismo y actualidad","breadcrumb":{"@id":"https:\/\/visitcalvia.org\/de\/kulturerbe\/#breadcrumb"},"inLanguage":"de","potentialAction":[{"@type":"ReadAction","target":["https:\/\/visitcalvia.org\/de\/kulturerbe\/"]}]},{"@type":"ImageObject","inLanguage":"de","@id":"https:\/\/visitcalvia.org\/de\/kulturerbe\/#primaryimage","url":"https:\/\/i0.wp.com\/visitcalvia.org\/wp-content\/uploads\/2020\/04\/patrimonio.jpg?fit=1920%2C1100&ssl=1","contentUrl":"https:\/\/i0.wp.com\/visitcalvia.org\/wp-content\/uploads\/2020\/04\/patrimonio.jpg?fit=1920%2C1100&ssl=1","width":1920,"height":1100,"caption":"patrimonio hist\u00f3rico de Calvi\u00e0 en Mallorca"},{"@type":"BreadcrumbList","@id":"https:\/\/visitcalvia.org\/de\/kulturerbe\/#breadcrumb","itemListElement":[{"@type":"ListItem","position":1,"name":"Portada","item":"https:\/\/visitcalvia.org\/de\/"},{"@type":"ListItem","position":2,"name":"kulturerbe"}]},{"@type":"WebSite","@id":"https:\/\/visitcalvia.org\/de\/#website","url":"https:\/\/visitcalvia.org\/de\/","name":"visitcalvia","description":"Vacaciones en Mallorca \u2013 Calvi\u00e0 m\u00faltiples destinos en uno s\u00f3lo lugar. Palmanova, Santa Pon\u00e7a, Magaluf, Peguera, Portals Nous, Costa d\u2019en Blanes, Cala Vinyes","potentialAction":[{"@type":"SearchAction","target":{"@type":"EntryPoint","urlTemplate":"https:\/\/visitcalvia.org\/de\/?s={search_term_string}"},"query-input":{"@type":"PropertyValueSpecification","valueRequired":true,"valueName":"search_term_string"}}],"inLanguage":"de"}]}},"jetpack_likes_enabled":false,"jetpack_sharing_enabled":false,"jetpack_shortlink":"https:\/\/wp.me\/PbP1bo-3qB","amp_enabled":false,"_links":{"self":[{"href":"https:\/\/visitcalvia.org\/de\/wp-json\/wp\/v2\/pages\/13181","targetHints":{"allow":["GET"]}}],"collection":[{"href":"https:\/\/visitcalvia.org\/de\/wp-json\/wp\/v2\/pages"}],"about":[{"href":"https:\/\/visitcalvia.org\/de\/wp-json\/wp\/v2\/types\/page"}],"author":[{"embeddable":true,"href":"https:\/\/visitcalvia.org\/de\/wp-json\/wp\/v2\/users\/182516946"}],"replies":[{"embeddable":true,"href":"https:\/\/visitcalvia.org\/de\/wp-json\/wp\/v2\/comments?post=13181"}],"version-history":[{"count":5,"href":"https:\/\/visitcalvia.org\/de\/wp-json\/wp\/v2\/pages\/13181\/revisions"}],"predecessor-version":[{"id":28064,"href":"https:\/\/visitcalvia.org\/de\/wp-json\/wp\/v2\/pages\/13181\/revisions\/28064"}],"wp:featuredmedia":[{"embeddable":true,"href":"https:\/\/visitcalvia.org\/de\/wp-json\/wp\/v2\/media\/9934"}],"wp:attachment":[{"href":"https:\/\/visitcalvia.org\/de\/wp-json\/wp\/v2\/media?parent=13181"}],"curies":[{"name":"wp","href":"https:\/\/api.w.org\/{rel}","templated":true}]}}