{"id":13245,"date":"2020-07-14T11:09:07","date_gmt":"2020-07-14T09:09:07","guid":{"rendered":"https:\/\/visitcalvia.org\/playa-de-perros-cala-des-gats\/"},"modified":"2025-07-07T09:26:45","modified_gmt":"2025-07-07T07:26:45","slug":"strand-cala-des-gats-hundestrand","status":"publish","type":"page","link":"https:\/\/visitcalvia.org\/de\/strand-cala-des-gats-hundestrand\/","title":{"rendered":"Strand Cala des Gats Hundestrand"},"content":{"rendered":"<div class=\"wpb-content-wrapper\"><p>[vc_row content_placement=&#8220;middle&#8220; content_text_aligment=&#8220;center&#8220; css=&#8220;.vc_custom_1594718218904{padding-top: 81px !important;background-image: url(<a href=\"https:\/\/visitcalvia.org\/wp-content\/uploads\/2020\/07\/Cala-Gats.jpg?id=11914\">https:\/\/visitcalvia.org\/wp-content\/uploads\/2020\/07\/Cala-Gats.jpg?id=11914<\/a>) !important;background-position: center !important;background-repeat: no-repeat !important;background-size: cover !important;}&#8220; simple_background_color=&#8220;#ffffff&#8220;][vc_column]<div class=\"qodef-elements-holder   qodef-one-column  qodef-responsive-mode-768 \" ><div class=\"qodef-eh-item     \"  data-item-class=\"qodef-eh-custom-6769\" data-1024-1280=\"0 21%\" data-768-1024=\"0 12%\" data-680-768=\"0 0\" data-680=\"0 0\">\n\t<div class=\"qodef-eh-item-inner\">\n\t\t<div class=\"qodef-eh-item-content qodef-eh-custom-6769\" style=\"padding: 0 25%\">\n\t\t\t[vc_empty_space height=&#8220;200px&#8220;]\t\t<\/div>\n\t<\/div>\n\t<\/div><\/div>[\/vc_column][\/vc_row][vc_row full_width=&#8220;stretch_row&#8220; css=&#8220;.vc_custom_1738054147413{background-color: #9bc535 !important;}&#8220;][vc_column][vc_row_inner row_content_width=&#8220;grid&#8220;][vc_column_inner width=&#8220;1\/2&#8243;]<div class=\"qodef-section-title-holder  qodef-st-standard qodef-st-title-left qodef-st-normal-space  \" style=\"text-align: right\">\n\t<div class=\"qodef-st-inner\">\n\t\t\t\t\t<h3 class=\"qodef-st-title\" style=\"color: #0a0a0a\">\n\t\t\t\t<span class=\"qodef-st-title-bold\">Strand-Datenblatt<\/span> <span class=\"qodef-st-title-bold\">Cala<\/span> <span class=\"qodef-st-title-bold\">des<\/span> <span class=\"qodef-st-title-bold\">Gats<\/span><br \/>\t\t\t<\/h3>\n\t\t\t\t\t<\/div>\n<\/div>[vc_empty_space height=&#8220;10px&#8220;][\/vc_column_inner][vc_column_inner width=&#8220;1\/2&#8243;][vc_empty_space height=&#8220;7px&#8220;]<a itemprop=\"url\" href=\"https:\/\/drive.google.com\/file\/d\/1FhdfmIfO2z1b42duukaZnlB-z7UqlM-J\/view?usp=sharing\" target=\"_blank\" style=\"text-transform: capitalize\" class=\"qodef-btn qodef-btn-small qodef-btn-solid qodef-btn-icon\"  >\n    <span class=\"qodef-btn-text\">Weitere Informationen<\/span>\n    <i class=\"qodef-icon-font-awesome fa fa-chevron-right \" ><\/i><\/a>[vc_empty_space height=&#8220;7px&#8220;][\/vc_column_inner][\/vc_row_inner][vc_empty_space height=&#8220;20px&#8220;][\/vc_column][\/vc_row][vc_row row_content_width=&#8220;grid&#8220; css=&#8220;.vc_custom_1587458275105{margin-top: 35px !important;padding-bottom: 30px !important;}&#8220;][vc_column]<div class=\"qodef-section-title-holder  qodef-st-standard qodef-st-title-left qodef-st-normal-space qodef-st-disable-title-break qodef-st-with-border\" style=\"text-align: left\">\n\t<div class=\"qodef-st-inner\">\n\t\t\t\t\t<h2 class=\"qodef-st-title\" >\n\t\t\t\tStrand Cala des Gats<br \/> <span class=\"qodef-st-title-bold\">(Hundestrand<\/span> auf Mallorca)\t\t\t<\/h2>\n\t\t\t\t\t<\/div>\n<\/div>[vc_column_text]Cala des Gats (Hundestrand auf Mallorca) ist eine kleine Bucht an der <a href=\"https:\/\/visitcalvia.org\/de\/costadelacalma\/\"><strong>Costa de la Calma<\/strong><\/a>, die man mit Hunden betreten darf.<\/p>\n<p>Die Bucht befindet sich in dem Raum zwischen der Punta des Gats und der Bucht <a href=\"https:\/\/visitcalvia.org\/de\/strand-cala-blanca\/\"><strong>Cala Blanca<\/strong><\/a> und ist \u00fcber die Calle Bellavista, Hausnummer 102 zu erreichen. Es ist eine paradiesische Gegend in der N\u00e4he anderer Str\u00e4nde und ideal, um einen Tag am Strand mit Ihrem Haustier zu verbringen.<\/p>\n<p>Die Bucht Cala des Gats ist neben <a href=\"https:\/\/visitcalvia.org\/de\/hundestrand-punta-marroig\/\"><strong>Punta Marroig<\/strong><\/a> (<a href=\"https:\/\/visitcalvia.org\/de\/palmanova\/\"><strong>Palmanova<\/strong><\/a>) eine der M\u00f6glichkeiten in der Gemeinde Calvi\u00e0, um mit Ihrem Haustier (Hund) am Strand von Calvi\u00e0 zu baden.<\/p>\n<h4><strong>Nutzungsbedingungen<\/strong><\/h4>\n<p>Wichtig: Wir bitten Sie, die folgenden Bedingungen einzuhalten, um diese Bucht mit Ihrem Haustier (Hund) nutzen zu k\u00f6nnen:<\/p>\n<p>In den abgegrenzten Gebieten der K\u00fcstenlinie der Gemeinde, die speziell f\u00fcr den Auslauf mit Hunden zugelassen sind, muss eine angemessene und verantwortungsvolle Nutzung erfolgen, wobei Folgendes zu ber\u00fccksichtigen ist:<\/p>\n<ol>\n<li style=\"list-style-type: none;\">\n<ol>\n<li>Die Hundehalter haften f\u00fcr das Verhalten ihrer Tiere.<\/li>\n<li>Hunde d\u00fcrfen in dem im Dekret des B\u00fcrgermeisteramtes vom 12. Juli 2016 (BOIB Nr. 91 vom 19.07.16) definierten und abgegrenzten Bereich ohne Leine frei laufen.<\/li>\n<li>Hunde, die gem\u00e4\u00df dem K\u00f6niglichen Dekret 287\/2002 vom 22. M\u00e4rz als potenziell gef\u00e4hrlich eingestuft wurden, d\u00fcrfen keinesfalls ohne Leine oder ohne Maulkorb umher laufen.<\/li>\n<li>Das Zur\u00fccklassen von Exkrementen innerhalb und au\u00dferhalb des erlaubten Bereichs ist verboten. Der Hundehalter muss den Abfall einsammeln und in st\u00e4dtischen Abfallbeh\u00e4ltern deponieren.<\/li>\n<li>Der Hundehalter haftet f\u00fcr k\u00f6rperliche und psychischen Sch\u00e4den, die von seinen Tieren verursachen werden k\u00f6nnten.<\/li>\n<li>Alle Hunde m\u00fcssen einen Mikrochip und die erforderlichen Impfungen und\/oder Behandlungen erhalten haben.<\/li>\n<li>Der Nutzungszeitraum ist von 8 bis 20 Uhr.<\/li>\n<li>Die Stadtverwaltung von Calvi\u00e0 \u00fcberwacht den korrekten Umgang mit der Umwelt und die Einhaltung der kommunalen Verordnungen.<\/li>\n<\/ol>\n<\/li>\n<\/ol>\n<p>Hundestrand auf Mallorca[\/vc_column_text][vc_empty_space height=&#8220;10px&#8220;][\/vc_column][\/vc_row][vc_row equal_height=&#8220;yes&#8220; content_placement=&#8220;middle&#8220;][vc_column width=&#8220;2\/3&#8243; offset=&#8220;vc_col-lg-5 vc_col-md-12&#8243; css=&#8220;.vc_custom_1585820997663{margin-top: 0px !important;margin-right: 0px !important;margin-bottom: 0px !important;margin-left: 0px !important;padding-top: 0px !important;padding-right: 0px !important;padding-bottom: 0px !important;padding-left: 0px !important;background-color: #fcfcfc !important;}&#8220;]<div class=\"qodef-elements-holder   qodef-one-column  qodef-responsive-mode-768 qodef-one-column-alignment-right\" ><div class=\"qodef-eh-item   qodef-horizontal-alignment-right  \"  data-item-class=\"qodef-eh-custom-7368\" data-1280-1600=\"0 12% 15px 31%\" data-1024-1280=\"0 12% 15px 24%\" data-768-1024=\"48px 25% 70px 35%\" data-680-768=\"48px 12% 70px 35%\" data-680=\"50px 8% 70px 10%\">\n\t<div class=\"qodef-eh-item-inner\">\n\t\t<div class=\"qodef-eh-item-content qodef-eh-custom-7368\" style=\"padding: 0 12% 20px 35%\">\n\t\t\t[vc_column_text]<\/p>\n<h2 style=\"text-align: right;\">Cala des gats<\/h2>\n<p style=\"text-align: right; font-family: Montserrat; margin-top: -18px; margin-bottom: 16px;\"><span class=\"change-second-color\" style=\"color: #ff0030;\"><em>Entdecken Sie Hundestrand auf Mallorca<\/em><\/span><\/p>\n<p>[\/vc_column_text]\t\t<\/div>\n\t<\/div>\n\t<\/div><\/div>[\/vc_column][vc_column width=&#8220;1\/3&#8243; offset=&#8220;vc_col-lg-7 vc_col-md-12&#8243; css=&#8220;.vc_custom_1504689016842{margin-top: 0px !important;margin-right: 0px !important;margin-bottom: 0px !important;margin-left: 0px !important;padding-top: 0px !important;padding-right: 0px !important;padding-bottom: 0px !important;padding-left: 0px !important;}&#8220;]<div class=\"qodef-single-image-holder   qodef-image-behavior-zoom\">\n    <div class=\"qodef-si-inner\" style=\"background-image: url(https:\/\/i0.wp.com\/visitcalvia.org\/wp-content\/uploads\/2020\/07\/Gala-des-Gats-mapa.png?fit=1142%2C809&amp;ssl=1)\">\n                                    <img decoding=\"async\" width=\"1142\" height=\"809\" src=\"https:\/\/i0.wp.com\/visitcalvia.org\/wp-content\/uploads\/2020\/07\/Gala-des-Gats-mapa.png?fit=1142%2C809&amp;ssl=1\" class=\"attachment-full size-full\" alt=\"Playa con perros Mallorca Cala des gats , dog beaches in mallorca\" srcset=\"https:\/\/i0.wp.com\/visitcalvia.org\/wp-content\/uploads\/2020\/07\/Gala-des-Gats-mapa.png?w=1142&amp;ssl=1 1142w, https:\/\/i0.wp.com\/visitcalvia.org\/wp-content\/uploads\/2020\/07\/Gala-des-Gats-mapa.png?resize=300%2C213&amp;ssl=1 300w, https:\/\/i0.wp.com\/visitcalvia.org\/wp-content\/uploads\/2020\/07\/Gala-des-Gats-mapa.png?resize=1024%2C725&amp;ssl=1 1024w, https:\/\/i0.wp.com\/visitcalvia.org\/wp-content\/uploads\/2020\/07\/Gala-des-Gats-mapa.png?resize=768%2C544&amp;ssl=1 768w, https:\/\/i0.wp.com\/visitcalvia.org\/wp-content\/uploads\/2020\/07\/Gala-des-Gats-mapa.png?resize=150%2C106&amp;ssl=1 150w, https:\/\/i0.wp.com\/visitcalvia.org\/wp-content\/uploads\/2020\/07\/Gala-des-Gats-mapa.png?resize=500%2C354&amp;ssl=1 500w\" sizes=\"(max-width: 1100px) 100vw, 1100px\" data-attachment-id=\"11920\" data-permalink=\"https:\/\/visitcalvia.org\/de\/playa-de-perros-cala-des-gats\/gala-des-gats-mapa\/\" data-orig-file=\"https:\/\/i0.wp.com\/visitcalvia.org\/wp-content\/uploads\/2020\/07\/Gala-des-Gats-mapa.png?fit=1142%2C809&amp;ssl=1\" data-orig-size=\"1142,809\" data-comments-opened=\"1\" data-image-meta=\"{&quot;aperture&quot;:&quot;0&quot;,&quot;credit&quot;:&quot;&quot;,&quot;camera&quot;:&quot;&quot;,&quot;caption&quot;:&quot;&quot;,&quot;created_timestamp&quot;:&quot;0&quot;,&quot;copyright&quot;:&quot;&quot;,&quot;focal_length&quot;:&quot;0&quot;,&quot;iso&quot;:&quot;0&quot;,&quot;shutter_speed&quot;:&quot;0&quot;,&quot;title&quot;:&quot;&quot;,&quot;orientation&quot;:&quot;0&quot;}\" data-image-title=\"Gala des Gats-mapa\" data-image-description=\"\" data-image-caption=\"\" data-large-file=\"https:\/\/i0.wp.com\/visitcalvia.org\/wp-content\/uploads\/2020\/07\/Gala-des-Gats-mapa.png?fit=1024%2C725&amp;ssl=1\" \/>                        <\/div>\n<\/div>[\/vc_column][\/vc_row][vc_row css=&#8220;.vc_custom_1587388774987{padding-top: 20px !important;}&#8220;][vc_column][vc_gmaps link=&#8220;#E-8_JTNDaWZyYW1lJTIwc3JjJTNEJTIyaHR0cHMlM0ElMkYlMkZ3d3cuZ29vZ2xlLmNvbSUyRm1hcHMlMkZlbWJlZCUzRnBiJTNEJTIxMW0xOCUyMTFtMTIlMjExbTMlMjExZDMwNzcuNDQ4NDM5MjA3OTExJTIxMmQyLjQ2MzY5NDI1MDcwNTc0NzUlMjEzZDM5LjUyNjkzNjYxNzA5NDQxJTIxMm0zJTIxMWYwJTIxMmYwJTIxM2YwJTIxM20yJTIxMWkxMDI0JTIxMmk3NjglMjE0ZjEzLjElMjEzbTMlMjExbTIlMjExczB4MTI5Nzg5ZTZiMDIzMzJjZiUyNTNBMHg3N2RjZjZmMDgzZjJhMGFjJTIxMnNIdW5kZXN0cmFuZCUyNTIwQ2FsYSUyNTIwZGVzJTI1MjBHYXRzJTIxNWUwJTIxM20yJTIxMXNlcyUyMTJzZXMlMjE0djE1OTQ3MTc4NDIzODUlMjE1bTIlMjExc2VzJTIxMnNlcyUyMiUyMHdpZHRoJTNEJTIyNjAwJTIyJTIwaGVpZ2h0JTNEJTIyNDUwJTIyJTIwZnJhbWVib3JkZXIlM0QlMjIwJTIyJTIwc3R5bGUlM0QlMjJib3JkZXIlM0EwJTNCJTIyJTIwYWxsb3dmdWxsc2NyZWVuJTNEJTIyJTIyJTIwYXJpYS1oaWRkZW4lM0QlMjJmYWxzZSUyMiUyMHRhYmluZGV4JTNEJTIyMCUyMiUzRSUzQyUyRmlmcmFtZSUzRQ==&#8220;][\/vc_column][\/vc_row][vc_row row_content_width=&#8220;grid&#8220; css=&#8220;.vc_custom_1587127080469{padding-top: 40px !important;padding-bottom: 20px !important;}&#8220;][vc_column width=&#8220;2\/3&#8243;][vc_empty_space]<div class=\"qodef-section-title-holder  qodef-st-standard qodef-st-title-left qodef-st-normal-space  \" >\n\t<div class=\"qodef-st-inner\">\n\t\t\t\t\t<h2 class=\"qodef-st-title\" >\n\t\t\t\tStr\u00e4nde in der Umgebung\t\t\t<\/h2>\n\t\t\t\t\t\t\t<h5 class=\"qodef-st-text\" >\n\t\t\t\tSanta Pon\u00e7a - El Toro - Costa de la Calma\t\t\t<\/h5>\n\t\t\t<\/div>\n<\/div>[\/vc_column][vc_column width=&#8220;1\/3&#8243;][vc_empty_space]<div class=\"qodef-banner-holder  qodef-simple qodef-banner-info-default\">\n    <div class=\"qodef-banner-image\">\n        <img decoding=\"async\" width=\"600\" height=\"600\" src=\"https:\/\/i0.wp.com\/visitcalvia.org\/wp-content\/uploads\/2020\/07\/Playa-de-PUNTA-MARROIG-banner.jpg?fit=600%2C600&amp;ssl=1\" class=\"attachment-full size-full\" alt=\"\" srcset=\"https:\/\/i0.wp.com\/visitcalvia.org\/wp-content\/uploads\/2020\/07\/Playa-de-PUNTA-MARROIG-banner.jpg?w=600&amp;ssl=1 600w, https:\/\/i0.wp.com\/visitcalvia.org\/wp-content\/uploads\/2020\/07\/Playa-de-PUNTA-MARROIG-banner.jpg?resize=300%2C300&amp;ssl=1 300w, https:\/\/i0.wp.com\/visitcalvia.org\/wp-content\/uploads\/2020\/07\/Playa-de-PUNTA-MARROIG-banner.jpg?resize=150%2C150&amp;ssl=1 150w, https:\/\/i0.wp.com\/visitcalvia.org\/wp-content\/uploads\/2020\/07\/Playa-de-PUNTA-MARROIG-banner.jpg?resize=400%2C400&amp;ssl=1 400w, https:\/\/i0.wp.com\/visitcalvia.org\/wp-content\/uploads\/2020\/07\/Playa-de-PUNTA-MARROIG-banner.jpg?resize=200%2C200&amp;ssl=1 200w, https:\/\/i0.wp.com\/visitcalvia.org\/wp-content\/uploads\/2020\/07\/Playa-de-PUNTA-MARROIG-banner.jpg?resize=550%2C550&amp;ssl=1 550w, https:\/\/i0.wp.com\/visitcalvia.org\/wp-content\/uploads\/2020\/07\/Playa-de-PUNTA-MARROIG-banner.jpg?resize=50%2C50&amp;ssl=1 50w, https:\/\/i0.wp.com\/visitcalvia.org\/wp-content\/uploads\/2020\/07\/Playa-de-PUNTA-MARROIG-banner.jpg?resize=500%2C500&amp;ssl=1 500w\" sizes=\"(max-width: 600px) 100vw, 600px\" data-attachment-id=\"11895\" data-permalink=\"https:\/\/visitcalvia.org\/de\/playa-de-perros-punta-marroig\/playa-de-punta-marroig-banner\/\" data-orig-file=\"https:\/\/i0.wp.com\/visitcalvia.org\/wp-content\/uploads\/2020\/07\/Playa-de-PUNTA-MARROIG-banner.jpg?fit=600%2C600&amp;ssl=1\" data-orig-size=\"600,600\" data-comments-opened=\"1\" data-image-meta=\"{&quot;aperture&quot;:&quot;0&quot;,&quot;credit&quot;:&quot;&quot;,&quot;camera&quot;:&quot;&quot;,&quot;caption&quot;:&quot;&quot;,&quot;created_timestamp&quot;:&quot;0&quot;,&quot;copyright&quot;:&quot;&quot;,&quot;focal_length&quot;:&quot;0&quot;,&quot;iso&quot;:&quot;0&quot;,&quot;shutter_speed&quot;:&quot;0&quot;,&quot;title&quot;:&quot;&quot;,&quot;orientation&quot;:&quot;1&quot;}\" data-image-title=\"Playa de PUNTA MARROIG-banner\" data-image-description=\"\" data-image-caption=\"\" data-large-file=\"https:\/\/i0.wp.com\/visitcalvia.org\/wp-content\/uploads\/2020\/07\/Playa-de-PUNTA-MARROIG-banner.jpg?fit=600%2C600&amp;ssl=1\" \/>    <\/div>\n    <div class=\"qodef-banner-text-holder\" >\n\t    <div class=\"qodef-banner-text-outer\">\n\t\t    <div class=\"qodef-banner-text-inner\">\n\t\t        \t\t        \t\t\t<\/div>\n\t\t<\/div>\n\t<\/div>\n\t        <a itemprop=\"url\" class=\"qodef-banner-link\" href=\"https:\/\/visitcalvia.org\/de\/hundestrand-punta-marroig\/\" target=\"_self\"><\/a>\n    <\/div>[\/vc_column][\/vc_row][vc_row][vc_column][vc_empty_space][vc_video link=&#8220;<a href=\"https:\/\/youtu.be\/UqE1etkov2w&#038;#8220\" rel=\"nofollow\">https:\/\/youtu.be\/UqE1etkov2w&#038;#8220<\/a>; align=&#8220;center&#8220;][\/vc_column][\/vc_row]<\/p>\n<\/div>","protected":false},"excerpt":{"rendered":"<p>[vc_row content_placement=&#8220;middle&#8220; content_text_aligment=&#8220;center&#8220; css=&#8220;.vc_custom_1594718218904{padding-top: 81px !important;background-image: url(<a href=\"https:\/\/visitcalvia.org\/wp-content\/uploads\/2020\/07\/Cala-Gats.jpg?id=11914\">https:\/\/visitcalvia.org\/wp-content\/uploads\/2020\/07\/Cala-Gats.jpg?id=11914<\/a>) !important;background-position: center !important;background-repeat: no-repeat !important;background-size: cover !important;}&#8220; simple_background_color=&#8220;#ffffff&#8220;][vc_column][\/vc_column][\/vc_row][vc_row full_width=&#8220;stretch_row&#8220; css=&#8220;.vc_custom_1738054147413{background-color: #9bc535 !important;}&#8220;][vc_column][vc_row_inner row_content_width=&#8220;grid&#8220;][vc_column_inner width=&#8220;1\/2&#8243;][vc_empty_space height=&#8220;10px&#8220;][\/vc_column_inner][vc_column_inner width=&#8220;1\/2&#8243;][vc_empty_space height=&#8220;7px&#8220;][vc_empty_space height=&#8220;7px&#8220;][\/vc_column_inner][\/vc_row_inner][vc_empty_space height=&#8220;20px&#8220;][\/vc_column][\/vc_row][vc_row row_content_width=&#8220;grid&#8220; css=&#8220;.vc_custom_1587458275105{margin-top: 35px !important;padding-bottom: 30px !important;}&#8220;][vc_column][vc_column_text]Cala des Gats (Hundestrand auf Mallorca) ist eine kleine Bucht an der Costa de la Calma, die man mit Hunden betreten darf. Die [&hellip;]<\/p>\n","protected":false},"author":182516946,"featured_media":11917,"parent":0,"menu_order":0,"comment_status":"closed","ping_status":"closed","template":"full-width.php","meta":{"_coblocks_attr":"","_coblocks_dimensions":"","_coblocks_responsive_height":"","_coblocks_accordion_ie_support":"","_crdt_document":"","footnotes":""},"class_list":["post-13245","page","type-page","status-publish","has-post-thumbnail","hentry"],"yoast_head":"<!-- This site is optimized with the Yoast SEO plugin v27.5 - https:\/\/yoast.com\/product\/yoast-seo-wordpress\/ -->\n<title>Playa con perros Mallorca - Cala des Gats en Costa de la Calma (Calvi\u00e0)<\/title>\n<meta name=\"description\" content=\"Si buscas un d\u00eda de Playa con perros en Mallorca , Cala des Gats en Costa de la Calma (Calvi\u00e0) es una opci\u00f3n id\u00f3nea. Cerca de Santa Pon\u00e7a, c\u00f3moda,\" \/>\n<meta name=\"robots\" content=\"index, follow, max-snippet:-1, max-image-preview:large, max-video-preview:-1\" \/>\n<link rel=\"canonical\" href=\"https:\/\/visitcalvia.org\/de\/strand-cala-des-gats-hundestrand\/\" \/>\n<meta property=\"og:locale\" content=\"de_DE\" \/>\n<meta property=\"og:type\" content=\"article\" \/>\n<meta property=\"og:title\" content=\"Playa con perros Mallorca - Cala des Gats en Costa de la Calma (Calvi\u00e0)\" \/>\n<meta property=\"og:description\" content=\"Si buscas un d\u00eda de Playa con perros en Mallorca , Cala des Gats en Costa de la Calma (Calvi\u00e0) es una opci\u00f3n id\u00f3nea. Cerca de Santa Pon\u00e7a, c\u00f3moda,\" \/>\n<meta property=\"og:url\" content=\"https:\/\/visitcalvia.org\/de\/strand-cala-des-gats-hundestrand\/\" \/>\n<meta property=\"og:site_name\" content=\"visitcalvia\" \/>\n<meta property=\"article:modified_time\" content=\"2025-07-07T07:26:45+00:00\" \/>\n<meta property=\"og:image\" content=\"https:\/\/visitcalvia.org\/wp-content\/uploads\/2020\/07\/Cala-Gats.jpg\" \/>\n\t<meta property=\"og:image:width\" content=\"2048\" \/>\n\t<meta property=\"og:image:height\" content=\"1156\" \/>\n\t<meta property=\"og:image:type\" content=\"image\/jpeg\" \/>\n<meta name=\"twitter:card\" content=\"summary_large_image\" \/>\n<meta name=\"twitter:label1\" content=\"Gesch\u00e4tzte Lesezeit\" \/>\n\t<meta name=\"twitter:data1\" content=\"3\u00a0Minuten\" \/>\n<script type=\"application\/ld+json\" class=\"yoast-schema-graph\">{\"@context\":\"https:\\\/\\\/schema.org\",\"@graph\":[{\"@type\":\"WebPage\",\"@id\":\"https:\\\/\\\/visitcalvia.org\\\/de\\\/strand-cala-des-gats-hundestrand\\\/\",\"url\":\"https:\\\/\\\/visitcalvia.org\\\/de\\\/strand-cala-des-gats-hundestrand\\\/\",\"name\":\"Playa con perros Mallorca - Cala des Gats en Costa de la Calma (Calvi\u00e0)\",\"isPartOf\":{\"@id\":\"https:\\\/\\\/visitcalvia.org\\\/de\\\/#website\"},\"primaryImageOfPage\":{\"@id\":\"https:\\\/\\\/visitcalvia.org\\\/de\\\/strand-cala-des-gats-hundestrand\\\/#primaryimage\"},\"image\":{\"@id\":\"https:\\\/\\\/visitcalvia.org\\\/de\\\/strand-cala-des-gats-hundestrand\\\/#primaryimage\"},\"thumbnailUrl\":\"https:\\\/\\\/i0.wp.com\\\/visitcalvia.org\\\/wp-content\\\/uploads\\\/2020\\\/07\\\/Cala-Gats.jpg?fit=2048%2C1156&ssl=1\",\"datePublished\":\"2020-07-14T09:09:07+00:00\",\"dateModified\":\"2025-07-07T07:26:45+00:00\",\"description\":\"Si buscas un d\u00eda de Playa con perros en Mallorca , Cala des Gats en Costa de la Calma (Calvi\u00e0) es una opci\u00f3n id\u00f3nea. Cerca de Santa Pon\u00e7a, c\u00f3moda,\",\"breadcrumb\":{\"@id\":\"https:\\\/\\\/visitcalvia.org\\\/de\\\/strand-cala-des-gats-hundestrand\\\/#breadcrumb\"},\"inLanguage\":\"de\",\"potentialAction\":[{\"@type\":\"ReadAction\",\"target\":[\"https:\\\/\\\/visitcalvia.org\\\/de\\\/strand-cala-des-gats-hundestrand\\\/\"]}]},{\"@type\":\"ImageObject\",\"inLanguage\":\"de\",\"@id\":\"https:\\\/\\\/visitcalvia.org\\\/de\\\/strand-cala-des-gats-hundestrand\\\/#primaryimage\",\"url\":\"https:\\\/\\\/i0.wp.com\\\/visitcalvia.org\\\/wp-content\\\/uploads\\\/2020\\\/07\\\/Cala-Gats.jpg?fit=2048%2C1156&ssl=1\",\"contentUrl\":\"https:\\\/\\\/i0.wp.com\\\/visitcalvia.org\\\/wp-content\\\/uploads\\\/2020\\\/07\\\/Cala-Gats.jpg?fit=2048%2C1156&ssl=1\",\"width\":2048,\"height\":1156,\"caption\":\"Playa con perros Mallorca Cala des gats ,\"},{\"@type\":\"BreadcrumbList\",\"@id\":\"https:\\\/\\\/visitcalvia.org\\\/de\\\/strand-cala-des-gats-hundestrand\\\/#breadcrumb\",\"itemListElement\":[{\"@type\":\"ListItem\",\"position\":1,\"name\":\"Portada\",\"item\":\"https:\\\/\\\/visitcalvia.org\\\/de\\\/\"},{\"@type\":\"ListItem\",\"position\":2,\"name\":\"Strand Cala des Gats Hundestrand\"}]},{\"@type\":\"WebSite\",\"@id\":\"https:\\\/\\\/visitcalvia.org\\\/de\\\/#website\",\"url\":\"https:\\\/\\\/visitcalvia.org\\\/de\\\/\",\"name\":\"visitcalvia\",\"description\":\"Vacaciones en Mallorca \u2013 Calvi\u00e0 m\u00faltiples destinos en uno s\u00f3lo lugar. Palmanova, Santa Pon\u00e7a, Magaluf, Peguera, Portals Nous, Costa d\u2019en Blanes, Cala Vinyes\",\"potentialAction\":[{\"@type\":\"SearchAction\",\"target\":{\"@type\":\"EntryPoint\",\"urlTemplate\":\"https:\\\/\\\/visitcalvia.org\\\/de\\\/?s={search_term_string}\"},\"query-input\":{\"@type\":\"PropertyValueSpecification\",\"valueRequired\":true,\"valueName\":\"search_term_string\"}}],\"inLanguage\":\"de\"}]}<\/script>\n<!-- \/ Yoast SEO plugin. -->","yoast_head_json":{"title":"Playa con perros Mallorca - Cala des Gats en Costa de la Calma (Calvi\u00e0)","description":"Si buscas un d\u00eda de Playa con perros en Mallorca , Cala des Gats en Costa de la Calma (Calvi\u00e0) es una opci\u00f3n id\u00f3nea. Cerca de Santa Pon\u00e7a, c\u00f3moda,","robots":{"index":"index","follow":"follow","max-snippet":"max-snippet:-1","max-image-preview":"max-image-preview:large","max-video-preview":"max-video-preview:-1"},"canonical":"https:\/\/visitcalvia.org\/de\/strand-cala-des-gats-hundestrand\/","og_locale":"de_DE","og_type":"article","og_title":"Playa con perros Mallorca - Cala des Gats en Costa de la Calma (Calvi\u00e0)","og_description":"Si buscas un d\u00eda de Playa con perros en Mallorca , Cala des Gats en Costa de la Calma (Calvi\u00e0) es una opci\u00f3n id\u00f3nea. Cerca de Santa Pon\u00e7a, c\u00f3moda,","og_url":"https:\/\/visitcalvia.org\/de\/strand-cala-des-gats-hundestrand\/","og_site_name":"visitcalvia","article_modified_time":"2025-07-07T07:26:45+00:00","og_image":[{"width":2048,"height":1156,"url":"https:\/\/visitcalvia.org\/wp-content\/uploads\/2020\/07\/Cala-Gats.jpg","type":"image\/jpeg"}],"twitter_card":"summary_large_image","twitter_misc":{"Gesch\u00e4tzte Lesezeit":"3\u00a0Minuten"},"schema":{"@context":"https:\/\/schema.org","@graph":[{"@type":"WebPage","@id":"https:\/\/visitcalvia.org\/de\/strand-cala-des-gats-hundestrand\/","url":"https:\/\/visitcalvia.org\/de\/strand-cala-des-gats-hundestrand\/","name":"Playa con perros Mallorca - Cala des Gats en Costa de la Calma (Calvi\u00e0)","isPartOf":{"@id":"https:\/\/visitcalvia.org\/de\/#website"},"primaryImageOfPage":{"@id":"https:\/\/visitcalvia.org\/de\/strand-cala-des-gats-hundestrand\/#primaryimage"},"image":{"@id":"https:\/\/visitcalvia.org\/de\/strand-cala-des-gats-hundestrand\/#primaryimage"},"thumbnailUrl":"https:\/\/i0.wp.com\/visitcalvia.org\/wp-content\/uploads\/2020\/07\/Cala-Gats.jpg?fit=2048%2C1156&ssl=1","datePublished":"2020-07-14T09:09:07+00:00","dateModified":"2025-07-07T07:26:45+00:00","description":"Si buscas un d\u00eda de Playa con perros en Mallorca , Cala des Gats en Costa de la Calma (Calvi\u00e0) es una opci\u00f3n id\u00f3nea. Cerca de Santa Pon\u00e7a, c\u00f3moda,","breadcrumb":{"@id":"https:\/\/visitcalvia.org\/de\/strand-cala-des-gats-hundestrand\/#breadcrumb"},"inLanguage":"de","potentialAction":[{"@type":"ReadAction","target":["https:\/\/visitcalvia.org\/de\/strand-cala-des-gats-hundestrand\/"]}]},{"@type":"ImageObject","inLanguage":"de","@id":"https:\/\/visitcalvia.org\/de\/strand-cala-des-gats-hundestrand\/#primaryimage","url":"https:\/\/i0.wp.com\/visitcalvia.org\/wp-content\/uploads\/2020\/07\/Cala-Gats.jpg?fit=2048%2C1156&ssl=1","contentUrl":"https:\/\/i0.wp.com\/visitcalvia.org\/wp-content\/uploads\/2020\/07\/Cala-Gats.jpg?fit=2048%2C1156&ssl=1","width":2048,"height":1156,"caption":"Playa con perros Mallorca Cala des gats ,"},{"@type":"BreadcrumbList","@id":"https:\/\/visitcalvia.org\/de\/strand-cala-des-gats-hundestrand\/#breadcrumb","itemListElement":[{"@type":"ListItem","position":1,"name":"Portada","item":"https:\/\/visitcalvia.org\/de\/"},{"@type":"ListItem","position":2,"name":"Strand Cala des Gats Hundestrand"}]},{"@type":"WebSite","@id":"https:\/\/visitcalvia.org\/de\/#website","url":"https:\/\/visitcalvia.org\/de\/","name":"visitcalvia","description":"Vacaciones en Mallorca \u2013 Calvi\u00e0 m\u00faltiples destinos en uno s\u00f3lo lugar. Palmanova, Santa Pon\u00e7a, Magaluf, Peguera, Portals Nous, Costa d\u2019en Blanes, Cala Vinyes","potentialAction":[{"@type":"SearchAction","target":{"@type":"EntryPoint","urlTemplate":"https:\/\/visitcalvia.org\/de\/?s={search_term_string}"},"query-input":{"@type":"PropertyValueSpecification","valueRequired":true,"valueName":"search_term_string"}}],"inLanguage":"de"}]}},"jetpack_likes_enabled":false,"jetpack_sharing_enabled":false,"jetpack_shortlink":"https:\/\/wp.me\/PbP1bo-3rD","amp_enabled":false,"_links":{"self":[{"href":"https:\/\/visitcalvia.org\/de\/wp-json\/wp\/v2\/pages\/13245","targetHints":{"allow":["GET"]}}],"collection":[{"href":"https:\/\/visitcalvia.org\/de\/wp-json\/wp\/v2\/pages"}],"about":[{"href":"https:\/\/visitcalvia.org\/de\/wp-json\/wp\/v2\/types\/page"}],"author":[{"embeddable":true,"href":"https:\/\/visitcalvia.org\/de\/wp-json\/wp\/v2\/users\/182516946"}],"replies":[{"embeddable":true,"href":"https:\/\/visitcalvia.org\/de\/wp-json\/wp\/v2\/comments?post=13245"}],"version-history":[{"count":15,"href":"https:\/\/visitcalvia.org\/de\/wp-json\/wp\/v2\/pages\/13245\/revisions"}],"predecessor-version":[{"id":29174,"href":"https:\/\/visitcalvia.org\/de\/wp-json\/wp\/v2\/pages\/13245\/revisions\/29174"}],"wp:featuredmedia":[{"embeddable":true,"href":"https:\/\/visitcalvia.org\/de\/wp-json\/wp\/v2\/media\/11917"}],"wp:attachment":[{"href":"https:\/\/visitcalvia.org\/de\/wp-json\/wp\/v2\/media?parent=13245"}],"curies":[{"name":"wp","href":"https:\/\/api.w.org\/{rel}","templated":true}]}}