{"id":13247,"date":"2020-07-14T10:40:06","date_gmt":"2020-07-14T08:40:06","guid":{"rendered":"https:\/\/visitcalvia.org\/playa-de-perros-punta-marroig\/"},"modified":"2025-07-04T12:55:14","modified_gmt":"2025-07-04T10:55:14","slug":"hundestrand-punta-marroig","status":"publish","type":"page","link":"https:\/\/visitcalvia.org\/de\/hundestrand-punta-marroig\/","title":{"rendered":"Hundestrand Punta Marroig"},"content":{"rendered":"<div class=\"wpb-content-wrapper\"><p>[vc_row content_placement=&#8220;middle&#8220; content_text_aligment=&#8220;center&#8220; css=&#8220;.vc_custom_1594717091761{padding-top: 81px !important;background-image: url(<a href=\"https:\/\/visitcalvia.org\/wp-content\/uploads\/2020\/07\/puntamarroigweb.jpg?id=11891\">https:\/\/visitcalvia.org\/wp-content\/uploads\/2020\/07\/puntamarroigweb.jpg?id=11891<\/a>) !important;background-position: center !important;background-repeat: no-repeat !important;background-size: cover !important;}&#8220; simple_background_color=&#8220;#ffffff&#8220;][vc_column]<div class=\"qodef-elements-holder   qodef-one-column  qodef-responsive-mode-768 \" ><div class=\"qodef-eh-item     \"  data-item-class=\"qodef-eh-custom-2111\" data-1024-1280=\"0 21%\" data-768-1024=\"0 12%\" data-680-768=\"0 0\" data-680=\"0 0\">\n\t<div class=\"qodef-eh-item-inner\">\n\t\t<div class=\"qodef-eh-item-content qodef-eh-custom-2111\" style=\"padding: 0 25%\">\n\t\t\t[vc_empty_space height=&#8220;200px&#8220;]\t\t<\/div>\n\t<\/div>\n\t<\/div><\/div>[\/vc_column][\/vc_row][vc_row full_width=&#8220;stretch_row&#8220; css=&#8220;.vc_custom_1738054147413{background-color: #9bc535 !important;}&#8220;][vc_column][vc_row_inner row_content_width=&#8220;grid&#8220;][vc_column_inner width=&#8220;1\/2&#8243;]<div class=\"qodef-section-title-holder  qodef-st-standard qodef-st-title-left qodef-st-normal-space  \" style=\"text-align: right\">\n\t<div class=\"qodef-st-inner\">\n\t\t\t\t\t<h3 class=\"qodef-st-title\" style=\"color: #0a0a0a\">\n\t\t\t\t<span class=\"qodef-st-title-bold\">Strand-Datenblatt<\/span> <span class=\"qodef-st-title-bold\">Playa<\/span> <span class=\"qodef-st-title-bold\">Punta<\/span> <span class=\"qodef-st-title-bold\">Marroig<\/span><br \/>\t\t\t<\/h3>\n\t\t\t\t\t<\/div>\n<\/div>[vc_empty_space height=&#8220;10px&#8220;][\/vc_column_inner][vc_column_inner width=&#8220;1\/2&#8243;][vc_empty_space height=&#8220;7px&#8220;]<a itemprop=\"url\" href=\"https:\/\/drive.google.com\/file\/d\/1ZkS2VoRdySTB1rb-48-75z__gBMcLOrH\/view?usp=sharing\" target=\"_blank\" style=\"text-transform: capitalize\" class=\"qodef-btn qodef-btn-small qodef-btn-solid qodef-btn-icon\"  >\n    <span class=\"qodef-btn-text\">Weitere Informationen<\/span>\n    <i class=\"qodef-icon-font-awesome fa fa-chevron-right \" ><\/i><\/a>[vc_empty_space height=&#8220;7px&#8220;][\/vc_column_inner][\/vc_row_inner][vc_empty_space height=&#8220;20px&#8220;][\/vc_column][\/vc_row][vc_row row_content_width=&#8220;grid&#8220; css=&#8220;.vc_custom_1587458275105{margin-top: 35px !important;padding-bottom: 30px !important;}&#8220;][vc_column]<div class=\"qodef-section-title-holder  qodef-st-standard qodef-st-title-left qodef-st-normal-space qodef-st-disable-title-break qodef-st-with-border\" style=\"text-align: left\">\n\t<div class=\"qodef-st-inner\">\n\t\t\t\t\t<h2 class=\"qodef-st-title\" >\n\t\t\t\tHundestrand <span class=\"qodef-st-title-bold\">Punta<\/span> <span class=\"qodef-st-title-bold\">Marroig<\/span>\t\t\t<\/h2>\n\t\t\t\t\t<\/div>\n<\/div>[vc_column_text]Punta Marroig (Hundestrand auf Mallorca) ist eine kleine Bucht in <a href=\"https:\/\/visitcalvia.org\/de\/palmanova\/\"><strong>Palmanova<\/strong><\/a>, die man mit Hunden betreten darf.<\/p>\n<p>Die Bucht liegt zwischen den Str\u00e4nden von <strong><a href=\"https:\/\/visitcalvia.org\/de\/strand-es-carregador\/\">Es Carregador<\/a><\/strong> und <a href=\"https:\/\/visitcalvia.org\/de\/strand-palmanova\/\"><strong>Palmanova<\/strong><\/a>. Es ist eine sehr zentrale Gegend innerhalb der Gemeinde, in der man neben den Str\u00e4nden auch zahlreiche andere verbundene Dienstleistungen nutzen kann.<\/p>\n<p>Die Bucht Punta Marroig ist neben <a href=\"https:\/\/visitcalvia.org\/de\/strand-cala-des-gats-hundestrand\/\"><strong>Cala des Gats<\/strong><\/a> an der <a href=\"https:\/\/visitcalvia.org\/de\/costadelacalma\/\"><strong>Costa de Calma<\/strong><\/a> eine der M\u00f6glichkeiten in der Gemeinde Calvi\u00e0, um mit Ihrem Haustier (Hund) am Strand von Calvi\u00e0 zu baden.<\/p>\n<h4><strong>Nutzungsbedingungen<\/strong><\/h4>\n<ol>\n<li style=\"list-style-type: none;\">\n<ol>\n<li style=\"list-style-type: none;\">\n<ol>\n<li>Die Hundehalter haften f\u00fcr das Verhalten ihrer Tiere.<\/li>\n<li>Hunde d\u00fcrfen in dem im <a href=\"http:\/\/calvia.com\/servlet\/model.web.ShowDoc?KDOCUMENTACIO=49388&amp;TABLENAME=WEB.DOCUMENTACIO&amp;pageProcessKey=LOADINGDOCUMENT&amp;ts=1590488727579\"><strong>Dekret des B\u00fcrgermeisteramtes vom 12. Juli 2016<\/strong><\/a> (BOIB Nr. 91 vom 19.07.16) definierten und abgegrenzten Bereich ohne Leine frei laufen.<\/li>\n<li>Hunde, die gem\u00e4\u00df dem K\u00f6niglichen Dekret 287\/2002 vom 22. M\u00e4rz als potenziell gef\u00e4hrlich eingestuft wurden, d\u00fcrfen keinesfalls ohne Leine oder ohne Maulkorb umher laufen.<\/li>\n<li>Das Zur\u00fccklassen von Exkrementen innerhalb und au\u00dferhalb des erlaubten Bereichs ist verboten. Der Hundehalter muss den Abfall einsammeln und in st\u00e4dtischen Abfallbeh\u00e4ltern deponieren.<\/li>\n<li>Der Hundehalter haftet f\u00fcr k\u00f6rperliche und psychischen Sch\u00e4den, die von seinen Tieren verursacht werden k\u00f6nnten.<\/li>\n<li>Alle Hunde m\u00fcssen einen Mikrochip und die erforderlichen Impfungen und\/oder Behandlungen erhalten haben.<\/li>\n<li>Der Nutzungszeitraum ist von 8 bis 20 Uhr.<\/li>\n<li>Die\u00a0<a style=\"color: #3b3b3b;\" href=\"http:\/\/www.calvia.com\/responsive\/principal.plt?KPAGINA=21&amp;KIDIOMA=3\"><strong>Ajuntament de Calvi\u00e0<\/strong><\/a>\u00a0\u00fcberwacht den korrekten Umgang mit der Umwelt und die Einhaltung der kommunalen Verordnungen.<\/li>\n<\/ol>\n<\/li>\n<\/ol>\n<\/li>\n<\/ol>\n<p>[\/vc_column_text][vc_empty_space height=&#8220;10px&#8220;][\/vc_column][\/vc_row][vc_row equal_height=&#8220;yes&#8220; content_placement=&#8220;middle&#8220;][vc_column width=&#8220;2\/3&#8243; offset=&#8220;vc_col-lg-5 vc_col-md-12&#8243; css=&#8220;.vc_custom_1585820997663{margin-top: 0px !important;margin-right: 0px !important;margin-bottom: 0px !important;margin-left: 0px !important;padding-top: 0px !important;padding-right: 0px !important;padding-bottom: 0px !important;padding-left: 0px !important;background-color: #fcfcfc !important;}&#8220;]<div class=\"qodef-elements-holder   qodef-one-column  qodef-responsive-mode-768 qodef-one-column-alignment-right\" ><div class=\"qodef-eh-item   qodef-horizontal-alignment-right  \"  data-item-class=\"qodef-eh-custom-9161\" data-1280-1600=\"0 12% 15px 31%\" data-1024-1280=\"0 12% 15px 24%\" data-768-1024=\"48px 25% 70px 35%\" data-680-768=\"48px 12% 70px 35%\" data-680=\"50px 8% 70px 10%\">\n\t<div class=\"qodef-eh-item-inner\">\n\t\t<div class=\"qodef-eh-item-content qodef-eh-custom-9161\" style=\"padding: 0 12% 20px 35%\">\n\t\t\t[vc_column_text]<\/p>\n<h2 style=\"text-align: right;\">Punta Marroig<\/h2>\n<p style=\"text-align: right; font-family: Montserrat; margin-top: -18px; margin-bottom: 16px;\"><span class=\"change-second-color\" style=\"color: #ff0030;\"><em>Entdecken Sie Hundestrand Punta Marroig Str\u00e4nde im Ortsteil\u00a0<\/em><\/span><\/p>\n<p>[\/vc_column_text]\t\t<\/div>\n\t<\/div>\n\t<\/div><\/div>[\/vc_column][vc_column width=&#8220;1\/3&#8243; offset=&#8220;vc_col-lg-7 vc_col-md-12&#8243; css=&#8220;.vc_custom_1504689016842{margin-top: 0px !important;margin-right: 0px !important;margin-bottom: 0px !important;margin-left: 0px !important;padding-top: 0px !important;padding-right: 0px !important;padding-bottom: 0px !important;padding-left: 0px !important;}&#8220;]<div class=\"qodef-single-image-holder   qodef-image-behavior-zoom\">\n    <div class=\"qodef-si-inner\" style=\"background-image: url(https:\/\/i0.wp.com\/visitcalvia.org\/wp-content\/uploads\/2020\/07\/mapa-punta-marroig-web.png?fit=1141%2C808&amp;ssl=1)\">\n                                    <img decoding=\"async\" width=\"1141\" height=\"808\" src=\"https:\/\/i0.wp.com\/visitcalvia.org\/wp-content\/uploads\/2020\/07\/mapa-punta-marroig-web.png?fit=1141%2C808&amp;ssl=1\" class=\"attachment-full size-full\" alt=\"\" srcset=\"https:\/\/i0.wp.com\/visitcalvia.org\/wp-content\/uploads\/2020\/07\/mapa-punta-marroig-web.png?w=1141&amp;ssl=1 1141w, https:\/\/i0.wp.com\/visitcalvia.org\/wp-content\/uploads\/2020\/07\/mapa-punta-marroig-web.png?resize=300%2C212&amp;ssl=1 300w, https:\/\/i0.wp.com\/visitcalvia.org\/wp-content\/uploads\/2020\/07\/mapa-punta-marroig-web.png?resize=1024%2C725&amp;ssl=1 1024w, https:\/\/i0.wp.com\/visitcalvia.org\/wp-content\/uploads\/2020\/07\/mapa-punta-marroig-web.png?resize=768%2C544&amp;ssl=1 768w, https:\/\/i0.wp.com\/visitcalvia.org\/wp-content\/uploads\/2020\/07\/mapa-punta-marroig-web.png?resize=150%2C106&amp;ssl=1 150w, https:\/\/i0.wp.com\/visitcalvia.org\/wp-content\/uploads\/2020\/07\/mapa-punta-marroig-web.png?resize=500%2C354&amp;ssl=1 500w\" sizes=\"(max-width: 1100px) 100vw, 1100px\" data-attachment-id=\"11881\" data-permalink=\"https:\/\/visitcalvia.org\/de\/playa-de-perros-punta-marroig\/mapa-punta-marroig-web\/\" data-orig-file=\"https:\/\/i0.wp.com\/visitcalvia.org\/wp-content\/uploads\/2020\/07\/mapa-punta-marroig-web.png?fit=1141%2C808&amp;ssl=1\" data-orig-size=\"1141,808\" data-comments-opened=\"1\" data-image-meta=\"{&quot;aperture&quot;:&quot;0&quot;,&quot;credit&quot;:&quot;&quot;,&quot;camera&quot;:&quot;&quot;,&quot;caption&quot;:&quot;&quot;,&quot;created_timestamp&quot;:&quot;0&quot;,&quot;copyright&quot;:&quot;&quot;,&quot;focal_length&quot;:&quot;0&quot;,&quot;iso&quot;:&quot;0&quot;,&quot;shutter_speed&quot;:&quot;0&quot;,&quot;title&quot;:&quot;&quot;,&quot;orientation&quot;:&quot;0&quot;}\" data-image-title=\"mapa-punta marroig-web\" data-image-description=\"\" data-image-caption=\"\" data-large-file=\"https:\/\/i0.wp.com\/visitcalvia.org\/wp-content\/uploads\/2020\/07\/mapa-punta-marroig-web.png?fit=1024%2C725&amp;ssl=1\" \/>                        <\/div>\n<\/div>[\/vc_column][\/vc_row][vc_row css=&#8220;.vc_custom_1587388774987{padding-top: 20px !important;}&#8220;][vc_column][vc_gmaps link=&#8220;#E-8_JTNDaWZyYW1lJTIwc3JjJTNEJTIyaHR0cHMlM0ElMkYlMkZ3d3cuZ29vZ2xlLmNvbSUyRm1hcHMlMkZlbWJlZCUzRnBiJTNEJTIxMW0xOCUyMTFtMTIlMjExbTMlMjExZDMwNzcuNjgxNDk5MTE0NDg0JTIxMmQyLjUzNjg5MjY1MDcwNTU4MSUyMTNkMzkuNTIxNjc3NjE3NDA4MzElMjEybTMlMjExZjAlMjEyZjAlMjEzZjAlMjEzbTIlMjExaTEwMjQlMjEyaTc2OCUyMTRmMTMuMSUyMTNtMyUyMTFtMiUyMTFzMHgxMjk3ODk0YWIwNTkxM2ZmJTI1M0EweDk0N2FhMWZhNDNkNzg1OTclMjEyc1BsYXlhJTI1MjBDYW5pbmElMjUyMERlJTI1MjBQdW50YSUyNTIwTWFycm9pZyUyMTVlMCUyMTNtMiUyMTFzZXMlMjEyc2VzJTIxNHYxNTk0NzE2NTUyMDIwJTIxNW0yJTIxMXNlcyUyMTJzZXMlMjIlMjB3aWR0aCUzRCUyMjYwMCUyMiUyMGhlaWdodCUzRCUyMjQ1MCUyMiUyMGZyYW1lYm9yZGVyJTNEJTIyMCUyMiUyMHN0eWxlJTNEJTIyYm9yZGVyJTNBMCUzQiUyMiUyMGFsbG93ZnVsbHNjcmVlbiUzRCUyMiUyMiUyMGFyaWEtaGlkZGVuJTNEJTIyZmFsc2UlMjIlMjB0YWJpbmRleCUzRCUyMjAlMjIlM0UlM0MlMkZpZnJhbWUlM0U=&#8220;][\/vc_column][\/vc_row][vc_row row_content_width=&#8220;grid&#8220; css=&#8220;.vc_custom_1587127080469{padding-top: 40px !important;padding-bottom: 20px !important;}&#8220;][vc_column width=&#8220;2\/3&#8243;][vc_empty_space]<div class=\"qodef-section-title-holder  qodef-st-standard qodef-st-title-left qodef-st-normal-space  \" >\n\t<div class=\"qodef-st-inner\">\n\t\t\t\t\t<h2 class=\"qodef-st-title\" >\n\t\t\t\tStr\u00e4nde in der Umgebung\t\t\t<\/h2>\n\t\t\t\t\t\t\t<h5 class=\"qodef-st-text\" >\n\t\t\t\tSanta Pon\u00e7a - El Toro - Costa de la Calma\t\t\t<\/h5>\n\t\t\t<\/div>\n<\/div>[\/vc_column][vc_column width=&#8220;1\/3&#8243;][vc_empty_space]<div class=\"qodef-banner-holder  qodef-simple qodef-banner-info-default\">\n    <div class=\"qodef-banner-image\">\n        <img decoding=\"async\" width=\"600\" height=\"600\" src=\"https:\/\/i0.wp.com\/visitcalvia.org\/wp-content\/uploads\/2020\/07\/CALA-DES-GATS.jpg?fit=600%2C600&amp;ssl=1\" class=\"attachment-full size-full\" alt=\"Playa con perros Mallorca Cala des gats , dog beaches in mallorca\" srcset=\"https:\/\/i0.wp.com\/visitcalvia.org\/wp-content\/uploads\/2020\/07\/CALA-DES-GATS.jpg?w=600&amp;ssl=1 600w, https:\/\/i0.wp.com\/visitcalvia.org\/wp-content\/uploads\/2020\/07\/CALA-DES-GATS.jpg?resize=300%2C300&amp;ssl=1 300w, https:\/\/i0.wp.com\/visitcalvia.org\/wp-content\/uploads\/2020\/07\/CALA-DES-GATS.jpg?resize=150%2C150&amp;ssl=1 150w, https:\/\/i0.wp.com\/visitcalvia.org\/wp-content\/uploads\/2020\/07\/CALA-DES-GATS.jpg?resize=400%2C400&amp;ssl=1 400w, https:\/\/i0.wp.com\/visitcalvia.org\/wp-content\/uploads\/2020\/07\/CALA-DES-GATS.jpg?resize=200%2C200&amp;ssl=1 200w, https:\/\/i0.wp.com\/visitcalvia.org\/wp-content\/uploads\/2020\/07\/CALA-DES-GATS.jpg?resize=550%2C550&amp;ssl=1 550w, https:\/\/i0.wp.com\/visitcalvia.org\/wp-content\/uploads\/2020\/07\/CALA-DES-GATS.jpg?resize=50%2C50&amp;ssl=1 50w, https:\/\/i0.wp.com\/visitcalvia.org\/wp-content\/uploads\/2020\/07\/CALA-DES-GATS.jpg?resize=500%2C500&amp;ssl=1 500w\" sizes=\"(max-width: 600px) 100vw, 600px\" data-attachment-id=\"11851\" data-permalink=\"https:\/\/visitcalvia.org\/de\/playas\/cala-des-gats\/\" data-orig-file=\"https:\/\/i0.wp.com\/visitcalvia.org\/wp-content\/uploads\/2020\/07\/CALA-DES-GATS.jpg?fit=600%2C600&amp;ssl=1\" data-orig-size=\"600,600\" data-comments-opened=\"1\" data-image-meta=\"{&quot;aperture&quot;:&quot;0&quot;,&quot;credit&quot;:&quot;&quot;,&quot;camera&quot;:&quot;&quot;,&quot;caption&quot;:&quot;&quot;,&quot;created_timestamp&quot;:&quot;0&quot;,&quot;copyright&quot;:&quot;&quot;,&quot;focal_length&quot;:&quot;0&quot;,&quot;iso&quot;:&quot;0&quot;,&quot;shutter_speed&quot;:&quot;0&quot;,&quot;title&quot;:&quot;&quot;,&quot;orientation&quot;:&quot;1&quot;}\" data-image-title=\"CALA DES GATS\" data-image-description=\"\" data-image-caption=\"\" data-large-file=\"https:\/\/i0.wp.com\/visitcalvia.org\/wp-content\/uploads\/2020\/07\/CALA-DES-GATS.jpg?fit=600%2C600&amp;ssl=1\" \/>    <\/div>\n    <div class=\"qodef-banner-text-holder\" >\n\t    <div class=\"qodef-banner-text-outer\">\n\t\t    <div class=\"qodef-banner-text-inner\">\n\t\t        \t\t        \t\t\t<\/div>\n\t\t<\/div>\n\t<\/div>\n\t        <a itemprop=\"url\" class=\"qodef-banner-link\" href=\"https:\/\/visitcalvia.org\/playa-de-perros-cala-des-gats\/\" target=\"_self\"><\/a>\n    <\/div>[\/vc_column][\/vc_row][vc_row][vc_column][vc_empty_space][vc_video link=&#8220;<a href=\"https:\/\/youtu.be\/UqE1etkov2w&#038;#8220\" rel=\"nofollow\">https:\/\/youtu.be\/UqE1etkov2w&#038;#8220<\/a>; align=&#8220;center&#8220;][\/vc_column][\/vc_row]<\/p>\n<\/div>","protected":false},"excerpt":{"rendered":"<p>[vc_row content_placement=&#8220;middle&#8220; content_text_aligment=&#8220;center&#8220; css=&#8220;.vc_custom_1594717091761{padding-top: 81px !important;background-image: url(<a href=\"https:\/\/visitcalvia.org\/wp-content\/uploads\/2020\/07\/puntamarroigweb.jpg?id=11891\">https:\/\/visitcalvia.org\/wp-content\/uploads\/2020\/07\/puntamarroigweb.jpg?id=11891<\/a>) !important;background-position: center !important;background-repeat: no-repeat !important;background-size: cover !important;}&#8220; simple_background_color=&#8220;#ffffff&#8220;][vc_column][\/vc_column][\/vc_row][vc_row full_width=&#8220;stretch_row&#8220; css=&#8220;.vc_custom_1738054147413{background-color: #9bc535 !important;}&#8220;][vc_column][vc_row_inner row_content_width=&#8220;grid&#8220;][vc_column_inner width=&#8220;1\/2&#8243;][vc_empty_space height=&#8220;10px&#8220;][\/vc_column_inner][vc_column_inner width=&#8220;1\/2&#8243;][vc_empty_space height=&#8220;7px&#8220;][vc_empty_space height=&#8220;7px&#8220;][\/vc_column_inner][\/vc_row_inner][vc_empty_space height=&#8220;20px&#8220;][\/vc_column][\/vc_row][vc_row row_content_width=&#8220;grid&#8220; css=&#8220;.vc_custom_1587458275105{margin-top: 35px !important;padding-bottom: 30px !important;}&#8220;][vc_column][vc_column_text]Punta Marroig (Hundestrand auf Mallorca) ist eine kleine Bucht in Palmanova, die man mit Hunden betreten darf. Die Bucht liegt zwischen den Str\u00e4nden [&hellip;]<\/p>\n","protected":false},"author":182516946,"featured_media":11894,"parent":0,"menu_order":0,"comment_status":"closed","ping_status":"closed","template":"full-width.php","meta":{"_coblocks_attr":"","_coblocks_dimensions":"","_coblocks_responsive_height":"","_coblocks_accordion_ie_support":"","_crdt_document":"","footnotes":""},"class_list":["post-13247","page","type-page","status-publish","has-post-thumbnail","hentry"],"yoast_head":"<!-- This site is optimized with the Yoast SEO plugin v27.5 - https:\/\/yoast.com\/product\/yoast-seo-wordpress\/ -->\n<title>Playa para perros Mallorca - Cala Punta Marroig en Palmanova<\/title>\n<meta name=\"description\" content=\"Cala Punta Marroig ( Playa para perros Mallorca ) situada en Palmanova, entre playas de Palmanova y Carregador) en la que se permite el acceso con perros. \u00a0\" \/>\n<meta name=\"robots\" content=\"index, follow, max-snippet:-1, max-image-preview:large, max-video-preview:-1\" \/>\n<link rel=\"canonical\" href=\"https:\/\/visitcalvia.org\/de\/hundestrand-punta-marroig\/\" \/>\n<meta property=\"og:locale\" content=\"de_DE\" \/>\n<meta property=\"og:type\" content=\"article\" \/>\n<meta property=\"og:title\" content=\"Playa para perros Mallorca - Cala Punta Marroig en Palmanova\" \/>\n<meta property=\"og:description\" content=\"Cala Punta Marroig ( Playa para perros Mallorca ) situada en Palmanova, entre playas de Palmanova y Carregador) en la que se permite el acceso con perros. \u00a0\" \/>\n<meta property=\"og:url\" content=\"https:\/\/visitcalvia.org\/de\/hundestrand-punta-marroig\/\" \/>\n<meta property=\"og:site_name\" content=\"visitcalvia\" \/>\n<meta property=\"article:modified_time\" content=\"2025-07-04T10:55:14+00:00\" \/>\n<meta property=\"og:image\" content=\"https:\/\/visitcalvia.org\/wp-content\/uploads\/2020\/07\/puntamarroigweb.jpg\" \/>\n\t<meta property=\"og:image:width\" content=\"2048\" \/>\n\t<meta property=\"og:image:height\" content=\"1156\" \/>\n\t<meta property=\"og:image:type\" content=\"image\/jpeg\" \/>\n<meta name=\"twitter:card\" content=\"summary_large_image\" \/>\n<meta name=\"twitter:label1\" content=\"Gesch\u00e4tzte Lesezeit\" \/>\n\t<meta name=\"twitter:data1\" content=\"2\u00a0Minuten\" \/>\n<script type=\"application\/ld+json\" class=\"yoast-schema-graph\">{\"@context\":\"https:\\\/\\\/schema.org\",\"@graph\":[{\"@type\":\"WebPage\",\"@id\":\"https:\\\/\\\/visitcalvia.org\\\/de\\\/hundestrand-punta-marroig\\\/\",\"url\":\"https:\\\/\\\/visitcalvia.org\\\/de\\\/hundestrand-punta-marroig\\\/\",\"name\":\"Playa para perros Mallorca - Cala Punta Marroig en Palmanova\",\"isPartOf\":{\"@id\":\"https:\\\/\\\/visitcalvia.org\\\/de\\\/#website\"},\"primaryImageOfPage\":{\"@id\":\"https:\\\/\\\/visitcalvia.org\\\/de\\\/hundestrand-punta-marroig\\\/#primaryimage\"},\"image\":{\"@id\":\"https:\\\/\\\/visitcalvia.org\\\/de\\\/hundestrand-punta-marroig\\\/#primaryimage\"},\"thumbnailUrl\":\"https:\\\/\\\/i0.wp.com\\\/visitcalvia.org\\\/wp-content\\\/uploads\\\/2020\\\/07\\\/puntamarroigweb.jpg?fit=2048%2C1156&ssl=1\",\"datePublished\":\"2020-07-14T08:40:06+00:00\",\"dateModified\":\"2025-07-04T10:55:14+00:00\",\"description\":\"Cala Punta Marroig ( Playa para perros Mallorca ) situada en Palmanova, entre playas de Palmanova y Carregador) en la que se permite el acceso con perros. \u00a0\",\"breadcrumb\":{\"@id\":\"https:\\\/\\\/visitcalvia.org\\\/de\\\/hundestrand-punta-marroig\\\/#breadcrumb\"},\"inLanguage\":\"de\",\"potentialAction\":[{\"@type\":\"ReadAction\",\"target\":[\"https:\\\/\\\/visitcalvia.org\\\/de\\\/hundestrand-punta-marroig\\\/\"]}]},{\"@type\":\"ImageObject\",\"inLanguage\":\"de\",\"@id\":\"https:\\\/\\\/visitcalvia.org\\\/de\\\/hundestrand-punta-marroig\\\/#primaryimage\",\"url\":\"https:\\\/\\\/i0.wp.com\\\/visitcalvia.org\\\/wp-content\\\/uploads\\\/2020\\\/07\\\/puntamarroigweb.jpg?fit=2048%2C1156&ssl=1\",\"contentUrl\":\"https:\\\/\\\/i0.wp.com\\\/visitcalvia.org\\\/wp-content\\\/uploads\\\/2020\\\/07\\\/puntamarroigweb.jpg?fit=2048%2C1156&ssl=1\",\"width\":2048,\"height\":1156,\"caption\":\"puntamarroigweb\"},{\"@type\":\"BreadcrumbList\",\"@id\":\"https:\\\/\\\/visitcalvia.org\\\/de\\\/hundestrand-punta-marroig\\\/#breadcrumb\",\"itemListElement\":[{\"@type\":\"ListItem\",\"position\":1,\"name\":\"Portada\",\"item\":\"https:\\\/\\\/visitcalvia.org\\\/de\\\/\"},{\"@type\":\"ListItem\",\"position\":2,\"name\":\"Hundestrand Punta Marroig\"}]},{\"@type\":\"WebSite\",\"@id\":\"https:\\\/\\\/visitcalvia.org\\\/de\\\/#website\",\"url\":\"https:\\\/\\\/visitcalvia.org\\\/de\\\/\",\"name\":\"visitcalvia\",\"description\":\"Vacaciones en Mallorca \u2013 Calvi\u00e0 m\u00faltiples destinos en uno s\u00f3lo lugar. Palmanova, Santa Pon\u00e7a, Magaluf, Peguera, Portals Nous, Costa d\u2019en Blanes, Cala Vinyes\",\"potentialAction\":[{\"@type\":\"SearchAction\",\"target\":{\"@type\":\"EntryPoint\",\"urlTemplate\":\"https:\\\/\\\/visitcalvia.org\\\/de\\\/?s={search_term_string}\"},\"query-input\":{\"@type\":\"PropertyValueSpecification\",\"valueRequired\":true,\"valueName\":\"search_term_string\"}}],\"inLanguage\":\"de\"}]}<\/script>\n<!-- \/ Yoast SEO plugin. -->","yoast_head_json":{"title":"Playa para perros Mallorca - Cala Punta Marroig en Palmanova","description":"Cala Punta Marroig ( Playa para perros Mallorca ) situada en Palmanova, entre playas de Palmanova y Carregador) en la que se permite el acceso con perros. \u00a0","robots":{"index":"index","follow":"follow","max-snippet":"max-snippet:-1","max-image-preview":"max-image-preview:large","max-video-preview":"max-video-preview:-1"},"canonical":"https:\/\/visitcalvia.org\/de\/hundestrand-punta-marroig\/","og_locale":"de_DE","og_type":"article","og_title":"Playa para perros Mallorca - Cala Punta Marroig en Palmanova","og_description":"Cala Punta Marroig ( Playa para perros Mallorca ) situada en Palmanova, entre playas de Palmanova y Carregador) en la que se permite el acceso con perros. \u00a0","og_url":"https:\/\/visitcalvia.org\/de\/hundestrand-punta-marroig\/","og_site_name":"visitcalvia","article_modified_time":"2025-07-04T10:55:14+00:00","og_image":[{"width":2048,"height":1156,"url":"https:\/\/visitcalvia.org\/wp-content\/uploads\/2020\/07\/puntamarroigweb.jpg","type":"image\/jpeg"}],"twitter_card":"summary_large_image","twitter_misc":{"Gesch\u00e4tzte Lesezeit":"2\u00a0Minuten"},"schema":{"@context":"https:\/\/schema.org","@graph":[{"@type":"WebPage","@id":"https:\/\/visitcalvia.org\/de\/hundestrand-punta-marroig\/","url":"https:\/\/visitcalvia.org\/de\/hundestrand-punta-marroig\/","name":"Playa para perros Mallorca - Cala Punta Marroig en Palmanova","isPartOf":{"@id":"https:\/\/visitcalvia.org\/de\/#website"},"primaryImageOfPage":{"@id":"https:\/\/visitcalvia.org\/de\/hundestrand-punta-marroig\/#primaryimage"},"image":{"@id":"https:\/\/visitcalvia.org\/de\/hundestrand-punta-marroig\/#primaryimage"},"thumbnailUrl":"https:\/\/i0.wp.com\/visitcalvia.org\/wp-content\/uploads\/2020\/07\/puntamarroigweb.jpg?fit=2048%2C1156&ssl=1","datePublished":"2020-07-14T08:40:06+00:00","dateModified":"2025-07-04T10:55:14+00:00","description":"Cala Punta Marroig ( Playa para perros Mallorca ) situada en Palmanova, entre playas de Palmanova y Carregador) en la que se permite el acceso con perros. \u00a0","breadcrumb":{"@id":"https:\/\/visitcalvia.org\/de\/hundestrand-punta-marroig\/#breadcrumb"},"inLanguage":"de","potentialAction":[{"@type":"ReadAction","target":["https:\/\/visitcalvia.org\/de\/hundestrand-punta-marroig\/"]}]},{"@type":"ImageObject","inLanguage":"de","@id":"https:\/\/visitcalvia.org\/de\/hundestrand-punta-marroig\/#primaryimage","url":"https:\/\/i0.wp.com\/visitcalvia.org\/wp-content\/uploads\/2020\/07\/puntamarroigweb.jpg?fit=2048%2C1156&ssl=1","contentUrl":"https:\/\/i0.wp.com\/visitcalvia.org\/wp-content\/uploads\/2020\/07\/puntamarroigweb.jpg?fit=2048%2C1156&ssl=1","width":2048,"height":1156,"caption":"puntamarroigweb"},{"@type":"BreadcrumbList","@id":"https:\/\/visitcalvia.org\/de\/hundestrand-punta-marroig\/#breadcrumb","itemListElement":[{"@type":"ListItem","position":1,"name":"Portada","item":"https:\/\/visitcalvia.org\/de\/"},{"@type":"ListItem","position":2,"name":"Hundestrand Punta Marroig"}]},{"@type":"WebSite","@id":"https:\/\/visitcalvia.org\/de\/#website","url":"https:\/\/visitcalvia.org\/de\/","name":"visitcalvia","description":"Vacaciones en Mallorca \u2013 Calvi\u00e0 m\u00faltiples destinos en uno s\u00f3lo lugar. Palmanova, Santa Pon\u00e7a, Magaluf, Peguera, Portals Nous, Costa d\u2019en Blanes, Cala Vinyes","potentialAction":[{"@type":"SearchAction","target":{"@type":"EntryPoint","urlTemplate":"https:\/\/visitcalvia.org\/de\/?s={search_term_string}"},"query-input":{"@type":"PropertyValueSpecification","valueRequired":true,"valueName":"search_term_string"}}],"inLanguage":"de"}]}},"jetpack_likes_enabled":false,"jetpack_sharing_enabled":false,"jetpack_shortlink":"https:\/\/wp.me\/PbP1bo-3rF","amp_enabled":false,"_links":{"self":[{"href":"https:\/\/visitcalvia.org\/de\/wp-json\/wp\/v2\/pages\/13247","targetHints":{"allow":["GET"]}}],"collection":[{"href":"https:\/\/visitcalvia.org\/de\/wp-json\/wp\/v2\/pages"}],"about":[{"href":"https:\/\/visitcalvia.org\/de\/wp-json\/wp\/v2\/types\/page"}],"author":[{"embeddable":true,"href":"https:\/\/visitcalvia.org\/de\/wp-json\/wp\/v2\/users\/182516946"}],"replies":[{"embeddable":true,"href":"https:\/\/visitcalvia.org\/de\/wp-json\/wp\/v2\/comments?post=13247"}],"version-history":[{"count":13,"href":"https:\/\/visitcalvia.org\/de\/wp-json\/wp\/v2\/pages\/13247\/revisions"}],"predecessor-version":[{"id":29097,"href":"https:\/\/visitcalvia.org\/de\/wp-json\/wp\/v2\/pages\/13247\/revisions\/29097"}],"wp:featuredmedia":[{"embeddable":true,"href":"https:\/\/visitcalvia.org\/de\/wp-json\/wp\/v2\/media\/11894"}],"wp:attachment":[{"href":"https:\/\/visitcalvia.org\/de\/wp-json\/wp\/v2\/media?parent=13247"}],"curies":[{"name":"wp","href":"https:\/\/api.w.org\/{rel}","templated":true}]}}