{"id":30881,"date":"2026-04-22T13:55:15","date_gmt":"2026-04-22T11:55:15","guid":{"rendered":"https:\/\/visitcalvia.org\/pr-ma-2-la-vall-verda\/"},"modified":"2026-04-23T10:28:17","modified_gmt":"2026-04-23T08:28:17","slug":"wandern_calvia_lavallverda","status":"publish","type":"page","link":"https:\/\/visitcalvia.org\/de\/wandern_calvia_lavallverda\/","title":{"rendered":"PR-MA 2 La Vall Verda"},"content":{"rendered":"<div class=\"wpb-content-wrapper\"><p>[vc_row row_content_width=&#8220;grid&#8220;][vc_column]\n\t\t\t<!-- START PRMA 2 La Vall Verda REVOLUTION SLIDER 6.7.13 --><p class=\"rs-p-wp-fix\"><\/p>\n\t\t\t<rs-module-wrap id=\"rev_slider_23_1_wrapper\" data-source=\"gallery\" style=\"visibility:hidden;background:transparent;padding:0;margin:0px auto;margin-top:0;margin-bottom:0;\">\n\t\t\t\t<rs-module id=\"rev_slider_23_1\" style=\"\" data-version=\"6.7.13\">\n\t\t\t\t\t<rs-slides style=\"overflow: hidden; position: absolute;\">\n\t\t\t\t\t\t<rs-slide style=\"position: absolute;\" data-key=\"rs-85\" data-title=\"Slide\" data-thumb=\"\/\/visitcalvia.org\/wp-content\/uploads\/2026\/04\/pr-ma-2-la-vall-verda1-scaled-60x60.jpeg\" data-anim=\"ms:700ms;\" data-in=\"o:0;e:power3.inOut;\" data-out=\"e:power3.out;\">\n\t\t\t\t\t\t\t<img data-recalc-dims=\"1\" decoding=\"async\" src=\"https:\/\/i0.wp.com\/visitcalvia.org\/wp-content\/plugins\/revslider\/sr6\/assets\/assets\/dummy.png?resize=1100%2C732\" alt=\"\" width=\"1100\" height=\"732\" class=\"rev-slidebg tp-rs-img rs-lazyload\" data-lazyload=\"\/\/visitcalvia.org\/wp-content\/uploads\/2026\/04\/pr-ma-2-la-vall-verda1-scaled.jpeg\" data-parallax=\"off\" data-no-retina>\n<!--\n\t\t\t\t\t\t\t--><rs-layer\n\t\t\t\t\t\t\t\tid=\"slider-23-slide-85-layer-0\" \n\t\t\t\t\t\t\t\tdata-type=\"text\"\n\t\t\t\t\t\t\t\tdata-rsp_ch=\"on\"\n\t\t\t\t\t\t\t\tdata-xy=\"xo:95px,95px,95px,53px;yo:285px,285px,285px,196px;\"\n\t\t\t\t\t\t\t\tdata-text=\"w:normal;s:33,33,33,40;l:29,29,29,40;fw:700;\"\n\t\t\t\t\t\t\t\tdata-dim=\"w:393px,393px,393px,375px;h:auto,auto,auto,120px;\"\n\t\t\t\t\t\t\t\tdata-frame_999=\"o:0;st:w;\"\n\t\t\t\t\t\t\t\tstyle=\"z-index:11;background-color:rgba(12,12,12,0.47);font-family:'Montserrat';\"\n\t\t\t\t\t\t\t>PR-MA 2 La Vall Verda \n\t\t\t\t\t\t\t<\/rs-layer><!--\n-->\t\t\t\t\t<\/rs-slide>\n\t\t\t\t\t\t<rs-slide style=\"position: absolute;\" data-key=\"rs-84\" data-title=\"Slide\" data-thumb=\"\/\/visitcalvia.org\/wp-content\/uploads\/2026\/04\/pr-ma-2-la-vall-verda3-60x60.jpeg\" data-anim=\"ms:700ms;\" data-in=\"o:0;e:power3.inOut;\" data-out=\"e:power3.out;\">\n\t\t\t\t\t\t\t<img data-recalc-dims=\"1\" decoding=\"async\" src=\"https:\/\/i0.wp.com\/visitcalvia.org\/wp-content\/plugins\/revslider\/sr6\/assets\/assets\/dummy.png?resize=1100%2C619\" alt=\"\" width=\"1100\" height=\"619\" class=\"rev-slidebg tp-rs-img rs-lazyload\" data-lazyload=\"\/\/visitcalvia.org\/wp-content\/uploads\/2026\/04\/pr-ma-2-la-vall-verda3.jpeg\" data-parallax=\"off\" data-no-retina>\n<!--\n\t\t\t\t\t\t\t--><rs-layer\n\t\t\t\t\t\t\t\tid=\"slider-23-slide-84-layer-0\" \n\t\t\t\t\t\t\t\tdata-type=\"text\"\n\t\t\t\t\t\t\t\tdata-rsp_ch=\"on\"\n\t\t\t\t\t\t\t\tdata-xy=\"xo:98px,98px,98px,52px;yo:318px,318px,318px,190px;\"\n\t\t\t\t\t\t\t\tdata-text=\"w:normal;s:33,33,33,40;l:29,29,29,40;fw:700;\"\n\t\t\t\t\t\t\t\tdata-dim=\"w:390px,390px,390px,371px;h:auto,auto,auto,120px;\"\n\t\t\t\t\t\t\t\tdata-frame_999=\"o:0;st:w;\"\n\t\t\t\t\t\t\t\tstyle=\"z-index:11;background-color:rgba(12,12,12,0.47);font-family:'Montserrat';\"\n\t\t\t\t\t\t\t>PR-MA 2 La Vall Verda \n\t\t\t\t\t\t\t<\/rs-layer><!--\n-->\t\t\t\t\t<\/rs-slide>\n\t\t\t\t\t\t<rs-slide style=\"position: absolute;\" data-key=\"rs-86\" data-title=\"Slide\" data-thumb=\"\/\/visitcalvia.org\/wp-content\/uploads\/2026\/04\/pr-ma-2-la-vall-verda4-scaled-60x60.jpg\" data-anim=\"ms:700ms;\" data-in=\"o:0;e:power3.inOut;\" data-out=\"e:power3.out;\">\n\t\t\t\t\t\t\t<img data-recalc-dims=\"1\" decoding=\"async\" src=\"https:\/\/i0.wp.com\/visitcalvia.org\/wp-content\/plugins\/revslider\/sr6\/assets\/assets\/dummy.png?resize=1100%2C733\" alt=\"\" width=\"1100\" height=\"733\" class=\"rev-slidebg tp-rs-img rs-lazyload\" data-lazyload=\"\/\/visitcalvia.org\/wp-content\/uploads\/2026\/04\/pr-ma-2-la-vall-verda4-scaled.jpg\" data-parallax=\"off\" data-no-retina>\n<!--\n\t\t\t\t\t\t\t--><rs-layer\n\t\t\t\t\t\t\t\tid=\"slider-23-slide-86-layer-0\" \n\t\t\t\t\t\t\t\tdata-type=\"text\"\n\t\t\t\t\t\t\t\tdata-rsp_ch=\"on\"\n\t\t\t\t\t\t\t\tdata-xy=\"xo:98px,98px,98px,52px;yo:318px,318px,318px,190px;\"\n\t\t\t\t\t\t\t\tdata-text=\"w:normal;s:33,33,33,40;l:29,29,29,40;fw:700;\"\n\t\t\t\t\t\t\t\tdata-dim=\"w:390px,390px,390px,371px;h:auto,auto,auto,120px;\"\n\t\t\t\t\t\t\t\tdata-frame_999=\"o:0;st:w;\"\n\t\t\t\t\t\t\t\tstyle=\"z-index:11;background-color:rgba(12,12,12,0.47);font-family:'Montserrat';\"\n\t\t\t\t\t\t\t>PR-MA 2 La Vall Verda \n\t\t\t\t\t\t\t<\/rs-layer><!--\n-->\t\t\t\t\t<\/rs-slide>\n\t\t\t\t\t<\/rs-slides>\n\t\t\t\t<\/rs-module>\n\t\t\t\t<script>\n\t\t\t\t\tsetREVStartSize({c: 'rev_slider_23_1',rl:[1240,1240,1240,480],el:[600,600,600,520],gw:[1240,1240,1240,480],gh:[600,600,600,520],type:'standard',justify:'',layout:'fullwidth',mh:\"0\"});if (window.RS_MODULES!==undefined && window.RS_MODULES.modules!==undefined && window.RS_MODULES.modules[\"revslider231\"]!==undefined) {window.RS_MODULES.modules[\"revslider231\"].once = false;window.revapi23 = undefined;if (window.RS_MODULES.checkMinimal!==undefined) window.RS_MODULES.checkMinimal()}\n\t\t\t\t<\/script>\n\t\t\t<\/rs-module-wrap>\n\t\t\t<!-- END REVOLUTION SLIDER -->\n[\/vc_column][\/vc_row][vc_row full_width=&#8220;stretch_row&#8220; css=&#8220;.vc_custom_1775628750379{background-color: #E4E4E4 !important;}&#8220;][vc_column][vc_column_text css=&#8220;.vc_custom_1774950773705{margin-bottom: 14px !important;}&#8220;]<\/p>\n<h1 style=\"text-align: center;\"><span class=\"change-second-color\" style=\"color: #0562a4; font-family: Montserrat;\"><strong>CALVI\u00c0 SCHRITT F\u00dcR<\/strong> SCHRITT ERLEBEN<\/span><\/h1>\n<p>[\/vc_column_text][vc_empty_space height=&#8220;20px&#8220;][\/vc_column][\/vc_row][vc_row full_width=&#8220;stretch_row&#8220; css=&#8220;.vc_custom_1775628739721{background-color: #E4E4E4 !important;}&#8220;][vc_column][vc_row_inner][vc_column_inner width=&#8220;1\/3&#8243;][vc_single_image image=&#8220;30740&#8243; img_size=&#8220;80&#215;80&#8243; alignment=&#8220;center&#8220; css=&#8220;&#8220;][vc_column_text css=&#8220;.vc_custom_1775628714008{margin-bottom: 14px !important;}&#8220;]<\/p>\n<h3 style=\"text-align: center;\"><span style=\"color: #0562a4; font-family: Montserrat;\"><span style=\"font-weight: 400;\">Wanderweg von <strong>historisch-k\u00fcnstlerischem Interesse<\/strong><\/span><\/span><\/h3>\n<p>[\/vc_column_text][\/vc_column_inner][vc_column_inner width=&#8220;1\/3&#8243;][vc_single_image image=&#8220;30744&#8243; img_size=&#8220;80&#215;80&#8243; alignment=&#8220;center&#8220; css=&#8220;&#8220;][vc_column_text css=&#8220;.vc_custom_1775642641180{margin-bottom: 14px !important;}&#8220;]<\/p>\n<h3 style=\"text-align: center;\"><span style=\"color: #0562a4; font-family: Montserrat;\"><span style=\"font-weight: 400;\">Familienfreundlicher Weg f\u00fcr<strong> Kinder von 7 bis 9 Jahren geeignet<\/strong><\/span><strong><span style=\"font-weight: 400;\"><strong><br \/>\n<\/strong><\/span><\/strong><\/span><\/h3>\n<p>[\/vc_column_text][\/vc_column_inner][vc_column_inner width=&#8220;1\/3&#8243;][vc_single_image image=&#8220;30748&#8243; img_size=&#8220;80&#215;80&#8243; alignment=&#8220;center&#8220; css=&#8220;&#8220;][vc_column_text css=&#8220;.vc_custom_1775628696230{margin-bottom: 14px !important;}&#8220;]<\/p>\n<h3 style=\"text-align: center;\"><span style=\"color: #0562a4; font-family: Montserrat;\"><span style=\"font-weight: 400;\">Perfekte Strecke <strong>f\u00fcr Nordic Walking<\/strong><\/span><\/span><\/h3>\n<p>[\/vc_column_text][\/vc_column_inner][\/vc_row_inner][vc_row_inner][vc_column_inner width=&#8220;1\/3&#8243;][vc_single_image image=&#8220;30757&#8243; img_size=&#8220;80&#215;80&#8243; alignment=&#8220;center&#8220; css=&#8220;&#8220;][vc_column_text css=&#8220;.vc_custom_1775642668420{margin-bottom: 14px !important;}&#8220;]<\/p>\n<h3 style=\"text-align: center;\"><span style=\"color: #0562a4; font-family: Montserrat;\"><span style=\"font-weight: 400;\">Strecke:<strong> 5,90 km<\/strong><\/span><\/span><\/h3>\n<p>[\/vc_column_text][\/vc_column_inner][vc_column_inner width=&#8220;1\/3&#8243;][vc_single_image image=&#8220;30761&#8243; img_size=&#8220;80&#215;80&#8243; alignment=&#8220;center&#8220; css=&#8220;&#8220;][vc_column_text css=&#8220;.vc_custom_1775642696289{margin-bottom: 14px !important;}&#8220;]<\/p>\n<h3 style=\"text-align: center;\"><span style=\"color: #0562a4; font-family: Montserrat;\"><span style=\"font-weight: 400;\">Dauer:<strong> 1:50 Std.<\/strong><\/span><\/span><\/h3>\n<p>[\/vc_column_text][\/vc_column_inner][vc_column_inner width=&#8220;1\/3&#8243;][vc_single_image image=&#8220;30752&#8243; img_size=&#8220;80&#215;80&#8243; alignment=&#8220;center&#8220; css=&#8220;&#8220;][vc_column_text css=&#8220;.vc_custom_1776859153462{margin-bottom: 14px !important;}&#8220;]<\/p>\n<h3 style=\"text-align: center;\"><span style=\"color: #0562a4; font-family: Montserrat;\"><b>Rundweg<\/b><\/span><\/h3>\n<p>[\/vc_column_text][\/vc_column_inner][\/vc_row_inner][vc_empty_space height=&#8220;20px&#8220;][\/vc_column][\/vc_row][vc_row full_width=&#8220;stretch_row&#8220; css=&#8220;.vc_custom_1774950787382{background-color: #0562A4 !important;}&#8220;][vc_column][vc_column_text css=&#8220;.vc_custom_1776859107891{margin-bottom: 14px !important;}&#8220;]<\/p>\n<h2 style=\"text-align: center;\"><span class=\"change-second-color\" style=\"color: #ffffff; font-family: Montserrat;\">ENTDECKEN SIE DIE <strong> SEHENSW\u00dcRDIGKEITEN<\/strong><\/span><\/h2>\n<p>[\/vc_column_text][vc_empty_space height=&#8220;20px&#8220;][\/vc_column][\/vc_row][vc_row full_width=&#8220;stretch_row_content&#8220;][vc_column][vc_column_text css=&#8220;&#8220;]<\/p>\n<p style=\"text-align: center;\"><iframe style=\"border: 0;\" tabindex=\"0\" src=\"https:\/\/www.google.com\/maps\/embed?pb=!1m18!1m12!1m3!1d3075.8265396129927!2d2.502984714533074!3d39.563518615010445!2m3!1f0!2f0!3f0!3m2!1i1024!2i768!4f13.1!3m3!1m2!1s0x12978932512b4115%3A0xac3898daa9e9c378!2sAjuntament%20de%20Calvi%C3%A0!5e0!3m2!1ses!2sus!4v1586948987762!5m2!1ses!2sus\" width=\"1800\" height=\"500\" frameborder=\"0\" allowfullscreen=\"allowfullscreen\" aria-hidden=\"false\"><span data-mce-type=\"bookmark\" style=\"display: inline-block; width: 0px; overflow: hidden; line-height: 0;\" class=\"mce_SELRES_start\"><\/span><\/iframe><\/p>\n<p>[\/vc_column_text][\/vc_column][\/vc_row][vc_row full_width=&#8220;stretch_row&#8220; css=&#8220;.vc_custom_1775562247022{background-position: center !important;background-repeat: no-repeat !important;background-size: cover !important;}&#8220;][vc_column][vc_empty_space height=&#8220;10px&#8220;][\/vc_column][\/vc_row][vc_row full_width=&#8220;stretch_row&#8220; css=&#8220;.vc_custom_1774951842589{background-color: #E4E4E4 !important;}&#8220;][vc_column][vc_row_inner][vc_column_inner][vc_column_text css=&#8220;.vc_custom_1776859078316{margin-bottom: 14px !important;}&#8220;]<\/p>\n<h2 style=\"text-align: center;\"><strong>ROUTENBESCHREIBUNG<\/strong><\/h2>\n<p>[\/vc_column_text][vc_column_text css=&#8220;&#8220;]Ein leichter, kreisf\u00f6rmiger Wanderweg, der eine gro\u00dfe Vielfalt an charakteristischen Landschaften der Region durchquert. Entlang der Strecke durchqueren die Besucher Aleppo-Kiefernw\u00e4lder (Pinus halepensis), landwirtschaftliche Fl\u00e4chen, Steineichenhaine sowie die nat\u00fcrlichen Umgebungen der Torrent de sa Cova und es Gorg und genie\u00dfen zudem weite Ausblicke auf das Tal von Calvi\u00e0, den Puig de Galatz\u00f3 und die Mola de s\u2019Esclop.<\/p>\n<p>Die Route bietet auch interessante Beispiele des l\u00e4ndlichen mallorquinischen Kulturerbes, wie die Finca Son Vic Vell aus dem 15. Jahrhundert und Son Cabot aus dem Jahr 1598, beide repr\u00e4sentative Beispiele traditioneller Inselarchitektur.<\/p>\n<p>Die Route beginnt neben dem \u00f6ffentlichen Parkplatz von Es Capdell\u00e0 (Carrer de les Platges). Von dort geht es in n\u00f6rdlicher Richtung weiter und an der ersten Kreuzung nach Westen, um den Ort \u00fcber die Stra\u00dfe Ma-1031 zu verlassen. Kurz danach nimmt man links einen Schotterweg, der nach S\u00fcden abbiegt und in ein Tal f\u00fchrt, das von Kiefernw\u00e4ldern und kleinen landwirtschaftlichen Betrieben umgeben ist.<\/p>\n<p>Der Weg f\u00fchrt weiter \u00fcber den Torrent de sa Cova und verbindet sich mit einem weiteren Pfad, der parallel dazu verl\u00e4uft, bis zur Ma-1012 Stra\u00dfe. Von dort erfolgt die R\u00fcckkehr \u00fcber den Fu\u00dfweg entlang der Stra\u00dfe, der zur\u00fcck zum Ausgangspunkt in Es Capdell\u00e0 f\u00fchrt.[\/vc_column_text][\/vc_column_inner][\/vc_row_inner][vc_empty_space height=&#8220;20px&#8220;][vc_row_inner][vc_column_inner width=&#8220;1\/4&#8243;][vc_single_image image=&#8220;30776&#8243; img_size=&#8220;full&#8220; alignment=&#8220;center&#8220; onclick=&#8220;img_link_large&#8220; css=&#8220;&#8220;][\/vc_column_inner][vc_column_inner width=&#8220;1\/4&#8243;][vc_single_image image=&#8220;30772&#8243; img_size=&#8220;full&#8220; alignment=&#8220;center&#8220; onclick=&#8220;img_link_large&#8220; css=&#8220;&#8220;][\/vc_column_inner][vc_column_inner width=&#8220;1\/4&#8243;][vc_single_image image=&#8220;30768&#8243; img_size=&#8220;full&#8220; alignment=&#8220;center&#8220; onclick=&#8220;img_link_large&#8220; css=&#8220;&#8220;][\/vc_column_inner][vc_column_inner width=&#8220;1\/4&#8243;][vc_single_image image=&#8220;30702&#8243; img_size=&#8220;full&#8220; alignment=&#8220;center&#8220; onclick=&#8220;img_link_large&#8220; css=&#8220;&#8220;][\/vc_column_inner][\/vc_row_inner][vc_empty_space height=&#8220;20px&#8220;][\/vc_column][\/vc_row][vc_row full_width=&#8220;stretch_row&#8220;][vc_column][vc_empty_space height=&#8220;10px&#8220;][\/vc_column][\/vc_row][vc_row full_width=&#8220;stretch_row&#8220; css=&#8220;.vc_custom_1775562395308{background-color: #000000 !important;}&#8220;][vc_column][vc_column_text css=&#8220;.vc_custom_1776859130336{margin-bottom: 14px !important;}&#8220;]<\/p>\n<h2 style=\"text-align: center;\"><span class=\"change-second-color\" style=\"color: #ffffff; font-family: Montserrat;\">Das k\u00f6nnte Sie<strong> auch interessieren<br \/>\n<\/strong><\/span><\/h2>\n<p>[\/vc_column_text][vc_empty_space height=&#8220;20px&#8220;][\/vc_column][\/vc_row][vc_row full_width=&#8220;stretch_row_content&#8220;][vc_column width=&#8220;1\/3&#8243;][vc_single_image image=&#8220;30471&#8243; img_size=&#8220;full&#8220; alignment=&#8220;center&#8220; css=&#8220;&#8220;][vc_btn title=&#8220;PR-MA 1: Peguera &#8211; Es Capdell\u00e0&#8220; shape=&#8220;square&#8220; color=&#8220;black&#8220; size=&#8220;lg&#8220; align=&#8220;center&#8220; i_icon_fontawesome=&#8220;fas fa-walking&#8220; css=&#8220;&#8220; button_block=&#8220;true&#8220; add_icon=&#8220;true&#8220; link=&#8220;url:https%3A%2F%2Fvisitcalvia.org%2Fde%2Fwandern_calvia_peguera_escapdella%2F&#8220;][\/vc_column][vc_column width=&#8220;1\/3&#8243;][vc_single_image image=&#8220;30479&#8243; img_size=&#8220;full&#8220; alignment=&#8220;center&#8220; css=&#8220;&#8220;][vc_btn title=&#8220;PR-MA 3: Sa Vinya&#8220; shape=&#8220;square&#8220; color=&#8220;black&#8220; size=&#8220;lg&#8220; align=&#8220;center&#8220; i_icon_fontawesome=&#8220;fas fa-walking&#8220; css=&#8220;&#8220; button_block=&#8220;true&#8220; add_icon=&#8220;true&#8220; link=&#8220;url:https%3A%2F%2Fvisitcalvia.org%2Fde%2Fwandern_calvia_savinya%2F&#8220;][\/vc_column][vc_column width=&#8220;1\/3&#8243;][vc_single_image image=&#8220;30483&#8243; img_size=&#8220;full&#8220; alignment=&#8220;center&#8220; css=&#8220;&#8220;][vc_btn title=&#8220;PR-MA 4: Sa Font de Sa Cometa&#8220; shape=&#8220;square&#8220; color=&#8220;black&#8220; size=&#8220;lg&#8220; align=&#8220;center&#8220; i_icon_fontawesome=&#8220;fas fa-walking&#8220; css=&#8220;&#8220; button_block=&#8220;true&#8220; add_icon=&#8220;true&#8220; link=&#8220;url:https%3A%2F%2Fvisitcalvia.org%2Fde%2Fwandern_calvia_sacometa%2F&#8220;][\/vc_column][\/vc_row][vc_row full_width=&#8220;stretch_row&#8220; css=&#8220;.vc_custom_1774618055698{background-color: #FFFFFF !important;}&#8220;][vc_column][vc_empty_space height=&#8220;20px&#8220;][\/vc_column][\/vc_row]<\/p>\n<\/div>","protected":false},"excerpt":{"rendered":"<p>[vc_row row_content_width=&#8220;grid&#8220;][vc_column][\/vc_column][\/vc_row][vc_row full_width=&#8220;stretch_row&#8220; css=&#8220;.vc_custom_1775628750379{background-color: #E4E4E4 !important;}&#8220;][vc_column][vc_column_text css=&#8220;.vc_custom_1774950773705{margin-bottom: 14px !important;}&#8220;] CALVI\u00c0 SCHRITT F\u00dcR SCHRITT ERLEBEN [\/vc_column_text][vc_empty_space height=&#8220;20px&#8220;][\/vc_column][\/vc_row][vc_row full_width=&#8220;stretch_row&#8220; css=&#8220;.vc_custom_1775628739721{background-color: #E4E4E4 !important;}&#8220;][vc_column][vc_row_inner][vc_column_inner width=&#8220;1\/3&#8243;][vc_single_image image=&#8220;30740&#8243; img_size=&#8220;80&#215;80&#8243; alignment=&#8220;center&#8220; css=&#8220;&#8220;][vc_column_text css=&#8220;.vc_custom_1775628714008{margin-bottom: 14px !important;}&#8220;] Wanderweg von historisch-k\u00fcnstlerischem Interesse [\/vc_column_text][\/vc_column_inner][vc_column_inner width=&#8220;1\/3&#8243;][vc_single_image image=&#8220;30744&#8243; img_size=&#8220;80&#215;80&#8243; alignment=&#8220;center&#8220; css=&#8220;&#8220;][vc_column_text css=&#8220;.vc_custom_1775642641180{margin-bottom: 14px !important;}&#8220;] Familienfreundlicher Weg f\u00fcr Kinder von 7 bis 9 Jahren geeignet [\/vc_column_text][\/vc_column_inner][vc_column_inner width=&#8220;1\/3&#8243;][vc_single_image image=&#8220;30748&#8243; [&hellip;]<\/p>\n","protected":false},"author":182516987,"featured_media":0,"parent":0,"menu_order":0,"comment_status":"closed","ping_status":"closed","template":"","meta":{"_coblocks_attr":"","_coblocks_dimensions":"","_coblocks_responsive_height":"","_coblocks_accordion_ie_support":"","_crdt_document":"","footnotes":""},"class_list":["post-30881","page","type-page","status-publish","hentry"],"yoast_head":"<!-- This site is optimized with the Yoast SEO plugin v27.4 - https:\/\/yoast.com\/product\/yoast-seo-wordpress\/ -->\n<title>PR-MA 2 La Vall Verda - visitcalvia<\/title>\n<meta name=\"robots\" content=\"index, follow, max-snippet:-1, max-image-preview:large, max-video-preview:-1\" \/>\n<link rel=\"canonical\" href=\"https:\/\/visitcalvia.org\/de\/wandern_calvia_lavallverda\/\" \/>\n<meta property=\"og:locale\" content=\"de_DE\" \/>\n<meta property=\"og:type\" content=\"article\" \/>\n<meta property=\"og:title\" content=\"PR-MA 2 La Vall Verda - visitcalvia\" \/>\n<meta property=\"og:description\" content=\"[vc_row row_content_width=&#8220;grid&#8220;][vc_column][\/vc_column][\/vc_row][vc_row full_width=&#8220;stretch_row&#8220; css=&#8220;.vc_custom_1775628750379{background-color: #E4E4E4 !important;}&#8220;][vc_column][vc_column_text css=&#8220;.vc_custom_1774950773705{margin-bottom: 14px !important;}&#8220;] CALVI\u00c0 SCHRITT F\u00dcR SCHRITT ERLEBEN [\/vc_column_text][vc_empty_space height=&#8220;20px&#8220;][\/vc_column][\/vc_row][vc_row full_width=&#8220;stretch_row&#8220; css=&#8220;.vc_custom_1775628739721{background-color: #E4E4E4 !important;}&#8220;][vc_column][vc_row_inner][vc_column_inner width=&#8220;1\/3&#8243;][vc_single_image image=&#8220;30740&#8243; img_size=&#8220;80&#215;80&#8243; alignment=&#8220;center&#8220; css=&#8220;&#8220;][vc_column_text css=&#8220;.vc_custom_1775628714008{margin-bottom: 14px !important;}&#8220;] Wanderweg von historisch-k\u00fcnstlerischem Interesse [\/vc_column_text][\/vc_column_inner][vc_column_inner width=&#8220;1\/3&#8243;][vc_single_image image=&#8220;30744&#8243; img_size=&#8220;80&#215;80&#8243; alignment=&#8220;center&#8220; css=&#8220;&#8220;][vc_column_text css=&#8220;.vc_custom_1775642641180{margin-bottom: 14px !important;}&#8220;] Familienfreundlicher Weg f\u00fcr Kinder von 7 bis 9 Jahren geeignet [\/vc_column_text][\/vc_column_inner][vc_column_inner width=&#8220;1\/3&#8243;][vc_single_image image=&#8220;30748&#8243; [&hellip;]\" \/>\n<meta property=\"og:url\" content=\"https:\/\/visitcalvia.org\/de\/wandern_calvia_lavallverda\/\" \/>\n<meta property=\"og:site_name\" content=\"visitcalvia\" \/>\n<meta property=\"article:modified_time\" content=\"2026-04-23T08:28:17+00:00\" \/>\n<meta name=\"twitter:card\" content=\"summary_large_image\" \/>\n<meta name=\"twitter:label1\" content=\"Gesch\u00e4tzte Lesezeit\" \/>\n\t<meta name=\"twitter:data1\" content=\"3\u00a0Minuten\" \/>\n<script type=\"application\/ld+json\" class=\"yoast-schema-graph\">{\"@context\":\"https:\\\/\\\/schema.org\",\"@graph\":[{\"@type\":\"WebPage\",\"@id\":\"https:\\\/\\\/visitcalvia.org\\\/de\\\/wandern_calvia_lavallverda\\\/\",\"url\":\"https:\\\/\\\/visitcalvia.org\\\/de\\\/wandern_calvia_lavallverda\\\/\",\"name\":\"PR-MA 2 La Vall Verda - visitcalvia\",\"isPartOf\":{\"@id\":\"https:\\\/\\\/visitcalvia.org\\\/de\\\/#website\"},\"datePublished\":\"2026-04-22T11:55:15+00:00\",\"dateModified\":\"2026-04-23T08:28:17+00:00\",\"breadcrumb\":{\"@id\":\"https:\\\/\\\/visitcalvia.org\\\/de\\\/wandern_calvia_lavallverda\\\/#breadcrumb\"},\"inLanguage\":\"de\",\"potentialAction\":[{\"@type\":\"ReadAction\",\"target\":[\"https:\\\/\\\/visitcalvia.org\\\/de\\\/wandern_calvia_lavallverda\\\/\"]}]},{\"@type\":\"BreadcrumbList\",\"@id\":\"https:\\\/\\\/visitcalvia.org\\\/de\\\/wandern_calvia_lavallverda\\\/#breadcrumb\",\"itemListElement\":[{\"@type\":\"ListItem\",\"position\":1,\"name\":\"Portada\",\"item\":\"https:\\\/\\\/visitcalvia.org\\\/de\\\/\"},{\"@type\":\"ListItem\",\"position\":2,\"name\":\"PR-MA 2 La Vall Verda\"}]},{\"@type\":\"WebSite\",\"@id\":\"https:\\\/\\\/visitcalvia.org\\\/de\\\/#website\",\"url\":\"https:\\\/\\\/visitcalvia.org\\\/de\\\/\",\"name\":\"visitcalvia\",\"description\":\"Vacaciones en Mallorca \u2013 Calvi\u00e0 m\u00faltiples destinos en uno s\u00f3lo lugar. Palmanova, Santa Pon\u00e7a, Magaluf, Peguera, Portals Nous, Costa d\u2019en Blanes, Cala Vinyes\",\"potentialAction\":[{\"@type\":\"SearchAction\",\"target\":{\"@type\":\"EntryPoint\",\"urlTemplate\":\"https:\\\/\\\/visitcalvia.org\\\/de\\\/?s={search_term_string}\"},\"query-input\":{\"@type\":\"PropertyValueSpecification\",\"valueRequired\":true,\"valueName\":\"search_term_string\"}}],\"inLanguage\":\"de\"}]}<\/script>\n<!-- \/ Yoast SEO plugin. -->","yoast_head_json":{"title":"PR-MA 2 La Vall Verda - visitcalvia","robots":{"index":"index","follow":"follow","max-snippet":"max-snippet:-1","max-image-preview":"max-image-preview:large","max-video-preview":"max-video-preview:-1"},"canonical":"https:\/\/visitcalvia.org\/de\/wandern_calvia_lavallverda\/","og_locale":"de_DE","og_type":"article","og_title":"PR-MA 2 La Vall Verda - visitcalvia","og_description":"[vc_row row_content_width=&#8220;grid&#8220;][vc_column][\/vc_column][\/vc_row][vc_row full_width=&#8220;stretch_row&#8220; css=&#8220;.vc_custom_1775628750379{background-color: #E4E4E4 !important;}&#8220;][vc_column][vc_column_text css=&#8220;.vc_custom_1774950773705{margin-bottom: 14px !important;}&#8220;] CALVI\u00c0 SCHRITT F\u00dcR SCHRITT ERLEBEN [\/vc_column_text][vc_empty_space height=&#8220;20px&#8220;][\/vc_column][\/vc_row][vc_row full_width=&#8220;stretch_row&#8220; css=&#8220;.vc_custom_1775628739721{background-color: #E4E4E4 !important;}&#8220;][vc_column][vc_row_inner][vc_column_inner width=&#8220;1\/3&#8243;][vc_single_image image=&#8220;30740&#8243; img_size=&#8220;80&#215;80&#8243; alignment=&#8220;center&#8220; css=&#8220;&#8220;][vc_column_text css=&#8220;.vc_custom_1775628714008{margin-bottom: 14px !important;}&#8220;] Wanderweg von historisch-k\u00fcnstlerischem Interesse [\/vc_column_text][\/vc_column_inner][vc_column_inner width=&#8220;1\/3&#8243;][vc_single_image image=&#8220;30744&#8243; img_size=&#8220;80&#215;80&#8243; alignment=&#8220;center&#8220; css=&#8220;&#8220;][vc_column_text css=&#8220;.vc_custom_1775642641180{margin-bottom: 14px !important;}&#8220;] Familienfreundlicher Weg f\u00fcr Kinder von 7 bis 9 Jahren geeignet [\/vc_column_text][\/vc_column_inner][vc_column_inner width=&#8220;1\/3&#8243;][vc_single_image image=&#8220;30748&#8243; [&hellip;]","og_url":"https:\/\/visitcalvia.org\/de\/wandern_calvia_lavallverda\/","og_site_name":"visitcalvia","article_modified_time":"2026-04-23T08:28:17+00:00","twitter_card":"summary_large_image","twitter_misc":{"Gesch\u00e4tzte Lesezeit":"3\u00a0Minuten"},"schema":{"@context":"https:\/\/schema.org","@graph":[{"@type":"WebPage","@id":"https:\/\/visitcalvia.org\/de\/wandern_calvia_lavallverda\/","url":"https:\/\/visitcalvia.org\/de\/wandern_calvia_lavallverda\/","name":"PR-MA 2 La Vall Verda - visitcalvia","isPartOf":{"@id":"https:\/\/visitcalvia.org\/de\/#website"},"datePublished":"2026-04-22T11:55:15+00:00","dateModified":"2026-04-23T08:28:17+00:00","breadcrumb":{"@id":"https:\/\/visitcalvia.org\/de\/wandern_calvia_lavallverda\/#breadcrumb"},"inLanguage":"de","potentialAction":[{"@type":"ReadAction","target":["https:\/\/visitcalvia.org\/de\/wandern_calvia_lavallverda\/"]}]},{"@type":"BreadcrumbList","@id":"https:\/\/visitcalvia.org\/de\/wandern_calvia_lavallverda\/#breadcrumb","itemListElement":[{"@type":"ListItem","position":1,"name":"Portada","item":"https:\/\/visitcalvia.org\/de\/"},{"@type":"ListItem","position":2,"name":"PR-MA 2 La Vall Verda"}]},{"@type":"WebSite","@id":"https:\/\/visitcalvia.org\/de\/#website","url":"https:\/\/visitcalvia.org\/de\/","name":"visitcalvia","description":"Vacaciones en Mallorca \u2013 Calvi\u00e0 m\u00faltiples destinos en uno s\u00f3lo lugar. Palmanova, Santa Pon\u00e7a, Magaluf, Peguera, Portals Nous, Costa d\u2019en Blanes, Cala Vinyes","potentialAction":[{"@type":"SearchAction","target":{"@type":"EntryPoint","urlTemplate":"https:\/\/visitcalvia.org\/de\/?s={search_term_string}"},"query-input":{"@type":"PropertyValueSpecification","valueRequired":true,"valueName":"search_term_string"}}],"inLanguage":"de"}]}},"jetpack_likes_enabled":false,"jetpack_sharing_enabled":false,"jetpack_shortlink":"https:\/\/wp.me\/PbP1bo-825","amp_enabled":true,"_links":{"self":[{"href":"https:\/\/visitcalvia.org\/de\/wp-json\/wp\/v2\/pages\/30881","targetHints":{"allow":["GET"]}}],"collection":[{"href":"https:\/\/visitcalvia.org\/de\/wp-json\/wp\/v2\/pages"}],"about":[{"href":"https:\/\/visitcalvia.org\/de\/wp-json\/wp\/v2\/types\/page"}],"author":[{"embeddable":true,"href":"https:\/\/visitcalvia.org\/de\/wp-json\/wp\/v2\/users\/182516987"}],"replies":[{"embeddable":true,"href":"https:\/\/visitcalvia.org\/de\/wp-json\/wp\/v2\/comments?post=30881"}],"version-history":[{"count":8,"href":"https:\/\/visitcalvia.org\/de\/wp-json\/wp\/v2\/pages\/30881\/revisions"}],"predecessor-version":[{"id":30945,"href":"https:\/\/visitcalvia.org\/de\/wp-json\/wp\/v2\/pages\/30881\/revisions\/30945"}],"wp:attachment":[{"href":"https:\/\/visitcalvia.org\/de\/wp-json\/wp\/v2\/media?parent=30881"}],"curies":[{"name":"wp","href":"https:\/\/api.w.org\/{rel}","templated":true}]}}