{"id":11858,"date":"2020-07-14T10:40:08","date_gmt":"2020-07-14T08:40:08","guid":{"rendered":"https:\/\/visitcalvia.org\/?page_id=11858"},"modified":"2025-07-04T12:54:41","modified_gmt":"2025-07-04T10:54:41","slug":"punta-marroig-dog-beach","status":"publish","type":"page","link":"https:\/\/visitcalvia.org\/en\/punta-marroig-dog-beach\/","title":{"rendered":"Punta Marroig Dog Beach"},"content":{"rendered":"<div class=\"wpb-content-wrapper\"><p>[vc_row content_placement=&#8221;middle&#8221; content_text_aligment=&#8221;center&#8221; css=&#8221;.vc_custom_1594717091761{padding-top: 81px !important;background-image: url(<a href=\"https:\/\/visitcalvia.org\/wp-content\/uploads\/2020\/07\/puntamarroigweb.jpg?id=11891\">https:\/\/visitcalvia.org\/wp-content\/uploads\/2020\/07\/puntamarroigweb.jpg?id=11891<\/a>) !important;background-position: center !important;background-repeat: no-repeat !important;background-size: cover !important;}&#8221; simple_background_color=&#8221;#ffffff&#8221;][vc_column]<div class=\"qodef-elements-holder   qodef-one-column  qodef-responsive-mode-768 \" ><div class=\"qodef-eh-item     \"  data-item-class=\"qodef-eh-custom-4363\" data-1024-1280=\"0 21%\" data-768-1024=\"0 12%\" data-680-768=\"0 0\" data-680=\"0 0\">\n\t<div class=\"qodef-eh-item-inner\">\n\t\t<div class=\"qodef-eh-item-content qodef-eh-custom-4363\" style=\"padding: 0 25%\">\n\t\t\t[vc_empty_space height=&#8221;200px&#8221;]\t\t<\/div>\n\t<\/div>\n\t<\/div><\/div>[\/vc_column][\/vc_row][vc_row full_width=&#8221;stretch_row&#8221; css=&#8221;.vc_custom_1738054147413{background-color: #9bc535 !important;}&#8221;][vc_column][vc_row_inner row_content_width=&#8221;grid&#8221;][vc_column_inner width=&#8221;1\/2&#8243;]<div class=\"qodef-section-title-holder  qodef-st-standard qodef-st-title-left qodef-st-normal-space  \" style=\"text-align: right\">\n\t<div class=\"qodef-st-inner\">\n\t\t\t\t\t<h3 class=\"qodef-st-title\" style=\"color: #0a0a0a\">\n\t\t\t\t<span class=\"qodef-st-title-bold\">Beach<\/span> <span class=\"qodef-st-title-bold\">Fact<\/span> <span class=\"qodef-st-title-bold\">Sheet<\/span> <span class=\"qodef-st-title-bold\">-<\/span><br \/> <span class=\"qodef-st-title-bold\">Playa<\/span> <span class=\"qodef-st-title-bold\">Punta<\/span> Marroig\t\t\t<\/h3>\n\t\t\t\t\t<\/div>\n<\/div>[vc_empty_space height=&#8221;10px&#8221;][\/vc_column_inner][vc_column_inner width=&#8221;1\/2&#8243;][vc_empty_space height=&#8221;7px&#8221;]<a itemprop=\"url\" href=\"https:\/\/drive.google.com\/file\/d\/1KV0LEww6DRDYVwGHIP5hmZJRzyOvBOuM\/view?usp=sharing\" target=\"_blank\" style=\"text-transform: capitalize\" class=\"qodef-btn qodef-btn-small qodef-btn-solid qodef-btn-icon\"  >\n    <span class=\"qodef-btn-text\">More Information<\/span>\n    <i class=\"qodef-icon-font-awesome fa fa-chevron-right \" ><\/i><\/a>[vc_empty_space height=&#8221;7px&#8221;][\/vc_column_inner][\/vc_row_inner][vc_empty_space height=&#8221;20px&#8221;][\/vc_column][\/vc_row][vc_row row_content_width=&#8221;grid&#8221; css=&#8221;.vc_custom_1587458275105{margin-top: 35px !important;padding-bottom: 30px !important;}&#8221;][vc_column]<div class=\"qodef-section-title-holder  qodef-st-standard qodef-st-title-left qodef-st-normal-space qodef-st-disable-title-break qodef-st-with-border\" style=\"text-align: left\">\n\t<div class=\"qodef-st-inner\">\n\t\t\t\t\t<h2 class=\"qodef-st-title\" >\n\t\t\t\t<span class=\"qodef-st-title-bold\">Punta<\/span> <span class=\"qodef-st-title-bold\">Marroig<\/span> (Dog-friendly beach<br \/> in Mallorca )\t\t\t<\/h2>\n\t\t\t\t\t<\/div>\n<\/div>[vc_column_text]Are you looking for a Dog-friendly beach in Mallorca ? You can find 2 in Calvi\u00e0, one of them is <strong>Punta Marroig<\/strong> in <a href=\"https:\/\/visitcalvia.org\/en\/palmanova\/\"><strong>Palmanova<\/strong><\/a>. Beautiful and accesible cove where dogs are allowed.<\/p>\n<p>The cove is located between two beaches of the area,<a href=\"https:\/\/visitcalvia.org\/en\/es-carregador-beach\/\"> Es Carregador<\/a> and <a href=\"https:\/\/visitcalvia.org\/en\/palmanova-beach\/\">Palmanova<\/a>. It is a very central area of the municipality in which, in addition to enjoying beaches, there are many associated service options.<\/p>\n<p>The cove of Punta Marroig is with <a href=\"https:\/\/visitcalvia.org\/en\/cala-des-gats-dog-beach\/\"><strong>Cala des Gats<\/strong><\/a> on the <strong><a href=\"https:\/\/visitcalvia.org\/en\/costadelacalma\/\">Costa de la Calma<\/a><\/strong>, the options offered by the municipality of Calvi\u00e0 to enjoy swimming with your pet (dog) in Calvi\u00e0.[\/vc_column_text][vc_column_text]<\/p>\n<h4><strong>Terms of use:<\/strong><\/h4>\n<p>1.- Owners of dogs will be responsible for their behaviour.<\/p>\n<p>2.- Dogs may move freely without a leash in the delimited are in the <a href=\"http:\/\/calvia.com\/servlet\/model.web.ShowDoc?KDOCUMENTACIO=49388&amp;TABLENAME=WEB.DOCUMENTACIO&amp;pageProcessKey=LOADINGDOCUMENT&amp;ts=1590488727579\">Mayoral Decree of 12th of July 2016 (BOIB n\u00ba91 of 19\/07\/16)<\/a>. Dogs will not be allowed beyond these limits, avoiding at all times their acces to nearby beaches and bathing areas.<\/p>\n<p>3.- Dogs classified as potentially hazardous according to Royal Decree 287\/2002 of 22nd of March will not allowed without a leash or without a muzzle in any case.<\/p>\n<p>4.-Leaving dog droppings is prohibited inside and outside of the delimited zone. The owner will have to collect droppings and put them in municipal solid waste-rubbish bins.<\/p>\n<p>5.- The owner is responsible for the physical and psychological damage that their animals can cause<\/p>\n<p>6.- All dogs will have to have microchip and be vaccinated and \/ or any compulsory treatment.<\/p>\n<p>7.- The timetable for using the area is from 8 am to 8 pm.<\/p>\n<p>8.- <a href=\"http:\/\/www.calvia.com\/responsive\/principal.plt?KPAGINA=21&amp;KIDIOMA=3\"><strong>Ajuntament de Calvi\u00e0<\/strong><\/a> will monitor the correct use of the environment and compliance with municipal ordinances.<\/p>\n<p>Dog-friendly beach in Mallorca[\/vc_column_text][vc_empty_space height=&#8221;10px&#8221;][\/vc_column][\/vc_row][vc_row equal_height=&#8221;yes&#8221; content_placement=&#8221;middle&#8221;][vc_column width=&#8221;2\/3&#8243; offset=&#8221;vc_col-lg-5 vc_col-md-12&#8243; css=&#8221;.vc_custom_1585820997663{margin-top: 0px !important;margin-right: 0px !important;margin-bottom: 0px !important;margin-left: 0px !important;padding-top: 0px !important;padding-right: 0px !important;padding-bottom: 0px !important;padding-left: 0px !important;background-color: #fcfcfc !important;}&#8221;]<div class=\"qodef-elements-holder   qodef-one-column  qodef-responsive-mode-768 qodef-one-column-alignment-right\" ><div class=\"qodef-eh-item   qodef-horizontal-alignment-right  \"  data-item-class=\"qodef-eh-custom-7392\" data-1280-1600=\"0 12% 15px 31%\" data-1024-1280=\"0 12% 15px 24%\" data-768-1024=\"48px 25% 70px 35%\" data-680-768=\"48px 12% 70px 35%\" data-680=\"50px 8% 70px 10%\">\n\t<div class=\"qodef-eh-item-inner\">\n\t\t<div class=\"qodef-eh-item-content qodef-eh-custom-7392\" style=\"padding: 0 12% 20px 35%\">\n\t\t\t[vc_column_text]<\/p>\n<h2 style=\"text-align: right;\">Punta Marroig<\/h2>\n<p style=\"text-align: right; font-family: Montserrat; margin-top: -18px; margin-bottom: 16px;\"><span class=\"change-second-color\" style=\"color: #ff0030;\"><em>Descubre Playa de perros<\/em><\/span><\/p>\n<p>[\/vc_column_text]\t\t<\/div>\n\t<\/div>\n\t<\/div><\/div>[\/vc_column][vc_column width=&#8221;1\/3&#8243; offset=&#8221;vc_col-lg-7 vc_col-md-12&#8243; css=&#8221;.vc_custom_1504689016842{margin-top: 0px !important;margin-right: 0px !important;margin-bottom: 0px !important;margin-left: 0px !important;padding-top: 0px !important;padding-right: 0px !important;padding-bottom: 0px !important;padding-left: 0px !important;}&#8221;]<div class=\"qodef-single-image-holder   qodef-image-behavior-zoom\">\n    <div class=\"qodef-si-inner\" style=\"background-image: url(https:\/\/i0.wp.com\/visitcalvia.org\/wp-content\/uploads\/2020\/07\/mapa-punta-marroig-web.png?fit=1141%2C808&amp;ssl=1)\">\n                                    <img decoding=\"async\" width=\"1141\" height=\"808\" src=\"https:\/\/i0.wp.com\/visitcalvia.org\/wp-content\/uploads\/2020\/07\/mapa-punta-marroig-web.png?fit=1141%2C808&amp;ssl=1\" class=\"attachment-full size-full\" alt=\"\" srcset=\"https:\/\/i0.wp.com\/visitcalvia.org\/wp-content\/uploads\/2020\/07\/mapa-punta-marroig-web.png?w=1141&amp;ssl=1 1141w, https:\/\/i0.wp.com\/visitcalvia.org\/wp-content\/uploads\/2020\/07\/mapa-punta-marroig-web.png?resize=300%2C212&amp;ssl=1 300w, https:\/\/i0.wp.com\/visitcalvia.org\/wp-content\/uploads\/2020\/07\/mapa-punta-marroig-web.png?resize=1024%2C725&amp;ssl=1 1024w, https:\/\/i0.wp.com\/visitcalvia.org\/wp-content\/uploads\/2020\/07\/mapa-punta-marroig-web.png?resize=768%2C544&amp;ssl=1 768w, https:\/\/i0.wp.com\/visitcalvia.org\/wp-content\/uploads\/2020\/07\/mapa-punta-marroig-web.png?resize=150%2C106&amp;ssl=1 150w, https:\/\/i0.wp.com\/visitcalvia.org\/wp-content\/uploads\/2020\/07\/mapa-punta-marroig-web.png?resize=500%2C354&amp;ssl=1 500w\" sizes=\"(max-width: 1100px) 100vw, 1100px\" data-attachment-id=\"11881\" data-permalink=\"https:\/\/visitcalvia.org\/en\/playa-de-perros-punta-marroig\/mapa-punta-marroig-web\/\" data-orig-file=\"https:\/\/i0.wp.com\/visitcalvia.org\/wp-content\/uploads\/2020\/07\/mapa-punta-marroig-web.png?fit=1141%2C808&amp;ssl=1\" data-orig-size=\"1141,808\" data-comments-opened=\"1\" data-image-meta=\"{&quot;aperture&quot;:&quot;0&quot;,&quot;credit&quot;:&quot;&quot;,&quot;camera&quot;:&quot;&quot;,&quot;caption&quot;:&quot;&quot;,&quot;created_timestamp&quot;:&quot;0&quot;,&quot;copyright&quot;:&quot;&quot;,&quot;focal_length&quot;:&quot;0&quot;,&quot;iso&quot;:&quot;0&quot;,&quot;shutter_speed&quot;:&quot;0&quot;,&quot;title&quot;:&quot;&quot;,&quot;orientation&quot;:&quot;0&quot;}\" data-image-title=\"mapa-punta marroig-web\" data-image-description=\"\" data-image-caption=\"\" data-large-file=\"https:\/\/i0.wp.com\/visitcalvia.org\/wp-content\/uploads\/2020\/07\/mapa-punta-marroig-web.png?fit=1024%2C725&amp;ssl=1\" \/>                        <\/div>\n<\/div>[\/vc_column][\/vc_row][vc_row css=&#8221;.vc_custom_1587388774987{padding-top: 20px !important;}&#8221;][vc_column][vc_gmaps link=&#8221;#E-8_JTNDaWZyYW1lJTIwc3JjJTNEJTIyaHR0cHMlM0ElMkYlMkZ3d3cuZ29vZ2xlLmNvbSUyRm1hcHMlMkZlbWJlZCUzRnBiJTNEJTIxMW0xOCUyMTFtMTIlMjExbTMlMjExZDMwNzcuNjgxNDk5MTE0NDg0JTIxMmQyLjUzNjg5MjY1MDcwNTU4MSUyMTNkMzkuNTIxNjc3NjE3NDA4MzElMjEybTMlMjExZjAlMjEyZjAlMjEzZjAlMjEzbTIlMjExaTEwMjQlMjEyaTc2OCUyMTRmMTMuMSUyMTNtMyUyMTFtMiUyMTFzMHgxMjk3ODk0YWIwNTkxM2ZmJTI1M0EweDk0N2FhMWZhNDNkNzg1OTclMjEyc1BsYXlhJTI1MjBDYW5pbmElMjUyMERlJTI1MjBQdW50YSUyNTIwTWFycm9pZyUyMTVlMCUyMTNtMiUyMTFzZXMlMjEyc2VzJTIxNHYxNTk0NzE2NTUyMDIwJTIxNW0yJTIxMXNlcyUyMTJzZXMlMjIlMjB3aWR0aCUzRCUyMjYwMCUyMiUyMGhlaWdodCUzRCUyMjQ1MCUyMiUyMGZyYW1lYm9yZGVyJTNEJTIyMCUyMiUyMHN0eWxlJTNEJTIyYm9yZGVyJTNBMCUzQiUyMiUyMGFsbG93ZnVsbHNjcmVlbiUzRCUyMiUyMiUyMGFyaWEtaGlkZGVuJTNEJTIyZmFsc2UlMjIlMjB0YWJpbmRleCUzRCUyMjAlMjIlM0UlM0MlMkZpZnJhbWUlM0U=&#8221;][\/vc_column][\/vc_row][vc_row row_content_width=&#8221;grid&#8221; css=&#8221;.vc_custom_1587127080469{padding-top: 40px !important;padding-bottom: 20px !important;}&#8221;][vc_column width=&#8221;2\/3&#8243;][vc_empty_space]<div class=\"qodef-section-title-holder  qodef-st-standard qodef-st-title-left qodef-st-normal-space  \" >\n\t<div class=\"qodef-st-inner\">\n\t\t\t\t\t<h2 class=\"qodef-st-title\" >\n\t\t\t\tPlayas de la zona\t\t\t<\/h2>\n\t\t\t\t\t\t\t<h5 class=\"qodef-st-text\" >\n\t\t\t\tSanta Pon\u00e7a - El Toro - Costa de la Calma\t\t\t<\/h5>\n\t\t\t<\/div>\n<\/div>[\/vc_column][vc_column width=&#8221;1\/3&#8243;][vc_empty_space]<div class=\"qodef-banner-holder  qodef-simple qodef-banner-info-default\">\n    <div class=\"qodef-banner-image\">\n        <img decoding=\"async\" width=\"600\" height=\"600\" src=\"https:\/\/i0.wp.com\/visitcalvia.org\/wp-content\/uploads\/2020\/07\/CALA-DES-GATS.jpg?fit=600%2C600&amp;ssl=1\" class=\"attachment-full size-full\" alt=\"Playa con perros Mallorca Cala des gats , dog beaches in mallorca\" srcset=\"https:\/\/i0.wp.com\/visitcalvia.org\/wp-content\/uploads\/2020\/07\/CALA-DES-GATS.jpg?w=600&amp;ssl=1 600w, https:\/\/i0.wp.com\/visitcalvia.org\/wp-content\/uploads\/2020\/07\/CALA-DES-GATS.jpg?resize=300%2C300&amp;ssl=1 300w, https:\/\/i0.wp.com\/visitcalvia.org\/wp-content\/uploads\/2020\/07\/CALA-DES-GATS.jpg?resize=150%2C150&amp;ssl=1 150w, https:\/\/i0.wp.com\/visitcalvia.org\/wp-content\/uploads\/2020\/07\/CALA-DES-GATS.jpg?resize=400%2C400&amp;ssl=1 400w, https:\/\/i0.wp.com\/visitcalvia.org\/wp-content\/uploads\/2020\/07\/CALA-DES-GATS.jpg?resize=200%2C200&amp;ssl=1 200w, https:\/\/i0.wp.com\/visitcalvia.org\/wp-content\/uploads\/2020\/07\/CALA-DES-GATS.jpg?resize=550%2C550&amp;ssl=1 550w, https:\/\/i0.wp.com\/visitcalvia.org\/wp-content\/uploads\/2020\/07\/CALA-DES-GATS.jpg?resize=50%2C50&amp;ssl=1 50w, https:\/\/i0.wp.com\/visitcalvia.org\/wp-content\/uploads\/2020\/07\/CALA-DES-GATS.jpg?resize=500%2C500&amp;ssl=1 500w\" sizes=\"(max-width: 600px) 100vw, 600px\" data-attachment-id=\"11851\" data-permalink=\"https:\/\/visitcalvia.org\/en\/playas\/cala-des-gats\/\" data-orig-file=\"https:\/\/i0.wp.com\/visitcalvia.org\/wp-content\/uploads\/2020\/07\/CALA-DES-GATS.jpg?fit=600%2C600&amp;ssl=1\" data-orig-size=\"600,600\" data-comments-opened=\"1\" data-image-meta=\"{&quot;aperture&quot;:&quot;0&quot;,&quot;credit&quot;:&quot;&quot;,&quot;camera&quot;:&quot;&quot;,&quot;caption&quot;:&quot;&quot;,&quot;created_timestamp&quot;:&quot;0&quot;,&quot;copyright&quot;:&quot;&quot;,&quot;focal_length&quot;:&quot;0&quot;,&quot;iso&quot;:&quot;0&quot;,&quot;shutter_speed&quot;:&quot;0&quot;,&quot;title&quot;:&quot;&quot;,&quot;orientation&quot;:&quot;1&quot;}\" data-image-title=\"CALA DES GATS\" data-image-description=\"\" data-image-caption=\"\" data-large-file=\"https:\/\/i0.wp.com\/visitcalvia.org\/wp-content\/uploads\/2020\/07\/CALA-DES-GATS.jpg?fit=600%2C600&amp;ssl=1\" \/>    <\/div>\n    <div class=\"qodef-banner-text-holder\" >\n\t    <div class=\"qodef-banner-text-outer\">\n\t\t    <div class=\"qodef-banner-text-inner\">\n\t\t        \t\t        \t\t\t<\/div>\n\t\t<\/div>\n\t<\/div>\n\t        <a itemprop=\"url\" class=\"qodef-banner-link\" href=\"https:\/\/visitcalvia.org\/en\/cala-des-gats-dog-beach\/\" target=\"_self\"><\/a>\n    <\/div>[\/vc_column][\/vc_row][vc_row][vc_column][vc_empty_space][vc_video link=&#8221;<a href=\"https:\/\/youtu.be\/UqE1etkov2w&#038;#8221\" rel=\"nofollow\">https:\/\/youtu.be\/UqE1etkov2w&#038;#8221<\/a>; align=&#8221;center&#8221;][\/vc_column][\/vc_row]<\/p>\n<\/div>","protected":false},"excerpt":{"rendered":"<p>[vc_row content_placement=&#8221;middle&#8221; content_text_aligment=&#8221;center&#8221; css=&#8221;.vc_custom_1594717091761{padding-top: 81px !important;background-image: url(<a href=\"https:\/\/visitcalvia.org\/wp-content\/uploads\/2020\/07\/puntamarroigweb.jpg?id=11891\">https:\/\/visitcalvia.org\/wp-content\/uploads\/2020\/07\/puntamarroigweb.jpg?id=11891<\/a>) !important;background-position: center !important;background-repeat: no-repeat !important;background-size: cover !important;}&#8221; simple_background_color=&#8221;#ffffff&#8221;][vc_column][\/vc_column][\/vc_row][vc_row full_width=&#8221;stretch_row&#8221; css=&#8221;.vc_custom_1738054147413{background-color: #9bc535 !important;}&#8221;][vc_column][vc_row_inner row_content_width=&#8221;grid&#8221;][vc_column_inner width=&#8221;1\/2&#8243;][vc_empty_space height=&#8221;10px&#8221;][\/vc_column_inner][vc_column_inner width=&#8221;1\/2&#8243;][vc_empty_space height=&#8221;7px&#8221;][vc_empty_space height=&#8221;7px&#8221;][\/vc_column_inner][\/vc_row_inner][vc_empty_space height=&#8221;20px&#8221;][\/vc_column][\/vc_row][vc_row row_content_width=&#8221;grid&#8221; css=&#8221;.vc_custom_1587458275105{margin-top: 35px !important;padding-bottom: 30px !important;}&#8221;][vc_column][vc_column_text]Are you looking for a Dog-friendly beach in Mallorca ? You can find 2 in Calvi\u00e0, one of them is Punta Marroig in [&hellip;]<\/p>\n","protected":false},"author":182516946,"featured_media":11893,"parent":0,"menu_order":0,"comment_status":"closed","ping_status":"closed","template":"full-width.php","meta":{"_coblocks_attr":"","_coblocks_dimensions":"","_coblocks_responsive_height":"","_coblocks_accordion_ie_support":"","_crdt_document":"","footnotes":""},"class_list":["post-11858","page","type-page","status-publish","has-post-thumbnail","hentry"],"yoast_head":"<!-- This site is optimized with the Yoast SEO plugin v27.5 - https:\/\/yoast.com\/product\/yoast-seo-wordpress\/ -->\n<title>Dog-friendly beach in Mallorca . Punta Marroig (Palmanova in Calvi\u00e0)<\/title>\n<meta name=\"description\" content=\"Are you looking for a Dog-friendly beach in Mallorca ? Punta Marroig in Palmanova. Beautiful and accesible cove where dogs are allowed.\" \/>\n<meta name=\"robots\" content=\"index, follow, max-snippet:-1, max-image-preview:large, max-video-preview:-1\" \/>\n<link rel=\"canonical\" href=\"https:\/\/visitcalvia.org\/en\/punta-marroig-dog-beach\/\" \/>\n<meta property=\"og:locale\" content=\"en_US\" \/>\n<meta property=\"og:type\" content=\"article\" \/>\n<meta property=\"og:title\" content=\"Dog-friendly beach in Mallorca . Punta Marroig (Palmanova in Calvi\u00e0)\" \/>\n<meta property=\"og:description\" content=\"Are you looking for a Dog-friendly beach in Mallorca ? Punta Marroig in Palmanova. Beautiful and accesible cove where dogs are allowed.\" \/>\n<meta property=\"og:url\" content=\"https:\/\/visitcalvia.org\/en\/punta-marroig-dog-beach\/\" \/>\n<meta property=\"og:site_name\" content=\"visitcalvia\" \/>\n<meta property=\"article:modified_time\" content=\"2025-07-04T10:54:41+00:00\" \/>\n<meta property=\"og:image\" content=\"https:\/\/visitcalvia.org\/wp-content\/uploads\/2020\/07\/puntamarroigweb.jpg\" \/>\n\t<meta property=\"og:image:width\" content=\"2048\" \/>\n\t<meta property=\"og:image:height\" content=\"1156\" \/>\n\t<meta property=\"og:image:type\" content=\"image\/jpeg\" \/>\n<meta name=\"twitter:card\" content=\"summary_large_image\" \/>\n<meta name=\"twitter:label1\" content=\"Est. reading time\" \/>\n\t<meta name=\"twitter:data1\" content=\"3 minutes\" \/>\n<script type=\"application\/ld+json\" class=\"yoast-schema-graph\">{\"@context\":\"https:\\\/\\\/schema.org\",\"@graph\":[{\"@type\":\"WebPage\",\"@id\":\"https:\\\/\\\/visitcalvia.org\\\/en\\\/punta-marroig-dog-beach\\\/\",\"url\":\"https:\\\/\\\/visitcalvia.org\\\/en\\\/punta-marroig-dog-beach\\\/\",\"name\":\"Dog-friendly beach in Mallorca . Punta Marroig (Palmanova in Calvi\u00e0)\",\"isPartOf\":{\"@id\":\"https:\\\/\\\/visitcalvia.org\\\/en\\\/#website\"},\"primaryImageOfPage\":{\"@id\":\"https:\\\/\\\/visitcalvia.org\\\/en\\\/punta-marroig-dog-beach\\\/#primaryimage\"},\"image\":{\"@id\":\"https:\\\/\\\/visitcalvia.org\\\/en\\\/punta-marroig-dog-beach\\\/#primaryimage\"},\"thumbnailUrl\":\"https:\\\/\\\/i0.wp.com\\\/visitcalvia.org\\\/wp-content\\\/uploads\\\/2020\\\/07\\\/puntamarroigweb.jpg?fit=2048%2C1156&ssl=1\",\"datePublished\":\"2020-07-14T08:40:08+00:00\",\"dateModified\":\"2025-07-04T10:54:41+00:00\",\"description\":\"Are you looking for a Dog-friendly beach in Mallorca ? Punta Marroig in Palmanova. Beautiful and accesible cove where dogs are allowed.\",\"breadcrumb\":{\"@id\":\"https:\\\/\\\/visitcalvia.org\\\/en\\\/punta-marroig-dog-beach\\\/#breadcrumb\"},\"inLanguage\":\"en-US\",\"potentialAction\":[{\"@type\":\"ReadAction\",\"target\":[\"https:\\\/\\\/visitcalvia.org\\\/en\\\/punta-marroig-dog-beach\\\/\"]}]},{\"@type\":\"ImageObject\",\"inLanguage\":\"en-US\",\"@id\":\"https:\\\/\\\/visitcalvia.org\\\/en\\\/punta-marroig-dog-beach\\\/#primaryimage\",\"url\":\"https:\\\/\\\/i0.wp.com\\\/visitcalvia.org\\\/wp-content\\\/uploads\\\/2020\\\/07\\\/puntamarroigweb.jpg?fit=2048%2C1156&ssl=1\",\"contentUrl\":\"https:\\\/\\\/i0.wp.com\\\/visitcalvia.org\\\/wp-content\\\/uploads\\\/2020\\\/07\\\/puntamarroigweb.jpg?fit=2048%2C1156&ssl=1\",\"width\":2048,\"height\":1156,\"caption\":\"puntamarroigweb\"},{\"@type\":\"BreadcrumbList\",\"@id\":\"https:\\\/\\\/visitcalvia.org\\\/en\\\/punta-marroig-dog-beach\\\/#breadcrumb\",\"itemListElement\":[{\"@type\":\"ListItem\",\"position\":1,\"name\":\"Portada\",\"item\":\"https:\\\/\\\/visitcalvia.org\\\/en\\\/\"},{\"@type\":\"ListItem\",\"position\":2,\"name\":\"Punta Marroig Dog Beach\"}]},{\"@type\":\"WebSite\",\"@id\":\"https:\\\/\\\/visitcalvia.org\\\/en\\\/#website\",\"url\":\"https:\\\/\\\/visitcalvia.org\\\/en\\\/\",\"name\":\"visitcalvia\",\"description\":\"Vacaciones en Mallorca \u2013 Calvi\u00e0 m\u00faltiples destinos en uno s\u00f3lo lugar. Palmanova, Santa Pon\u00e7a, Magaluf, Peguera, Portals Nous, Costa d\u2019en Blanes, Cala Vinyes\",\"potentialAction\":[{\"@type\":\"SearchAction\",\"target\":{\"@type\":\"EntryPoint\",\"urlTemplate\":\"https:\\\/\\\/visitcalvia.org\\\/en\\\/?s={search_term_string}\"},\"query-input\":{\"@type\":\"PropertyValueSpecification\",\"valueRequired\":true,\"valueName\":\"search_term_string\"}}],\"inLanguage\":\"en-US\"}]}<\/script>\n<!-- \/ Yoast SEO plugin. -->","yoast_head_json":{"title":"Dog-friendly beach in Mallorca . Punta Marroig (Palmanova in Calvi\u00e0)","description":"Are you looking for a Dog-friendly beach in Mallorca ? Punta Marroig in Palmanova. Beautiful and accesible cove where dogs are allowed.","robots":{"index":"index","follow":"follow","max-snippet":"max-snippet:-1","max-image-preview":"max-image-preview:large","max-video-preview":"max-video-preview:-1"},"canonical":"https:\/\/visitcalvia.org\/en\/punta-marroig-dog-beach\/","og_locale":"en_US","og_type":"article","og_title":"Dog-friendly beach in Mallorca . Punta Marroig (Palmanova in Calvi\u00e0)","og_description":"Are you looking for a Dog-friendly beach in Mallorca ? Punta Marroig in Palmanova. Beautiful and accesible cove where dogs are allowed.","og_url":"https:\/\/visitcalvia.org\/en\/punta-marroig-dog-beach\/","og_site_name":"visitcalvia","article_modified_time":"2025-07-04T10:54:41+00:00","og_image":[{"width":2048,"height":1156,"url":"https:\/\/visitcalvia.org\/wp-content\/uploads\/2020\/07\/puntamarroigweb.jpg","type":"image\/jpeg"}],"twitter_card":"summary_large_image","twitter_misc":{"Est. reading time":"3 minutes"},"schema":{"@context":"https:\/\/schema.org","@graph":[{"@type":"WebPage","@id":"https:\/\/visitcalvia.org\/en\/punta-marroig-dog-beach\/","url":"https:\/\/visitcalvia.org\/en\/punta-marroig-dog-beach\/","name":"Dog-friendly beach in Mallorca . Punta Marroig (Palmanova in Calvi\u00e0)","isPartOf":{"@id":"https:\/\/visitcalvia.org\/en\/#website"},"primaryImageOfPage":{"@id":"https:\/\/visitcalvia.org\/en\/punta-marroig-dog-beach\/#primaryimage"},"image":{"@id":"https:\/\/visitcalvia.org\/en\/punta-marroig-dog-beach\/#primaryimage"},"thumbnailUrl":"https:\/\/i0.wp.com\/visitcalvia.org\/wp-content\/uploads\/2020\/07\/puntamarroigweb.jpg?fit=2048%2C1156&ssl=1","datePublished":"2020-07-14T08:40:08+00:00","dateModified":"2025-07-04T10:54:41+00:00","description":"Are you looking for a Dog-friendly beach in Mallorca ? Punta Marroig in Palmanova. Beautiful and accesible cove where dogs are allowed.","breadcrumb":{"@id":"https:\/\/visitcalvia.org\/en\/punta-marroig-dog-beach\/#breadcrumb"},"inLanguage":"en-US","potentialAction":[{"@type":"ReadAction","target":["https:\/\/visitcalvia.org\/en\/punta-marroig-dog-beach\/"]}]},{"@type":"ImageObject","inLanguage":"en-US","@id":"https:\/\/visitcalvia.org\/en\/punta-marroig-dog-beach\/#primaryimage","url":"https:\/\/i0.wp.com\/visitcalvia.org\/wp-content\/uploads\/2020\/07\/puntamarroigweb.jpg?fit=2048%2C1156&ssl=1","contentUrl":"https:\/\/i0.wp.com\/visitcalvia.org\/wp-content\/uploads\/2020\/07\/puntamarroigweb.jpg?fit=2048%2C1156&ssl=1","width":2048,"height":1156,"caption":"puntamarroigweb"},{"@type":"BreadcrumbList","@id":"https:\/\/visitcalvia.org\/en\/punta-marroig-dog-beach\/#breadcrumb","itemListElement":[{"@type":"ListItem","position":1,"name":"Portada","item":"https:\/\/visitcalvia.org\/en\/"},{"@type":"ListItem","position":2,"name":"Punta Marroig Dog Beach"}]},{"@type":"WebSite","@id":"https:\/\/visitcalvia.org\/en\/#website","url":"https:\/\/visitcalvia.org\/en\/","name":"visitcalvia","description":"Vacaciones en Mallorca \u2013 Calvi\u00e0 m\u00faltiples destinos en uno s\u00f3lo lugar. Palmanova, Santa Pon\u00e7a, Magaluf, Peguera, Portals Nous, Costa d\u2019en Blanes, Cala Vinyes","potentialAction":[{"@type":"SearchAction","target":{"@type":"EntryPoint","urlTemplate":"https:\/\/visitcalvia.org\/en\/?s={search_term_string}"},"query-input":{"@type":"PropertyValueSpecification","valueRequired":true,"valueName":"search_term_string"}}],"inLanguage":"en-US"}]}},"jetpack_likes_enabled":false,"jetpack_sharing_enabled":false,"jetpack_shortlink":"https:\/\/wp.me\/PbP1bo-35g","amp_enabled":false,"_links":{"self":[{"href":"https:\/\/visitcalvia.org\/en\/wp-json\/wp\/v2\/pages\/11858","targetHints":{"allow":["GET"]}}],"collection":[{"href":"https:\/\/visitcalvia.org\/en\/wp-json\/wp\/v2\/pages"}],"about":[{"href":"https:\/\/visitcalvia.org\/en\/wp-json\/wp\/v2\/types\/page"}],"author":[{"embeddable":true,"href":"https:\/\/visitcalvia.org\/en\/wp-json\/wp\/v2\/users\/182516946"}],"replies":[{"embeddable":true,"href":"https:\/\/visitcalvia.org\/en\/wp-json\/wp\/v2\/comments?post=11858"}],"version-history":[{"count":13,"href":"https:\/\/visitcalvia.org\/en\/wp-json\/wp\/v2\/pages\/11858\/revisions"}],"predecessor-version":[{"id":29095,"href":"https:\/\/visitcalvia.org\/en\/wp-json\/wp\/v2\/pages\/11858\/revisions\/29095"}],"wp:featuredmedia":[{"embeddable":true,"href":"https:\/\/visitcalvia.org\/en\/wp-json\/wp\/v2\/media\/11893"}],"wp:attachment":[{"href":"https:\/\/visitcalvia.org\/en\/wp-json\/wp\/v2\/media?parent=11858"}],"curies":[{"name":"wp","href":"https:\/\/api.w.org\/{rel}","templated":true}]}}