{"id":14421,"date":"2023-03-03T10:05:30","date_gmt":"2023-03-03T09:05:30","guid":{"rendered":"https:\/\/visitcalvia.org\/?page_id=14421"},"modified":"2026-03-25T13:54:51","modified_gmt":"2026-03-25T12:54:51","slug":"lamostra-calvia-iv","status":"publish","type":"page","link":"https:\/\/visitcalvia.org\/en\/lamostra-calvia-iv\/","title":{"rendered":"La Mostra Calvi\u00e0 from April 30\u2013May 3"},"content":{"rendered":"<div class=\"wpb-content-wrapper\"><p>[vc_row full_width=&#8221;stretch_row_content&#8221; css=&#8221;.vc_custom_1738847666759{background-image: url(<a href=\"https:\/\/visitcalvia.org\/wp-content\/uploads\/2025\/02\/fondo-foto-la-mostra-calvia.png?id=28241\">https:\/\/visitcalvia.org\/wp-content\/uploads\/2025\/02\/fondo-foto-la-mostra-calvia.png?id=28241<\/a>) !important;background-position: center !important;background-repeat: no-repeat !important;background-size: cover !important;}&#8221;][vc_column][vc_empty_space height=&#8221;45px&#8221;][vc_empty_space height=&#8221;45px&#8221;][vc_row_inner][vc_column_inner width=&#8221;1\/6&#8243;][\/vc_column_inner][vc_column_inner width=&#8221;2\/3&#8243;][vc_column_text css=&#8221;&#8221;]<\/p>\n<h2 style=\"text-align: center;\">\n<span class=\"qodef-highlight\" style=\"color: white;background-color: #D7632B\">\n\t Portals Nous, Son Caliu, El Toro<\/span><\/h2>\n<p>[\/vc_column_text][\/vc_column_inner][vc_column_inner width=&#8221;1\/6&#8243;][\/vc_column_inner][\/vc_row_inner][vc_empty_space height=&#8221;45px&#8221;][vc_row_inner][vc_column_inner width=&#8221;1\/3&#8243;][\/vc_column_inner][vc_column_inner width=&#8221;1\/3&#8243;]<a itemprop=\"url\" href=\"https:\/\/drive.google.com\/file\/d\/1sMx1yRUz9VojwcXH43yT9b61B75dIj35\/view?usp=drive_link\" target=\"_self\" style=\"color: #000000;border-color: #000000;font-size: 15px;font-weight: 600;text-transform: none\" class=\"qodef-btn qodef-btn-huge qodef-btn-outline qodef-btn-custom-hover-bg qodef-btn-custom-hover-color qodef-btn-icon\" data-hover-color=\"#000000\" data-hover-bg-color=\"rgba(255,255,255,0.46)\" >\n    <span class=\"qodef-btn-text\">Todos los restaurantes<\/span>\n    <i class=\"qodef-icon-ion-icon ion-android-exit \" ><\/i><\/a>[\/vc_column_inner][vc_column_inner width=&#8221;1\/3&#8243;][\/vc_column_inner][\/vc_row_inner][vc_empty_space height=&#8221;45px&#8221;][vc_empty_space height=&#8221;45px&#8221;][\/vc_column][\/vc_row][vc_row full_width=&#8221;stretch_row&#8221; css=&#8221;.vc_custom_1741779765049{background-color: #D7632B !important;}&#8221;][vc_column][vc_empty_space height=&#8221;10px&#8221;][\/vc_column][\/vc_row][vc_row full_width=&#8221;stretch_row_content&#8221;][vc_column][vc_row_inner][vc_column_inner width=&#8221;1\/6&#8243;][\/vc_column_inner][vc_column_inner width=&#8221;2\/3&#8243;][vc_custom_heading text=&#8221;La Mostra Calvi\u00e0 from April 30\u2013May 3&#8243; font_container=&#8221;tag:h3|text_align:center|color:%23000000&#8243; use_theme_fonts=&#8221;yes&#8221; css=&#8221;&#8221;][\/vc_column_inner][vc_column_inner width=&#8221;1\/6&#8243;][\/vc_column_inner][\/vc_row_inner][vc_empty_space height=&#8221;45px&#8221;][\/vc_column][\/vc_row][vc_row full_width=&#8221;stretch_row&#8221;][vc_column][vc_row_inner][vc_column_inner width=&#8221;1\/4&#8243;][vc_btn title=&#8221;BANGKOK THAI&#8221; style=&#8221;custom&#8221; custom_background=&#8221;#D7632B&#8221; custom_text=&#8221;#ffffff&#8221; size=&#8221;lg&#8221; align=&#8221;center&#8221; i_icon_fontawesome=&#8221;fas fa-chevron-circle-right&#8221; css=&#8221;&#8221; button_block=&#8221;true&#8221; add_icon=&#8221;true&#8221; link=&#8221;url:https%3A%2F%2Fdrive.google.com%2Ffile%2Fd%2F16heF8Qg0y8mBooA26yR4VG5EFM3DCRi3%2Fview%3Fusp%3Ddrive_link&#8221;][\/vc_column_inner][vc_column_inner width=&#8221;1\/4&#8243;][vc_btn title=&#8221;BISTRO 49&#8243; style=&#8221;custom&#8221; custom_background=&#8221;#D7632B&#8221; custom_text=&#8221;#ffffff&#8221; size=&#8221;lg&#8221; align=&#8221;center&#8221; i_icon_fontawesome=&#8221;fas fa-chevron-circle-right&#8221; css=&#8221;&#8221; button_block=&#8221;true&#8221; add_icon=&#8221;true&#8221; link=&#8221;url:https%3A%2F%2Fdrive.google.com%2Ffile%2Fd%2F1PY2pB2fcr72SD2EZ1oOuiBlJlqkJe3dy%2Fview%3Fusp%3Ddrive_link&#8221;][\/vc_column_inner][vc_column_inner width=&#8221;1\/4&#8243;][vc_btn title=&#8221;DONNA BEACH CLUB&#8221; style=&#8221;custom&#8221; custom_background=&#8221;#D7632B&#8221; custom_text=&#8221;#ffffff&#8221; size=&#8221;lg&#8221; align=&#8221;center&#8221; i_icon_fontawesome=&#8221;fas fa-chevron-circle-right&#8221; css=&#8221;&#8221; button_block=&#8221;true&#8221; add_icon=&#8221;true&#8221; link=&#8221;url:https%3A%2F%2Fdrive.google.com%2Ffile%2Fd%2F1Ml4vxpBoik76AuFsu_d71fERb9Bsmr62%2Fview%3Fusp%3Ddrive_link&#8221;][\/vc_column_inner][vc_column_inner width=&#8221;1\/4&#8243;][vc_btn title=&#8221;EL FARO DEL TORO&#8221; style=&#8221;custom&#8221; custom_background=&#8221;#D7632B&#8221; custom_text=&#8221;#ffffff&#8221; size=&#8221;lg&#8221; align=&#8221;center&#8221; i_icon_fontawesome=&#8221;fas fa-chevron-circle-right&#8221; css=&#8221;&#8221; button_block=&#8221;true&#8221; add_icon=&#8221;true&#8221; link=&#8221;url:https%3A%2F%2Fdrive.google.com%2Ffile%2Fd%2F1FAugKrx9nF0T87iQUN_JrCKyWAvF5CyD%2Fview%3Fusp%3Ddrive_link&#8221;][\/vc_column_inner][\/vc_row_inner][vc_row_inner][vc_column_inner width=&#8221;1\/4&#8243;][vc_btn title=&#8221;JUST CURRY&#8221; style=&#8221;custom&#8221; custom_background=&#8221;#D7632B&#8221; custom_text=&#8221;#ffffff&#8221; size=&#8221;lg&#8221; align=&#8221;center&#8221; i_icon_fontawesome=&#8221;fas fa-chevron-circle-right&#8221; css=&#8221;&#8221; button_block=&#8221;true&#8221; add_icon=&#8221;true&#8221; link=&#8221;url:https%3A%2F%2Fdrive.google.com%2Ffile%2Fd%2F1H2J8jlHgTLxF7yY8ToS7TsgueRg1yq-y%2Fview%3Fusp%3Ddrive_link&#8221;][\/vc_column_inner][vc_column_inner width=&#8221;1\/4&#8243;][vc_btn title=&#8221;KRISHN\u00c1 PORT PORTALS&#8221; style=&#8221;custom&#8221; custom_background=&#8221;#D7632B&#8221; custom_text=&#8221;#ffffff&#8221; size=&#8221;lg&#8221; align=&#8221;center&#8221; i_icon_fontawesome=&#8221;fas fa-chevron-circle-right&#8221; css=&#8221;&#8221; button_block=&#8221;true&#8221; add_icon=&#8221;true&#8221; link=&#8221;url:https%3A%2F%2Fdrive.google.com%2Ffile%2Fd%2F1lkoBnjzu4pty78ubnmaFCPURgWnb6Wwx%2Fview%3Fusp%3Ddrive_link&#8221;][\/vc_column_inner][vc_column_inner width=&#8221;1\/4&#8243;][vc_btn title=&#8221;MES\u00d3N SON CALIU&#8221; style=&#8221;custom&#8221; custom_background=&#8221;#D7632B&#8221; custom_text=&#8221;#ffffff&#8221; size=&#8221;lg&#8221; align=&#8221;center&#8221; i_icon_fontawesome=&#8221;fas fa-chevron-circle-right&#8221; css=&#8221;&#8221; button_block=&#8221;true&#8221; add_icon=&#8221;true&#8221; link=&#8221;url:https%3A%2F%2Fdrive.google.com%2Ffile%2Fd%2F1dF9k667B7jmZSHayiI1qqgCU2DpRgB_V%2Fview%3Fusp%3Ddrive_link&#8221;][\/vc_column_inner][vc_column_inner width=&#8221;1\/4&#8243;][vc_btn title=&#8221;MOM\u00c4R&#8221; style=&#8221;custom&#8221; custom_background=&#8221;#D7632B&#8221; custom_text=&#8221;#ffffff&#8221; size=&#8221;lg&#8221; align=&#8221;center&#8221; i_icon_fontawesome=&#8221;fas fa-chevron-circle-right&#8221; css=&#8221;&#8221; button_block=&#8221;true&#8221; add_icon=&#8221;true&#8221; link=&#8221;url:https%3A%2F%2Fdrive.google.com%2Ffile%2Fd%2F1aPdkON3LeHOQ7ET7XNHGeKRQQKvQXpH2%2Fview%3Fusp%3Ddrive_link&#8221;][\/vc_column_inner][\/vc_row_inner][vc_row_inner][vc_column_inner width=&#8221;1\/4&#8243;][vc_btn title=&#8221;MOO MOO&#8217;S&#8221; style=&#8221;custom&#8221; custom_background=&#8221;#D7632B&#8221; custom_text=&#8221;#ffffff&#8221; size=&#8221;lg&#8221; align=&#8221;center&#8221; i_icon_fontawesome=&#8221;fas fa-chevron-circle-right&#8221; css=&#8221;&#8221; button_block=&#8221;true&#8221; add_icon=&#8221;true&#8221; link=&#8221;url:https%3A%2F%2Fdrive.google.com%2Ffile%2Fd%2F15U9yRfXqU5MxSa8vjdqeH_PkcSuBjnho%2Fview%3Fusp%3Ddrive_link&#8221;][\/vc_column_inner][vc_column_inner width=&#8221;1\/4&#8243;][vc_btn title=&#8221;RUDE&#8221; style=&#8221;custom&#8221; custom_background=&#8221;#D7632B&#8221; custom_text=&#8221;#ffffff&#8221; size=&#8221;lg&#8221; align=&#8221;center&#8221; i_icon_fontawesome=&#8221;fas fa-chevron-circle-right&#8221; css=&#8221;&#8221; button_block=&#8221;true&#8221; add_icon=&#8221;true&#8221; link=&#8221;url:https%3A%2F%2Fdrive.google.com%2Ffile%2Fd%2F1OoSE5rLD_ecFLQ0FrT3J-3RdVK3SVlzE%2Fview%3Fusp%3Ddrive_link&#8221;][\/vc_column_inner][vc_column_inner width=&#8221;1\/4&#8243;][vc_btn title=&#8221;VINO DEL MAR&#8221; style=&#8221;custom&#8221; custom_background=&#8221;#D7632B&#8221; custom_text=&#8221;#ffffff&#8221; size=&#8221;lg&#8221; align=&#8221;center&#8221; i_icon_fontawesome=&#8221;fas fa-chevron-circle-right&#8221; css=&#8221;&#8221; button_block=&#8221;true&#8221; add_icon=&#8221;true&#8221; link=&#8221;url:https%3A%2F%2Fdrive.google.com%2Ffile%2Fd%2F17BLX0P6GYvL4iENqKDx5ZTJnEYkSc8hn%2Fview%3Fusp%3Ddrive_link&#8221;][\/vc_column_inner][vc_column_inner width=&#8221;1\/4&#8243;][\/vc_column_inner][\/vc_row_inner][\/vc_column][\/vc_row][vc_row full_width=&#8221;stretch_row&#8221;][vc_column][vc_empty_space height=&#8221;30px&#8221;][vc_separator color=&#8221;custom&#8221; style=&#8221;shadow&#8221; border_width=&#8221;3&#8243; el_width=&#8221;80&#8243; css=&#8221;&#8221; accent_color=&#8221;#D7632B&#8221;][vc_empty_space height=&#8221;30px&#8221;][\/vc_column][\/vc_row][vc_row row_content_width=&#8221;grid&#8221;][vc_column][vc_empty_space height=&#8221;45px&#8221;][vc_row_inner gap=&#8221;15&#8243;][vc_column_inner width=&#8221;1\/4&#8243;]<a itemprop=\"url\" href=\"https:\/\/visitcalvia.org\/en\/lamostra-calvia-i\/\" target=\"_self\" style=\"color: #ffffff;background-color: #355c81;font-size: 25px;font-weight: 600;text-transform: capitalize\" class=\"qodef-btn qodef-btn-small qodef-btn-solid change-background\"  >\n    <span class=\"qodef-btn-text\">AREA I<\/span>\n    <\/a>[vc_column_text css=&#8221;&#8221;]<\/p>\n<div class=\"page\" title=\"Page 1\">\n<div class=\"layoutArea\">\n<div class=\"column\">\n<h4 style=\"text-align: center;\"><strong>April 9\u201312.<\/strong><\/h4>\n<h4 style=\"text-align: center;\">Santa Pon\u00e7a, Costa de la Calma<\/h4>\n<\/div>\n<\/div>\n<\/div>\n<p>[\/vc_column_text][\/vc_column_inner][vc_column_inner width=&#8221;1\/4&#8243;]<a itemprop=\"url\" href=\"https:\/\/visitcalvia.org\/en\/lamostra-calvia-ii\/\" target=\"_self\" style=\"color: #ffffff;background-color: #c44678;font-size: 25px;font-weight: 600;text-transform: capitalize\" class=\"qodef-btn qodef-btn-small qodef-btn-solid change-background\"  >\n    <span class=\"qodef-btn-text\">AREA II<\/span>\n    <\/a>[vc_column_text css=&#8221;&#8221;]<\/p>\n<div class=\"page\" title=\"Page 1\">\n<div class=\"layoutArea\">\n<div class=\"column\">\n<h4 style=\"text-align: center;\"><strong>April 16\u201319.<\/strong><\/h4>\n<h4 style=\"text-align: center;\">\u00a0Peguera, Cala Fornells, Calvi\u00e0, Es Capdell\u00e0, Son Ferrer<\/h4>\n<\/div>\n<\/div>\n<\/div>\n<p>[\/vc_column_text][\/vc_column_inner][vc_column_inner width=&#8221;1\/4&#8243;]<a itemprop=\"url\" href=\"https:\/\/visitcalvia.org\/en\/lamostra-calvia-iii\/\" target=\"_self\" style=\"color: #ffffff;background-color: #5e7f4b;font-size: 25px;font-weight: 600;text-transform: capitalize\" class=\"qodef-btn qodef-btn-small qodef-btn-solid change-background\"  >\n    <span class=\"qodef-btn-text\">AREA III<\/span>\n    <\/a>[vc_column_text css=&#8221;&#8221;]<\/p>\n<div class=\"page\" title=\"Page 1\">\n<div class=\"layoutArea\">\n<div class=\"column\">\n<h4 style=\"text-align: center;\"><strong>April 23\u201326.<\/strong><\/h4>\n<h4 style=\"text-align: center;\">Palmanova, Magaluf<\/h4>\n<\/div>\n<\/div>\n<\/div>\n<p>[\/vc_column_text][\/vc_column_inner][vc_column_inner width=&#8221;1\/4&#8243;]<a itemprop=\"url\" href=\"https:\/\/visitcalvia.org\/en\/lamostra-calvia-iv\/\" target=\"_self\" style=\"color: #ffffff;background-color: #d6532b;font-size: 25px;font-weight: 600;text-transform: capitalize\" class=\"qodef-btn qodef-btn-small qodef-btn-solid change-background\"  >\n    <span class=\"qodef-btn-text\">AREA IV<\/span>\n    <\/a>[vc_column_text css=&#8221;&#8221;]<\/p>\n<div class=\"page\" title=\"Page 1\">\n<div class=\"layoutArea\">\n<div class=\"column\">\n<h4 style=\"text-align: center;\"><strong>April 30\u2013May 3.\u00a0<\/strong><\/h4>\n<h4 style=\"text-align: center;\">Portals Nous, Son Caliu, El Toro<\/h4>\n<\/div>\n<\/div>\n<\/div>\n<p>[\/vc_column_text][\/vc_column_inner][\/vc_row_inner][vc_empty_space][\/vc_column][\/vc_row][vc_row full_width=&#8221;stretch_row_content&#8221;][vc_column width=&#8221;1\/4&#8243; css=&#8221;.vc_custom_1585731740146{margin-left: 50px !important;}&#8221;][vc_column_text css=&#8221;.vc_custom_1706271172565{padding-bottom: 20px !important;}&#8221;]<\/p>\n<h4>La Mostra Calvi\u00e0<\/h4>\n<p>[\/vc_column_text]<div class=\"qodef-iwt clearfix  qodef-iwt-icon-left qodef-iwt-icon-medium\">\n\t<div class=\"qodef-iwt-icon\">\n\t\t\t\t\t<a itemprop=\"url\" href=\"tel:971139100\" target=\"_self\">\n\t\t\t\t\t\t\t\t\t    <span class=\"qodef-icon-shortcode qodef-normal   qodef-icon-medium\"  data-color=\"#00947d\">\n                    <span aria-hidden=\"true\" class=\"qodef-icon-font-elegant icon_phone qodef-icon-element\" style=\"color: #00947d;font-size:17px\" ><\/span>            <\/span>\n\t\t\t\t\t\t\t\t<\/a>\n\t\t\t<\/div>\n\t<div class=\"qodef-iwt-content\" >\n\t\t\t\t\t<h5 class=\"qodef-iwt-title\" style=\"color: #868585;margin-top: 6px\">\n\t\t\t\t\t\t\t\t\t<a itemprop=\"url\" href=\"tel:971139100\" target=\"_self\">\n\t\t\t\t\t\t\t\t<span class=\"qodef-iwt-title-text\">971 13 91 00<\/span>\n\t\t\t\t\t\t\t\t\t<\/a>\n\t\t\t\t\t\t\t<\/h5>\n\t\t\t\t\t<\/div>\n<\/div>[vc_empty_space height=&#8221;13px&#8221;]<div class=\"qodef-iwt clearfix  qodef-iwt-icon-left qodef-iwt-icon-medium\">\n\t<div class=\"qodef-iwt-icon\">\n\t\t\t\t\t<a itemprop=\"url\" href=\"mailto:info@fundacioncalvia.com\" target=\"_self\">\n\t\t\t\t\t\t\t\t\t    <span class=\"qodef-icon-shortcode qodef-normal   qodef-icon-medium\"  data-color=\"#00947d\">\n                    <span aria-hidden=\"true\" class=\"qodef-icon-font-elegant icon_comment qodef-icon-element\" style=\"color: #00947d;font-size:17px\" ><\/span>            <\/span>\n\t\t\t\t\t\t\t\t<\/a>\n\t\t\t<\/div>\n\t<div class=\"qodef-iwt-content\" >\n\t\t\t\t\t<h5 class=\"qodef-iwt-title\" style=\"color: #868585;margin-top: 6px\">\n\t\t\t\t\t\t\t\t\t<a itemprop=\"url\" href=\"mailto:info@fundacioncalvia.com\" target=\"_self\">\n\t\t\t\t\t\t\t\t<span class=\"qodef-iwt-title-text\">info@fundacioncalvia.com<\/span>\n\t\t\t\t\t\t\t\t\t<\/a>\n\t\t\t\t\t\t\t<\/h5>\n\t\t\t\t\t<\/div>\n<\/div>[vc_empty_space height=&#8221;13px&#8221;]<div class=\"qodef-icon-list-holder \" >\n\t<div class=\"qodef-il-icon-holder\">\n\t\t<span aria-hidden=\"true\" class=\"qodef-icon-font-elegant icon_pin \" style=\"color: #00947d;font-size: 17px\"><\/span>\t<\/div>\n\t<p class=\"qodef-il-text\" style=\"padding-left: 25px\">C\/ de Juli\u00e0 Bujosa Sans, batle, 1 - 07184 Calvi\u00e0 (Illes Balears)<\/p>\n<\/div>[vc_empty_space][\/vc_column][vc_column width=&#8221;3\/4&#8243;][vc_gmaps link=&#8221;#E-8_JTNDaWZyYW1lJTIwc3JjJTNEJTIyaHR0cHMlM0ElMkYlMkZ3d3cuZ29vZ2xlLmNvbSUyRm1hcHMlMkZlbWJlZCUzRnBiJTNEJTIxMW0xOCUyMTFtMTIlMjExbTMlMjExZDMwNzUuODI2NTM5NjEyOTkyNyUyMTJkMi41MDI5ODQ3MTQ1MzMwNzQlMjEzZDM5LjU2MzUxODYxNTAxMDQ0NSUyMTJtMyUyMTFmMCUyMTJmMCUyMTNmMCUyMTNtMiUyMTFpMTAyNCUyMTJpNzY4JTIxNGYxMy4xJTIxM20zJTIxMW0yJTIxMXMweDEyOTc4OTMyNTEyYjQxMTUlMjUzQTB4YWMzODk4ZGFhOWU5YzM3OCUyMTJzQWp1bnRhbWVudCUyNTIwZGUlMjUyMENhbHZpJTI1QzMlMjVBMCUyMTVlMCUyMTNtMiUyMTFzZXMlMjEyc3VzJTIxNHYxNTg2OTQ4OTg3NzYyJTIxNW0yJTIxMXNlcyUyMTJzdXMlMjIlMjB3aWR0aCUzRCUyMjYwMCUyMiUyMGhlaWdodCUzRCUyMjQ1MCUyMiUyMGZyYW1lYm9yZGVyJTNEJTIyMCUyMiUyMHN0eWxlJTNEJTIyYm9yZGVyJTNBMCUzQiUyMiUyMGFsbG93ZnVsbHNjcmVlbiUzRCUyMiUyMiUyMGFyaWEtaGlkZGVuJTNEJTIyZmFsc2UlMjIlMjB0YWJpbmRleCUzRCUyMjAlMjIlM0UlM0MlMkZpZnJhbWUlM0U=&#8221;][\/vc_column][\/vc_row]<\/p>\n<\/div>","protected":false},"excerpt":{"rendered":"<p>[vc_row full_width=&#8221;stretch_row_content&#8221; css=&#8221;.vc_custom_1738847666759{background-image: url(<a href=\"https:\/\/visitcalvia.org\/wp-content\/uploads\/2025\/02\/fondo-foto-la-mostra-calvia.png?id=28241\">https:\/\/visitcalvia.org\/wp-content\/uploads\/2025\/02\/fondo-foto-la-mostra-calvia.png?id=28241<\/a>) !important;background-position: center !important;background-repeat: no-repeat !important;background-size: cover !important;}&#8221;][vc_column][vc_empty_space height=&#8221;45px&#8221;][vc_empty_space height=&#8221;45px&#8221;][vc_row_inner][vc_column_inner width=&#8221;1\/6&#8243;][\/vc_column_inner][vc_column_inner width=&#8221;2\/3&#8243;][vc_column_text css=&#8221;&#8221;] [\/vc_column_text][\/vc_column_inner][vc_column_inner width=&#8221;1\/6&#8243;][\/vc_column_inner][\/vc_row_inner][vc_empty_space height=&#8221;45px&#8221;][vc_row_inner][vc_column_inner width=&#8221;1\/3&#8243;][\/vc_column_inner][vc_column_inner width=&#8221;1\/3&#8243;][\/vc_column_inner][vc_column_inner width=&#8221;1\/3&#8243;][\/vc_column_inner][\/vc_row_inner][vc_empty_space height=&#8221;45px&#8221;][vc_empty_space height=&#8221;45px&#8221;][\/vc_column][\/vc_row][vc_row full_width=&#8221;stretch_row&#8221; css=&#8221;.vc_custom_1741779765049{background-color: #D7632B !important;}&#8221;][vc_column][vc_empty_space height=&#8221;10px&#8221;][\/vc_column][\/vc_row][vc_row full_width=&#8221;stretch_row_content&#8221;][vc_column][vc_row_inner][vc_column_inner width=&#8221;1\/6&#8243;][\/vc_column_inner][vc_column_inner width=&#8221;2\/3&#8243;][vc_custom_heading text=&#8221;La Mostra Calvi\u00e0 from April 30\u2013May 3&#8243; font_container=&#8221;tag:h3|text_align:center|color:%23000000&#8243; use_theme_fonts=&#8221;yes&#8221; css=&#8221;&#8221;][\/vc_column_inner][vc_column_inner width=&#8221;1\/6&#8243;][\/vc_column_inner][\/vc_row_inner][vc_empty_space height=&#8221;45px&#8221;][\/vc_column][\/vc_row][vc_row full_width=&#8221;stretch_row&#8221;][vc_column][vc_row_inner][vc_column_inner width=&#8221;1\/4&#8243;][vc_btn title=&#8221;BANGKOK THAI&#8221; style=&#8221;custom&#8221; custom_background=&#8221;#D7632B&#8221; custom_text=&#8221;#ffffff&#8221; size=&#8221;lg&#8221; align=&#8221;center&#8221; i_icon_fontawesome=&#8221;fas [&hellip;]<\/p>\n","protected":false},"author":182516946,"featured_media":17647,"parent":0,"menu_order":0,"comment_status":"closed","ping_status":"closed","template":"full-width.php","meta":{"_coblocks_attr":"","_coblocks_dimensions":"","_coblocks_responsive_height":"","_coblocks_accordion_ie_support":"","_crdt_document":"","footnotes":""},"class_list":["post-14421","page","type-page","status-publish","has-post-thumbnail","hentry"],"yoast_head":"<!-- This site is optimized with the Yoast SEO plugin v27.4 - https:\/\/yoast.com\/product\/yoast-seo-wordpress\/ -->\n<title>La Mostra Calvi\u00e0 from April 30\u2013May 3<\/title>\n<meta name=\"description\" content=\"La Mostra Calvi\u00e0 from April 30\u2013May 3 Portals Nous, Son Caliu, El Toro\" \/>\n<meta name=\"robots\" content=\"index, follow, max-snippet:-1, max-image-preview:large, max-video-preview:-1\" \/>\n<link rel=\"canonical\" href=\"https:\/\/visitcalvia.org\/en\/lamostra-calvia-iv\/\" \/>\n<meta property=\"og:locale\" content=\"en_US\" \/>\n<meta property=\"og:type\" content=\"article\" \/>\n<meta property=\"og:title\" content=\"La Mostra Calvi\u00e0 from April 30\u2013May 3\" \/>\n<meta property=\"og:description\" content=\"La Mostra Calvi\u00e0 from April 30\u2013May 3 Portals Nous, Son Caliu, El Toro\" \/>\n<meta property=\"og:url\" content=\"https:\/\/visitcalvia.org\/en\/lamostra-calvia-iv\/\" \/>\n<meta property=\"og:site_name\" content=\"visitcalvia\" \/>\n<meta property=\"article:modified_time\" content=\"2026-03-25T12:54:51+00:00\" \/>\n<meta property=\"og:image\" content=\"https:\/\/visitcalvia.org\/wp-content\/uploads\/2021\/08\/Mostra-de-Cuines-Calvia-03-1.png\" \/>\n\t<meta property=\"og:image:width\" content=\"1575\" \/>\n\t<meta property=\"og:image:height\" content=\"1182\" \/>\n\t<meta property=\"og:image:type\" content=\"image\/png\" \/>\n<meta name=\"twitter:card\" content=\"summary_large_image\" \/>\n<meta name=\"twitter:label1\" content=\"Est. reading time\" \/>\n\t<meta name=\"twitter:data1\" content=\"2 minutes\" \/>\n<script type=\"application\/ld+json\" class=\"yoast-schema-graph\">{\"@context\":\"https:\\\/\\\/schema.org\",\"@graph\":[{\"@type\":\"WebPage\",\"@id\":\"https:\\\/\\\/visitcalvia.org\\\/en\\\/lamostra-calvia-iv\\\/\",\"url\":\"https:\\\/\\\/visitcalvia.org\\\/en\\\/lamostra-calvia-iv\\\/\",\"name\":\"La Mostra Calvi\u00e0 from April 30\u2013May 3\",\"isPartOf\":{\"@id\":\"https:\\\/\\\/visitcalvia.org\\\/en\\\/#website\"},\"primaryImageOfPage\":{\"@id\":\"https:\\\/\\\/visitcalvia.org\\\/en\\\/lamostra-calvia-iv\\\/#primaryimage\"},\"image\":{\"@id\":\"https:\\\/\\\/visitcalvia.org\\\/en\\\/lamostra-calvia-iv\\\/#primaryimage\"},\"thumbnailUrl\":\"https:\\\/\\\/i0.wp.com\\\/visitcalvia.org\\\/wp-content\\\/uploads\\\/2021\\\/08\\\/Mostra-de-Cuines-Calvia-03-1.png?fit=1575%2C1182&ssl=1\",\"datePublished\":\"2023-03-03T09:05:30+00:00\",\"dateModified\":\"2026-03-25T12:54:51+00:00\",\"description\":\"La Mostra Calvi\u00e0 from April 30\u2013May 3 Portals Nous, Son Caliu, El Toro\",\"breadcrumb\":{\"@id\":\"https:\\\/\\\/visitcalvia.org\\\/en\\\/lamostra-calvia-iv\\\/#breadcrumb\"},\"inLanguage\":\"en-US\",\"potentialAction\":[{\"@type\":\"ReadAction\",\"target\":[\"https:\\\/\\\/visitcalvia.org\\\/en\\\/lamostra-calvia-iv\\\/\"]}]},{\"@type\":\"ImageObject\",\"inLanguage\":\"en-US\",\"@id\":\"https:\\\/\\\/visitcalvia.org\\\/en\\\/lamostra-calvia-iv\\\/#primaryimage\",\"url\":\"https:\\\/\\\/i0.wp.com\\\/visitcalvia.org\\\/wp-content\\\/uploads\\\/2021\\\/08\\\/Mostra-de-Cuines-Calvia-03-1.png?fit=1575%2C1182&ssl=1\",\"contentUrl\":\"https:\\\/\\\/i0.wp.com\\\/visitcalvia.org\\\/wp-content\\\/uploads\\\/2021\\\/08\\\/Mostra-de-Cuines-Calvia-03-1.png?fit=1575%2C1182&ssl=1\",\"width\":1575,\"height\":1182,\"caption\":\"Mostra de Cuines Calvia-05\"},{\"@type\":\"BreadcrumbList\",\"@id\":\"https:\\\/\\\/visitcalvia.org\\\/en\\\/lamostra-calvia-iv\\\/#breadcrumb\",\"itemListElement\":[{\"@type\":\"ListItem\",\"position\":1,\"name\":\"Portada\",\"item\":\"https:\\\/\\\/visitcalvia.org\\\/en\\\/\"},{\"@type\":\"ListItem\",\"position\":2,\"name\":\"La Mostra Calvi\u00e0 from April 30\u2013May 3\"}]},{\"@type\":\"WebSite\",\"@id\":\"https:\\\/\\\/visitcalvia.org\\\/en\\\/#website\",\"url\":\"https:\\\/\\\/visitcalvia.org\\\/en\\\/\",\"name\":\"visitcalvia\",\"description\":\"Vacaciones en Mallorca \u2013 Calvi\u00e0 m\u00faltiples destinos en uno s\u00f3lo lugar. Palmanova, Santa Pon\u00e7a, Magaluf, Peguera, Portals Nous, Costa d\u2019en Blanes, Cala Vinyes\",\"potentialAction\":[{\"@type\":\"SearchAction\",\"target\":{\"@type\":\"EntryPoint\",\"urlTemplate\":\"https:\\\/\\\/visitcalvia.org\\\/en\\\/?s={search_term_string}\"},\"query-input\":{\"@type\":\"PropertyValueSpecification\",\"valueRequired\":true,\"valueName\":\"search_term_string\"}}],\"inLanguage\":\"en-US\"}]}<\/script>\n<!-- \/ Yoast SEO plugin. -->","yoast_head_json":{"title":"La Mostra Calvi\u00e0 from April 30\u2013May 3","description":"La Mostra Calvi\u00e0 from April 30\u2013May 3 Portals Nous, Son Caliu, El Toro","robots":{"index":"index","follow":"follow","max-snippet":"max-snippet:-1","max-image-preview":"max-image-preview:large","max-video-preview":"max-video-preview:-1"},"canonical":"https:\/\/visitcalvia.org\/en\/lamostra-calvia-iv\/","og_locale":"en_US","og_type":"article","og_title":"La Mostra Calvi\u00e0 from April 30\u2013May 3","og_description":"La Mostra Calvi\u00e0 from April 30\u2013May 3 Portals Nous, Son Caliu, El Toro","og_url":"https:\/\/visitcalvia.org\/en\/lamostra-calvia-iv\/","og_site_name":"visitcalvia","article_modified_time":"2026-03-25T12:54:51+00:00","og_image":[{"width":1575,"height":1182,"url":"https:\/\/visitcalvia.org\/wp-content\/uploads\/2021\/08\/Mostra-de-Cuines-Calvia-03-1.png","type":"image\/png"}],"twitter_card":"summary_large_image","twitter_misc":{"Est. reading time":"2 minutes"},"schema":{"@context":"https:\/\/schema.org","@graph":[{"@type":"WebPage","@id":"https:\/\/visitcalvia.org\/en\/lamostra-calvia-iv\/","url":"https:\/\/visitcalvia.org\/en\/lamostra-calvia-iv\/","name":"La Mostra Calvi\u00e0 from April 30\u2013May 3","isPartOf":{"@id":"https:\/\/visitcalvia.org\/en\/#website"},"primaryImageOfPage":{"@id":"https:\/\/visitcalvia.org\/en\/lamostra-calvia-iv\/#primaryimage"},"image":{"@id":"https:\/\/visitcalvia.org\/en\/lamostra-calvia-iv\/#primaryimage"},"thumbnailUrl":"https:\/\/i0.wp.com\/visitcalvia.org\/wp-content\/uploads\/2021\/08\/Mostra-de-Cuines-Calvia-03-1.png?fit=1575%2C1182&ssl=1","datePublished":"2023-03-03T09:05:30+00:00","dateModified":"2026-03-25T12:54:51+00:00","description":"La Mostra Calvi\u00e0 from April 30\u2013May 3 Portals Nous, Son Caliu, El Toro","breadcrumb":{"@id":"https:\/\/visitcalvia.org\/en\/lamostra-calvia-iv\/#breadcrumb"},"inLanguage":"en-US","potentialAction":[{"@type":"ReadAction","target":["https:\/\/visitcalvia.org\/en\/lamostra-calvia-iv\/"]}]},{"@type":"ImageObject","inLanguage":"en-US","@id":"https:\/\/visitcalvia.org\/en\/lamostra-calvia-iv\/#primaryimage","url":"https:\/\/i0.wp.com\/visitcalvia.org\/wp-content\/uploads\/2021\/08\/Mostra-de-Cuines-Calvia-03-1.png?fit=1575%2C1182&ssl=1","contentUrl":"https:\/\/i0.wp.com\/visitcalvia.org\/wp-content\/uploads\/2021\/08\/Mostra-de-Cuines-Calvia-03-1.png?fit=1575%2C1182&ssl=1","width":1575,"height":1182,"caption":"Mostra de Cuines Calvia-05"},{"@type":"BreadcrumbList","@id":"https:\/\/visitcalvia.org\/en\/lamostra-calvia-iv\/#breadcrumb","itemListElement":[{"@type":"ListItem","position":1,"name":"Portada","item":"https:\/\/visitcalvia.org\/en\/"},{"@type":"ListItem","position":2,"name":"La Mostra Calvi\u00e0 from April 30\u2013May 3"}]},{"@type":"WebSite","@id":"https:\/\/visitcalvia.org\/en\/#website","url":"https:\/\/visitcalvia.org\/en\/","name":"visitcalvia","description":"Vacaciones en Mallorca \u2013 Calvi\u00e0 m\u00faltiples destinos en uno s\u00f3lo lugar. Palmanova, Santa Pon\u00e7a, Magaluf, Peguera, Portals Nous, Costa d\u2019en Blanes, Cala Vinyes","potentialAction":[{"@type":"SearchAction","target":{"@type":"EntryPoint","urlTemplate":"https:\/\/visitcalvia.org\/en\/?s={search_term_string}"},"query-input":{"@type":"PropertyValueSpecification","valueRequired":true,"valueName":"search_term_string"}}],"inLanguage":"en-US"}]}},"jetpack_likes_enabled":false,"jetpack_sharing_enabled":false,"jetpack_shortlink":"https:\/\/wp.me\/PbP1bo-3KB","amp_enabled":false,"_links":{"self":[{"href":"https:\/\/visitcalvia.org\/en\/wp-json\/wp\/v2\/pages\/14421","targetHints":{"allow":["GET"]}}],"collection":[{"href":"https:\/\/visitcalvia.org\/en\/wp-json\/wp\/v2\/pages"}],"about":[{"href":"https:\/\/visitcalvia.org\/en\/wp-json\/wp\/v2\/types\/page"}],"author":[{"embeddable":true,"href":"https:\/\/visitcalvia.org\/en\/wp-json\/wp\/v2\/users\/182516946"}],"replies":[{"embeddable":true,"href":"https:\/\/visitcalvia.org\/en\/wp-json\/wp\/v2\/comments?post=14421"}],"version-history":[{"count":100,"href":"https:\/\/visitcalvia.org\/en\/wp-json\/wp\/v2\/pages\/14421\/revisions"}],"predecessor-version":[{"id":30257,"href":"https:\/\/visitcalvia.org\/en\/wp-json\/wp\/v2\/pages\/14421\/revisions\/30257"}],"wp:featuredmedia":[{"embeddable":true,"href":"https:\/\/visitcalvia.org\/en\/wp-json\/wp\/v2\/media\/17647"}],"wp:attachment":[{"href":"https:\/\/visitcalvia.org\/en\/wp-json\/wp\/v2\/media?parent=14421"}],"curies":[{"name":"wp","href":"https:\/\/api.w.org\/{rel}","templated":true}]}}