{"id":9181,"date":"2020-05-20T14:02:22","date_gmt":"2020-05-20T12:02:22","guid":{"rendered":"https:\/\/visitcalvia.org\/aviso-legal\/"},"modified":"2020-06-01T14:03:28","modified_gmt":"2020-06-01T12:03:28","slug":"aviso-legal","status":"publish","type":"page","link":"https:\/\/visitcalvia.org\/en\/aviso-legal\/","title":{"rendered":"Aviso Legal"},"content":{"rendered":"<div class=\"wpb-content-wrapper\"><p>[vc_row][vc_column][vc_column_text]<\/p>\n<h2>Identificaci\u00f3n y Titularidad<\/h2>\n<p>En cumplimiento del art\u00edculo 10 de la Ley 34\/2002, de 11 de julio, de Servicios de la Sociedad de la Informaci\u00f3n y Comercio Electr\u00f3nico, el Titular expone sus datos identificativos.<\/p>\n<ul>\n<li><b>Titular:<\/b>\u00a0FUNDACI\u00d3N CALVI\u00c0 2004.<\/li>\n<li><b>NIF:<\/b>\u00a0<a href=\"https:\/\/www.csd.gob.es\/sites\/default\/files\/media\/files\/2020-05\/FAQsDeporteFase1.Actualizadas.pdf\" rel=\"nofollow\">https:\/\/www.csd.gob.es\/sites\/default\/files\/media\/files\/2020-05\/FAQsDeporteFase1.Actualizadas.pdf<\/a><\/li>\n<li><b>Domicilio:<\/b>\u00a0C\/ Juli\u00e0 Bujosa Sans, Batle 1, Calvi\u00e0, Mallorca,, Baleares &#8211; Espa\u00f1a.<\/li>\n<li><b>Correo electr\u00f3nico:<\/b>\u00a0info@fundacioncalvia.com<\/li>\n<li><b>Tel\u00e9fono de contacto:<\/b>\u00a0971139190<\/li>\n<li><b>Sitio Web:<\/b>\u00a0<a href=\"https:\/\/visitcalvia.org\/\">https:\/\/visitcalvia.org<\/a><\/li>\n<\/ul>\n<h2>Finalidad<\/h2>\n<p>La finalidad del sitio Web\u00a0<a href=\"https:\/\/visitcalvia.org\/\">https:\/\/visitcalvia.org<\/a>\u00a0es Informar de los atractivos tur\u00edsticos del municipio de Calvi\u00e0, facilitar el acceso a productos, servicios, atracciones, eventos y entidades que se desarrollan en el \u00e1rea de Calvi\u00e0..<\/p>\n<h2>Condiciones de Uso<\/h2>\n<p>La utilizaci\u00f3n del sitio Web te otorga la condici\u00f3n de Usuario, e implica la aceptaci\u00f3n completa de todas las cl\u00e1usulas y condiciones de uso incluidas en las p\u00e1ginas:<\/p>\n<ul>\n<li><a href=\"https:\/\/visitcalvia.org\/aviso-legal\/\">Aviso Legal<\/a><\/li>\n<\/ul>\n<p>Si no est\u00e1s conforme con todas y cada una de estas cl\u00e1usulas y condiciones te abstendr\u00e1s de utilizar este sitio Web.<\/p>\n<p>El acceso a este sitio Web no supone, en modo alguno, el inicio de una relaci\u00f3n comercial con FUNDACI\u00d3N CALVI\u00c0 2004.<\/p>\n<p>A trav\u00e9s de este sitio Web, el Titular te facilita el acceso y la utilizaci\u00f3n de diversos contenidos que el Titular o sus colaboradores han publicado por medio de Internet.<\/p>\n<p>A tal efecto, te obligas y comprometes a NO utilizar cualquiera de los contenidos del sitio Web con fines o efectos il\u00edcitos, prohibidos en este Aviso Legal o por la legislaci\u00f3n vigente, lesivos de los derechos e intereses de terceros, o que de cualquier forma puedan da\u00f1ar, inutilizar, sobrecargar, deteriorar o impedir la normal utilizaci\u00f3n de los contenidos, los equipos inform\u00e1ticos o los documentos, archivos y toda clase de contenidos almacenados en cualquier equipo inform\u00e1tico propios o contratados por FUNDACI\u00d3N CALVI\u00c0 2004, de otros usuarios o de cualquier usuario de Internet.<\/p>\n<h2>Mayor\u00eda de edad<\/h2>\n<p>Debes tener al menos 18 a\u00f1os de edad para usar los servicios ofrecidos por FUNDACI\u00d3N CALVI\u00c0 2004 o la mayor\u00eda de edad que se requiera en tu pa\u00eds para registrarte en el sitio Web o utilizarlo. Si resides en un pa\u00eds que no pertenezca a la Regi\u00f3n europea, debes tener al menos 13 a\u00f1os de edad para usar el sitio Web o la mayor\u00eda de edad que se requiera en tu pa\u00eds para registrarte en el sitio Web o utilizarlo.<\/p>\n<p>Adem\u00e1s de tener la edad m\u00ednima requerida para usar el sitio Web en virtud de la ley aplicable, si no tienes la edad suficiente para poder aceptar las condiciones en tu pa\u00eds, tu padre, madre, o tutor deben aceptar las condiciones en tu nombre.<\/p>\n<h2>Medidas de seguridad<\/h2>\n<p>Los datos personales que facilites al Titular pueden ser almacenados en bases de datos automatizadas o no, cuya titularidad corresponde en exclusiva a FUNDACI\u00d3N CALVI\u00c0 2004, que asume todas las medidas de \u00edndole t\u00e9cnica, organizativa y de seguridad que garantizan la confidencialidad, integridad y calidad de la informaci\u00f3n contenida en las mismas de acuerdo con lo establecido en la normativa vigente en protecci\u00f3n de datos.<\/p>\n<p>No obstante, debes ser consciente de que las medidas de seguridad de los sistemas inform\u00e1ticos en Internet no son enteramente fiables y que, por tanto el Titular no puede garantizar la inexistencia de virus u otros elementos que puedan producir alteraciones en los sistemas inform\u00e1ticos (software y hardware) del Usuario o en sus documentos electr\u00f3nicos y ficheros contenidos en los mismos aunque el Titular pone todos los medios necesarios y toma las medidas de seguridad oportunas para evitar la presencia de estos elementos da\u00f1inos.<\/p>\n<h2>Contenidos<\/h2>\n<p>El Titular ha obtenido la informaci\u00f3n, el contenido multimedia y los materiales incluidos en el sitio Web de fuentes que considera fiables, pero, si bien ha tomado todas las medidas razonables para asegurar que la informaci\u00f3n contenida es correcta, el Titular no garantiza que sea exacta, completa o actualizada. FUNDACI\u00d3N CALVI\u00c0 2004 declina expresamente cualquier responsabilidad por error u omisi\u00f3n en la informaci\u00f3n contenida en las p\u00e1ginas de este sitio Web.<\/p>\n<p>Queda prohibido transmitir o enviar a trav\u00e9s del sitio Web cualquier contenido ilegal o il\u00edcito, virus inform\u00e1ticos, o mensajes que, en general, afecten o violen derechos de\u00a0el Titular o de terceros.<\/p>\n<p>Los contenidos de\u00a0<a href=\"https:\/\/visitcalvia.org\/\">https:\/\/visitcalvia.org<\/a>\u00a0tienen \u00fanicamente una finalidad informativa y bajo ninguna circunstancia deben usarse ni considerarse como oferta de venta, solicitud de una oferta de compra ni recomendaci\u00f3n para realizar cualquier otra operaci\u00f3n, salvo que as\u00ed se indique expresamente.<\/p>\n<p>FUNDACI\u00d3N CALVI\u00c0 2004 se reserva el derecho a modificar, suspender, cancelar o restringir el contenido de\u00a0<a href=\"https:\/\/visitcalvia.org\/\">https:\/\/visitcalvia.org<\/a>, los v\u00ednculos o la informaci\u00f3n obtenida a trav\u00e9s del sitio Web, sin necesidad de previo aviso.<\/p>\n<p>FUNDACI\u00d3N CALVI\u00c0 2004\u00a0no es responsable de los da\u00f1os y perjuicios que pudieran derivarse de la utilizaci\u00f3n de la informaci\u00f3n del sitio Web o de la contenida en las redes sociales del Titular.<\/p>\n<h2>Pol\u00edtica de cookies<\/h2>\n<p>El Titular s\u00f3lo obtiene y conserva la siguiente informaci\u00f3n acerca de los visitantes del sitio Web:<\/p>\n<ul>\n<li>El nombre de dominio del proveedor (PSI) y\/o direcci\u00f3n IP que les da acceso a la red.<\/li>\n<li>La fecha y hora de acceso al sitio Web.<\/li>\n<li>La direcci\u00f3n de Internet origen del enlace que dirige al sitio Web.<\/li>\n<li>El n\u00famero de visitantes diarios de cada secci\u00f3n.<\/li>\n<li>La informaci\u00f3n obtenida es totalmente an\u00f3nima, y en ning\u00fan caso puede ser asociada a un Usuario concreto e identificado.<\/li>\n<\/ul>\n<h2>Enlaces a otros sitios Web<\/h2>\n<p>El Titular puede proporcionarte acceso a sitios Web de terceros mediante enlaces con la finalidad exclusiva de informarte sobre la existencia de otras fuentes de informaci\u00f3n en Internet en las que podr\u00e1s ampliar los datos ofrecidos en el sitio Web.<\/p>\n<p>Estos enlaces a otros sitios Web no suponen en ning\u00fan caso una sugerencia o recomendaci\u00f3n para que visites las p\u00e1ginas web de destino, que est\u00e1n fuera del control del Titular, por lo que FUNDACI\u00d3N CALVI\u00c0 2004 no es responsable del contenido de los sitios web vinculados ni del resultado que obtengas al seguir los enlaces.<\/p>\n<p>Asimismo, FUNDACI\u00d3N CALVI\u00c0 2004 no responde de los links o enlaces ubicados en los sitios web vinculados a los que te proporciona acceso.<\/p>\n<p>El establecimiento del enlace no implica en ning\u00fan caso la existencia de relaciones entre FUNDACI\u00d3N CALVI\u00c0 2004 y el propietario del sitio en el que se establezca el enlace, ni la aceptaci\u00f3n o aprobaci\u00f3n por parte del Titular de sus contenidos o servicios.<\/p>\n<p>Si accedes a un sitio Web externo desde un enlace que encuentres en\u00a0<a href=\"https:\/\/visitcalvia.org\/\">https:\/\/visitcalvia.org<\/a>\u00a0deber\u00e1s leer la propia pol\u00edtica de privacidad del otro sitio web que puede ser diferente de la de este sitio Web.<\/p>\n<h2>Propiedad intelectual e industrial<\/h2>\n<p>Todos los derechos est\u00e1n reservados.<\/p>\n<p>Todo acceso a este sitio Web est\u00e1 sujeto a las siguientes condiciones: la reproducci\u00f3n, almacenaje permanente y la difusi\u00f3n de los contenidos o cualquier otro uso que tenga finalidad p\u00fablica o comercial queda expresamente prohibida sin el consentimiento previo expreso y por escrito de FUNDACI\u00d3N CALVI\u00c0 2004.<\/p>\n<h2>Limitaci\u00f3n de responsabilidad<\/h2>\n<p>La informaci\u00f3n y servicios incluidos o disponibles a trav\u00e9s de este sitio Web pueden incluir incorrecciones o errores tipogr\u00e1ficos. De forma peri\u00f3dica el Titular incorpora mejoras y\/o cambios a la informaci\u00f3n contenida y\/o los Servicios que puede introducir en cualquier momento.<\/p>\n<p>El Titular no declara ni garantiza que los servicios o contenidos sean interrumpidos o que est\u00e9n libres de errores, que los defectos sean corregidos, o que el servicio o el servidor que lo pone a disposici\u00f3n est\u00e9n libres de virus u otros componentes nocivos sin perjuicio de que el Titular realiza todos los esfuerzos en evitar este tipo de incidentes.<\/p>\n<p>FUNDACI\u00d3N CALVI\u00c0 2004 declina cualquier responsabilidad en caso de que existan interrupciones o un mal funcionamiento de los Servicios o contenidos ofrecidos en Internet, cualquiera que sea su causa. Asimismo, el Titular no se hace responsable por ca\u00eddas de la red, p\u00e9rdidas de negocio a consecuencia de dichas ca\u00eddas, suspensiones temporales de fluido el\u00e9ctrico o cualquier otro tipo de da\u00f1o indirecto que te pueda ser causado por causas ajenas a el Titular.<\/p>\n<p>Antes de tomar decisiones y\/o acciones con base a la informaci\u00f3n incluida en el sitio Web, el Titular te recomienda comprobar y contrastar la informaci\u00f3n recibida con otras fuentes.<\/p>\n<h2>Derecho de exclusi\u00f3n<\/h2>\n<p>FUNDACI\u00d3N CALVI\u00c0 2004 se reserva el derecho a denegar o retirar el acceso al sitio Web y los servicios ofrecidos sin necesidad de preaviso, a instancia propia o de un tercero, a aquellos usuarios que incumplan cualquiera de las condiciones de este Aviso Legal.<\/p>\n<h2>Jurisdicci\u00f3n<\/h2>\n<p>Este Aviso Legal se rige \u00edntegramente por la legislaci\u00f3n espa\u00f1ola.<\/p>\n<p>Siempre que no haya una norma que obligue a otra cosa, para cuantas cuestiones se susciten sobre la interpretaci\u00f3n, aplicaci\u00f3n y cumplimiento de este Aviso Legal, as\u00ed como de las reclamaciones que puedan derivarse de su uso, las partes acuerdan someterse a los Jueces y Tribunales de la provincia de Baleares, con renuncia expresa de cualquier otra jurisdicci\u00f3n que pudiera corresponderles.<\/p>\n<h2>Contacto<\/h2>\n<p>En caso de que tengas cualquier duda acerca de estas Condiciones legales o quieras realizar cualquier comentario sobre este sitio Web, puedes enviar un mensaje de correo electr\u00f3nico a la direcci\u00f3n info@fundacioncalvia.com.[\/vc_column_text][\/vc_column][\/vc_row]<\/p>\n<\/div>","protected":false},"excerpt":{"rendered":"<p>[vc_row][vc_column][vc_column_text] Identificaci\u00f3n y Titularidad En cumplimiento del art\u00edculo 10 de la Ley 34\/2002, de 11 de julio, de Servicios de la Sociedad de la Informaci\u00f3n y Comercio Electr\u00f3nico, el Titular expone sus datos identificativos. Titular:\u00a0FUNDACI\u00d3N CALVI\u00c0 2004. NIF:\u00a0https:\/\/www.csd.gob.es\/sites\/default\/files\/media\/files\/2020-05\/FAQsDeporteFase1.Actualizadas.pdf Domicilio:\u00a0C\/ Juli\u00e0 Bujosa Sans, Batle 1, Calvi\u00e0, Mallorca,, Baleares &#8211; Espa\u00f1a. Correo electr\u00f3nico:\u00a0info@fundacioncalvia.com Tel\u00e9fono de contacto:\u00a0971139190 [&hellip;]<\/p>\n","protected":false},"author":182516946,"featured_media":0,"parent":0,"menu_order":0,"comment_status":"closed","ping_status":"closed","template":"","meta":{"_coblocks_attr":"","_coblocks_dimensions":"","_coblocks_responsive_height":"","_coblocks_accordion_ie_support":"","_crdt_document":"","jetpack_post_was_ever_published":false,"footnotes":""},"class_list":["post-9181","page","type-page","status-publish","hentry"],"yoast_head":"<!-- This site is optimized with the Yoast SEO plugin v27.3 - https:\/\/yoast.com\/product\/yoast-seo-wordpress\/ -->\n<title>Aviso Legal - visitcalvia<\/title>\n<meta name=\"robots\" content=\"index, follow, max-snippet:-1, max-image-preview:large, max-video-preview:-1\" \/>\n<link rel=\"canonical\" href=\"https:\/\/visitcalvia.org\/en\/aviso-legal\/\" \/>\n<meta property=\"og:locale\" content=\"en_US\" \/>\n<meta property=\"og:type\" content=\"article\" \/>\n<meta property=\"og:title\" content=\"Aviso Legal - visitcalvia\" \/>\n<meta property=\"og:description\" content=\"[vc_row][vc_column][vc_column_text] Identificaci\u00f3n y Titularidad En cumplimiento del art\u00edculo 10 de la Ley 34\/2002, de 11 de julio, de Servicios de la Sociedad de la Informaci\u00f3n y Comercio Electr\u00f3nico, el Titular expone sus datos identificativos. Titular:\u00a0FUNDACI\u00d3N CALVI\u00c0 2004. NIF:\u00a0https:\/\/www.csd.gob.es\/sites\/default\/files\/media\/files\/2020-05\/FAQsDeporteFase1.Actualizadas.pdf Domicilio:\u00a0C\/ Juli\u00e0 Bujosa Sans, Batle 1, Calvi\u00e0, Mallorca,, Baleares &#8211; Espa\u00f1a. Correo electr\u00f3nico:\u00a0info@fundacioncalvia.com Tel\u00e9fono de contacto:\u00a0971139190 [&hellip;]\" \/>\n<meta property=\"og:url\" content=\"https:\/\/visitcalvia.org\/en\/aviso-legal\/\" \/>\n<meta property=\"og:site_name\" content=\"visitcalvia\" \/>\n<meta property=\"article:modified_time\" content=\"2020-06-01T12:03:28+00:00\" \/>\n<meta name=\"twitter:card\" content=\"summary_large_image\" \/>\n<meta name=\"twitter:label1\" content=\"Est. reading time\" \/>\n\t<meta name=\"twitter:data1\" content=\"8 minutes\" \/>\n<script type=\"application\/ld+json\" class=\"yoast-schema-graph\">{\"@context\":\"https:\\\/\\\/schema.org\",\"@graph\":[{\"@type\":\"WebPage\",\"@id\":\"https:\\\/\\\/visitcalvia.org\\\/en\\\/aviso-legal\\\/\",\"url\":\"https:\\\/\\\/visitcalvia.org\\\/en\\\/aviso-legal\\\/\",\"name\":\"Aviso Legal - visitcalvia\",\"isPartOf\":{\"@id\":\"https:\\\/\\\/visitcalvia.org\\\/en\\\/#website\"},\"datePublished\":\"2020-05-20T12:02:22+00:00\",\"dateModified\":\"2020-06-01T12:03:28+00:00\",\"breadcrumb\":{\"@id\":\"https:\\\/\\\/visitcalvia.org\\\/en\\\/aviso-legal\\\/#breadcrumb\"},\"inLanguage\":\"en-US\",\"potentialAction\":[{\"@type\":\"ReadAction\",\"target\":[\"https:\\\/\\\/visitcalvia.org\\\/en\\\/aviso-legal\\\/\"]}]},{\"@type\":\"BreadcrumbList\",\"@id\":\"https:\\\/\\\/visitcalvia.org\\\/en\\\/aviso-legal\\\/#breadcrumb\",\"itemListElement\":[{\"@type\":\"ListItem\",\"position\":1,\"name\":\"Portada\",\"item\":\"https:\\\/\\\/visitcalvia.org\\\/en\\\/\"},{\"@type\":\"ListItem\",\"position\":2,\"name\":\"Aviso Legal\"}]},{\"@type\":\"WebSite\",\"@id\":\"https:\\\/\\\/visitcalvia.org\\\/en\\\/#website\",\"url\":\"https:\\\/\\\/visitcalvia.org\\\/en\\\/\",\"name\":\"visitcalvia\",\"description\":\"Vacaciones en Mallorca \u2013 Calvi\u00e0 m\u00faltiples destinos en uno s\u00f3lo lugar. Palmanova, Santa Pon\u00e7a, Magaluf, Peguera, Portals Nous, Costa d\u2019en Blanes, Cala Vinyes\",\"potentialAction\":[{\"@type\":\"SearchAction\",\"target\":{\"@type\":\"EntryPoint\",\"urlTemplate\":\"https:\\\/\\\/visitcalvia.org\\\/en\\\/?s={search_term_string}\"},\"query-input\":{\"@type\":\"PropertyValueSpecification\",\"valueRequired\":true,\"valueName\":\"search_term_string\"}}],\"inLanguage\":\"en-US\"}]}<\/script>\n<!-- \/ Yoast SEO plugin. -->","yoast_head_json":{"title":"Aviso Legal - visitcalvia","robots":{"index":"index","follow":"follow","max-snippet":"max-snippet:-1","max-image-preview":"max-image-preview:large","max-video-preview":"max-video-preview:-1"},"canonical":"https:\/\/visitcalvia.org\/en\/aviso-legal\/","og_locale":"en_US","og_type":"article","og_title":"Aviso Legal - visitcalvia","og_description":"[vc_row][vc_column][vc_column_text] Identificaci\u00f3n y Titularidad En cumplimiento del art\u00edculo 10 de la Ley 34\/2002, de 11 de julio, de Servicios de la Sociedad de la Informaci\u00f3n y Comercio Electr\u00f3nico, el Titular expone sus datos identificativos. Titular:\u00a0FUNDACI\u00d3N CALVI\u00c0 2004. NIF:\u00a0https:\/\/www.csd.gob.es\/sites\/default\/files\/media\/files\/2020-05\/FAQsDeporteFase1.Actualizadas.pdf Domicilio:\u00a0C\/ Juli\u00e0 Bujosa Sans, Batle 1, Calvi\u00e0, Mallorca,, Baleares &#8211; Espa\u00f1a. Correo electr\u00f3nico:\u00a0info@fundacioncalvia.com Tel\u00e9fono de contacto:\u00a0971139190 [&hellip;]","og_url":"https:\/\/visitcalvia.org\/en\/aviso-legal\/","og_site_name":"visitcalvia","article_modified_time":"2020-06-01T12:03:28+00:00","twitter_card":"summary_large_image","twitter_misc":{"Est. reading time":"8 minutes"},"schema":{"@context":"https:\/\/schema.org","@graph":[{"@type":"WebPage","@id":"https:\/\/visitcalvia.org\/en\/aviso-legal\/","url":"https:\/\/visitcalvia.org\/en\/aviso-legal\/","name":"Aviso Legal - visitcalvia","isPartOf":{"@id":"https:\/\/visitcalvia.org\/en\/#website"},"datePublished":"2020-05-20T12:02:22+00:00","dateModified":"2020-06-01T12:03:28+00:00","breadcrumb":{"@id":"https:\/\/visitcalvia.org\/en\/aviso-legal\/#breadcrumb"},"inLanguage":"en-US","potentialAction":[{"@type":"ReadAction","target":["https:\/\/visitcalvia.org\/en\/aviso-legal\/"]}]},{"@type":"BreadcrumbList","@id":"https:\/\/visitcalvia.org\/en\/aviso-legal\/#breadcrumb","itemListElement":[{"@type":"ListItem","position":1,"name":"Portada","item":"https:\/\/visitcalvia.org\/en\/"},{"@type":"ListItem","position":2,"name":"Aviso Legal"}]},{"@type":"WebSite","@id":"https:\/\/visitcalvia.org\/en\/#website","url":"https:\/\/visitcalvia.org\/en\/","name":"visitcalvia","description":"Vacaciones en Mallorca \u2013 Calvi\u00e0 m\u00faltiples destinos en uno s\u00f3lo lugar. Palmanova, Santa Pon\u00e7a, Magaluf, Peguera, Portals Nous, Costa d\u2019en Blanes, Cala Vinyes","potentialAction":[{"@type":"SearchAction","target":{"@type":"EntryPoint","urlTemplate":"https:\/\/visitcalvia.org\/en\/?s={search_term_string}"},"query-input":{"@type":"PropertyValueSpecification","valueRequired":true,"valueName":"search_term_string"}}],"inLanguage":"en-US"}]}},"jetpack_likes_enabled":false,"jetpack_sharing_enabled":false,"jetpack_shortlink":"https:\/\/wp.me\/PbP1bo-2o5","amp_enabled":true,"_links":{"self":[{"href":"https:\/\/visitcalvia.org\/en\/wp-json\/wp\/v2\/pages\/9181","targetHints":{"allow":["GET"]}}],"collection":[{"href":"https:\/\/visitcalvia.org\/en\/wp-json\/wp\/v2\/pages"}],"about":[{"href":"https:\/\/visitcalvia.org\/en\/wp-json\/wp\/v2\/types\/page"}],"author":[{"embeddable":true,"href":"https:\/\/visitcalvia.org\/en\/wp-json\/wp\/v2\/users\/182516946"}],"replies":[{"embeddable":true,"href":"https:\/\/visitcalvia.org\/en\/wp-json\/wp\/v2\/comments?post=9181"}],"version-history":[{"count":2,"href":"https:\/\/visitcalvia.org\/en\/wp-json\/wp\/v2\/pages\/9181\/revisions"}],"predecessor-version":[{"id":9183,"href":"https:\/\/visitcalvia.org\/en\/wp-json\/wp\/v2\/pages\/9181\/revisions\/9183"}],"wp:attachment":[{"href":"https:\/\/visitcalvia.org\/en\/wp-json\/wp\/v2\/media?parent=9181"}],"curies":[{"name":"wp","href":"https:\/\/api.w.org\/{rel}","templated":true}]}}