{"id":9625,"date":"2020-04-17T11:12:35","date_gmt":"2020-04-17T09:12:35","guid":{"rendered":"https:\/\/visitcalvia.org\/patrimonio\/"},"modified":"2025-01-24T10:02:00","modified_gmt":"2025-01-24T09:02:00","slug":"heritage","status":"publish","type":"page","link":"https:\/\/visitcalvia.org\/en\/heritage\/","title":{"rendered":"Heritage"},"content":{"rendered":"<div class=\"wpb-content-wrapper\"><p>[vc_row row_content_width=&#8221;grid&#8221; css=&#8221;.vc_custom_1585726577981{padding-top: 20px !important;padding-bottom: 30px !important;}&#8221;][vc_column width=&#8221;1\/3&#8243;][vc_empty_space height=&#8221;35px&#8221;]<div class=\"qodef-section-title-holder  qodef-st-standard qodef-st-title-left qodef-st-normal-space qodef-st-disable-title-break qodef-st-with-border\" style=\"text-align: left\">\n\t<div class=\"qodef-st-inner\">\n\t\t\t\t\t<h2 class=\"qodef-st-title\" >\n\t\t\t\t<span class=\"qodef-st-title-bold\">Calvia's<\/span> heritage\t\t\t<\/h2>\n\t\t\t\t\t<\/div>\n<\/div>[\/vc_column][vc_column width=&#8221;2\/3&#8243;][vc_empty_space height=&#8221;35px&#8221;][vc_column_text]<b>The municipality of Calvi\u00e0<\/b><span style=\"font-weight: 400;\"> has a rich historical-artistic heritage, which is the material reflection of its long and varied history, from the beginning, during the Copper Age, to the phenomenon of the arrival of tourism in recent years. Thanks to <\/span><b>Calvi\u00e0&#8217;s<\/b> <b>historical heritage <\/b><span style=\"font-weight: 400;\">we know how our ancestors lived and the main characteristics of our history.<\/span><\/p>\n<p><span style=\"font-weight: 400;\">As far as the Cultural Heritage of the area is concerned, the set of assets that make it up is structured in three large groups: <\/span><b>Archaeological Heritage, Ethnographic Heritage<\/b> <b>and Architectural Heritage<\/b><span style=\"font-weight: 400;\">. Via the following link you will be able to access the historical information and the description of the elements included:<\/span><a href=\"http:\/\/www.pluscalvia.com\/\"> <b>www.pluscalvia.com<\/b><\/a><\/p>\n<p>Calvi\u00e0 (Majorca) heritage[\/vc_column_text][\/vc_column][\/vc_row][vc_row row_content_width=&#8221;grid&#8221; css=&#8221;.vc_custom_1585726577981{padding-top: 20px !important;padding-bottom: 30px !important;}&#8221;][vc_column width=&#8221;1\/3&#8243;][vc_single_image image=&#8221;9922&#8243; img_size=&#8221;full&#8221; alignment=&#8221;center&#8221; onclick=&#8221;custom_link&#8221; img_link_target=&#8221;_blank&#8221; link=&#8221;<a href=\"http:\/\/www.pluscalvia.com\/historic&#8221;%5D%5B\/vc_column%5D%5Bvc_column\" rel=\"nofollow\">http:\/\/www.pluscalvia.com\/historic&#8221;%5D%5B\/vc_column%5D%5Bvc_column<\/a> width=&#8221;1\/3&#8243;][vc_single_image image=&#8221;9936&#8243; img_size=&#8221;full&#8221; alignment=&#8221;center&#8221; onclick=&#8221;custom_link&#8221; img_link_target=&#8221;_blank&#8221; link=&#8221;<a href=\"http:\/\/www.pluscalvia.com\/botanic&#8221;%5D%5B\/vc_column%5D%5Bvc_column\" rel=\"nofollow\">http:\/\/www.pluscalvia.com\/botanic&#8221;%5D%5B\/vc_column%5D%5Bvc_column<\/a> width=&#8221;1\/3&#8243;][vc_single_image image=&#8221;12595&#8243; img_size=&#8221;full&#8221; alignment=&#8221;center&#8221; onclick=&#8221;custom_link&#8221; img_link_target=&#8221;_blank&#8221; link=&#8221;<a href=\"http:\/\/www.pluscalvia.com\/snorkeling&#8221;%5D%5B\/vc_column%5D%5B\/vc_row%5D%5Bvc_row%5D%5Bvc_column\" rel=\"nofollow\">http:\/\/www.pluscalvia.com\/snorkeling&#8221;%5D%5B\/vc_column%5D%5B\/vc_row%5D%5Bvc_row%5D%5Bvc_column<\/a> css=&#8221;.vc_custom_1585731740146{margin-left: 50px !important;}&#8221;][vc_empty_space height=&#8221;20px&#8221;][\/vc_column][\/vc_row][vc_row row_content_width=&#8221;grid&#8221; css=&#8221;.vc_custom_1585726577981{padding-top: 20px !important;padding-bottom: 30px !important;}&#8221;][vc_column width=&#8221;1\/3&#8243;][vc_single_image image=&#8221;9925&#8243; img_size=&#8221;full&#8221; alignment=&#8221;center&#8221; onclick=&#8221;custom_link&#8221; img_link_target=&#8221;_blank&#8221; link=&#8221;<a href=\"https:\/\/visitcalvia.org\/senderismo\/&#8221;%5D%5B\/vc_column%5D%5Bvc_column\">https:\/\/visitcalvia.org\/senderismo\/&#8221;%5D%5B\/vc_column%5D%5Bvc_column<\/a> width=&#8221;1\/3&#8243;][vc_single_image image=&#8221;12598&#8243; img_size=&#8221;full&#8221; alignment=&#8221;center&#8221; onclick=&#8221;custom_link&#8221; img_link_target=&#8221;_blank&#8221; link=&#8221;<a href=\"http:\/\/www.pluscalvia.com\/birding&#8221;%5D%5B\/vc_column%5D%5Bvc_column\" rel=\"nofollow\">http:\/\/www.pluscalvia.com\/birding&#8221;%5D%5B\/vc_column%5D%5Bvc_column<\/a> width=&#8221;1\/3&#8243;][vc_single_image image=&#8221;9928&#8243; img_size=&#8221;full&#8221; alignment=&#8221;center&#8221; onclick=&#8221;custom_link&#8221; img_link_target=&#8221;_blank&#8221; link=&#8221;<a href=\"http:\/\/www.pluscalvia.com\/betart&#8221;%5D%5B\/vc_column%5D%5B\/vc_row%5D%5Bvc_row\" rel=\"nofollow\">http:\/\/www.pluscalvia.com\/betart&#8221;%5D%5B\/vc_column%5D%5B\/vc_row%5D%5Bvc_row<\/a> row_content_width=&#8221;grid&#8221; css=&#8221;.vc_custom_1585726577981{padding-top: 20px !important;padding-bottom: 30px !important;}&#8221;][vc_column width=&#8221;1\/3&#8243;][vc_empty_space height=&#8221;35px&#8221;]<div class=\"qodef-section-title-holder  qodef-st-standard qodef-st-title-left qodef-st-normal-space qodef-st-disable-title-break qodef-st-with-border\" style=\"text-align: left\">\n\t<div class=\"qodef-st-inner\">\n\t\t\t\t\t<h2 class=\"qodef-st-title\" >\n\t\t\t\t<span class=\"qodef-st-title-bold\">Puig<\/span> de Sa Morisca<br \/>\t\t\t<\/h2>\n\t\t\t\t\t\t\t<h5 class=\"qodef-st-text\" >\n\t\t\t\tArchaeological Park\t\t\t<\/h5>\n\t\t\t<\/div>\n<\/div>[\/vc_column][vc_column width=&#8221;2\/3&#8243;][vc_empty_space height=&#8221;35px&#8221;][vc_column_text]<span style=\"font-weight: 400;\">The <strong><a href=\"http:\/\/calvia.com\/responsive\/general.plt?KPAGINA=237&amp;KIDIOMA=2&amp;KNODE=86\">\u201cPuig de sa Morisca\u201d Archaeological Park<\/a><\/strong> (<\/span><a href=\"https:\/\/visitcalvia.org\/santaponsa\/\"><b>Santa Pon\u00e7a<\/b><\/a><span style=\"font-weight: 400;\">) is a project that has been developed by the Calvi\u00e0 Town Council in collaboration with the UIB (University of the Balearic Islands) since 1997. It is a space of more than 45 hectares, which includes one of the most important concentrations of archaeological sites in Mallorca, many of them publicly owned. It also has museum facilities and a rich natural, ethnographic and landscape heritage.<\/span><\/p>\n<h4><b>Description of the site<\/b><\/h4>\n<p><span style=\"font-weight: 400;\">It is a settlement with a rather complex configuration that is reflected both in its chrono-cultural evolution and in its spatial distribution.<\/span><\/p>\n<p><span style=\"font-weight: 400;\">On a chronological level, a long occupation is documented. From the initial Talayotic period (from the 6th century BC) to the Almohad period. It was definitively abandoned in 1229 with the conquest of the island by King James I (Rei Jaume I).<\/span><\/p>\n<p><span style=\"font-weight: 400;\">On a spatial level, the presence of different areas distributed throughout \u201cPuig de Sa Morisca\u201d is documented. Its summit is especially noteworthy, on the eastern and northern slopes and on the hill formed by the lowest rock located next to the mountain.<\/span><\/p>\n<p><span style=\"font-weight: 400;\">The different prospecting works have made it possible to document architectural structures of very diverse characteristics (talayots, towers, rooms, remains of walls, caves and shelters, etc.) which are distributed over three large areas:<\/span><\/p>\n<p><span style=\"font-weight: 400;\">Area of the Acropolis<\/span><\/p>\n<ul>\n<li style=\"font-weight: 400;\"><span style=\"font-weight: 400;\">Rocky shelters located on the eastern slope of the \u201cPuig\u201d<\/span><\/li>\n<li style=\"font-weight: 400;\"><span style=\"font-weight: 400;\">Defensive elements located on the eastern slope of the \u201cPuig\u201d<\/span><\/li>\n<li style=\"font-weight: 400;\"><span style=\"font-weight: 400;\">Defensive elements and habitat area located on the hill.<\/span><\/li>\n<li style=\"font-weight: 400;\"><span style=\"font-weight: 400;\">Rock with protected access.<\/span><\/li>\n<\/ul>\n<p style=\"font-weight: 400;\"><span style=\"font-weight: 400;\">Further information about this park, <strong><a href=\"http:\/\/calvia.com\/responsive\/general.plt?KPAGINA=237&amp;KIDIOMA=2&amp;KNODE=86\">here\u00a0<\/a><\/strong><\/span><\/p>\n<p>Calvi\u00e0 (Majorca) heritage[\/vc_column_text][\/vc_column][\/vc_row][vc_row][vc_column width=&#8221;1\/4&#8243; css=&#8221;.vc_custom_1585731740146{margin-left: 50px !important;}&#8221;][vc_empty_space height=&#8221;20px&#8221;][vc_column_text css=&#8221;.vc_custom_1587114383691{padding-bottom: 20px !important;}&#8221;]<\/p>\n<h4>Calvi\u00e0<\/h4>\n<p>[\/vc_column_text]<div class=\"qodef-iwt clearfix  qodef-iwt-icon-left qodef-iwt-icon-medium\">\n\t<div class=\"qodef-iwt-icon\">\n\t\t\t\t\t<a itemprop=\"url\" href=\"tel:971139100\" target=\"_self\">\n\t\t\t\t\t\t\t\t\t    <span class=\"qodef-icon-shortcode qodef-normal   qodef-icon-medium\"  data-color=\"#9bc535\">\n                    <span aria-hidden=\"true\" class=\"qodef-icon-font-elegant icon_phone qodef-icon-element\" style=\"color: #9bc535;font-size:17px\" ><\/span>            <\/span>\n\t\t\t\t\t\t\t\t<\/a>\n\t\t\t<\/div>\n\t<div class=\"qodef-iwt-content\" >\n\t\t\t\t\t<h5 class=\"qodef-iwt-title\" style=\"color: #868585;margin-top: 6px\">\n\t\t\t\t\t\t\t\t\t<a itemprop=\"url\" href=\"tel:971139100\" target=\"_self\">\n\t\t\t\t\t\t\t\t<span class=\"qodef-iwt-title-text\">971 13 91 00<\/span>\n\t\t\t\t\t\t\t\t\t<\/a>\n\t\t\t\t\t\t\t<\/h5>\n\t\t\t\t\t<\/div>\n<\/div>[vc_empty_space height=&#8221;13px&#8221;]<div class=\"qodef-iwt clearfix  qodef-iwt-icon-left qodef-iwt-icon-medium\">\n\t<div class=\"qodef-iwt-icon\">\n\t\t\t\t\t<a itemprop=\"url\" href=\"mailto:calvia@calvia.com\" target=\"_self\">\n\t\t\t\t\t\t\t\t\t    <span class=\"qodef-icon-shortcode qodef-normal   qodef-icon-medium\"  data-color=\"#9bc535\">\n                    <span aria-hidden=\"true\" class=\"qodef-icon-font-elegant icon_comment qodef-icon-element\" style=\"color: #9bc535;font-size:17px\" ><\/span>            <\/span>\n\t\t\t\t\t\t\t\t<\/a>\n\t\t\t<\/div>\n\t<div class=\"qodef-iwt-content\" >\n\t\t\t\t\t<h5 class=\"qodef-iwt-title\" style=\"color: #868585;margin-top: 6px\">\n\t\t\t\t\t\t\t\t\t<a itemprop=\"url\" href=\"mailto:calvia@calvia.com\" target=\"_self\">\n\t\t\t\t\t\t\t\t<span class=\"qodef-iwt-title-text\">calvia@calvia.com<\/span>\n\t\t\t\t\t\t\t\t\t<\/a>\n\t\t\t\t\t\t\t<\/h5>\n\t\t\t\t\t<\/div>\n<\/div>[vc_empty_space height=&#8221;13px&#8221;]<div class=\"qodef-icon-list-holder \" >\n\t<div class=\"qodef-il-icon-holder\">\n\t\t<span aria-hidden=\"true\" class=\"qodef-icon-font-elegant icon_pin \" style=\"color: #9bc535;font-size: 17px\"><\/span>\t<\/div>\n\t<p class=\"qodef-il-text\" style=\"padding-left: 25px\">C\/ de Juli\u00e0 Bujosa Sans, batle, 1 - 07184 Calvi\u00e0 (Illes Balears)<\/p>\n<\/div>[vc_empty_space][\/vc_column][vc_column width=&#8221;3\/4&#8243;][vc_empty_space height=&#8221;20px&#8221;][vc_gmaps link=&#8221;#E-8_JTNDaWZyYW1lJTIwc3JjJTNEJTIyaHR0cHMlM0ElMkYlMkZ3d3cuZ29vZ2xlLmNvbSUyRm1hcHMlMkZlbWJlZCUzRnBiJTNEJTIxMW0xOCUyMTFtMTIlMjExbTMlMjExZDEyMzAzLjQ4MDQxMDExMzUzJTIxMmQyLjQ5NDc5OTQzNjYwMTI2MyUyMTNkMzkuNTYyNTM2NDIxNTc1MTYlMjEybTMlMjExZjAlMjEyZjAlMjEzZjAlMjEzbTIlMjExaTEwMjQlMjEyaTc2OCUyMTRmMTMuMSUyMTNtMyUyMTFtMiUyMTFzMHgxMjk3OGJiNDM1OTMzNmQxJTI1M0EweDFkNWY2OWJjM2MyYmRhY2UlMjEyczA3MTg0JTI1MjBDYWx2aSUyNUMzJTI1QTElMjUyQyUyNTIwSXNsYXMlMjUyMEJhbGVhcmVzJTIxNWUwJTIxM20yJTIxMXNlcyUyMTJzZXMlMjE0djE1ODcxMTI0OTM2NjclMjE1bTIlMjExc2VzJTIxMnNlcyUyMiUyMHdpZHRoJTNEJTIyNjAwJTIyJTIwaGVpZ2h0JTNEJTIyNDUwJTIyJTIwZnJhbWVib3JkZXIlM0QlMjIwJTIyJTIwc3R5bGUlM0QlMjJib3JkZXIlM0EwJTNCJTIyJTIwYWxsb3dmdWxsc2NyZWVuJTNEJTIyJTIyJTIwYXJpYS1oaWRkZW4lM0QlMjJmYWxzZSUyMiUyMHRhYmluZGV4JTNEJTIyMCUyMiUzRSUzQyUyRmlmcmFtZSUzRQ==&#8221;][\/vc_column][\/vc_row]<\/p>\n<\/div>","protected":false},"excerpt":{"rendered":"<p>[vc_row row_content_width=&#8221;grid&#8221; css=&#8221;.vc_custom_1585726577981{padding-top: 20px !important;padding-bottom: 30px !important;}&#8221;][vc_column width=&#8221;1\/3&#8243;][vc_empty_space height=&#8221;35px&#8221;][\/vc_column][vc_column width=&#8221;2\/3&#8243;][vc_empty_space height=&#8221;35px&#8221;][vc_column_text]The municipality of Calvi\u00e0 has a rich historical-artistic heritage, which is the material reflection of its long and varied history, from the beginning, during the Copper Age, to the phenomenon of the arrival of tourism in recent years. Thanks to Calvi\u00e0&#8217;s historical heritage we [&hellip;]<\/p>\n","protected":false},"author":182516946,"featured_media":9626,"parent":0,"menu_order":0,"comment_status":"closed","ping_status":"closed","template":"full-width.php","meta":{"_coblocks_attr":"","_coblocks_dimensions":"","_coblocks_responsive_height":"","_coblocks_accordion_ie_support":"","_crdt_document":"","footnotes":""},"class_list":["post-9625","page","type-page","status-publish","has-post-thumbnail","hentry"],"yoast_head":"<!-- This site is optimized with the Yoast SEO plugin v27.4 - https:\/\/yoast.com\/product\/yoast-seo-wordpress\/ -->\n<title>Calvi\u00e0 (Majorca) heritage. Historical, Archaeological, Ethnographic...<\/title>\n<meta name=\"description\" content=\"Calvi\u00e0 (Majorca) heritage . The municipality has a rich historical-artistic heritage, which is the material reflection of its long and varied history.\" \/>\n<meta name=\"robots\" content=\"index, follow, max-snippet:-1, max-image-preview:large, max-video-preview:-1\" \/>\n<link rel=\"canonical\" href=\"https:\/\/visitcalvia.org\/en\/heritage\/\" \/>\n<meta property=\"og:locale\" content=\"en_US\" \/>\n<meta property=\"og:type\" content=\"article\" \/>\n<meta property=\"og:title\" content=\"Calvi\u00e0 (Majorca) heritage. Historical, Archaeological, Ethnographic...\" \/>\n<meta property=\"og:description\" content=\"Calvi\u00e0 (Majorca) heritage . The municipality has a rich historical-artistic heritage, which is the material reflection of its long and varied history.\" \/>\n<meta property=\"og:url\" content=\"https:\/\/visitcalvia.org\/en\/heritage\/\" \/>\n<meta property=\"og:site_name\" content=\"visitcalvia\" \/>\n<meta property=\"article:modified_time\" content=\"2025-01-24T09:02:00+00:00\" \/>\n<meta property=\"og:image\" content=\"https:\/\/visitcalvia.org\/wp-content\/uploads\/2020\/04\/patrimonio.jpg\" \/>\n\t<meta property=\"og:image:width\" content=\"1920\" \/>\n\t<meta property=\"og:image:height\" content=\"1100\" \/>\n\t<meta property=\"og:image:type\" content=\"image\/jpeg\" \/>\n<meta name=\"twitter:card\" content=\"summary_large_image\" \/>\n<meta name=\"twitter:label1\" content=\"Est. reading time\" \/>\n\t<meta name=\"twitter:data1\" content=\"4 minutes\" \/>\n<script type=\"application\/ld+json\" class=\"yoast-schema-graph\">{\"@context\":\"https:\\\/\\\/schema.org\",\"@graph\":[{\"@type\":\"WebPage\",\"@id\":\"https:\\\/\\\/visitcalvia.org\\\/en\\\/heritage\\\/\",\"url\":\"https:\\\/\\\/visitcalvia.org\\\/en\\\/heritage\\\/\",\"name\":\"Calvi\u00e0 (Majorca) heritage. Historical, Archaeological, Ethnographic...\",\"isPartOf\":{\"@id\":\"https:\\\/\\\/visitcalvia.org\\\/en\\\/#website\"},\"primaryImageOfPage\":{\"@id\":\"https:\\\/\\\/visitcalvia.org\\\/en\\\/heritage\\\/#primaryimage\"},\"image\":{\"@id\":\"https:\\\/\\\/visitcalvia.org\\\/en\\\/heritage\\\/#primaryimage\"},\"thumbnailUrl\":\"https:\\\/\\\/i0.wp.com\\\/visitcalvia.org\\\/wp-content\\\/uploads\\\/2020\\\/04\\\/patrimonio.jpg?fit=1920%2C1100&ssl=1\",\"datePublished\":\"2020-04-17T09:12:35+00:00\",\"dateModified\":\"2025-01-24T09:02:00+00:00\",\"description\":\"Calvi\u00e0 (Majorca) heritage . The municipality has a rich historical-artistic heritage, which is the material reflection of its long and varied history.\",\"breadcrumb\":{\"@id\":\"https:\\\/\\\/visitcalvia.org\\\/en\\\/heritage\\\/#breadcrumb\"},\"inLanguage\":\"en-US\",\"potentialAction\":[{\"@type\":\"ReadAction\",\"target\":[\"https:\\\/\\\/visitcalvia.org\\\/en\\\/heritage\\\/\"]}]},{\"@type\":\"ImageObject\",\"inLanguage\":\"en-US\",\"@id\":\"https:\\\/\\\/visitcalvia.org\\\/en\\\/heritage\\\/#primaryimage\",\"url\":\"https:\\\/\\\/i0.wp.com\\\/visitcalvia.org\\\/wp-content\\\/uploads\\\/2020\\\/04\\\/patrimonio.jpg?fit=1920%2C1100&ssl=1\",\"contentUrl\":\"https:\\\/\\\/i0.wp.com\\\/visitcalvia.org\\\/wp-content\\\/uploads\\\/2020\\\/04\\\/patrimonio.jpg?fit=1920%2C1100&ssl=1\",\"width\":1920,\"height\":1100,\"caption\":\"patrimonio hist\u00f3rico de Calvi\u00e0 en Mallorca\"},{\"@type\":\"BreadcrumbList\",\"@id\":\"https:\\\/\\\/visitcalvia.org\\\/en\\\/heritage\\\/#breadcrumb\",\"itemListElement\":[{\"@type\":\"ListItem\",\"position\":1,\"name\":\"Portada\",\"item\":\"https:\\\/\\\/visitcalvia.org\\\/en\\\/\"},{\"@type\":\"ListItem\",\"position\":2,\"name\":\"Heritage\"}]},{\"@type\":\"WebSite\",\"@id\":\"https:\\\/\\\/visitcalvia.org\\\/en\\\/#website\",\"url\":\"https:\\\/\\\/visitcalvia.org\\\/en\\\/\",\"name\":\"visitcalvia\",\"description\":\"Vacaciones en Mallorca \u2013 Calvi\u00e0 m\u00faltiples destinos en uno s\u00f3lo lugar. Palmanova, Santa Pon\u00e7a, Magaluf, Peguera, Portals Nous, Costa d\u2019en Blanes, Cala Vinyes\",\"potentialAction\":[{\"@type\":\"SearchAction\",\"target\":{\"@type\":\"EntryPoint\",\"urlTemplate\":\"https:\\\/\\\/visitcalvia.org\\\/en\\\/?s={search_term_string}\"},\"query-input\":{\"@type\":\"PropertyValueSpecification\",\"valueRequired\":true,\"valueName\":\"search_term_string\"}}],\"inLanguage\":\"en-US\"}]}<\/script>\n<!-- \/ Yoast SEO plugin. -->","yoast_head_json":{"title":"Calvi\u00e0 (Majorca) heritage. Historical, Archaeological, Ethnographic...","description":"Calvi\u00e0 (Majorca) heritage . The municipality has a rich historical-artistic heritage, which is the material reflection of its long and varied history.","robots":{"index":"index","follow":"follow","max-snippet":"max-snippet:-1","max-image-preview":"max-image-preview:large","max-video-preview":"max-video-preview:-1"},"canonical":"https:\/\/visitcalvia.org\/en\/heritage\/","og_locale":"en_US","og_type":"article","og_title":"Calvi\u00e0 (Majorca) heritage. Historical, Archaeological, Ethnographic...","og_description":"Calvi\u00e0 (Majorca) heritage . The municipality has a rich historical-artistic heritage, which is the material reflection of its long and varied history.","og_url":"https:\/\/visitcalvia.org\/en\/heritage\/","og_site_name":"visitcalvia","article_modified_time":"2025-01-24T09:02:00+00:00","og_image":[{"width":1920,"height":1100,"url":"https:\/\/visitcalvia.org\/wp-content\/uploads\/2020\/04\/patrimonio.jpg","type":"image\/jpeg"}],"twitter_card":"summary_large_image","twitter_misc":{"Est. reading time":"4 minutes"},"schema":{"@context":"https:\/\/schema.org","@graph":[{"@type":"WebPage","@id":"https:\/\/visitcalvia.org\/en\/heritage\/","url":"https:\/\/visitcalvia.org\/en\/heritage\/","name":"Calvi\u00e0 (Majorca) heritage. Historical, Archaeological, Ethnographic...","isPartOf":{"@id":"https:\/\/visitcalvia.org\/en\/#website"},"primaryImageOfPage":{"@id":"https:\/\/visitcalvia.org\/en\/heritage\/#primaryimage"},"image":{"@id":"https:\/\/visitcalvia.org\/en\/heritage\/#primaryimage"},"thumbnailUrl":"https:\/\/i0.wp.com\/visitcalvia.org\/wp-content\/uploads\/2020\/04\/patrimonio.jpg?fit=1920%2C1100&ssl=1","datePublished":"2020-04-17T09:12:35+00:00","dateModified":"2025-01-24T09:02:00+00:00","description":"Calvi\u00e0 (Majorca) heritage . The municipality has a rich historical-artistic heritage, which is the material reflection of its long and varied history.","breadcrumb":{"@id":"https:\/\/visitcalvia.org\/en\/heritage\/#breadcrumb"},"inLanguage":"en-US","potentialAction":[{"@type":"ReadAction","target":["https:\/\/visitcalvia.org\/en\/heritage\/"]}]},{"@type":"ImageObject","inLanguage":"en-US","@id":"https:\/\/visitcalvia.org\/en\/heritage\/#primaryimage","url":"https:\/\/i0.wp.com\/visitcalvia.org\/wp-content\/uploads\/2020\/04\/patrimonio.jpg?fit=1920%2C1100&ssl=1","contentUrl":"https:\/\/i0.wp.com\/visitcalvia.org\/wp-content\/uploads\/2020\/04\/patrimonio.jpg?fit=1920%2C1100&ssl=1","width":1920,"height":1100,"caption":"patrimonio hist\u00f3rico de Calvi\u00e0 en Mallorca"},{"@type":"BreadcrumbList","@id":"https:\/\/visitcalvia.org\/en\/heritage\/#breadcrumb","itemListElement":[{"@type":"ListItem","position":1,"name":"Portada","item":"https:\/\/visitcalvia.org\/en\/"},{"@type":"ListItem","position":2,"name":"Heritage"}]},{"@type":"WebSite","@id":"https:\/\/visitcalvia.org\/en\/#website","url":"https:\/\/visitcalvia.org\/en\/","name":"visitcalvia","description":"Vacaciones en Mallorca \u2013 Calvi\u00e0 m\u00faltiples destinos en uno s\u00f3lo lugar. Palmanova, Santa Pon\u00e7a, Magaluf, Peguera, Portals Nous, Costa d\u2019en Blanes, Cala Vinyes","potentialAction":[{"@type":"SearchAction","target":{"@type":"EntryPoint","urlTemplate":"https:\/\/visitcalvia.org\/en\/?s={search_term_string}"},"query-input":{"@type":"PropertyValueSpecification","valueRequired":true,"valueName":"search_term_string"}}],"inLanguage":"en-US"}]}},"jetpack_likes_enabled":false,"jetpack_sharing_enabled":false,"jetpack_shortlink":"https:\/\/wp.me\/PbP1bo-2vf","amp_enabled":false,"_links":{"self":[{"href":"https:\/\/visitcalvia.org\/en\/wp-json\/wp\/v2\/pages\/9625","targetHints":{"allow":["GET"]}}],"collection":[{"href":"https:\/\/visitcalvia.org\/en\/wp-json\/wp\/v2\/pages"}],"about":[{"href":"https:\/\/visitcalvia.org\/en\/wp-json\/wp\/v2\/types\/page"}],"author":[{"embeddable":true,"href":"https:\/\/visitcalvia.org\/en\/wp-json\/wp\/v2\/users\/182516946"}],"replies":[{"embeddable":true,"href":"https:\/\/visitcalvia.org\/en\/wp-json\/wp\/v2\/comments?post=9625"}],"version-history":[{"count":9,"href":"https:\/\/visitcalvia.org\/en\/wp-json\/wp\/v2\/pages\/9625\/revisions"}],"predecessor-version":[{"id":28063,"href":"https:\/\/visitcalvia.org\/en\/wp-json\/wp\/v2\/pages\/9625\/revisions\/28063"}],"wp:featuredmedia":[{"embeddable":true,"href":"https:\/\/visitcalvia.org\/en\/wp-json\/wp\/v2\/media\/9626"}],"wp:attachment":[{"href":"https:\/\/visitcalvia.org\/en\/wp-json\/wp\/v2\/media?parent=9625"}],"curies":[{"name":"wp","href":"https:\/\/api.w.org\/{rel}","templated":true}]}}