{"id":9702,"date":"2020-04-29T09:01:41","date_gmt":"2020-04-29T07:01:41","guid":{"rendered":"https:\/\/visitcalvia.org\/playa-calo-den-monjo\/"},"modified":"2025-07-07T08:12:27","modified_gmt":"2025-07-07T06:12:27","slug":"calo-den-monjo-beach","status":"publish","type":"page","link":"https:\/\/visitcalvia.org\/en\/calo-den-monjo-beach\/","title":{"rendered":"Cal\u00f3 d&#8217;en Monjo Beach"},"content":{"rendered":"<div class=\"wpb-content-wrapper\"><p>[vc_row content_placement=&#8221;middle&#8221; content_text_aligment=&#8221;center&#8221; css=&#8221;.vc_custom_1588926748272{padding-top: 81px !important;background-image: url(<a href=\"https:\/\/visitcalvia.org\/wp-content\/uploads\/2020\/05\/portada-CALO\u0301-DEN-MOJO-PEGUERA.jpg?id=6136\">https:\/\/visitcalvia.org\/wp-content\/uploads\/2020\/05\/portada-CALO\u0301-DEN-MOJO-PEGUERA.jpg?id=6136<\/a>) !important;background-position: center !important;background-repeat: no-repeat !important;background-size: cover !important;}&#8221; simple_background_color=&#8221;#ffffff&#8221;][vc_column]<div class=\"qodef-elements-holder   qodef-one-column  qodef-responsive-mode-768 \" ><div class=\"qodef-eh-item     \"  data-item-class=\"qodef-eh-custom-2631\" data-1024-1280=\"0 21%\" data-768-1024=\"0 12%\" data-680-768=\"0 0\" data-680=\"0 0\">\n\t<div class=\"qodef-eh-item-inner\">\n\t\t<div class=\"qodef-eh-item-content qodef-eh-custom-2631\" style=\"padding: 0 25%\">\n\t\t\t[vc_empty_space height=&#8221;200px&#8221;]\t\t<\/div>\n\t<\/div>\n\t<\/div><\/div>[\/vc_column][\/vc_row][vc_row full_width=&#8221;stretch_row&#8221; css=&#8221;.vc_custom_1738054147413{background-color: #9bc535 !important;}&#8221;][vc_column][vc_row_inner row_content_width=&#8221;grid&#8221;][vc_column_inner width=&#8221;1\/2&#8243;]<div class=\"qodef-section-title-holder  qodef-st-standard qodef-st-title-left qodef-st-normal-space  \" style=\"text-align: right\">\n\t<div class=\"qodef-st-inner\">\n\t\t\t\t\t<h3 class=\"qodef-st-title\" style=\"color: #0a0a0a\">\n\t\t\t\t<span class=\"qodef-st-title-bold\">Beach<\/span> <span class=\"qodef-st-title-bold\">Fact<\/span> <span class=\"qodef-st-title-bold\">Sheet<\/span> <span class=\"qodef-st-title-bold\">-<\/span><br \/> <span class=\"qodef-st-title-bold\">Calo\u0301<\/span> <span class=\"qodef-st-title-bold\">d\u2019en<\/span> Monjo\t\t\t<\/h3>\n\t\t\t\t\t<\/div>\n<\/div>[vc_empty_space height=&#8221;10px&#8221;][\/vc_column_inner][vc_column_inner width=&#8221;1\/2&#8243;][vc_empty_space height=&#8221;7px&#8221;]<a itemprop=\"url\" href=\"https:\/\/drive.google.com\/file\/d\/1QkQkGQoJiD-pOVjlOqZi2QZ32q2mFqM-\/view?usp=sharing\" target=\"_blank\" style=\"text-transform: capitalize\" class=\"qodef-btn qodef-btn-small qodef-btn-solid qodef-btn-icon\"  >\n    <span class=\"qodef-btn-text\">More Information<\/span>\n    <i class=\"qodef-icon-font-awesome fa fa-chevron-right \" ><\/i><\/a>[vc_empty_space height=&#8221;7px&#8221;][\/vc_column_inner][\/vc_row_inner][vc_empty_space height=&#8221;20px&#8221;][\/vc_column][\/vc_row][vc_row row_content_width=&#8221;grid&#8221; css=&#8221;.vc_custom_1587458275105{margin-top: 35px !important;padding-bottom: 30px !important;}&#8221;][vc_column]<div class=\"qodef-section-title-holder  qodef-st-standard qodef-st-title-left qodef-st-normal-space qodef-st-disable-title-break qodef-st-with-border\" style=\"text-align: left\">\n\t<div class=\"qodef-st-inner\">\n\t\t\t\t\t<h2 class=\"qodef-st-title\" >\n\t\t\t\tCal\u00f3 <span class=\"qodef-st-title-bold\">d'en<\/span> <span class=\"qodef-st-title-bold\">Monjo<\/span>\t\t\t<\/h2>\n\t\t\t\t\t<\/div>\n<\/div>[vc_column_text]Cal\u00f3 den Monjo (Mallorca) is one of the most beautiful natural enclaves on the island.<\/p>\n<p>Situated in the quiet area of <strong><a href=\"https:\/\/visitcalvia.org\/en\/cala-fornells\/\">Cala Fornells<\/a><\/strong>, Cal\u00f3 is a wonderful natural cove in the middle of a wooded area. This virgin, u-shaped sea inlet ends in a tiny cove where a stream flows into it, and medium-height cliffs surround this peaceful stretch of coast. Pine trees populate the area, reaching as far as the coastline, while pebbles and gravel make up the bottom layer of the Cal\u00f3 d&#8217;es Monjo slope.<\/p>\n<p>This beautiful cove completes the virtuous triangle of the area, which also includes <strong><a href=\"https:\/\/visitcalvia.org\/en\/calo-de-ses-llisses-beach\/\">Cal\u00f3 de ses Llises<\/a><\/strong>, or the best known of the three, <a href=\"https:\/\/visitcalvia.org\/en\/cala-fornells-beach\/\"><strong>Cala Fornells beach<\/strong><\/a>. This section of the coastline acts as a natural border between the municipalities of Calvi\u00e0 and Andratx.<\/p>\n<p>Moreover, Cal\u00f3 d&#8217;en Monjo is one of the two beaches that municipality of Calvi\u00e0 has officialy declared as <a href=\"https:\/\/naturismo.org\/playas-nudistas\/baleares\/mallorca\/cala-monjo\/\"><strong>nudist beaches<\/strong><\/a> in the municipality of Calvi\u00e0, a category currently shared with &#8220;<a href=\"https:\/\/visitcalvia.org\/en\/el-mago-beach\/\"><strong>El Mago beach<\/strong><\/a>.&#8221;<\/p>\n<p>Access to Cal\u00f3 d&#8217;en Monjo is not entirely easy. First we must get to <a href=\"https:\/\/visitcalvia.org\/en\/peguera\/\"><strong>Peguera<\/strong> <\/a>and from there head towards \u201cCala Fornells.\u201d After reaching the \u201cCala Fornells\u201d beach , it will be necessary to continue on foot for approximately 2 km., along a forest path.<\/p>\n<p>The marine and underwater conditions are suitable for anchoring a boat, although the navigator should take extreme precautions in the presence of emerging rocks and a dip in the interior of this cove open to the southeast wind. In the outermost area of this \u201csleeve\u201d there is a rock and seaweed seabed at a depth of approximately five metres. Three nautical miles away is the port facility of the Santa Pon\u00e7a marina (<a href=\"http:\/\/cnsp.es\/?lang=en\"><strong>Club N\u00e0utic Santa Pon\u00e7a<\/strong><\/a>).<\/p>\n<p>Cal\u00f3 den Monjo (Majorca)[\/vc_column_text][vc_empty_space height=&#8221;10px&#8221;][\/vc_column][\/vc_row][vc_row row_content_width=&#8221;grid&#8221; css=&#8221;.vc_custom_1587460367699{padding-top: 20px !important;padding-bottom: 10px !important;}&#8221;][vc_column]<div class=\"qodef-section-title-holder  qodef-st-standard qodef-st-title-left qodef-st-normal-space qodef-st-disable-title-break qodef-st-with-border\" style=\"text-align: left\">\n\t<div class=\"qodef-st-inner\">\n\t\t\t\t\t<h2 class=\"qodef-st-title\" >\n\t\t\t\tServices\t\t\t<\/h2>\n\t\t\t\t\t\t\t<h5 class=\"qodef-st-text\" >\n\t\t\t\tThe beach has the following services\t\t\t<\/h5>\n\t\t\t<\/div>\n<\/div>[\/vc_column][\/vc_row][vc_row row_content_width=&#8221;grid&#8221; css=&#8221;.vc_custom_1585726577981{padding-top: 20px !important;padding-bottom: 30px !important;}&#8221;][vc_column width=&#8221;1\/3&#8243;][vc_row_inner css=&#8221;.vc_custom_1587459893981{padding-top: -40px !important;}&#8221;][vc_column_inner width=&#8221;2\/3&#8243;][vc_column_text]<\/p>\n<h5><strong>4 Litter bins<\/strong><strong><img data-recalc-dims=\"1\" decoding=\"async\" data-attachment-id=\"9807\" data-permalink=\"https:\/\/visitcalvia.org\/en\/santa-ponca-beach\/papelera\/\" data-orig-file=\"https:\/\/i0.wp.com\/visitcalvia.org\/wp-content\/uploads\/2020\/04\/papelera.jpg?fit=137%2C137&amp;ssl=1\" data-orig-size=\"137,137\" data-comments-opened=\"1\" data-image-meta=\"{&quot;aperture&quot;:&quot;0&quot;,&quot;credit&quot;:&quot;&quot;,&quot;camera&quot;:&quot;&quot;,&quot;caption&quot;:&quot;&quot;,&quot;created_timestamp&quot;:&quot;0&quot;,&quot;copyright&quot;:&quot;&quot;,&quot;focal_length&quot;:&quot;0&quot;,&quot;iso&quot;:&quot;0&quot;,&quot;shutter_speed&quot;:&quot;0&quot;,&quot;title&quot;:&quot;&quot;,&quot;orientation&quot;:&quot;1&quot;}\" data-image-title=\"papelera\" data-image-description=\"\" data-image-caption=\"\" data-large-file=\"https:\/\/i0.wp.com\/visitcalvia.org\/wp-content\/uploads\/2020\/04\/papelera.jpg?fit=137%2C137&amp;ssl=1\" class=\"alignleft wp-image-9807\" src=\"https:\/\/i0.wp.com\/visitcalvia.org\/wp-content\/uploads\/2020\/04\/papelera.jpg?resize=37%2C37&#038;ssl=1\" alt=\"Papelera \" width=\"37\" height=\"37\" srcset=\"https:\/\/i0.wp.com\/visitcalvia.org\/wp-content\/uploads\/2020\/04\/papelera.jpg?w=137&amp;ssl=1 137w, https:\/\/i0.wp.com\/visitcalvia.org\/wp-content\/uploads\/2020\/04\/papelera.jpg?resize=100%2C100&amp;ssl=1 100w, https:\/\/i0.wp.com\/visitcalvia.org\/wp-content\/uploads\/2020\/04\/papelera.jpg?resize=64%2C64&amp;ssl=1 64w\" sizes=\"(max-width: 37px) 100vw, 37px\" \/><\/strong><\/h5>\n<p>[\/vc_column_text][\/vc_column_inner][vc_column_inner width=&#8221;1\/3&#8243;][vc_icon icon_fontawesome=&#8221;fa fa-check&#8221; color=&#8221;green&#8221;][\/vc_column_inner][\/vc_row_inner][\/vc_column][vc_column width=&#8221;1\/3&#8243;][\/vc_column][vc_column width=&#8221;1\/3&#8243;][\/vc_column][\/vc_row][vc_row row_content_width=&#8221;grid&#8221; content_width=&#8221;grid&#8221; css=&#8221;.vc_custom_1587458288460{padding-bottom: 42px !important;}&#8221;][vc_column][vc_row_inner css=&#8221;.vc_custom_1587458140771{padding-left: 80px !important;}&#8221;][vc_column_inner width=&#8221;1\/4&#8243;]<div class=\"qodef-pie-chart-holder \">\n\t<div class=\"qodef-pc-percentage\" data-percent=\"15\" data-bar-color=\"#1e73be\" data-track-color=\"#0a0000\">\n\t\t<span class=\"qodef-pc-percent\" >15<\/span>\n\t<\/div>\n\t\t\t<div class=\"qodef-pc-text-holder\">\n\t\t\t\t\t\t\t<h4 class=\"qodef-pc-title\" >Meters - Length<\/h4>\n\t\t\t\t\t\t\t\t<\/div>\n\t<\/div>[\/vc_column_inner][vc_column_inner width=&#8221;1\/4&#8243;]<div class=\"qodef-pie-chart-holder \">\n\t<div class=\"qodef-pc-percentage\" data-percent=\"4\" data-bar-color=\"#1e73be\" data-track-color=\"#0a0000\">\n\t\t<span class=\"qodef-pc-percent\" >4<\/span>\n\t<\/div>\n\t\t\t<div class=\"qodef-pc-text-holder\">\n\t\t\t\t\t\t\t<h4 class=\"qodef-pc-title\" >Meters - Width<\/h4>\n\t\t\t\t\t\t\t\t<\/div>\n\t<\/div>[\/vc_column_inner][vc_column_inner width=&#8221;1\/2&#8243;][vc_column_text]<\/p>\n<div class=\"wpb_text_column wpb_content_element \">\n<div class=\"wpb_wrapper\">\n<blockquote>\n<h4><strong>GENERAL INFORMATION<\/strong><\/h4>\n<\/blockquote>\n<\/div>\n<\/div>\n<div class=\"wpb_text_column wpb_content_element \">\n<div class=\"wpb_wrapper\">\n<ul>\n<li><strong>Occupancy rating: <span class=\"change-second-color\" style=\"color: #004d8a;\">LOW<\/span><\/strong><\/li>\n<li><strong>Degree of urbanisation: <span class=\"change-second-color\" style=\"color: #004d8a;\">RUSTIC<\/span><\/strong><\/li>\n<li><strong>Composition: <span class=\"change-second-color\" style=\"color: #004d8a;\">STONE<\/span><\/strong><\/li>\n<\/ul>\n<\/div>\n<\/div>\n<p>[\/vc_column_text][\/vc_column_inner][\/vc_row_inner][\/vc_column][\/vc_row][vc_row equal_height=&#8221;yes&#8221; content_placement=&#8221;middle&#8221;][vc_column offset=&#8221;vc_col-lg-5 vc_col-md-12&#8243; css=&#8221;.vc_custom_1585820997663{margin-top: 0px !important;margin-right: 0px !important;margin-bottom: 0px !important;margin-left: 0px !important;padding-top: 0px !important;padding-right: 0px !important;padding-bottom: 0px !important;padding-left: 0px !important;background-color: #fcfcfc !important;}&#8221;]<div class=\"qodef-elements-holder   qodef-one-column  qodef-responsive-mode-768 qodef-one-column-alignment-right\" ><div class=\"qodef-eh-item   qodef-horizontal-alignment-right  \"  data-item-class=\"qodef-eh-custom-8734\" data-1280-1600=\"0 12% 15px 31%\" data-1024-1280=\"0 12% 15px 24%\" data-768-1024=\"48px 25% 70px 35%\" data-680-768=\"48px 12% 70px 35%\" data-680=\"50px 8% 70px 10%\">\n\t<div class=\"qodef-eh-item-inner\">\n\t\t<div class=\"qodef-eh-item-content qodef-eh-custom-8734\" style=\"padding: 0 12% 20px 35%\">\n\t\t\t[vc_column_text]<\/p>\n<h2 style=\"text-align: right;\">Photo<strong> gallery<br \/>\n<\/strong><\/h2>\n<p style=\"text-align: right; font-family: Montserrat; margin-top: -18px; margin-bottom: 16px;\"><span class=\"change-second-color\" style=\"color: #ff0030;\"><em>Discover <span style=\"font-weight: 400;\">Cal\u00f3 den Monjo (Majorca)<\/span><\/em><\/span><\/p>\n<p>[\/vc_column_text]\t\t<\/div>\n\t<\/div>\n\t<\/div><\/div>[\/vc_column][vc_column offset=&#8221;vc_col-lg-7 vc_col-md-12&#8243; css=&#8221;.vc_custom_1504689016842{margin-top: 0px !important;margin-right: 0px !important;margin-bottom: 0px !important;margin-left: 0px !important;padding-top: 0px !important;padding-right: 0px !important;padding-bottom: 0px !important;padding-left: 0px !important;}&#8221;][vc_gallery interval=&#8221;3&#8243; images=&#8221;5334,5109&#8243; img_size=&#8221;full&#8221;][\/vc_column][\/vc_row][vc_row css=&#8221;.vc_custom_1587388774987{padding-top: 20px !important;}&#8221;][vc_column][vc_gmaps link=&#8221;#E-8_JTNDaWZyYW1lJTIwc3JjJTNEJTIyaHR0cHMlM0ElMkYlMkZ3d3cuZ29vZ2xlLmNvbSUyRm1hcHMlMkZlbWJlZCUzRnBiJTNEJTIxMW0xOCUyMTFtMTIlMjExbTMlMjExZDI0NjE5LjI5OTgyMTY5NTg4OCUyMTJkMi40MTM0NTc4MDY4MTU4MDMlMjEzZDM5LjUyNzc0ODAzNjU5ODEzJTIxMm0zJTIxMWYwJTIxMmYwJTIxM2YwJTIxM20yJTIxMWkxMDI0JTIxMmk3NjglMjE0ZjEzLjElMjEzbTMlMjExbTIlMjExczB4MTI5ODI3M2NhZDkyMWMwMSUyNTNBMHhiY2E3OTU2ZTc0YWViOWY3JTIxMnNDYWwlMjVDMyUyNUIzJTI1MjBkJTI2JTIzMzklM0JlbiUyNTIwTW9uam8lMjE1ZTAlMjEzbTIlMjExc2VzJTIxMnNlcyUyMTR2MTU4ODE0NzM5Nzk1MyUyMTVtMiUyMTFzZXMlMjEyc2VzJTIyJTIwd2lkdGglM0QlMjI2MDAlMjIlMjBoZWlnaHQlM0QlMjI0NTAlMjIlMjBmcmFtZWJvcmRlciUzRCUyMjAlMjIlMjBzdHlsZSUzRCUyMmJvcmRlciUzQTAlM0IlMjIlMjBhbGxvd2Z1bGxzY3JlZW4lM0QlMjIlMjIlMjBhcmlhLWhpZGRlbiUzRCUyMmZhbHNlJTIyJTIwdGFiaW5kZXglM0QlMjIwJTIyJTNFJTNDJTJGaWZyYW1lJTNF&#8221;][\/vc_column][\/vc_row]<\/p>\n<\/div>","protected":false},"excerpt":{"rendered":"<p>[vc_row content_placement=&#8221;middle&#8221; content_text_aligment=&#8221;center&#8221; css=&#8221;.vc_custom_1588926748272{padding-top: 81px !important;background-image: url(<a href=\"https:\/\/visitcalvia.org\/wp-content\/uploads\/2020\/05\/portada-CALO\u0301-DEN-MOJO-PEGUERA.jpg?id=6136\">https:\/\/visitcalvia.org\/wp-content\/uploads\/2020\/05\/portada-CALO\u0301-DEN-MOJO-PEGUERA.jpg?id=6136<\/a>) !important;background-position: center !important;background-repeat: no-repeat !important;background-size: cover !important;}&#8221; simple_background_color=&#8221;#ffffff&#8221;][vc_column][\/vc_column][\/vc_row][vc_row full_width=&#8221;stretch_row&#8221; css=&#8221;.vc_custom_1738054147413{background-color: #9bc535 !important;}&#8221;][vc_column][vc_row_inner row_content_width=&#8221;grid&#8221;][vc_column_inner width=&#8221;1\/2&#8243;][vc_empty_space height=&#8221;10px&#8221;][\/vc_column_inner][vc_column_inner width=&#8221;1\/2&#8243;][vc_empty_space height=&#8221;7px&#8221;][vc_empty_space height=&#8221;7px&#8221;][\/vc_column_inner][\/vc_row_inner][vc_empty_space height=&#8221;20px&#8221;][\/vc_column][\/vc_row][vc_row row_content_width=&#8221;grid&#8221; css=&#8221;.vc_custom_1587458275105{margin-top: 35px !important;padding-bottom: 30px !important;}&#8221;][vc_column][vc_column_text]Cal\u00f3 den Monjo (Mallorca) is one of the most beautiful natural enclaves on the island. Situated in the quiet area of Cala Fornells, [&hellip;]<\/p>\n","protected":false},"author":182516946,"featured_media":5334,"parent":0,"menu_order":0,"comment_status":"closed","ping_status":"closed","template":"full-width.php","meta":{"_coblocks_attr":"","_coblocks_dimensions":"","_coblocks_responsive_height":"","_coblocks_accordion_ie_support":"","_crdt_document":"","footnotes":""},"class_list":["post-9702","page","type-page","status-publish","has-post-thumbnail","hentry"],"yoast_head":"<!-- This site is optimized with the Yoast SEO plugin v27.4 - https:\/\/yoast.com\/product\/yoast-seo-wordpress\/ -->\n<title>Cal\u00f3 den Monjo (Majorca) - Beautiful natural enclave on the island<\/title>\n<meta name=\"description\" content=\"Cal\u00f3 den Monjo (Majorca) . a wonderful natural cove in the middle of a wooded area. This virgin, u-shaped sea inlet ends in a tiny cove\" \/>\n<meta name=\"robots\" content=\"index, follow, max-snippet:-1, max-image-preview:large, max-video-preview:-1\" \/>\n<link rel=\"canonical\" href=\"https:\/\/visitcalvia.org\/en\/calo-den-monjo-beach\/\" \/>\n<meta property=\"og:locale\" content=\"en_US\" \/>\n<meta property=\"og:type\" content=\"article\" \/>\n<meta property=\"og:title\" content=\"Cal\u00f3 den Monjo (Majorca) - Beautiful natural enclave on the island\" \/>\n<meta property=\"og:description\" content=\"Cal\u00f3 den Monjo (Majorca) . a wonderful natural cove in the middle of a wooded area. This virgin, u-shaped sea inlet ends in a tiny cove\" \/>\n<meta property=\"og:url\" content=\"https:\/\/visitcalvia.org\/en\/calo-den-monjo-beach\/\" \/>\n<meta property=\"og:site_name\" content=\"visitcalvia\" \/>\n<meta property=\"article:modified_time\" content=\"2025-07-07T06:12:27+00:00\" \/>\n<meta property=\"og:image\" content=\"https:\/\/visitcalvia.org\/wp-content\/uploads\/2020\/04\/CALO\u0301-DEN-MOJO-PEGUERA-1.png\" \/>\n\t<meta property=\"og:image:width\" content=\"862\" \/>\n\t<meta property=\"og:image:height\" content=\"569\" \/>\n\t<meta property=\"og:image:type\" content=\"image\/png\" \/>\n<meta name=\"twitter:card\" content=\"summary_large_image\" \/>\n<meta name=\"twitter:label1\" content=\"Est. reading time\" \/>\n\t<meta name=\"twitter:data1\" content=\"3 minutes\" \/>\n<script type=\"application\/ld+json\" class=\"yoast-schema-graph\">{\"@context\":\"https:\\\/\\\/schema.org\",\"@graph\":[{\"@type\":\"WebPage\",\"@id\":\"https:\\\/\\\/visitcalvia.org\\\/en\\\/calo-den-monjo-beach\\\/\",\"url\":\"https:\\\/\\\/visitcalvia.org\\\/en\\\/calo-den-monjo-beach\\\/\",\"name\":\"Cal\u00f3 den Monjo (Majorca) - Beautiful natural enclave on the island\",\"isPartOf\":{\"@id\":\"https:\\\/\\\/visitcalvia.org\\\/en\\\/#website\"},\"primaryImageOfPage\":{\"@id\":\"https:\\\/\\\/visitcalvia.org\\\/en\\\/calo-den-monjo-beach\\\/#primaryimage\"},\"image\":{\"@id\":\"https:\\\/\\\/visitcalvia.org\\\/en\\\/calo-den-monjo-beach\\\/#primaryimage\"},\"thumbnailUrl\":\"https:\\\/\\\/i0.wp.com\\\/visitcalvia.org\\\/wp-content\\\/uploads\\\/2020\\\/04\\\/CALO%CC%81-DEN-MOJO-PEGUERA-1.png?fit=862%2C569&ssl=1\",\"datePublished\":\"2020-04-29T07:01:41+00:00\",\"dateModified\":\"2025-07-07T06:12:27+00:00\",\"description\":\"Cal\u00f3 den Monjo (Majorca) . a wonderful natural cove in the middle of a wooded area. This virgin, u-shaped sea inlet ends in a tiny cove\",\"breadcrumb\":{\"@id\":\"https:\\\/\\\/visitcalvia.org\\\/en\\\/calo-den-monjo-beach\\\/#breadcrumb\"},\"inLanguage\":\"en-US\",\"potentialAction\":[{\"@type\":\"ReadAction\",\"target\":[\"https:\\\/\\\/visitcalvia.org\\\/en\\\/calo-den-monjo-beach\\\/\"]}]},{\"@type\":\"ImageObject\",\"inLanguage\":\"en-US\",\"@id\":\"https:\\\/\\\/visitcalvia.org\\\/en\\\/calo-den-monjo-beach\\\/#primaryimage\",\"url\":\"https:\\\/\\\/i0.wp.com\\\/visitcalvia.org\\\/wp-content\\\/uploads\\\/2020\\\/04\\\/CALO%CC%81-DEN-MOJO-PEGUERA-1.png?fit=862%2C569&ssl=1\",\"contentUrl\":\"https:\\\/\\\/i0.wp.com\\\/visitcalvia.org\\\/wp-content\\\/uploads\\\/2020\\\/04\\\/CALO%CC%81-DEN-MOJO-PEGUERA-1.png?fit=862%2C569&ssl=1\",\"width\":862,\"height\":569,\"caption\":\"Cal\u00f3 den Monjo (Majorca) , Cal\u00f3 den Monjo (Mallorca) en Cala Fornells Cal\u00f3 d'en monjo de Cala Fornells, ruta Cala Fornells (Calvi\u00e0) a cap andritxol\"},{\"@type\":\"BreadcrumbList\",\"@id\":\"https:\\\/\\\/visitcalvia.org\\\/en\\\/calo-den-monjo-beach\\\/#breadcrumb\",\"itemListElement\":[{\"@type\":\"ListItem\",\"position\":1,\"name\":\"Portada\",\"item\":\"https:\\\/\\\/visitcalvia.org\\\/en\\\/\"},{\"@type\":\"ListItem\",\"position\":2,\"name\":\"Cal\u00f3 d&#8217;en Monjo Beach\"}]},{\"@type\":\"WebSite\",\"@id\":\"https:\\\/\\\/visitcalvia.org\\\/en\\\/#website\",\"url\":\"https:\\\/\\\/visitcalvia.org\\\/en\\\/\",\"name\":\"visitcalvia\",\"description\":\"Vacaciones en Mallorca \u2013 Calvi\u00e0 m\u00faltiples destinos en uno s\u00f3lo lugar. Palmanova, Santa Pon\u00e7a, Magaluf, Peguera, Portals Nous, Costa d\u2019en Blanes, Cala Vinyes\",\"potentialAction\":[{\"@type\":\"SearchAction\",\"target\":{\"@type\":\"EntryPoint\",\"urlTemplate\":\"https:\\\/\\\/visitcalvia.org\\\/en\\\/?s={search_term_string}\"},\"query-input\":{\"@type\":\"PropertyValueSpecification\",\"valueRequired\":true,\"valueName\":\"search_term_string\"}}],\"inLanguage\":\"en-US\"}]}<\/script>\n<!-- \/ Yoast SEO plugin. -->","yoast_head_json":{"title":"Cal\u00f3 den Monjo (Majorca) - Beautiful natural enclave on the island","description":"Cal\u00f3 den Monjo (Majorca) . a wonderful natural cove in the middle of a wooded area. This virgin, u-shaped sea inlet ends in a tiny cove","robots":{"index":"index","follow":"follow","max-snippet":"max-snippet:-1","max-image-preview":"max-image-preview:large","max-video-preview":"max-video-preview:-1"},"canonical":"https:\/\/visitcalvia.org\/en\/calo-den-monjo-beach\/","og_locale":"en_US","og_type":"article","og_title":"Cal\u00f3 den Monjo (Majorca) - Beautiful natural enclave on the island","og_description":"Cal\u00f3 den Monjo (Majorca) . a wonderful natural cove in the middle of a wooded area. This virgin, u-shaped sea inlet ends in a tiny cove","og_url":"https:\/\/visitcalvia.org\/en\/calo-den-monjo-beach\/","og_site_name":"visitcalvia","article_modified_time":"2025-07-07T06:12:27+00:00","og_image":[{"width":862,"height":569,"url":"https:\/\/visitcalvia.org\/wp-content\/uploads\/2020\/04\/CALO\u0301-DEN-MOJO-PEGUERA-1.png","type":"image\/png"}],"twitter_card":"summary_large_image","twitter_misc":{"Est. reading time":"3 minutes"},"schema":{"@context":"https:\/\/schema.org","@graph":[{"@type":"WebPage","@id":"https:\/\/visitcalvia.org\/en\/calo-den-monjo-beach\/","url":"https:\/\/visitcalvia.org\/en\/calo-den-monjo-beach\/","name":"Cal\u00f3 den Monjo (Majorca) - Beautiful natural enclave on the island","isPartOf":{"@id":"https:\/\/visitcalvia.org\/en\/#website"},"primaryImageOfPage":{"@id":"https:\/\/visitcalvia.org\/en\/calo-den-monjo-beach\/#primaryimage"},"image":{"@id":"https:\/\/visitcalvia.org\/en\/calo-den-monjo-beach\/#primaryimage"},"thumbnailUrl":"https:\/\/i0.wp.com\/visitcalvia.org\/wp-content\/uploads\/2020\/04\/CALO%CC%81-DEN-MOJO-PEGUERA-1.png?fit=862%2C569&ssl=1","datePublished":"2020-04-29T07:01:41+00:00","dateModified":"2025-07-07T06:12:27+00:00","description":"Cal\u00f3 den Monjo (Majorca) . a wonderful natural cove in the middle of a wooded area. This virgin, u-shaped sea inlet ends in a tiny cove","breadcrumb":{"@id":"https:\/\/visitcalvia.org\/en\/calo-den-monjo-beach\/#breadcrumb"},"inLanguage":"en-US","potentialAction":[{"@type":"ReadAction","target":["https:\/\/visitcalvia.org\/en\/calo-den-monjo-beach\/"]}]},{"@type":"ImageObject","inLanguage":"en-US","@id":"https:\/\/visitcalvia.org\/en\/calo-den-monjo-beach\/#primaryimage","url":"https:\/\/i0.wp.com\/visitcalvia.org\/wp-content\/uploads\/2020\/04\/CALO%CC%81-DEN-MOJO-PEGUERA-1.png?fit=862%2C569&ssl=1","contentUrl":"https:\/\/i0.wp.com\/visitcalvia.org\/wp-content\/uploads\/2020\/04\/CALO%CC%81-DEN-MOJO-PEGUERA-1.png?fit=862%2C569&ssl=1","width":862,"height":569,"caption":"Cal\u00f3 den Monjo (Majorca) , Cal\u00f3 den Monjo (Mallorca) en Cala Fornells Cal\u00f3 d'en monjo de Cala Fornells, ruta Cala Fornells (Calvi\u00e0) a cap andritxol"},{"@type":"BreadcrumbList","@id":"https:\/\/visitcalvia.org\/en\/calo-den-monjo-beach\/#breadcrumb","itemListElement":[{"@type":"ListItem","position":1,"name":"Portada","item":"https:\/\/visitcalvia.org\/en\/"},{"@type":"ListItem","position":2,"name":"Cal\u00f3 d&#8217;en Monjo Beach"}]},{"@type":"WebSite","@id":"https:\/\/visitcalvia.org\/en\/#website","url":"https:\/\/visitcalvia.org\/en\/","name":"visitcalvia","description":"Vacaciones en Mallorca \u2013 Calvi\u00e0 m\u00faltiples destinos en uno s\u00f3lo lugar. Palmanova, Santa Pon\u00e7a, Magaluf, Peguera, Portals Nous, Costa d\u2019en Blanes, Cala Vinyes","potentialAction":[{"@type":"SearchAction","target":{"@type":"EntryPoint","urlTemplate":"https:\/\/visitcalvia.org\/en\/?s={search_term_string}"},"query-input":{"@type":"PropertyValueSpecification","valueRequired":true,"valueName":"search_term_string"}}],"inLanguage":"en-US"}]}},"jetpack_likes_enabled":false,"jetpack_sharing_enabled":false,"jetpack_shortlink":"https:\/\/wp.me\/PbP1bo-2wu","amp_enabled":false,"_links":{"self":[{"href":"https:\/\/visitcalvia.org\/en\/wp-json\/wp\/v2\/pages\/9702","targetHints":{"allow":["GET"]}}],"collection":[{"href":"https:\/\/visitcalvia.org\/en\/wp-json\/wp\/v2\/pages"}],"about":[{"href":"https:\/\/visitcalvia.org\/en\/wp-json\/wp\/v2\/types\/page"}],"author":[{"embeddable":true,"href":"https:\/\/visitcalvia.org\/en\/wp-json\/wp\/v2\/users\/182516946"}],"replies":[{"embeddable":true,"href":"https:\/\/visitcalvia.org\/en\/wp-json\/wp\/v2\/comments?post=9702"}],"version-history":[{"count":15,"href":"https:\/\/visitcalvia.org\/en\/wp-json\/wp\/v2\/pages\/9702\/revisions"}],"predecessor-version":[{"id":29125,"href":"https:\/\/visitcalvia.org\/en\/wp-json\/wp\/v2\/pages\/9702\/revisions\/29125"}],"wp:featuredmedia":[{"embeddable":true,"href":"https:\/\/visitcalvia.org\/en\/wp-json\/wp\/v2\/media\/5334"}],"wp:attachment":[{"href":"https:\/\/visitcalvia.org\/en\/wp-json\/wp\/v2\/media?parent=9702"}],"curies":[{"name":"wp","href":"https:\/\/api.w.org\/{rel}","templated":true}]}}