{"id":9708,"date":"2020-04-29T10:06:57","date_gmt":"2020-04-29T08:06:57","guid":{"rendered":"https:\/\/visitcalvia.org\/playa-calo-de-ses-llisses\/"},"modified":"2025-07-07T08:16:17","modified_gmt":"2025-07-07T06:16:17","slug":"calo-de-ses-llisses-beach","status":"publish","type":"page","link":"https:\/\/visitcalvia.org\/en\/calo-de-ses-llisses-beach\/","title":{"rendered":"Cal\u00f3 de Ses Llisses Beach"},"content":{"rendered":"<div class=\"wpb-content-wrapper\"><p>[vc_row content_placement=&#8221;middle&#8221; content_text_aligment=&#8221;center&#8221; css=&#8221;.vc_custom_1588928497697{padding-top: 81px !important;background-image: url(<a href=\"https:\/\/visitcalvia.org\/wp-content\/uploads\/2020\/05\/Portada-CALO\u0301-DE-SES-LLISSES-PEGUERA.jpg?id=6180\">https:\/\/visitcalvia.org\/wp-content\/uploads\/2020\/05\/Portada-CALO\u0301-DE-SES-LLISSES-PEGUERA.jpg?id=6180<\/a>) !important;background-position: center !important;background-repeat: no-repeat !important;background-size: cover !important;}&#8221; simple_background_color=&#8221;#ffffff&#8221;][vc_column]<div class=\"qodef-elements-holder   qodef-one-column  qodef-responsive-mode-768 \" ><div class=\"qodef-eh-item     \"  data-item-class=\"qodef-eh-custom-3480\" data-1024-1280=\"0 21%\" data-768-1024=\"0 12%\" data-680-768=\"0 0\" data-680=\"0 0\">\n\t<div class=\"qodef-eh-item-inner\">\n\t\t<div class=\"qodef-eh-item-content qodef-eh-custom-3480\" style=\"padding: 0 25%\">\n\t\t\t[vc_empty_space height=&#8221;200px&#8221;]\t\t<\/div>\n\t<\/div>\n\t<\/div><\/div>[\/vc_column][\/vc_row][vc_row full_width=&#8221;stretch_row&#8221; css=&#8221;.vc_custom_1738054147413{background-color: #9bc535 !important;}&#8221;][vc_column][vc_row_inner row_content_width=&#8221;grid&#8221;][vc_column_inner width=&#8221;1\/2&#8243;]<div class=\"qodef-section-title-holder  qodef-st-standard qodef-st-title-left qodef-st-normal-space  \" style=\"text-align: right\">\n\t<div class=\"qodef-st-inner\">\n\t\t\t\t\t<h3 class=\"qodef-st-title\" style=\"color: #0a0a0a\">\n\t\t\t\t<span class=\"qodef-st-title-bold\">Beach<\/span> <span class=\"qodef-st-title-bold\">Fact<\/span> <span class=\"qodef-st-title-bold\">Sheet<\/span> <span class=\"qodef-st-title-bold\">Calo\u0301<\/span><br \/> <span class=\"qodef-st-title-bold\">Ses<\/span> <span class=\"qodef-st-title-bold\">Llises<\/span>\t\t\t<\/h3>\n\t\t\t\t\t<\/div>\n<\/div>[vc_empty_space height=&#8221;10px&#8221;][\/vc_column_inner][vc_column_inner width=&#8221;1\/2&#8243;][vc_empty_space height=&#8221;7px&#8221;]<a itemprop=\"url\" href=\"https:\/\/drive.google.com\/file\/d\/1NYufww0n4Y6Y0mahSiwA9LscAJavtkJs\/view?usp=sharing\" target=\"_blank\" style=\"text-transform: capitalize\" class=\"qodef-btn qodef-btn-small qodef-btn-solid qodef-btn-icon\"  >\n    <span class=\"qodef-btn-text\">More Information<\/span>\n    <i class=\"qodef-icon-font-awesome fa fa-chevron-right \" ><\/i><\/a>[vc_empty_space height=&#8221;7px&#8221;][\/vc_column_inner][\/vc_row_inner][vc_empty_space height=&#8221;20px&#8221;][\/vc_column][\/vc_row][vc_row row_content_width=&#8221;grid&#8221; css=&#8221;.vc_custom_1587458275105{margin-top: 35px !important;padding-bottom: 30px !important;}&#8221;][vc_column]<div class=\"qodef-section-title-holder  qodef-st-standard qodef-st-title-left qodef-st-normal-space qodef-st-disable-title-break qodef-st-with-border\" style=\"text-align: left\">\n\t<div class=\"qodef-st-inner\">\n\t\t\t\t\t<h2 class=\"qodef-st-title\" >\n\t\t\t\tCal\u00f3 <span class=\"qodef-st-title-bold\">de<\/span> <span class=\"qodef-st-title-bold\">Ses<\/span> <span class=\"qodef-st-title-bold\">Llisses<\/span><br \/>\t\t\t<\/h2>\n\t\t\t\t\t<\/div>\n<\/div>[vc_column_text]\u201cCal\u00f3 de Ses Llisses\u201d (Mallorca) is located in the area of \u201c<strong><a href=\"https:\/\/visitcalvia.org\/en\/cala-fornells\/\">Cala Fornells<\/a><\/strong>,\u201d a small, tourist and residential development in the municipality of Calvi\u00e0 that borders on <a href=\"https:\/\/visitcalvia.org\/en\/peguera\/\"><strong>Peguera<\/strong><\/a>.<\/p>\n<p>This narrow sea inlet ends in a beautiful, quiet cove. The leafy pines and the mountain that almost touches a crystalline water, as well as the rocks, are the identifying features of\u00a0 \u201ces Cal\u00f3 de ses Llisses.\u201d The gravel and pebbles make up a slope surrounded by cliffs some 10 metres high, on which residential houses can be seen.<\/p>\n<p>This beautiful cove completes the virtuous triangle of the area, which also includes<strong> \u201c<\/strong><a href=\"https:\/\/visitcalvia.org\/en\/playa-calo-den-pellisser\/\"><strong>Cal\u00f3 d&#8217;en Pelliser<\/strong><\/a><strong>\u201c<\/strong> or the best known of the three, \u201c<strong><a href=\"https:\/\/visitcalvia.org\/en\/cala-fornells-beach\/\">Cala Fornells\u201d beach.<\/a><\/strong>\u00a0This section of the coastline acts as a natural border between the municipalities of Calvi\u00e0 and Andratx.<\/p>\n<p>Access by road requires firstly reaching Peguera and then heading to Cala Fornells. Directly where the road ends, there is a car park in a sandy area. From there, we will have to walk around 2 km. to reach this wonderful place.<\/p>\n<p>This cove, open to the east and south-east winds, has marine and underwater conditions suitable for the anchoring of boats with a maximum length of five metres, due to the lack of space and depth. In addition, in the middle of this \u201csleeve\u201d a rock emerges that bathers use as a springboard. Larger boats must anchor three hectares from the shore, where a depth of between three and four metres is recorded, and they reach a seabed of sand and rock.\u00a0 The <a href=\"http:\/\/cnsp.es\/?lang=en\"><strong>Santa Pon\u00e7a marina<\/strong><\/a><span style=\"font-weight: 400;\">\u00a0is 2.5 nautical miles away<\/span><\/p>\n<p>Cal\u00f3 de Ses Llisses &#8211; Mallorca[\/vc_column_text][vc_empty_space height=&#8221;10px&#8221;][\/vc_column][\/vc_row][vc_row row_content_width=&#8221;grid&#8221; css=&#8221;.vc_custom_1587460367699{padding-top: 20px !important;padding-bottom: 10px !important;}&#8221;][vc_column]<div class=\"qodef-section-title-holder  qodef-st-standard qodef-st-title-left qodef-st-normal-space qodef-st-disable-title-break qodef-st-with-border\" style=\"text-align: left\">\n\t<div class=\"qodef-st-inner\">\n\t\t\t\t\t<h2 class=\"qodef-st-title\" >\n\t\t\t\tServices\t\t\t<\/h2>\n\t\t\t\t\t\t\t<h5 class=\"qodef-st-text\" >\n\t\t\t\tThe beach has the following services\t\t\t<\/h5>\n\t\t\t<\/div>\n<\/div>[\/vc_column][\/vc_row][vc_row row_content_width=&#8221;grid&#8221; css=&#8221;.vc_custom_1585726577981{padding-top: 20px !important;padding-bottom: 30px !important;}&#8221;][vc_column width=&#8221;1\/3&#8243;][vc_row_inner css=&#8221;.vc_custom_1587459893981{padding-top: -40px !important;}&#8221;][vc_column_inner width=&#8221;2\/3&#8243;][vc_column_text]<\/p>\n<h5><strong>3 Litter bins<\/strong><strong><img data-recalc-dims=\"1\" decoding=\"async\" data-attachment-id=\"9807\" data-permalink=\"https:\/\/visitcalvia.org\/en\/santa-ponca-beach\/papelera\/\" data-orig-file=\"https:\/\/i0.wp.com\/visitcalvia.org\/wp-content\/uploads\/2020\/04\/papelera.jpg?fit=137%2C137&amp;ssl=1\" data-orig-size=\"137,137\" data-comments-opened=\"1\" data-image-meta=\"{&quot;aperture&quot;:&quot;0&quot;,&quot;credit&quot;:&quot;&quot;,&quot;camera&quot;:&quot;&quot;,&quot;caption&quot;:&quot;&quot;,&quot;created_timestamp&quot;:&quot;0&quot;,&quot;copyright&quot;:&quot;&quot;,&quot;focal_length&quot;:&quot;0&quot;,&quot;iso&quot;:&quot;0&quot;,&quot;shutter_speed&quot;:&quot;0&quot;,&quot;title&quot;:&quot;&quot;,&quot;orientation&quot;:&quot;1&quot;}\" data-image-title=\"papelera\" data-image-description=\"\" data-image-caption=\"\" data-large-file=\"https:\/\/i0.wp.com\/visitcalvia.org\/wp-content\/uploads\/2020\/04\/papelera.jpg?fit=137%2C137&amp;ssl=1\" class=\"alignleft wp-image-9807\" src=\"https:\/\/i0.wp.com\/visitcalvia.org\/wp-content\/uploads\/2020\/04\/papelera.jpg?resize=37%2C37&#038;ssl=1\" alt=\"Papelera \" width=\"37\" height=\"37\" srcset=\"https:\/\/i0.wp.com\/visitcalvia.org\/wp-content\/uploads\/2020\/04\/papelera.jpg?w=137&amp;ssl=1 137w, https:\/\/i0.wp.com\/visitcalvia.org\/wp-content\/uploads\/2020\/04\/papelera.jpg?resize=100%2C100&amp;ssl=1 100w, https:\/\/i0.wp.com\/visitcalvia.org\/wp-content\/uploads\/2020\/04\/papelera.jpg?resize=64%2C64&amp;ssl=1 64w\" sizes=\"(max-width: 37px) 100vw, 37px\" \/><\/strong><\/h5>\n<p>[\/vc_column_text][\/vc_column_inner][vc_column_inner width=&#8221;1\/3&#8243;][vc_icon icon_fontawesome=&#8221;fa fa-check&#8221; color=&#8221;green&#8221;][\/vc_column_inner][\/vc_row_inner][\/vc_column][vc_column width=&#8221;1\/3&#8243;][vc_row_inner css=&#8221;.vc_custom_1587459893981{padding-top: -40px !important;}&#8221;][vc_column_inner width=&#8221;2\/3&#8243;][vc_column_text]<\/p>\n<h5><strong>Transport<\/strong><strong><img data-recalc-dims=\"1\" decoding=\"async\" data-attachment-id=\"9803\" data-permalink=\"https:\/\/visitcalvia.org\/en\/santa-ponca-beach\/bus\/\" data-orig-file=\"https:\/\/i0.wp.com\/visitcalvia.org\/wp-content\/uploads\/2020\/04\/bus.png?fit=134%2C136&amp;ssl=1\" data-orig-size=\"134,136\" data-comments-opened=\"1\" data-image-meta=\"{&quot;aperture&quot;:&quot;0&quot;,&quot;credit&quot;:&quot;&quot;,&quot;camera&quot;:&quot;&quot;,&quot;caption&quot;:&quot;&quot;,&quot;created_timestamp&quot;:&quot;0&quot;,&quot;copyright&quot;:&quot;&quot;,&quot;focal_length&quot;:&quot;0&quot;,&quot;iso&quot;:&quot;0&quot;,&quot;shutter_speed&quot;:&quot;0&quot;,&quot;title&quot;:&quot;&quot;,&quot;orientation&quot;:&quot;0&quot;}\" data-image-title=\"bus\" data-image-description=\"\" data-image-caption=\"\" data-large-file=\"https:\/\/i0.wp.com\/visitcalvia.org\/wp-content\/uploads\/2020\/04\/bus.png?fit=134%2C136&amp;ssl=1\" class=\"alignleft wp-image-9803\" src=\"https:\/\/i0.wp.com\/visitcalvia.org\/wp-content\/uploads\/2020\/04\/bus.png?resize=37%2C38&#038;ssl=1\" alt=\"bus\" width=\"37\" height=\"38\" srcset=\"https:\/\/i0.wp.com\/visitcalvia.org\/wp-content\/uploads\/2020\/04\/bus.png?w=134&amp;ssl=1 134w, https:\/\/i0.wp.com\/visitcalvia.org\/wp-content\/uploads\/2020\/04\/bus.png?resize=100%2C100&amp;ssl=1 100w, https:\/\/i0.wp.com\/visitcalvia.org\/wp-content\/uploads\/2020\/04\/bus.png?resize=64%2C65&amp;ssl=1 64w\" sizes=\"(max-width: 37px) 100vw, 37px\" \/><\/strong><\/h5>\n<p>[\/vc_column_text][\/vc_column_inner][vc_column_inner width=&#8221;1\/3&#8243;][vc_icon icon_fontawesome=&#8221;fa fa-check&#8221; color=&#8221;green&#8221;][\/vc_column_inner][\/vc_row_inner][\/vc_column][vc_column width=&#8221;1\/3&#8243;][\/vc_column][\/vc_row][vc_row row_content_width=&#8221;grid&#8221; content_width=&#8221;grid&#8221; css=&#8221;.vc_custom_1587458288460{padding-bottom: 42px !important;}&#8221;][vc_column][vc_row_inner css=&#8221;.vc_custom_1587458140771{padding-left: 80px !important;}&#8221;][vc_column_inner width=&#8221;1\/4&#8243;]<div class=\"qodef-pie-chart-holder \">\n\t<div class=\"qodef-pc-percentage\" data-percent=\"10\" data-bar-color=\"#1e73be\" data-track-color=\"#0a0000\">\n\t\t<span class=\"qodef-pc-percent\" >10<\/span>\n\t<\/div>\n\t\t\t<div class=\"qodef-pc-text-holder\">\n\t\t\t\t\t\t\t<h4 class=\"qodef-pc-title\" >Meters - Length<\/h4>\n\t\t\t\t\t\t\t\t<\/div>\n\t<\/div>[\/vc_column_inner][vc_column_inner width=&#8221;1\/4&#8243;]<div class=\"qodef-pie-chart-holder \">\n\t<div class=\"qodef-pc-percentage\" data-percent=\"5\" data-bar-color=\"#1e73be\" data-track-color=\"#0a0000\">\n\t\t<span class=\"qodef-pc-percent\" >5<\/span>\n\t<\/div>\n\t\t\t<div class=\"qodef-pc-text-holder\">\n\t\t\t\t\t\t\t<h4 class=\"qodef-pc-title\" >Meters - Width<\/h4>\n\t\t\t\t\t\t\t\t<\/div>\n\t<\/div>[\/vc_column_inner][vc_column_inner width=&#8221;1\/2&#8243;][vc_column_text]<\/p>\n<div class=\"wpb_text_column wpb_content_element \">\n<div class=\"wpb_wrapper\">\n<blockquote>\n<h4><strong>GENERAL INFORMATION<\/strong><\/h4>\n<\/blockquote>\n<\/div>\n<\/div>\n<div class=\"wpb_text_column wpb_content_element \">\n<div class=\"wpb_wrapper\">\n<ul>\n<li><strong>Occupancy rating: <span class=\"change-second-color\"><span class=\"change-second-color\" style=\"color: #004d8a;\">LOW<\/span><\/span><\/strong><\/li>\n<li><strong>Degree of urbanisation: <span class=\"change-second-color\"><span class=\"change-second-color\" style=\"color: #004d8a;\">RUSTIC<\/span><\/span><\/strong><\/li>\n<li><strong>Composition: <span class=\"change-second-color\"><span class=\"change-second-color\" style=\"color: #004d8a;\">STONE<\/span><\/span><\/strong><\/li>\n<\/ul>\n<\/div>\n<\/div>\n<p>[\/vc_column_text][\/vc_column_inner][\/vc_row_inner][\/vc_column][\/vc_row][vc_row equal_height=&#8221;yes&#8221; content_placement=&#8221;middle&#8221;][vc_column offset=&#8221;vc_col-lg-5 vc_col-md-12&#8243; css=&#8221;.vc_custom_1585820997663{margin-top: 0px !important;margin-right: 0px !important;margin-bottom: 0px !important;margin-left: 0px !important;padding-top: 0px !important;padding-right: 0px !important;padding-bottom: 0px !important;padding-left: 0px !important;background-color: #fcfcfc !important;}&#8221;]<div class=\"qodef-elements-holder   qodef-one-column  qodef-responsive-mode-768 qodef-one-column-alignment-right\" ><div class=\"qodef-eh-item   qodef-horizontal-alignment-right  \"  data-item-class=\"qodef-eh-custom-6261\" data-1280-1600=\"0 12% 15px 31%\" data-1024-1280=\"0 12% 15px 24%\" data-768-1024=\"48px 25% 70px 35%\" data-680-768=\"48px 12% 70px 35%\" data-680=\"50px 8% 70px 10%\">\n\t<div class=\"qodef-eh-item-inner\">\n\t\t<div class=\"qodef-eh-item-content qodef-eh-custom-6261\" style=\"padding: 0 12% 20px 35%\">\n\t\t\t[vc_column_text]<\/p>\n<h2 style=\"text-align: right;\">Photo<strong> gallery<\/strong><\/h2>\n<p style=\"text-align: right; font-family: Montserrat; margin-top: -18px; margin-bottom: 16px;\"><span class=\"change-second-color\" style=\"color: #ff0030;\"><em>Discover <span style=\"font-weight: 400;\">Cal\u00f3 de Ses Llisses &#8211; Mallorca<\/span><\/em><\/span><\/p>\n<p>[\/vc_column_text]\t\t<\/div>\n\t<\/div>\n\t<\/div><\/div>[\/vc_column][vc_column offset=&#8221;vc_col-lg-7 vc_col-md-12&#8243; css=&#8221;.vc_custom_1504689016842{margin-top: 0px !important;margin-right: 0px !important;margin-bottom: 0px !important;margin-left: 0px !important;padding-top: 0px !important;padding-right: 0px !important;padding-bottom: 0px !important;padding-left: 0px !important;}&#8221;][vc_gallery interval=&#8221;3&#8243; images=&#8221;5330,5109&#8243; img_size=&#8221;full&#8221;][\/vc_column][\/vc_row][vc_row css=&#8221;.vc_custom_1587388774987{padding-top: 20px !important;}&#8221;][vc_column][vc_gmaps link=&#8221;#E-8_JTNDaWZyYW1lJTIwc3JjJTNEJTIyaHR0cHMlM0ElMkYlMkZ3d3cuZ29vZ2xlLmNvbSUyRm1hcHMlMkZlbWJlZCUzRnBiJTNEJTIxMW0xOCUyMTFtMTIlMjExbTMlMjExZDEyMzA4Ljk4MDg5OTg4Mzk0NSUyMTJkMi40Mjk5MTQwMjMxODkwODU0JTIxM2QzOS41MzE1MjE2NzE0ODY4MTQlMjEybTMlMjExZjAlMjEyZjAlMjEzZjAlMjEzbTIlMjExaTEwMjQlMjEyaTc2OCUyMTRmMTMuMSUyMTNtMyUyMTFtMiUyMTFzMHgxMjk4MjczODRmYjdmNWNmJTI1M0EweGMzZDY2NWEzM2E0ODVkMjQlMjEyc0NhbCUyNUMzJTI1QjMlMjUyMGRlJTI1MjBTZXMlMjUyMExsaXNzZXMlMjE1ZTAlMjEzbTIlMjExc2VzJTIxMnNlcyUyMTR2MTU4ODE0ODMwMzIxNyUyMTVtMiUyMTFzZXMlMjEyc2VzJTIyJTIwd2lkdGglM0QlMjI2MDAlMjIlMjBoZWlnaHQlM0QlMjI0NTAlMjIlMjBmcmFtZWJvcmRlciUzRCUyMjAlMjIlMjBzdHlsZSUzRCUyMmJvcmRlciUzQTAlM0IlMjIlMjBhbGxvd2Z1bGxzY3JlZW4lM0QlMjIlMjIlMjBhcmlhLWhpZGRlbiUzRCUyMmZhbHNlJTIyJTIwdGFiaW5kZXglM0QlMjIwJTIyJTNFJTNDJTJGaWZyYW1lJTNF&#8221;][\/vc_column][\/vc_row]<\/p>\n<\/div>","protected":false},"excerpt":{"rendered":"<p>[vc_row content_placement=&#8221;middle&#8221; content_text_aligment=&#8221;center&#8221; css=&#8221;.vc_custom_1588928497697{padding-top: 81px !important;background-image: url(<a href=\"https:\/\/visitcalvia.org\/wp-content\/uploads\/2020\/05\/Portada-CALO\u0301-DE-SES-LLISSES-PEGUERA.jpg?id=6180\">https:\/\/visitcalvia.org\/wp-content\/uploads\/2020\/05\/Portada-CALO\u0301-DE-SES-LLISSES-PEGUERA.jpg?id=6180<\/a>) !important;background-position: center !important;background-repeat: no-repeat !important;background-size: cover !important;}&#8221; simple_background_color=&#8221;#ffffff&#8221;][vc_column][\/vc_column][\/vc_row][vc_row full_width=&#8221;stretch_row&#8221; css=&#8221;.vc_custom_1738054147413{background-color: #9bc535 !important;}&#8221;][vc_column][vc_row_inner row_content_width=&#8221;grid&#8221;][vc_column_inner width=&#8221;1\/2&#8243;][vc_empty_space height=&#8221;10px&#8221;][\/vc_column_inner][vc_column_inner width=&#8221;1\/2&#8243;][vc_empty_space height=&#8221;7px&#8221;][vc_empty_space height=&#8221;7px&#8221;][\/vc_column_inner][\/vc_row_inner][vc_empty_space height=&#8221;20px&#8221;][\/vc_column][\/vc_row][vc_row row_content_width=&#8221;grid&#8221; css=&#8221;.vc_custom_1587458275105{margin-top: 35px !important;padding-bottom: 30px !important;}&#8221;][vc_column][vc_column_text]\u201cCal\u00f3 de Ses Llisses\u201d (Mallorca) is located in the area of \u201cCala Fornells,\u201d a small, tourist and residential development in the municipality of [&hellip;]<\/p>\n","protected":false},"author":182516946,"featured_media":5330,"parent":0,"menu_order":0,"comment_status":"closed","ping_status":"closed","template":"full-width.php","meta":{"_coblocks_attr":"","_coblocks_dimensions":"","_coblocks_responsive_height":"","_coblocks_accordion_ie_support":"","_crdt_document":"","footnotes":""},"class_list":["post-9708","page","type-page","status-publish","has-post-thumbnail","hentry"],"yoast_head":"<!-- This site is optimized with the Yoast SEO plugin v27.6 - https:\/\/yoast.com\/product\/yoast-seo-wordpress\/ -->\n<title>Cal\u00f3 de Ses Llisses - Mallorca - beautiful &amp; quiet cove near Peguera<\/title>\n<meta name=\"description\" content=\"The leafy pines and the mountain that almost touches a crystalline water, are the identifying features of es Cal\u00f3 de Ses Llisses - Mallorca\" \/>\n<meta name=\"robots\" content=\"index, follow, max-snippet:-1, max-image-preview:large, max-video-preview:-1\" \/>\n<link rel=\"canonical\" href=\"https:\/\/visitcalvia.org\/en\/calo-de-ses-llisses-beach\/\" \/>\n<meta property=\"og:locale\" content=\"en_US\" \/>\n<meta property=\"og:type\" content=\"article\" \/>\n<meta property=\"og:title\" content=\"Cal\u00f3 de Ses Llisses - Mallorca - beautiful &amp; quiet cove near Peguera\" \/>\n<meta property=\"og:description\" content=\"The leafy pines and the mountain that almost touches a crystalline water, are the identifying features of es Cal\u00f3 de Ses Llisses - Mallorca\" \/>\n<meta property=\"og:url\" content=\"https:\/\/visitcalvia.org\/en\/calo-de-ses-llisses-beach\/\" \/>\n<meta property=\"og:site_name\" content=\"visitcalvia\" \/>\n<meta property=\"article:modified_time\" content=\"2025-07-07T06:16:17+00:00\" \/>\n<meta property=\"og:image\" content=\"https:\/\/visitcalvia.org\/wp-content\/uploads\/2020\/04\/CALO\u0301-DE-SES-LLISSES-PEGUERA.png\" \/>\n\t<meta property=\"og:image:width\" content=\"862\" \/>\n\t<meta property=\"og:image:height\" content=\"572\" \/>\n\t<meta property=\"og:image:type\" content=\"image\/png\" \/>\n<meta name=\"twitter:card\" content=\"summary_large_image\" \/>\n<meta name=\"twitter:label1\" content=\"Est. reading time\" \/>\n\t<meta name=\"twitter:data1\" content=\"4 minutes\" \/>\n<script type=\"application\/ld+json\" class=\"yoast-schema-graph\">{\"@context\":\"https:\\\/\\\/schema.org\",\"@graph\":[{\"@type\":\"WebPage\",\"@id\":\"https:\\\/\\\/visitcalvia.org\\\/en\\\/calo-de-ses-llisses-beach\\\/\",\"url\":\"https:\\\/\\\/visitcalvia.org\\\/en\\\/calo-de-ses-llisses-beach\\\/\",\"name\":\"Cal\u00f3 de Ses Llisses - Mallorca - beautiful & quiet cove near Peguera\",\"isPartOf\":{\"@id\":\"https:\\\/\\\/visitcalvia.org\\\/en\\\/#website\"},\"primaryImageOfPage\":{\"@id\":\"https:\\\/\\\/visitcalvia.org\\\/en\\\/calo-de-ses-llisses-beach\\\/#primaryimage\"},\"image\":{\"@id\":\"https:\\\/\\\/visitcalvia.org\\\/en\\\/calo-de-ses-llisses-beach\\\/#primaryimage\"},\"thumbnailUrl\":\"https:\\\/\\\/i0.wp.com\\\/visitcalvia.org\\\/wp-content\\\/uploads\\\/2020\\\/04\\\/CALO%CC%81-DE-SES-LLISSES-PEGUERA.png?fit=862%2C572&ssl=1\",\"datePublished\":\"2020-04-29T08:06:57+00:00\",\"dateModified\":\"2025-07-07T06:16:17+00:00\",\"description\":\"The leafy pines and the mountain that almost touches a crystalline water, are the identifying features of es Cal\u00f3 de Ses Llisses - Mallorca\",\"breadcrumb\":{\"@id\":\"https:\\\/\\\/visitcalvia.org\\\/en\\\/calo-de-ses-llisses-beach\\\/#breadcrumb\"},\"inLanguage\":\"en-US\",\"potentialAction\":[{\"@type\":\"ReadAction\",\"target\":[\"https:\\\/\\\/visitcalvia.org\\\/en\\\/calo-de-ses-llisses-beach\\\/\"]}]},{\"@type\":\"ImageObject\",\"inLanguage\":\"en-US\",\"@id\":\"https:\\\/\\\/visitcalvia.org\\\/en\\\/calo-de-ses-llisses-beach\\\/#primaryimage\",\"url\":\"https:\\\/\\\/i0.wp.com\\\/visitcalvia.org\\\/wp-content\\\/uploads\\\/2020\\\/04\\\/CALO%CC%81-DE-SES-LLISSES-PEGUERA.png?fit=862%2C572&ssl=1\",\"contentUrl\":\"https:\\\/\\\/i0.wp.com\\\/visitcalvia.org\\\/wp-content\\\/uploads\\\/2020\\\/04\\\/CALO%CC%81-DE-SES-LLISSES-PEGUERA.png?fit=862%2C572&ssl=1\",\"width\":862,\"height\":572,\"caption\":\"Cal\u00f3 de ses llises de Cala Fornells, ruta Cala Fornells (Calvi\u00e0) a cap andritxol , Cal\u00f3 de Ses Llisses - Mallorca\"},{\"@type\":\"BreadcrumbList\",\"@id\":\"https:\\\/\\\/visitcalvia.org\\\/en\\\/calo-de-ses-llisses-beach\\\/#breadcrumb\",\"itemListElement\":[{\"@type\":\"ListItem\",\"position\":1,\"name\":\"Portada\",\"item\":\"https:\\\/\\\/visitcalvia.org\\\/en\\\/\"},{\"@type\":\"ListItem\",\"position\":2,\"name\":\"Cal\u00f3 de Ses Llisses Beach\"}]},{\"@type\":\"WebSite\",\"@id\":\"https:\\\/\\\/visitcalvia.org\\\/en\\\/#website\",\"url\":\"https:\\\/\\\/visitcalvia.org\\\/en\\\/\",\"name\":\"visitcalvia\",\"description\":\"Vacaciones en Mallorca \u2013 Calvi\u00e0 m\u00faltiples destinos en uno s\u00f3lo lugar. Palmanova, Santa Pon\u00e7a, Magaluf, Peguera, Portals Nous, Costa d\u2019en Blanes, Cala Vinyes\",\"potentialAction\":[{\"@type\":\"SearchAction\",\"target\":{\"@type\":\"EntryPoint\",\"urlTemplate\":\"https:\\\/\\\/visitcalvia.org\\\/en\\\/?s={search_term_string}\"},\"query-input\":{\"@type\":\"PropertyValueSpecification\",\"valueRequired\":true,\"valueName\":\"search_term_string\"}}],\"inLanguage\":\"en-US\"}]}<\/script>\n<!-- \/ Yoast SEO plugin. -->","yoast_head_json":{"title":"Cal\u00f3 de Ses Llisses - Mallorca - beautiful & quiet cove near Peguera","description":"The leafy pines and the mountain that almost touches a crystalline water, are the identifying features of es Cal\u00f3 de Ses Llisses - Mallorca","robots":{"index":"index","follow":"follow","max-snippet":"max-snippet:-1","max-image-preview":"max-image-preview:large","max-video-preview":"max-video-preview:-1"},"canonical":"https:\/\/visitcalvia.org\/en\/calo-de-ses-llisses-beach\/","og_locale":"en_US","og_type":"article","og_title":"Cal\u00f3 de Ses Llisses - Mallorca - beautiful & quiet cove near Peguera","og_description":"The leafy pines and the mountain that almost touches a crystalline water, are the identifying features of es Cal\u00f3 de Ses Llisses - Mallorca","og_url":"https:\/\/visitcalvia.org\/en\/calo-de-ses-llisses-beach\/","og_site_name":"visitcalvia","article_modified_time":"2025-07-07T06:16:17+00:00","og_image":[{"width":862,"height":572,"url":"https:\/\/visitcalvia.org\/wp-content\/uploads\/2020\/04\/CALO\u0301-DE-SES-LLISSES-PEGUERA.png","type":"image\/png"}],"twitter_card":"summary_large_image","twitter_misc":{"Est. reading time":"4 minutes"},"schema":{"@context":"https:\/\/schema.org","@graph":[{"@type":"WebPage","@id":"https:\/\/visitcalvia.org\/en\/calo-de-ses-llisses-beach\/","url":"https:\/\/visitcalvia.org\/en\/calo-de-ses-llisses-beach\/","name":"Cal\u00f3 de Ses Llisses - Mallorca - beautiful & quiet cove near Peguera","isPartOf":{"@id":"https:\/\/visitcalvia.org\/en\/#website"},"primaryImageOfPage":{"@id":"https:\/\/visitcalvia.org\/en\/calo-de-ses-llisses-beach\/#primaryimage"},"image":{"@id":"https:\/\/visitcalvia.org\/en\/calo-de-ses-llisses-beach\/#primaryimage"},"thumbnailUrl":"https:\/\/i0.wp.com\/visitcalvia.org\/wp-content\/uploads\/2020\/04\/CALO%CC%81-DE-SES-LLISSES-PEGUERA.png?fit=862%2C572&ssl=1","datePublished":"2020-04-29T08:06:57+00:00","dateModified":"2025-07-07T06:16:17+00:00","description":"The leafy pines and the mountain that almost touches a crystalline water, are the identifying features of es Cal\u00f3 de Ses Llisses - Mallorca","breadcrumb":{"@id":"https:\/\/visitcalvia.org\/en\/calo-de-ses-llisses-beach\/#breadcrumb"},"inLanguage":"en-US","potentialAction":[{"@type":"ReadAction","target":["https:\/\/visitcalvia.org\/en\/calo-de-ses-llisses-beach\/"]}]},{"@type":"ImageObject","inLanguage":"en-US","@id":"https:\/\/visitcalvia.org\/en\/calo-de-ses-llisses-beach\/#primaryimage","url":"https:\/\/i0.wp.com\/visitcalvia.org\/wp-content\/uploads\/2020\/04\/CALO%CC%81-DE-SES-LLISSES-PEGUERA.png?fit=862%2C572&ssl=1","contentUrl":"https:\/\/i0.wp.com\/visitcalvia.org\/wp-content\/uploads\/2020\/04\/CALO%CC%81-DE-SES-LLISSES-PEGUERA.png?fit=862%2C572&ssl=1","width":862,"height":572,"caption":"Cal\u00f3 de ses llises de Cala Fornells, ruta Cala Fornells (Calvi\u00e0) a cap andritxol , Cal\u00f3 de Ses Llisses - Mallorca"},{"@type":"BreadcrumbList","@id":"https:\/\/visitcalvia.org\/en\/calo-de-ses-llisses-beach\/#breadcrumb","itemListElement":[{"@type":"ListItem","position":1,"name":"Portada","item":"https:\/\/visitcalvia.org\/en\/"},{"@type":"ListItem","position":2,"name":"Cal\u00f3 de Ses Llisses Beach"}]},{"@type":"WebSite","@id":"https:\/\/visitcalvia.org\/en\/#website","url":"https:\/\/visitcalvia.org\/en\/","name":"visitcalvia","description":"Vacaciones en Mallorca \u2013 Calvi\u00e0 m\u00faltiples destinos en uno s\u00f3lo lugar. Palmanova, Santa Pon\u00e7a, Magaluf, Peguera, Portals Nous, Costa d\u2019en Blanes, Cala Vinyes","potentialAction":[{"@type":"SearchAction","target":{"@type":"EntryPoint","urlTemplate":"https:\/\/visitcalvia.org\/en\/?s={search_term_string}"},"query-input":{"@type":"PropertyValueSpecification","valueRequired":true,"valueName":"search_term_string"}}],"inLanguage":"en-US"}]}},"jetpack_likes_enabled":false,"jetpack_sharing_enabled":false,"jetpack_shortlink":"https:\/\/wp.me\/PbP1bo-2wA","amp_enabled":false,"_links":{"self":[{"href":"https:\/\/visitcalvia.org\/en\/wp-json\/wp\/v2\/pages\/9708","targetHints":{"allow":["GET"]}}],"collection":[{"href":"https:\/\/visitcalvia.org\/en\/wp-json\/wp\/v2\/pages"}],"about":[{"href":"https:\/\/visitcalvia.org\/en\/wp-json\/wp\/v2\/types\/page"}],"author":[{"embeddable":true,"href":"https:\/\/visitcalvia.org\/en\/wp-json\/wp\/v2\/users\/182516946"}],"replies":[{"embeddable":true,"href":"https:\/\/visitcalvia.org\/en\/wp-json\/wp\/v2\/comments?post=9708"}],"version-history":[{"count":12,"href":"https:\/\/visitcalvia.org\/en\/wp-json\/wp\/v2\/pages\/9708\/revisions"}],"predecessor-version":[{"id":29131,"href":"https:\/\/visitcalvia.org\/en\/wp-json\/wp\/v2\/pages\/9708\/revisions\/29131"}],"wp:featuredmedia":[{"embeddable":true,"href":"https:\/\/visitcalvia.org\/en\/wp-json\/wp\/v2\/media\/5330"}],"wp:attachment":[{"href":"https:\/\/visitcalvia.org\/en\/wp-json\/wp\/v2\/media?parent=9708"}],"curies":[{"name":"wp","href":"https:\/\/api.w.org\/{rel}","templated":true}]}}