{"id":9820,"date":"2020-04-16T08:56:08","date_gmt":"2020-04-16T06:56:08","guid":{"rendered":"https:\/\/visitcalvia.org\/politica-de-cookies\/"},"modified":"2021-04-20T11:44:59","modified_gmt":"2021-04-20T09:44:59","slug":"politica-de-cookies","status":"publish","type":"page","link":"https:\/\/visitcalvia.org\/en\/politica-de-cookies\/","title":{"rendered":"Pol\u00edtica de cookies"},"content":{"rendered":"<div class=\"wpb-content-wrapper\"><p>[vc_row content_placement=&#8221;middle&#8221; row_content_width=&#8221;grid&#8221; content_text_aligment=&#8221;center&#8221; css=&#8221;.vc_custom_1505124739622{padding-top: 81px !important;}&#8221; simple_background_color=&#8221;#f6f6f6&#8243;][vc_column]<div class=\"qodef-elements-holder   qodef-one-column  qodef-responsive-mode-768 \" ><div class=\"qodef-eh-item     \"  data-item-class=\"qodef-eh-custom-1910\" data-1024-1280=\"0 21%\" data-768-1024=\"0 12%\" data-680-768=\"0 0\" data-680=\"0 0\">\n\t<div class=\"qodef-eh-item-inner\">\n\t\t<div class=\"qodef-eh-item-content qodef-eh-custom-1910\" style=\"padding: 0 25%\">\n\t\t\t<div class=\"qodef-section-title-holder  qodef-st-standard qodef-st-title-left qodef-st-normal-space qodef-st-disable-title-break \" >\n\t<div class=\"qodef-st-inner\">\n\t\t\t\t\t<h2 class=\"qodef-st-title\" >\n\t\t\t\t<span class=\"qodef-st-title-bold\">Pol\u00edtica<\/span> <span class=\"qodef-st-title-bold\">de<\/span> <span class=\"qodef-st-title-bold\">cookies<\/span><br \/>\t\t\t<\/h2>\n\t\t\t\t\t<\/div>\n<\/div>[vc_empty_space height=&#8221;76px&#8221;]\t\t<\/div>\n\t<\/div>\n\t<\/div><\/div>[\/vc_column][\/vc_row][vc_row row_content_width=&#8221;grid&#8221;][vc_column][vc_empty_space][\/vc_column][\/vc_row][vc_row row_content_width=&#8221;grid&#8221;][vc_column][vc_column_text]<\/p>\n<h2 style=\"font-size: 25px; margin-bottom: -8px;\"><strong>Pol\u00edtica de cookies<\/strong><\/h2>\n<p>[\/vc_column_text][vc_column_text]Conforme a lo establecido por la Secretar\u00eda de Estado de Telecomunicaciones y para la Sociedad de la Informaci\u00f3n, dependiente del Ministerio de Industria, Energ\u00eda y Turismo, con car\u00e1cter general la LSSI no se aplica en el \u00e1mbito de las Administraciones P\u00fablicas, puesto que \u00e9stas no tienen el car\u00e1cter de prestadores de servicios de la sociedad de la informaci\u00f3n definido en su anexo. \u00danicamente les ser\u00e1 aplicable la LSSI si la actividad de la Administraci\u00f3n tuviese un car\u00e1cter econ\u00f3mico.<br \/>\nNo obstante lo anterior, se ofrece informaci\u00f3n relativa a la instalaci\u00f3n de cookies en el equipo de usuario:[\/vc_column_text][vc_column_text]<\/p>\n<h3><strong>\u00bfQu\u00e9 es una cookie y para qu\u00e9 se utilizan?<\/strong><\/h3>\n<p>[\/vc_column_text][vc_column_text]Las cookies son peque\u00f1os ficheros de texto que los sitios web pueden colocar en el dispositivo (PC, Smartphone, Tableta, Smart TV etc.) que se utiliza para acceder al sitio web, o en el navegador empleado por el usuario. Este fichero contiene informaci\u00f3n sobre las p\u00e1ginas que se han visitado en dicho sitio, lo que permite recordar las preferencias de navegaci\u00f3n a fin de que la pr\u00f3xima vez que se visite el sitio web la navegaci\u00f3n sea m\u00e1s \u00e1gil, recurriendo a la informaci\u00f3n contenida en dicho fichero. Del mismo modo, a trav\u00e9s de las cookies se puede recopilar informaci\u00f3n estad\u00edstica an\u00f3nima, o asegurar que las p\u00e1ginas web funcionen de manera correcta.[\/vc_column_text][vc_column_text]<\/p>\n<h3 style=\"font-size: 20px; margin-bottom: -8px;\"><b>Cookies utilizadas en este sitio web<\/b><\/h3>\n<p>[\/vc_column_text][vc_column_text]En este apartado te explicamos que tipos de cookies existen y cuales estamos utilizando en esta web.[\/vc_column_text][vc_column_text]<\/p>\n<h4 style=\"font-size: 20px; margin-bottom: -8px;\"><b>Cookies necesarias<\/b><\/h4>\n<p>[\/vc_column_text][vc_column_text]Las cookies necesarias son absolutamente imprescindibles para que el sitio web funcione correctamente. Estas cookies garantizan las funcionalidades b\u00e1sicas y las caracter\u00edsticas de seguridad del sitio web, de forma an\u00f3nima.<\/p>\n<table class=\"cookielawinfo-row-cat-table cookielawinfo-winter\">\n<thead>\n<tr>\n<th class=\"cookielawinfo-column-1\">Cookie<\/th>\n<th class=\"cookielawinfo-column-3\">Duraci\u00f3n<\/th>\n<th class=\"cookielawinfo-column-4\">Descripci\u00f3n<\/th>\n<\/tr>\n<\/thead>\n<tbody>\n<tr class=\"cookielawinfo-row\">\n<td class=\"cookielawinfo-column-1\">cookielawinfo-checbox-analytics<\/td>\n<td class=\"cookielawinfo-column-3\">11 months<\/td>\n<td class=\"cookielawinfo-column-4\">Esta cookie es establecida por el plugin GDPR Cookie Consent. La cookie se utiliza para almacenar el consentimiento del usuario para las cookies de la categor\u00eda &#8220;Anal\u00edtica&#8221;.<\/td>\n<\/tr>\n<tr class=\"cookielawinfo-row\">\n<td class=\"cookielawinfo-column-1\">cookielawinfo-checbox-functional<\/td>\n<td class=\"cookielawinfo-column-3\">11 months<\/td>\n<td class=\"cookielawinfo-column-4\">La cookie se establece por el consentimiento de cookies GDPR para registrar el consentimiento del usuario para las cookies en la categor\u00eda &#8220;Funcional&#8221;.<\/td>\n<\/tr>\n<tr class=\"cookielawinfo-row\">\n<td class=\"cookielawinfo-column-1\">cookielawinfo-checbox-others<\/td>\n<td class=\"cookielawinfo-column-3\">11 months<\/td>\n<td class=\"cookielawinfo-column-4\">Esta cookie es establecida por el plugin GDPR Cookie Consent. La cookie se utiliza para almacenar el consentimiento del usuario para las cookies de la categor\u00eda &#8220;Otros&#8221;.<\/td>\n<\/tr>\n<tr class=\"cookielawinfo-row\">\n<td class=\"cookielawinfo-column-1\">cookielawinfo-checkbox-advertisement<\/td>\n<td class=\"cookielawinfo-column-3\">1 year<\/td>\n<td class=\"cookielawinfo-column-4\">La cookie se establece por el consentimiento de cookies GDPR para registrar el consentimiento del usuario para las cookies en la categor\u00eda &#8220;Publicidad&#8221;.<\/td>\n<\/tr>\n<tr class=\"cookielawinfo-row\">\n<td class=\"cookielawinfo-column-1\">cookielawinfo-checkbox-necessary<\/td>\n<td class=\"cookielawinfo-column-3\">11 months<\/td>\n<td class=\"cookielawinfo-column-4\">Esta cookie es establecida por el plugin GDPR Cookie Consent. Las cookies se utilizan para almacenar el consentimiento del usuario para las cookies en la categor\u00eda &#8220;Necesario&#8221;.<\/td>\n<\/tr>\n<tr class=\"cookielawinfo-row\">\n<td class=\"cookielawinfo-column-1\">cookielawinfo-checkbox-performance<\/td>\n<td class=\"cookielawinfo-column-3\">11 months<\/td>\n<td class=\"cookielawinfo-column-4\">Esta cookie es establecida por el plugin GDPR Cookie Consent. La cookie se utiliza para almacenar el consentimiento del usuario para las cookies de la categor\u00eda &#8220;Rendimiento&#8221;.<\/td>\n<\/tr>\n<tr class=\"cookielawinfo-row\">\n<td class=\"cookielawinfo-column-1\">viewed_cookie_policy<\/td>\n<td class=\"cookielawinfo-column-3\">11 months<\/td>\n<td class=\"cookielawinfo-column-4\">La cookie es establecida por el plugin GDPR Cookie Consent y se utiliza para almacenar si el usuario ha consentido o no el uso de cookies. No almacena ning\u00fan dato personal.<\/td>\n<\/tr>\n<tr class=\"cookielawinfo-row\">\n<td class=\"cookielawinfo-column-1\">_GRECAPTCHA<\/td>\n<td class=\"cookielawinfo-column-3\">5 months 27 days<\/td>\n<td class=\"cookielawinfo-column-4\">Esta cookie es instalada por Google. Adem\u00e1s de ciertas cookies est\u00e1ndar de Google, reCAPTCHA establece una cookie necesaria (_GRECAPTCHA) cuando se ejecuta con el fin de proporcionar su an\u00e1lisis de riesgo.<\/td>\n<\/tr>\n<tr class=\"cookielawinfo-row\">\n<td class=\"cookielawinfo-column-1\">__cfduid<\/td>\n<td class=\"cookielawinfo-column-3\">1 month<\/td>\n<td class=\"cookielawinfo-column-4\">La cookie es utilizada por los servicios de cdn como CloudFare para identificar a los clientes individuales detr\u00e1s de una direcci\u00f3n IP compartida y aplicar la configuraci\u00f3n de seguridad en funci\u00f3n del cliente. No se corresponde con ninguna identificaci\u00f3n de usuario en la aplicaci\u00f3n web y no almacena ninguna informaci\u00f3n personal identificable.<\/td>\n<\/tr>\n<\/tbody>\n<\/table>\n<p>[\/vc_column_text][vc_column_text]<\/p>\n<h4 style=\"font-size: 20px; margin-bottom: -8px;\"><b>Cookies funcionales<\/b><\/h4>\n<p>[\/vc_column_text][vc_column_text]Las cookies funcionales ayudan a realizar ciertas funcionalidades como compartir el contenido del sitio web en las plataformas de las redes sociales, recoger opiniones y otras caracter\u00edsticas de terceros.[\/vc_column_text][vc_column_text]<\/p>\n<h4 style=\"font-size: 20px; margin-bottom: -8px;\"><b>Cookies de rendimiento<\/b><\/h4>\n<p>[\/vc_column_text][vc_column_text]Las cookies de rendimiento se utilizan para entender y analizar los \u00edndices de rendimiento clave del sitio web, lo que ayuda a ofrecer una mejor experiencia de usuario a los visitantes.<\/p>\n<table class=\"cookielawinfo-row-cat-table cookielawinfo-winter\">\n<thead>\n<tr>\n<th class=\"cookielawinfo-column-1\">Cookie<\/th>\n<th class=\"cookielawinfo-column-3\">Duraci\u00f3n<\/th>\n<th class=\"cookielawinfo-column-4\">Descripci\u00f3n<\/th>\n<\/tr>\n<\/thead>\n<tbody>\n<tr class=\"cookielawinfo-row\">\n<td class=\"cookielawinfo-column-1\">YSC<\/td>\n<td class=\"cookielawinfo-column-3\">session<\/td>\n<td class=\"cookielawinfo-column-4\">Esta cookie la instala Youtube y se utiliza para hacer un seguimiento de las visualizaciones de los v\u00eddeos incrustados. Para m\u00e1s informaci\u00f3n sobre Youtube y GDRP pulsa\u00a0<a href=\"https:\/\/policies.google.com\/technologies\/cookies?hl=en\">aqu\u00ed<\/a><\/td>\n<\/tr>\n<\/tbody>\n<\/table>\n<p>[\/vc_column_text][vc_column_text]<\/p>\n<h4 style=\"font-size: 20px; margin-bottom: -8px;\"><b>Cookies Anal\u00edticas<\/b><\/h4>\n<p>[\/vc_column_text][vc_column_text]Las cookies anal\u00edticas se utilizan para entender c\u00f3mo interact\u00faan los visitantes con el sitio web. Estas cookies ayudan a proporcionar informaci\u00f3n sobre las m\u00e9tricas del n\u00famero de visitantes, la tasa de rebote, la fuente de tr\u00e1fico, etc.<\/p>\n<table class=\"cookielawinfo-row-cat-table cookielawinfo-winter\">\n<thead>\n<tr>\n<th class=\"cookielawinfo-column-1\">Cookie<\/th>\n<th class=\"cookielawinfo-column-3\">Duraci\u00f3n<\/th>\n<th class=\"cookielawinfo-column-4\">Descripci\u00f3n<\/th>\n<\/tr>\n<\/thead>\n<tbody>\n<tr class=\"cookielawinfo-row\">\n<td class=\"cookielawinfo-column-1\">_ga<\/td>\n<td class=\"cookielawinfo-column-3\">2 years<\/td>\n<td class=\"cookielawinfo-column-4\">Esta cookie es instalada por Google Analytics. La cookie se utiliza para calcular los datos de los visitantes, de la sesi\u00f3n y de la campa\u00f1a y para hacer un seguimiento del uso del sitio para el informe de an\u00e1lisis del sitio. Las cookies almacenan la informaci\u00f3n de forma an\u00f3nima y asignan un n\u00famero generado aleatoriamente para identificar a los visitantes \u00fanicos. M\u00e1s informaci\u00f3n sobre Google y GDPR\u00a0<a href=\"https:\/\/support.google.com\/admanager\/answer\/7666366?hl=en\">aqu\u00ed<\/a><\/td>\n<\/tr>\n<tr class=\"cookielawinfo-row\">\n<td class=\"cookielawinfo-column-1\">_gat_gtag_UA_168665489_1<\/td>\n<td class=\"cookielawinfo-column-3\">session<\/td>\n<td class=\"cookielawinfo-column-4\">Esta cookie de Google Analytics es de an\u00e1lisis y sirve para medir como los usuarios interact\u00faan con nuestra p\u00e1gina web.<\/td>\n<\/tr>\n<tr class=\"cookielawinfo-row\">\n<td class=\"cookielawinfo-column-1\">_gid<\/td>\n<td class=\"cookielawinfo-column-3\">1 day<\/td>\n<td class=\"cookielawinfo-column-4\">Esta cookie es instalada por Google Analytics. La cookie se utiliza para almacenar informaci\u00f3n sobre el uso que hacen los visitantes de un sitio web y ayuda a crear un informe anal\u00edtico sobre el funcionamiento del sitio web. Los datos recogidos incluyen el n\u00famero de visitantes, la fuente de la que proceden y las p\u00e1ginas visitadas de forma an\u00f3nima. M\u00e1s informaci\u00f3n sobre Google y GDPR\u00a0<a href=\"https:\/\/support.google.com\/admanager\/answer\/7666366?hl=en\">aqu\u00ed<\/a><\/td>\n<\/tr>\n<\/tbody>\n<\/table>\n<p>[\/vc_column_text][vc_column_text]<\/p>\n<h4 style=\"font-size: 20px; margin-bottom: -8px;\"><b>Cookies publicitarias<\/b><\/h4>\n<p>[\/vc_column_text][vc_column_text]Las cookies de publicidad se utilizan para ofrecer a los visitantes anuncios y campa\u00f1as de marketing relevantes. Estas cookies rastrean a los visitantes en los sitios web y recopilan informaci\u00f3n para ofrecer anuncios personalizados.<\/p>\n<table class=\"cookielawinfo-row-cat-table cookielawinfo-winter\">\n<thead>\n<tr>\n<th class=\"cookielawinfo-column-1\">Cookie<\/th>\n<th class=\"cookielawinfo-column-3\">Duraci\u00f3n<\/th>\n<th class=\"cookielawinfo-column-4\">Descripci\u00f3n<\/th>\n<\/tr>\n<\/thead>\n<tbody>\n<tr class=\"cookielawinfo-row\">\n<td class=\"cookielawinfo-column-1\">fr<\/td>\n<td class=\"cookielawinfo-column-3\">3 months<\/td>\n<td class=\"cookielawinfo-column-4\">La cookie es instalada por Facebook para mostrar anuncios relevantes a los usuarios y medir y mejorar los anuncios. La cookie tambi\u00e9n rastrea el comportamiento del usuario a trav\u00e9s de la web en los sitios que tienen el p\u00edxel de Facebook o el plugin social de Facebook.<\/td>\n<\/tr>\n<tr class=\"cookielawinfo-row\">\n<td class=\"cookielawinfo-column-1\">IDE<\/td>\n<td class=\"cookielawinfo-column-3\">1 year 24 days<\/td>\n<td class=\"cookielawinfo-column-4\">Utilizado por Google DoubleClick y almacena informaci\u00f3n sobre el uso que el usuario hace del sitio web y cualquier otro anuncio antes de visitarlo. Se utiliza para presentar a los usuarios anuncios que sean relevantes para ellos seg\u00fan el perfil del usuario. M\u00e1s informaci\u00f3n sobre Google y GDPR\u00a0<a href=\"https:\/\/support.google.com\/admanager\/answer\/7666366?hl=en\">aqu\u00ed<\/a><\/td>\n<\/tr>\n<tr class=\"cookielawinfo-row\">\n<td class=\"cookielawinfo-column-1\">NID<\/td>\n<td class=\"cookielawinfo-column-3\">6 months<\/td>\n<td class=\"cookielawinfo-column-4\">Esta cookie de Google se utiliza para crear un perfil basado en los intereses del usuario y mostrar anuncios personalizados a los usuarios. M\u00e1s informaci\u00f3n sobre Google y GDPR\u00a0<a href=\"https:\/\/support.google.com\/admanager\/answer\/7666366?hl=en\">aqu\u00ed<\/a><\/td>\n<\/tr>\n<tr class=\"cookielawinfo-row\">\n<td class=\"cookielawinfo-column-1\">test_cookie<\/td>\n<td class=\"cookielawinfo-column-3\">15 minutes<\/td>\n<td class=\"cookielawinfo-column-4\">Esta cookie es establecida por doubleclick.net. La finalidad de la cookie es determinar si el navegador del usuario admite cookies.<\/td>\n<\/tr>\n<tr class=\"cookielawinfo-row\">\n<td class=\"cookielawinfo-column-1\">VISITOR_INFO1_LIVE<\/td>\n<td class=\"cookielawinfo-column-3\">5 months 27 days<\/td>\n<td class=\"cookielawinfo-column-4\">Esta cookie es colocada por Youtube. Se utiliza para rastrear la informaci\u00f3n de los v\u00eddeos de YouTube incrustados en un sitio web.<\/td>\n<\/tr>\n<tr class=\"cookielawinfo-row\">\n<td class=\"cookielawinfo-column-1\">_fbp<\/td>\n<td class=\"cookielawinfo-column-3\">3 months<\/td>\n<td class=\"cookielawinfo-column-4\">Esta cookie es instalada por Facebook para ofrecer publicidad cuando est\u00e1n en Facebook o en una plataforma digital con publicidad de Facebook despu\u00e9s de visitar este sitio web.<\/td>\n<\/tr>\n<\/tbody>\n<\/table>\n<p>[\/vc_column_text][vc_column_text]<\/p>\n<h3 style=\"font-size: 20px; margin-bottom: -8px;\"><b>\u00bfC\u00f3mo desactivar o gestionar las cookies de esta web?<\/b><\/h3>\n<div class=\"wtrShtAccordionItemContent\">\n<div class=\"wpb_text_column wpb_content_element \">\n<div class=\"wpb_wrapper\"><\/div>\n<\/div>\n<\/div>\n<p>[\/vc_column_text][vc_column_text]<\/p>\n<p class=\"western\">El\/la usuario\/a que no desee que esta web instale cookies en sus equipos, deber\u00e1 adaptar su navegador de modo que este le avise antes de descargarse cualquier cookie.<br \/>\nTambi\u00e9n es posible configurar el navegador con el fin de que por norma rechace todas las cookies o \u00fanicamente las cookies de terceros.<br \/>\nPor \u00faltimo, tambi\u00e9n es posible eliminar las cookies que ya se encuentren en su equipo.<br \/>\nmaratonmagaluf.com y la Fundaci\u00f3n Calvi\u00e0 ponen a tu disposici\u00f3n enlaces a la informaci\u00f3n de los principales navegadores sobre como gestionar y desactivar las cookies:<\/p>\n<p><strong><a href=\"https:\/\/support.google.com\/chrome\/answer\/95647?hl=es-419\">Google Chrome<\/a>\u00a0<\/strong>|\u00a0<strong><a href=\"https:\/\/support.microsoft.com\/es-es\/help\/17442\/windows-internet-explorer-delete-manage-cookies#ie=ie-10\">Internet Explorer<\/a>\u00a0<\/strong>|\u00a0<strong><a href=\"https:\/\/support.mozilla.org\/es\/kb\/habilitar-y-deshabilitar-cookies-sitios-web-rastrear-preferencias?redirectlocale=es&amp;redirectslug=habilitar-y-deshabilitar-cookies-que-los-sitios-we\">Mozilla Firefox<\/a>\u00a0<\/strong>|\u00a0<strong><a href=\"https:\/\/support.apple.com\/es-lamr\/HT201265\">Apple Safari<\/a><\/strong>[\/vc_column_text][\/vc_column][\/vc_row][vc_row][vc_column][vc_empty_space height=&#8221;45px&#8221;][vc_empty_space height=&#8221;45px&#8221;][\/vc_column][\/vc_row]<\/p>\n<\/div>","protected":false},"excerpt":{"rendered":"<p>[vc_row content_placement=&#8221;middle&#8221; row_content_width=&#8221;grid&#8221; content_text_aligment=&#8221;center&#8221; css=&#8221;.vc_custom_1505124739622{padding-top: 81px !important;}&#8221; simple_background_color=&#8221;#f6f6f6&#8243;][vc_column][\/vc_column][\/vc_row][vc_row row_content_width=&#8221;grid&#8221;][vc_column][vc_empty_space][\/vc_column][\/vc_row][vc_row row_content_width=&#8221;grid&#8221;][vc_column][vc_column_text] Pol\u00edtica de cookies [\/vc_column_text][vc_column_text]Conforme a lo establecido por la Secretar\u00eda de Estado de Telecomunicaciones y para la Sociedad de la Informaci\u00f3n, dependiente del Ministerio de Industria, Energ\u00eda y Turismo, con car\u00e1cter general la LSSI no se aplica en el \u00e1mbito de las Administraciones P\u00fablicas, [&hellip;]<\/p>\n","protected":false},"author":182516946,"featured_media":0,"parent":0,"menu_order":0,"comment_status":"closed","ping_status":"closed","template":"full-width.php","meta":{"_coblocks_attr":"","_coblocks_dimensions":"","_coblocks_responsive_height":"","_coblocks_accordion_ie_support":"","_crdt_document":"","jetpack_post_was_ever_published":false,"footnotes":""},"class_list":["post-9820","page","type-page","status-publish","hentry"],"yoast_head":"<!-- This site is optimized with the Yoast SEO plugin v27.3 - https:\/\/yoast.com\/product\/yoast-seo-wordpress\/ -->\n<title>Pol\u00edtica de cookies - visitcalvia<\/title>\n<meta name=\"robots\" content=\"index, follow, max-snippet:-1, max-image-preview:large, max-video-preview:-1\" \/>\n<link rel=\"canonical\" href=\"https:\/\/visitcalvia.org\/en\/politica-de-cookies\/\" \/>\n<meta property=\"og:locale\" content=\"en_US\" \/>\n<meta property=\"og:type\" content=\"article\" \/>\n<meta property=\"og:title\" content=\"Pol\u00edtica de cookies - visitcalvia\" \/>\n<meta property=\"og:description\" content=\"[vc_row content_placement=&#8221;middle&#8221; row_content_width=&#8221;grid&#8221; content_text_aligment=&#8221;center&#8221; css=&#8221;.vc_custom_1505124739622{padding-top: 81px !important;}&#8221; simple_background_color=&#8221;#f6f6f6&#8243;][vc_column][\/vc_column][\/vc_row][vc_row row_content_width=&#8221;grid&#8221;][vc_column][vc_empty_space][\/vc_column][\/vc_row][vc_row row_content_width=&#8221;grid&#8221;][vc_column][vc_column_text] Pol\u00edtica de cookies [\/vc_column_text][vc_column_text]Conforme a lo establecido por la Secretar\u00eda de Estado de Telecomunicaciones y para la Sociedad de la Informaci\u00f3n, dependiente del Ministerio de Industria, Energ\u00eda y Turismo, con car\u00e1cter general la LSSI no se aplica en el \u00e1mbito de las Administraciones P\u00fablicas, [&hellip;]\" \/>\n<meta property=\"og:url\" content=\"https:\/\/visitcalvia.org\/en\/politica-de-cookies\/\" \/>\n<meta property=\"og:site_name\" content=\"visitcalvia\" \/>\n<meta property=\"article:modified_time\" content=\"2021-04-20T09:44:59+00:00\" \/>\n<meta name=\"twitter:card\" content=\"summary_large_image\" \/>\n<meta name=\"twitter:label1\" content=\"Est. reading time\" \/>\n\t<meta name=\"twitter:data1\" content=\"8 minutes\" \/>\n<script type=\"application\/ld+json\" class=\"yoast-schema-graph\">{\"@context\":\"https:\\\/\\\/schema.org\",\"@graph\":[{\"@type\":\"WebPage\",\"@id\":\"https:\\\/\\\/visitcalvia.org\\\/en\\\/politica-de-cookies\\\/\",\"url\":\"https:\\\/\\\/visitcalvia.org\\\/en\\\/politica-de-cookies\\\/\",\"name\":\"Pol\u00edtica de cookies - visitcalvia\",\"isPartOf\":{\"@id\":\"https:\\\/\\\/visitcalvia.org\\\/en\\\/#website\"},\"datePublished\":\"2020-04-16T06:56:08+00:00\",\"dateModified\":\"2021-04-20T09:44:59+00:00\",\"breadcrumb\":{\"@id\":\"https:\\\/\\\/visitcalvia.org\\\/en\\\/politica-de-cookies\\\/#breadcrumb\"},\"inLanguage\":\"en-US\",\"potentialAction\":[{\"@type\":\"ReadAction\",\"target\":[\"https:\\\/\\\/visitcalvia.org\\\/en\\\/politica-de-cookies\\\/\"]}]},{\"@type\":\"BreadcrumbList\",\"@id\":\"https:\\\/\\\/visitcalvia.org\\\/en\\\/politica-de-cookies\\\/#breadcrumb\",\"itemListElement\":[{\"@type\":\"ListItem\",\"position\":1,\"name\":\"Portada\",\"item\":\"https:\\\/\\\/visitcalvia.org\\\/en\\\/\"},{\"@type\":\"ListItem\",\"position\":2,\"name\":\"Pol\u00edtica de cookies\"}]},{\"@type\":\"WebSite\",\"@id\":\"https:\\\/\\\/visitcalvia.org\\\/en\\\/#website\",\"url\":\"https:\\\/\\\/visitcalvia.org\\\/en\\\/\",\"name\":\"visitcalvia\",\"description\":\"Vacaciones en Mallorca \u2013 Calvi\u00e0 m\u00faltiples destinos en uno s\u00f3lo lugar. Palmanova, Santa Pon\u00e7a, Magaluf, Peguera, Portals Nous, Costa d\u2019en Blanes, Cala Vinyes\",\"potentialAction\":[{\"@type\":\"SearchAction\",\"target\":{\"@type\":\"EntryPoint\",\"urlTemplate\":\"https:\\\/\\\/visitcalvia.org\\\/en\\\/?s={search_term_string}\"},\"query-input\":{\"@type\":\"PropertyValueSpecification\",\"valueRequired\":true,\"valueName\":\"search_term_string\"}}],\"inLanguage\":\"en-US\"}]}<\/script>\n<!-- \/ Yoast SEO plugin. -->","yoast_head_json":{"title":"Pol\u00edtica de cookies - visitcalvia","robots":{"index":"index","follow":"follow","max-snippet":"max-snippet:-1","max-image-preview":"max-image-preview:large","max-video-preview":"max-video-preview:-1"},"canonical":"https:\/\/visitcalvia.org\/en\/politica-de-cookies\/","og_locale":"en_US","og_type":"article","og_title":"Pol\u00edtica de cookies - visitcalvia","og_description":"[vc_row content_placement=&#8221;middle&#8221; row_content_width=&#8221;grid&#8221; content_text_aligment=&#8221;center&#8221; css=&#8221;.vc_custom_1505124739622{padding-top: 81px !important;}&#8221; simple_background_color=&#8221;#f6f6f6&#8243;][vc_column][\/vc_column][\/vc_row][vc_row row_content_width=&#8221;grid&#8221;][vc_column][vc_empty_space][\/vc_column][\/vc_row][vc_row row_content_width=&#8221;grid&#8221;][vc_column][vc_column_text] Pol\u00edtica de cookies [\/vc_column_text][vc_column_text]Conforme a lo establecido por la Secretar\u00eda de Estado de Telecomunicaciones y para la Sociedad de la Informaci\u00f3n, dependiente del Ministerio de Industria, Energ\u00eda y Turismo, con car\u00e1cter general la LSSI no se aplica en el \u00e1mbito de las Administraciones P\u00fablicas, [&hellip;]","og_url":"https:\/\/visitcalvia.org\/en\/politica-de-cookies\/","og_site_name":"visitcalvia","article_modified_time":"2021-04-20T09:44:59+00:00","twitter_card":"summary_large_image","twitter_misc":{"Est. reading time":"8 minutes"},"schema":{"@context":"https:\/\/schema.org","@graph":[{"@type":"WebPage","@id":"https:\/\/visitcalvia.org\/en\/politica-de-cookies\/","url":"https:\/\/visitcalvia.org\/en\/politica-de-cookies\/","name":"Pol\u00edtica de cookies - visitcalvia","isPartOf":{"@id":"https:\/\/visitcalvia.org\/en\/#website"},"datePublished":"2020-04-16T06:56:08+00:00","dateModified":"2021-04-20T09:44:59+00:00","breadcrumb":{"@id":"https:\/\/visitcalvia.org\/en\/politica-de-cookies\/#breadcrumb"},"inLanguage":"en-US","potentialAction":[{"@type":"ReadAction","target":["https:\/\/visitcalvia.org\/en\/politica-de-cookies\/"]}]},{"@type":"BreadcrumbList","@id":"https:\/\/visitcalvia.org\/en\/politica-de-cookies\/#breadcrumb","itemListElement":[{"@type":"ListItem","position":1,"name":"Portada","item":"https:\/\/visitcalvia.org\/en\/"},{"@type":"ListItem","position":2,"name":"Pol\u00edtica de cookies"}]},{"@type":"WebSite","@id":"https:\/\/visitcalvia.org\/en\/#website","url":"https:\/\/visitcalvia.org\/en\/","name":"visitcalvia","description":"Vacaciones en Mallorca \u2013 Calvi\u00e0 m\u00faltiples destinos en uno s\u00f3lo lugar. Palmanova, Santa Pon\u00e7a, Magaluf, Peguera, Portals Nous, Costa d\u2019en Blanes, Cala Vinyes","potentialAction":[{"@type":"SearchAction","target":{"@type":"EntryPoint","urlTemplate":"https:\/\/visitcalvia.org\/en\/?s={search_term_string}"},"query-input":{"@type":"PropertyValueSpecification","valueRequired":true,"valueName":"search_term_string"}}],"inLanguage":"en-US"}]}},"jetpack_likes_enabled":false,"jetpack_sharing_enabled":false,"jetpack_shortlink":"https:\/\/wp.me\/PbP1bo-2yo","amp_enabled":false,"_links":{"self":[{"href":"https:\/\/visitcalvia.org\/en\/wp-json\/wp\/v2\/pages\/9820","targetHints":{"allow":["GET"]}}],"collection":[{"href":"https:\/\/visitcalvia.org\/en\/wp-json\/wp\/v2\/pages"}],"about":[{"href":"https:\/\/visitcalvia.org\/en\/wp-json\/wp\/v2\/types\/page"}],"author":[{"embeddable":true,"href":"https:\/\/visitcalvia.org\/en\/wp-json\/wp\/v2\/users\/182516946"}],"replies":[{"embeddable":true,"href":"https:\/\/visitcalvia.org\/en\/wp-json\/wp\/v2\/comments?post=9820"}],"version-history":[{"count":2,"href":"https:\/\/visitcalvia.org\/en\/wp-json\/wp\/v2\/pages\/9820\/revisions"}],"predecessor-version":[{"id":16645,"href":"https:\/\/visitcalvia.org\/en\/wp-json\/wp\/v2\/pages\/9820\/revisions\/16645"}],"wp:attachment":[{"href":"https:\/\/visitcalvia.org\/en\/wp-json\/wp\/v2\/media?parent=9820"}],"curies":[{"name":"wp","href":"https:\/\/api.w.org\/{rel}","templated":true}]}}