{"id":9824,"date":"2020-04-16T08:51:49","date_gmt":"2020-04-16T06:51:49","guid":{"rendered":"https:\/\/visitcalvia.org\/politica-de-privacidad\/"},"modified":"2024-06-12T10:13:35","modified_gmt":"2024-06-12T08:13:35","slug":"politica-de-privacidad","status":"publish","type":"page","link":"https:\/\/visitcalvia.org\/en\/politica-de-privacidad\/","title":{"rendered":"Pol\u00edtica de privacidad"},"content":{"rendered":"<div class=\"wpb-content-wrapper\"><p>[vc_row content_placement=&#8221;middle&#8221; row_content_width=&#8221;grid&#8221; content_text_aligment=&#8221;center&#8221; css=&#8221;.vc_custom_1505124739622{padding-top: 81px !important;}&#8221; simple_background_color=&#8221;#f6f6f6&#8243;][vc_column]<div class=\"qodef-elements-holder   qodef-one-column  qodef-responsive-mode-768 \" ><div class=\"qodef-eh-item     \"  data-item-class=\"qodef-eh-custom-2452\" data-1024-1280=\"0 21%\" data-768-1024=\"0 12%\" data-680-768=\"0 0\" data-680=\"0 0\">\n\t<div class=\"qodef-eh-item-inner\">\n\t\t<div class=\"qodef-eh-item-content qodef-eh-custom-2452\" style=\"padding: 0 25%\">\n\t\t\t<div class=\"qodef-section-title-holder  qodef-st-standard qodef-st-title-left qodef-st-normal-space qodef-st-disable-title-break \" >\n\t<div class=\"qodef-st-inner\">\n\t\t\t\t\t<h2 class=\"qodef-st-title\" >\n\t\t\t\t<span class=\"qodef-st-title-bold\">Pol\u00edtica<\/span> <span class=\"qodef-st-title-bold\">de<\/span> <span class=\"qodef-st-title-bold\">privacidad<\/span><br \/>\t\t\t<\/h2>\n\t\t\t\t\t<\/div>\n<\/div>[vc_empty_space height=&#8221;76px&#8221;]\t\t<\/div>\n\t<\/div>\n\t<\/div><\/div>[\/vc_column][\/vc_row][vc_row row_content_width=&#8221;grid&#8221;][vc_column][vc_empty_space][\/vc_column][\/vc_row][vc_row row_content_width=&#8221;grid&#8221;][vc_column][vc_column_text]<\/p>\n<h2 style=\"font-size: 25px; margin-bottom: -8px;\"><strong>Pol\u00edtica de privacidad<\/strong><\/h2>\n<p>[\/vc_column_text][vc_column_text]<\/p>\n<h3><strong>1. Introducci\u00f3n<\/strong><\/h3>\n<p>FUDACI\u00d3N CALVI\u00c0 365 trata los datos personales recogidos a trav\u00e9s de su portal de internet <a href=\"https:\/\/visitcalvia.org\/\">https:\/\/visitcalvia.org\/<\/a> como responsable del tratamiento, seg\u00fan lo dispuesto en el &#8211; Reglamento (UE) 2016\/679 \u2013 Reglamento General de Protecci\u00f3n de Datos (RGPD) \u2013 y en la Ley Org\u00e1nica 3\/2018, de 5 de diciembre, de Protecci\u00f3n de Datos Personales y garant\u00eda de los derechos digitales, garantizando el derecho fundamental a la protecci\u00f3n de datos de las personas usuarias de los servicios municipales ofrecidos por este canal de comunicaci\u00f3n.<\/p>\n<p>La persona usuaria debe leer con atenci\u00f3n esta Pol\u00edtica de Privacidad que ha sido redactada de forma clara y sencilla con el objetivo de facilitar su compresi\u00f3n, pudiendo as\u00ed determinar libre y voluntariamente si desea facilitar sus datos personales. Esta pol\u00edtica de privacidad podr\u00e1 ser actualizada por la Fundaci\u00f3n Calvi\u00e0 cuando se realicen nuevos tratamientos de sus datos personales o existiesen modificaciones legislativas.<\/p>\n<p>Para aclarar cualquier duda relativa al tratamiento de sus datos de car\u00e1cter personal puede ponerse en contacto con nuestro Delegado de Protecci\u00f3n de Datos a trav\u00e9s del correo electr\u00f3nico dpd@fundacioncalvia.com, o enviando un escrito a la direcci\u00f3n de correo postal calle Juli\u00e0 Bujosa Sans Batle, num 1, Calvi\u00e0 indicando en el asunto Ref. Protecci\u00f3n de Datos.<\/p>\n<h3><strong>2. Responsable del tratamiento<\/strong><\/h3>\n<p>El responsable del tratamiento de sus datos de car\u00e1cter personal es FUNDACI\u00d3N CALVI\u00c0 365 con G-57253262, direcci\u00f3n calle Juli\u00e0 Bujosa Sans, Batle n\u00fam. 1, CP: 07184, Calvi\u00e0, Islas Baleares, tel\u00e9fono de contacto: 971 139 190 y correo electr\u00f3nico info@fundacioncalvia.com.<\/p>\n<h3><strong>3. Tratamiento de los datos personales<\/strong><\/h3>\n<p>FUNDACI\u00d3N CALVI\u00c0 365 recopila datos de car\u00e1cter personal para poder prestarle determinados servicios a trav\u00e9s de este sitio web. Algunos de estos datos los facilita directamente, por ejemplo, cuando cumplimenta un formulario de solicitud y otros son obtenidos indirectamente con tecnolog\u00eda como es el caso de las cookies.<br \/>\nSiempre que se proceda a la recogida de datos a trav\u00e9s de un formulario (online o en formato descargable) u otros canales de comunicaci\u00f3n establecidos en el sitio web, se informar\u00e1 a la persona afectada seg\u00fan lo establecido en la vigente normativa de protecci\u00f3n de datos.<\/p>\n<p>Los medios utilizados por FUNDACI\u00d3N CALVI\u00c0 365 para la recogida y posterior tratamiento de datos personales son:<br \/>\nFormularios: A trav\u00e9s de formularios, FUNDACI\u00d3N CALVI\u00c0 365 recopila datos de car\u00e1cter personal para acceder y prestarle los distintos servicios prestados desde este sitio web. La informaci\u00f3n sobre el tratamiento que realiza el responsable de los datos personales que recaba se entregar\u00e1 en el propio formulario.<\/p>\n<p><strong>Correos electr\u00f3nicos:<\/strong> Las direcciones de correo electr\u00f3nico establecidas en el sitio web de FUNDACI\u00d3N CALVI\u00c0 365 ser\u00e1n consideradas como posibles medios para la recogida de datos personales. La informaci\u00f3n sobre el tratamiento que realiza el responsable de los datos personales que recaba a trav\u00e9s del correo electr\u00f3nico est\u00e1 disponible en: Deber informaci\u00f3n correos electr\u00f3nicos.<\/p>\n<p><strong>Cookies:<\/strong> FUNDACI\u00d3N CALVI\u00c0 365 puede utilizar cookies t\u00e9cnicas, anal\u00edticas, funcionales y \/o publicitarias (peque\u00f1os archivos de informaci\u00f3n que el servidor env\u00eda al ordenador de quien accede a la p\u00e1gina) para llevar a cabo determinadas funciones que son consideradas imprescindibles para el correcto funcionamiento y visualizaci\u00f3n de este sitio web o que sirven para realizar an\u00e1lisis y\/o mostrar publicidad personalidad. La informaci\u00f3n sobre el tratamiento que realiza el responsable de los datos personales que recaba a trav\u00e9s del correo electr\u00f3nico est\u00e1 disponible en: Pol\u00edtica de Cookies.<\/p>\n<p>Los datos solicitados en los formularios o solicitudes disponibles en el sitio web son, con car\u00e1cter general, obligatorios (se indica con un asterisco en cada uno de los campos a rellenar) para cumplir con las finalidades establecidas. Si desea utilizar otros medios para la remisi\u00f3n de datos a la FUNDACI\u00d3N CALVI\u00c0 365, la persona usuaria deber\u00e1 aportar \u00fanicamente aquella informaci\u00f3n que sea precisa en cada caso.<\/p>\n<p>En este sentido, la persona usuaria asumir\u00e1 las posibles responsabilidades derivadas de los datos excesivos o inadecuados que, voluntariamente, decida facilitar a la FUNDACI\u00d3N CALVI\u00c0 365 a trav\u00e9s de los medios de recogida de datos establecidos. Adem\u00e1s, se responsabiliza de la veracidad y exactitud de los datos personales facilitados. En el supuesto de producirse alguna modificaci\u00f3n en los datos de la persona usuaria, los cambios deber\u00e1n ser comunicados al FUNDACI\u00d3N CALVI\u00c0 365 con el fin de mantenerlos actualizados.<\/p>\n<p>La tipolog\u00eda de datos personales tratados es, con car\u00e1cter general, identificativa como: nombre, apellidos, NIF, firma, direcci\u00f3n, tel\u00e9fono y correo electr\u00f3nico, sin perjuicio de que en los documentos aportados puedan incorporarse otros aportados por el interesado. Adem\u00e1s, en la navegaci\u00f3n de nuestra web se tratan los datos como la direcci\u00f3n de internet desde la que parti\u00f3 el link que dirige a nuestro Sitio Web.<\/p>\n<p>FUNDACI\u00d3N CALVI\u00c0 365 conservar\u00e1 los datos personales mientras dure la finalidad para la que se recogen o para dar respuesta al procedimiento solicitado incluyendo la interposici\u00f3n de reclamaciones o recurso; adem\u00e1s podr\u00e1 incorporarlos al archivo seg\u00fan la pol\u00edtica de gesti\u00f3n documental del municipio.<\/p>\n<h3><strong>4. Limitaciones en el tratamiento<\/strong><\/h3>\n<p>FUNDACI\u00d3N CALVI\u00c0 365 no autoriza a los menores de 14 a\u00f1os a facilitar sus datos personales a trav\u00e9s de los medios habilitados en este sitio web (cumplimentaci\u00f3n de los formularios web habilitados para la solicitud de servicios, de contacto o mediante el env\u00edo de correos electr\u00f3nicos), sin perjuicio de otra normativa aplicable. Por tanto, las personas que faciliten datos personales utilizando dichos medios manifiestan formalmente ser mayores de 14 a\u00f1os quedando FUNDACI\u00d3N CALVI\u00c0 365 eximido de cualquier responsabilidad por el incumplimiento de este requisito.<\/p>\n<p>En aquellos casos en los que los servicios ofrecidos por FUNDACI\u00d3N CALVI\u00c0 365 est\u00e9n destinados a menores de 14 a\u00f1os se habilitar\u00e1n los medios para recabar la autorizaci\u00f3n de los padres o tutores legales del\/la menor, previa identificaci\u00f3n.<\/p>\n<h3><strong>5. Informaci\u00f3n en la recogida de datos<\/strong><\/h3>\n<p>No est\u00e1n previstas comunicaciones de datos a terceros salvo para el cumplimiento de una obligaci\u00f3n legal o a petici\u00f3n de un organismo p\u00fablico o por los juzgados o tribunales.<\/p>\n<h3><strong>6. Plazo de conservaci\u00f3n<\/strong><\/h3>\n<p>FUNDACI\u00d3N CALVI\u00c0 365 conserva sus datos personales durante el tiempo imprescindible y necesario por cada finalidad del tratamiento, sin perjuicio de que pueda revocar el consentimiento en cualquier momento. El plazo de conservaci\u00f3n, generalmente, vendr\u00e1 dado por el cumplimiento de una obligaci\u00f3n legal que pueda darse en cada uno de los tratamientos o para el ejercicio de posibles reclamaciones por parte de las personas usuarias.<\/p>\n<h3><strong>7. Medidas de seguridad<\/strong><\/h3>\n<p>FUNDACI\u00d3N CALVI\u00c0 365 adopta las medidas de seguridad adecuadas de acuerdo con lo previsto la vigente normativa de protecci\u00f3n de datos con el fin de garantizar el derecho fundamental a la protecci\u00f3n de datos de las personas usuarias de este sitio web, adoptando para ello las medidas t\u00e9cnicas y organizativas necesarias para evitar la p\u00e9rdida, mal uso, alteraci\u00f3n, acceso no autorizado y robo de los datos personales facilitados, habida cuenta del estado de la tecnolog\u00eda, la naturaleza de los datos y los riesgos a los que est\u00e1n expuestos.<\/p>\n<h3><strong>8. Derechos<\/strong><\/h3>\n<p>Los derechos de las personas afectadas son:<br \/>\nObtener confirmaci\u00f3n sobre si FUNDACI\u00d3N CALVI\u00c0 365 est\u00e1 tratando sus datos personales.<br \/>\nAcceder a sus datos personales, as\u00ed como a solicitar la rectificaci\u00f3n de los datos inexactos o, en su caso solicitar la supresi\u00f3n cuando, entre otros motivos, los datos ya no sean necesidades para las cuales fueron recabados.<br \/>\nSolicitar en determinadas circunstancias:<br \/>\nLa limitaci\u00f3n del tratamiento de sus datos, en cuyo caso s\u00f3lo ser\u00e1n conservados por FUNDACI\u00d3N CALVI\u00c0 365 para el ejercicio o la defensa de reclamaciones.<br \/>\nLa oposici\u00f3n al tratamiento de sus datos, en cuyo caso, FUNDACI\u00d3N CALVI\u00c0 365 dejar\u00e1 de tratar los datos, salvo por motivos leg\u00edtimos imperiosos, o el ejercicio o la defensa de posibles reclamaciones. Incluido el tratamiento de sus datos para decisiones individuales automatizadas.<br \/>\nLa portabilidad de los datos para que sean facilitados a la persona afectada o transmitidos a otro responsable, en un formato estructurado, de uso com\u00fan y lectura mec\u00e1nica.<br \/>\nAs\u00ed mismo, cuando el tratamiento de los datos est\u00e9 basado en el consentimiento tiene derecho a revocarlo en los t\u00e9rminos y condiciones establecidos en la vigente normativa de protecci\u00f3n de datos.<br \/>\nPodr\u00e1 ejercitar, en los casos y formas previstos en la legislaci\u00f3n vigente, los derechos de acceso, rectificaci\u00f3n, supresi\u00f3n, limitaci\u00f3n del tratamiento, oposici\u00f3n y portabilidad, as\u00ed como retirar su consentimiento, mediante registro presencial, en las instalaciones de la Fundaci\u00f3n Calvi\u00e0 365 calle Juli\u00e0 Bujosa Sans Batle, num 1, Calvi\u00e0 o telem\u00e1ticamente enviando un correo al Delegado de Protecci\u00f3n de Datos de la entidad a dpd@fundacioncalvia.com indicando en el asunto: Ref Protecci\u00f3n de Datos.<br \/>\nEn caso de que sienta vulnerados sus derechos en lo concerniente a la protecci\u00f3n de sus datos personales, especialmente cuando no haya obtenido satisfacci\u00f3n en el ejercicio de sus derechos, puede presentar una reclamaci\u00f3n ante la Autoridad de Control en materia de Protecci\u00f3n de Datos competente, la Agencia Espa\u00f1ola de Protecci\u00f3n de Datos &#8211; Direcci\u00f3n: C\/ Jorge Juan, 6 \u2013 28001 MADRID (Madrid) \u2013 Sede electr\u00f3nica: sedeagpd.gob.es. No obstante, con car\u00e1cter previo y potestativo podr\u00e1 ponerse en contacto con el Delegado de Protecci\u00f3n de Datos de la FUNDACI\u00d3N CALVI\u00c1 365: dpd@fundacioncalvia.com.<\/p>\n<p>&nbsp;<\/p>\n<p>Fecha de publicaci\u00f3n:<br \/>\n20 de abril de 2020[\/vc_column_text][\/vc_column][\/vc_row][vc_row][vc_column][vc_empty_space height=&#8221;45px&#8221;][vc_empty_space height=&#8221;45px&#8221;][\/vc_column][\/vc_row]<\/p>\n<\/div>","protected":false},"excerpt":{"rendered":"<p>[vc_row content_placement=&#8221;middle&#8221; row_content_width=&#8221;grid&#8221; content_text_aligment=&#8221;center&#8221; css=&#8221;.vc_custom_1505124739622{padding-top: 81px !important;}&#8221; simple_background_color=&#8221;#f6f6f6&#8243;][vc_column][\/vc_column][\/vc_row][vc_row row_content_width=&#8221;grid&#8221;][vc_column][vc_empty_space][\/vc_column][\/vc_row][vc_row row_content_width=&#8221;grid&#8221;][vc_column][vc_column_text] Pol\u00edtica de privacidad [\/vc_column_text][vc_column_text] 1. Introducci\u00f3n FUDACI\u00d3N CALVI\u00c0 365 trata los datos personales recogidos a trav\u00e9s de su portal de internet <a href=\"https:\/\/visitcalvia.org\/\">https:\/\/visitcalvia.org\/<\/a> como responsable del tratamiento, seg\u00fan lo dispuesto en el &#8211; Reglamento (UE) 2016\/679 \u2013 Reglamento General de Protecci\u00f3n de Datos (RGPD) \u2013 [&hellip;]<\/p>\n","protected":false},"author":182516946,"featured_media":0,"parent":0,"menu_order":0,"comment_status":"closed","ping_status":"closed","template":"full-width.php","meta":{"_coblocks_attr":"","_coblocks_dimensions":"","_coblocks_responsive_height":"","_coblocks_accordion_ie_support":"","_crdt_document":"","jetpack_post_was_ever_published":false,"footnotes":""},"class_list":["post-9824","page","type-page","status-publish","hentry"],"yoast_head":"<!-- This site is optimized with the Yoast SEO plugin v27.3 - https:\/\/yoast.com\/product\/yoast-seo-wordpress\/ -->\n<title>Pol\u00edtica de privacidad - visitcalvia<\/title>\n<meta name=\"robots\" content=\"index, follow, max-snippet:-1, max-image-preview:large, max-video-preview:-1\" \/>\n<link rel=\"canonical\" href=\"https:\/\/visitcalvia.org\/en\/politica-de-privacidad\/\" \/>\n<meta property=\"og:locale\" content=\"en_US\" \/>\n<meta property=\"og:type\" content=\"article\" \/>\n<meta property=\"og:title\" content=\"Pol\u00edtica de privacidad - visitcalvia\" \/>\n<meta property=\"og:description\" content=\"[vc_row content_placement=&#8221;middle&#8221; row_content_width=&#8221;grid&#8221; content_text_aligment=&#8221;center&#8221; css=&#8221;.vc_custom_1505124739622{padding-top: 81px !important;}&#8221; simple_background_color=&#8221;#f6f6f6&#8243;][vc_column][\/vc_column][\/vc_row][vc_row row_content_width=&#8221;grid&#8221;][vc_column][vc_empty_space][\/vc_column][\/vc_row][vc_row row_content_width=&#8221;grid&#8221;][vc_column][vc_column_text] Pol\u00edtica de privacidad [\/vc_column_text][vc_column_text] 1. Introducci\u00f3n FUDACI\u00d3N CALVI\u00c0 365 trata los datos personales recogidos a trav\u00e9s de su portal de internet https:\/\/visitcalvia.org\/ como responsable del tratamiento, seg\u00fan lo dispuesto en el &#8211; Reglamento (UE) 2016\/679 \u2013 Reglamento General de Protecci\u00f3n de Datos (RGPD) \u2013 [&hellip;]\" \/>\n<meta property=\"og:url\" content=\"https:\/\/visitcalvia.org\/en\/politica-de-privacidad\/\" \/>\n<meta property=\"og:site_name\" content=\"visitcalvia\" \/>\n<meta property=\"article:modified_time\" content=\"2024-06-12T08:13:35+00:00\" \/>\n<meta name=\"twitter:card\" content=\"summary_large_image\" \/>\n<script type=\"application\/ld+json\" class=\"yoast-schema-graph\">{\"@context\":\"https:\\\/\\\/schema.org\",\"@graph\":[{\"@type\":\"WebPage\",\"@id\":\"https:\\\/\\\/visitcalvia.org\\\/en\\\/politica-de-privacidad\\\/\",\"url\":\"https:\\\/\\\/visitcalvia.org\\\/en\\\/politica-de-privacidad\\\/\",\"name\":\"Pol\u00edtica de privacidad - visitcalvia\",\"isPartOf\":{\"@id\":\"https:\\\/\\\/visitcalvia.org\\\/en\\\/#website\"},\"datePublished\":\"2020-04-16T06:51:49+00:00\",\"dateModified\":\"2024-06-12T08:13:35+00:00\",\"breadcrumb\":{\"@id\":\"https:\\\/\\\/visitcalvia.org\\\/en\\\/politica-de-privacidad\\\/#breadcrumb\"},\"inLanguage\":\"en-US\",\"potentialAction\":[{\"@type\":\"ReadAction\",\"target\":[\"https:\\\/\\\/visitcalvia.org\\\/en\\\/politica-de-privacidad\\\/\"]}]},{\"@type\":\"BreadcrumbList\",\"@id\":\"https:\\\/\\\/visitcalvia.org\\\/en\\\/politica-de-privacidad\\\/#breadcrumb\",\"itemListElement\":[{\"@type\":\"ListItem\",\"position\":1,\"name\":\"Portada\",\"item\":\"https:\\\/\\\/visitcalvia.org\\\/en\\\/\"},{\"@type\":\"ListItem\",\"position\":2,\"name\":\"Pol\u00edtica de privacidad\"}]},{\"@type\":\"WebSite\",\"@id\":\"https:\\\/\\\/visitcalvia.org\\\/en\\\/#website\",\"url\":\"https:\\\/\\\/visitcalvia.org\\\/en\\\/\",\"name\":\"visitcalvia\",\"description\":\"Vacaciones en Mallorca \u2013 Calvi\u00e0 m\u00faltiples destinos en uno s\u00f3lo lugar. Palmanova, Santa Pon\u00e7a, Magaluf, Peguera, Portals Nous, Costa d\u2019en Blanes, Cala Vinyes\",\"potentialAction\":[{\"@type\":\"SearchAction\",\"target\":{\"@type\":\"EntryPoint\",\"urlTemplate\":\"https:\\\/\\\/visitcalvia.org\\\/en\\\/?s={search_term_string}\"},\"query-input\":{\"@type\":\"PropertyValueSpecification\",\"valueRequired\":true,\"valueName\":\"search_term_string\"}}],\"inLanguage\":\"en-US\"}]}<\/script>\n<!-- \/ Yoast SEO plugin. -->","yoast_head_json":{"title":"Pol\u00edtica de privacidad - visitcalvia","robots":{"index":"index","follow":"follow","max-snippet":"max-snippet:-1","max-image-preview":"max-image-preview:large","max-video-preview":"max-video-preview:-1"},"canonical":"https:\/\/visitcalvia.org\/en\/politica-de-privacidad\/","og_locale":"en_US","og_type":"article","og_title":"Pol\u00edtica de privacidad - visitcalvia","og_description":"[vc_row content_placement=&#8221;middle&#8221; row_content_width=&#8221;grid&#8221; content_text_aligment=&#8221;center&#8221; css=&#8221;.vc_custom_1505124739622{padding-top: 81px !important;}&#8221; simple_background_color=&#8221;#f6f6f6&#8243;][vc_column][\/vc_column][\/vc_row][vc_row row_content_width=&#8221;grid&#8221;][vc_column][vc_empty_space][\/vc_column][\/vc_row][vc_row row_content_width=&#8221;grid&#8221;][vc_column][vc_column_text] Pol\u00edtica de privacidad [\/vc_column_text][vc_column_text] 1. Introducci\u00f3n FUDACI\u00d3N CALVI\u00c0 365 trata los datos personales recogidos a trav\u00e9s de su portal de internet https:\/\/visitcalvia.org\/ como responsable del tratamiento, seg\u00fan lo dispuesto en el &#8211; Reglamento (UE) 2016\/679 \u2013 Reglamento General de Protecci\u00f3n de Datos (RGPD) \u2013 [&hellip;]","og_url":"https:\/\/visitcalvia.org\/en\/politica-de-privacidad\/","og_site_name":"visitcalvia","article_modified_time":"2024-06-12T08:13:35+00:00","twitter_card":"summary_large_image","schema":{"@context":"https:\/\/schema.org","@graph":[{"@type":"WebPage","@id":"https:\/\/visitcalvia.org\/en\/politica-de-privacidad\/","url":"https:\/\/visitcalvia.org\/en\/politica-de-privacidad\/","name":"Pol\u00edtica de privacidad - visitcalvia","isPartOf":{"@id":"https:\/\/visitcalvia.org\/en\/#website"},"datePublished":"2020-04-16T06:51:49+00:00","dateModified":"2024-06-12T08:13:35+00:00","breadcrumb":{"@id":"https:\/\/visitcalvia.org\/en\/politica-de-privacidad\/#breadcrumb"},"inLanguage":"en-US","potentialAction":[{"@type":"ReadAction","target":["https:\/\/visitcalvia.org\/en\/politica-de-privacidad\/"]}]},{"@type":"BreadcrumbList","@id":"https:\/\/visitcalvia.org\/en\/politica-de-privacidad\/#breadcrumb","itemListElement":[{"@type":"ListItem","position":1,"name":"Portada","item":"https:\/\/visitcalvia.org\/en\/"},{"@type":"ListItem","position":2,"name":"Pol\u00edtica de privacidad"}]},{"@type":"WebSite","@id":"https:\/\/visitcalvia.org\/en\/#website","url":"https:\/\/visitcalvia.org\/en\/","name":"visitcalvia","description":"Vacaciones en Mallorca \u2013 Calvi\u00e0 m\u00faltiples destinos en uno s\u00f3lo lugar. Palmanova, Santa Pon\u00e7a, Magaluf, Peguera, Portals Nous, Costa d\u2019en Blanes, Cala Vinyes","potentialAction":[{"@type":"SearchAction","target":{"@type":"EntryPoint","urlTemplate":"https:\/\/visitcalvia.org\/en\/?s={search_term_string}"},"query-input":{"@type":"PropertyValueSpecification","valueRequired":true,"valueName":"search_term_string"}}],"inLanguage":"en-US"}]}},"jetpack_likes_enabled":false,"jetpack_sharing_enabled":false,"jetpack_shortlink":"https:\/\/wp.me\/PbP1bo-2ys","amp_enabled":false,"_links":{"self":[{"href":"https:\/\/visitcalvia.org\/en\/wp-json\/wp\/v2\/pages\/9824","targetHints":{"allow":["GET"]}}],"collection":[{"href":"https:\/\/visitcalvia.org\/en\/wp-json\/wp\/v2\/pages"}],"about":[{"href":"https:\/\/visitcalvia.org\/en\/wp-json\/wp\/v2\/types\/page"}],"author":[{"embeddable":true,"href":"https:\/\/visitcalvia.org\/en\/wp-json\/wp\/v2\/users\/182516946"}],"replies":[{"embeddable":true,"href":"https:\/\/visitcalvia.org\/en\/wp-json\/wp\/v2\/comments?post=9824"}],"version-history":[{"count":6,"href":"https:\/\/visitcalvia.org\/en\/wp-json\/wp\/v2\/pages\/9824\/revisions"}],"predecessor-version":[{"id":25755,"href":"https:\/\/visitcalvia.org\/en\/wp-json\/wp\/v2\/pages\/9824\/revisions\/25755"}],"wp:attachment":[{"href":"https:\/\/visitcalvia.org\/en\/wp-json\/wp\/v2\/media?parent=9824"}],"curies":[{"name":"wp","href":"https:\/\/api.w.org\/{rel}","templated":true}]}}